{"id":3704,"date":"2023-04-13T15:38:15","date_gmt":"2023-04-13T18:38:15","guid":{"rendered":"https:\/\/sites.uel.br\/prograd\/?page_id=3704"},"modified":"2024-01-18T08:35:33","modified_gmt":"2024-01-18T11:35:33","slug":"gepe-grupo-de-estudos-de-praticas-em-ensino-apresentacao","status":"publish","type":"page","link":"https:\/\/sites.uel.br\/prograd\/gepe-grupo-de-estudos-de-praticas-em-ensino-apresentacao\/","title":{"rendered":"GEPE (Grupo de Estudos de Pr\u00e1ticas em Ensino)"},"content":{"rendered":"\n<hr class=\"wp-block-separator has-alpha-channel-opacity is-style-wide\"\/>\n\n\n\n<figure class=\"wp-block-embed is-type-video is-provider-youtube wp-block-embed-youtube wp-embed-aspect-16-9 wp-has-aspect-ratio\"><div class=\"wp-block-embed__wrapper\">\n<iframe loading=\"lazy\" title=\"Apresenta\u00e7\u00e3o do Grupo de Estudos de Pr\u00e1ticas em Ensino (GEPE)\" width=\"500\" height=\"281\" src=\"https:\/\/www.youtube.com\/embed\/Yz2C5t3Eb7M?feature=oembed\" frameborder=\"0\" allow=\"accelerometer; autoplay; clipboard-write; encrypted-media; gyroscope; picture-in-picture; web-share\" referrerpolicy=\"strict-origin-when-cross-origin\" allowfullscreen><\/iframe>\n<\/div><\/figure>\n\n\n\n<h2 class=\"wp-block-heading\">Apresenta\u00e7\u00e3o<\/h2>\n\n\n\n<p>Considerando que \u00e9 a\u00e7\u00e3o imprescind\u00edvel a reflex\u00e3o sobre o ensino e a pr\u00e1tica educativa no ensino superior, mais precisamente nos Cursos de Gradua\u00e7\u00e3o, impl\u00edcito nesse processo as \u00e1reas da aprendizagem e dos fundamentos da educa\u00e7\u00e3o, da epistemologia e da metodologia do ensino superior, o Grupo de Estudos de Pr\u00e1ticas em Ensino da UEL (GEPE-UEL) junto \u00e0 Pr\u00f3-Reitoria de Gradua\u00e7\u00e3o (PROGRAD), tem como finalidade primordial, criar espa\u00e7os e a\u00e7\u00f5es que possibilitem aos docentes refletirem sobre suas experi\u00eancias de ensino, compreenderem mais elaboradamente a rela\u00e7\u00e3o pedag\u00f3gica que se estabelece no processo ensino e aprendizagem, possibilitando reavalia\u00e7\u00e3o e reelabora\u00e7\u00e3o da a\u00e7\u00e3o formativa.<\/p>\n\n\n\n<p>O GEPE-UEL tem como objetivos:<br><br>I \u2013 desenvolver e coordenar a\u00e7\u00f5es para a forma\u00e7\u00e3o continuada dos docentes interessados na reflex\u00e3o e reelabora\u00e7\u00e3o de sua pr\u00e1tica pedag\u00f3gica;<br><br>II \u2013 promover f\u00f3runs de discuss\u00e3o sobre a pr\u00e1tica pedag\u00f3gica no \u00e2mbito da UEL;<br><br>III \u2013 promover eventos focados nos estudos, pesquisa e experi\u00eancias da Educa\u00e7\u00e3o Superior;<br><br>IV \u2013 sistematizar e publicizar os resultados dos trabalhos desenvolvidos no \u00e2mbito do GEPE &#8211; UEL;<br><br>V \u2013 elaborar projetos para capta\u00e7\u00e3o de recursos a serem aplicados no ensino de gradua\u00e7\u00e3o.<\/p>\n\n\n\n<p class=\"has-text-align-center\"><\/p>\n","protected":false},"excerpt":{"rendered":"<p>Apresenta\u00e7\u00e3o Considerando que \u00e9 a\u00e7\u00e3o imprescind\u00edvel a reflex\u00e3o sobre o ensino e a pr\u00e1tica educativa no ensino superior, mais precisamente nos Cursos de Gradua\u00e7\u00e3o, impl\u00edcito nesse processo as \u00e1reas da aprendizagem e dos fundamentos da educa\u00e7\u00e3o, da epistemologia e da metodologia do ensino superior, o Grupo de Estudos de Pr\u00e1ticas em Ensino da UEL (GEPE-UEL) [&hellip;]<\/p>\n","protected":false},"author":8,"featured_media":0,"parent":0,"menu_order":0,"comment_status":"closed","ping_status":"closed","template":"","meta":{"_acf_changed":false,"_themeisle_gutenberg_block_has_review":false,"footnotes":""},"class_list":["post-3704","page","type-page","status-publish","hentry"],"acf":[],"_links":{"self":[{"href":"https:\/\/sites.uel.br\/prograd\/wp-json\/wp\/v2\/pages\/3704","targetHints":{"allow":["GET"]}}],"collection":[{"href":"https:\/\/sites.uel.br\/prograd\/wp-json\/wp\/v2\/pages"}],"about":[{"href":"https:\/\/sites.uel.br\/prograd\/wp-json\/wp\/v2\/types\/page"}],"author":[{"embeddable":true,"href":"https:\/\/sites.uel.br\/prograd\/wp-json\/wp\/v2\/users\/8"}],"replies":[{"embeddable":true,"href":"https:\/\/sites.uel.br\/prograd\/wp-json\/wp\/v2\/comments?post=3704"}],"version-history":[{"count":4,"href":"https:\/\/sites.uel.br\/prograd\/wp-json\/wp\/v2\/pages\/3704\/revisions"}],"predecessor-version":[{"id":16756,"href":"https:\/\/sites.uel.br\/prograd\/wp-json\/wp\/v2\/pages\/3704\/revisions\/16756"}],"wp:attachment":[{"href":"https:\/\/sites.uel.br\/prograd\/wp-json\/wp\/v2\/media?parent=3704"}],"curies":[{"name":"wp","href":"https:\/\/api.w.org\/{rel}","templated":true}]}}