{"id":36718,"date":"2026-02-06T11:09:33","date_gmt":"2026-02-06T14:09:33","guid":{"rendered":"https:\/\/sites.uel.br\/prograd\/?page_id=36718"},"modified":"2026-03-17T20:42:01","modified_gmt":"2026-03-17T23:42:01","slug":"camara-de-graduacao-2026","status":"publish","type":"page","link":"https:\/\/sites.uel.br\/prograd\/camara-de-graduacao-2026\/","title":{"rendered":"C\u00e2mara de Gradua\u00e7\u00e3o"},"content":{"rendered":"\n<hr class=\"wp-block-separator has-alpha-channel-opacity is-style-wide\"\/>\n\n\n\n<h2 class=\"wp-block-heading\"><strong><strong><strong>Pautas de Reuni\u00f5es da C\u00e2mara de Gradua\u00e7\u00e3o<\/strong><\/strong><\/strong><\/h2>\n\n\n\n<h3 class=\"wp-block-heading\">2026<\/h3>\n\n\n\n<figure class=\"wp-block-table is-style-regular\"><table class=\"has-verde-claro-background-color has-background\"><tbody><tr><td class=\"has-text-align-center\" data-align=\"center\"><strong>INFORMA\u00c7\u00d5ES ACERCA DA PAUTA<\/strong><br>Redirecionar ao e-mail&nbsp;<strong><u><a href=\"mailto:prograd@uel.br\">prograd@uel.br<\/a><\/u><\/strong>&nbsp;ou ramal 4746 (Secretaria PROGRAD-UEL).<br><br><strong>JUSTIFICATIVAS DE AUS\u00caNCIA<\/strong><br>Redirecionar ao e-mail&nbsp;<strong><u><a href=\"mailto:conselhos@uel.br\">conselhos@uel.br<\/a><\/u><\/strong>&nbsp;ou telefones 3371-1866 \/ 3371-1865 (SGOCS-UEL).<\/td><\/tr><\/tbody><\/table><\/figure>\n\n\n\n<div id=\"wp-block-themeisle-blocks-accordion-157619ee\" class=\"wp-block-themeisle-blocks-accordion exclusive\">\n<details class=\"wp-block-themeisle-blocks-accordion-item\"><summary class=\"wp-block-themeisle-blocks-accordion-item__title\"><div><strong><strong><strong><strong><strong><strong><a href=\"https:\/\/sites.uel.br\/prograd\/wp-content\/uploads\/camara_graduacao\/pautas\/2026\/346_347\/pauta_346_347_20_03_26.pdf\" target=\"_blank\" rel=\"noreferrer noopener\">Pauta da Reuni\u00e3o n\u00ba 346 e 347<\/a><\/strong>\u00a0(dia 20\/03\/26)<\/strong><\/strong><\/strong><\/strong><\/strong><\/div><\/summary><div class=\"wp-block-themeisle-blocks-accordion-item__content\">\n<p><a href=\"https:\/\/sites.uel.br\/prograd\/wp-content\/uploads\/camara_graduacao\/pautas\/2026\/346_347\/anexo_pauta_346_20_03_26_1_ato_executivo_23_2026.pdf\" target=\"_blank\" rel=\"noreferrer noopener\">Anexo da Pauta da Reuni\u00e3o n\u00ba 346 \u2013 Item 1 \u2013 Ato Executivo 23\/2026<\/a><\/p>\n\n\n\n<p><a href=\"https:\/\/sites.uel.br\/prograd\/wp-content\/uploads\/camara_graduacao\/pautas\/2026\/346_347\/anexo_pauta_347_20_03_26_1_processo_25.379.874-2.pdf\" target=\"_blank\" rel=\"noreferrer noopener\">Anexo da Pauta da Reuni\u00e3o n\u00ba 347 \u2013 Item 1 \u2013 Processo n\u00ba 25.379.874-2<\/a><\/p>\n\n\n\n<p><a href=\"https:\/\/sites.uel.br\/prograd\/wp-content\/uploads\/camara_graduacao\/pautas\/2026\/346_347\/anexo_pauta_347_20_03_26_2_processo_25.578.554-0.pdf\" target=\"_blank\" rel=\"noreferrer noopener\"><\/a><a href=\"https:\/\/sites.uel.br\/prograd\/wp-content\/uploads\/camara_graduacao\/pautas\/2026\/346_347\/anexo_pauta_347_20_03_26_2_processo_25.578.554-0.pdf\" target=\"_blank\" rel=\"noreferrer noopener\">Anexo da Pauta da Reuni\u00e3o n\u00ba 347 \u2013 Item 2 \u2013 Processo n\u00ba 25.578.554-0<\/a><\/p>\n\n\n\n<p><a href=\"https:\/\/sites.uel.br\/prograd\/wp-content\/uploads\/camara_graduacao\/pautas\/2026\/346_347\/anexo_pauta_347_20_03_26_3_processo_25.478.110-0.pdf\" target=\"_blank\" rel=\"noreferrer noopener\">Anexo da Pauta da Reuni\u00e3o n\u00ba 347 \u2013 Item 3 \u2013 Processo n\u00ba 25.478.110-0<\/a><\/p>\n\n\n\n<p><a href=\"https:\/\/sites.uel.br\/prograd\/wp-content\/uploads\/camara_graduacao\/pautas\/2026\/346_347\/anexo_pauta_347_20_03_26_4_processo_25.424.774-0.pdf\" target=\"_blank\" rel=\"noreferrer noopener\">Anexo da Pauta da Reuni\u00e3o n\u00ba 347 \u2013 Item 4 \u2013 Processo n\u00ba 25.424.774-0<\/a><\/p>\n\n\n\n<p><a href=\"https:\/\/sites.uel.br\/prograd\/wp-content\/uploads\/camara_graduacao\/pautas\/2026\/346_347\/anexo_pauta_347_20_03_26_5_processo_25.282.198-8.pdf\" target=\"_blank\" rel=\"noreferrer noopener\">Anexo da Pauta da Reuni\u00e3o n\u00ba 347 \u2013 Item 5 \u2013 Processo n\u00ba 25.282.198-8<\/a><\/p>\n\n\n\n<p><a href=\"https:\/\/sites.uel.br\/prograd\/wp-content\/uploads\/camara_graduacao\/pautas\/2026\/346_347\/anexo_pauta_347_20_03_26_6_processo_24.220.821-8.pdf\" target=\"_blank\" rel=\"noreferrer noopener\">Anexo da Pauta da Reuni\u00e3o n\u00ba 347 \u2013 Item 6 \u2013 Processo n\u00ba 24.220.821-8<\/a><\/p>\n\n\n\n<p><a href=\"https:\/\/sites.uel.br\/prograd\/wp-content\/uploads\/camara_graduacao\/pautas\/2026\/346_347\/anexo_pauta_347_20_03_26_7_processo_25.470.211-0.pdf\" target=\"_blank\" rel=\"noreferrer noopener\">Anexo da Pauta da Reuni\u00e3o n\u00ba 347 \u2013 Item 7 \u2013 Processo n\u00ba 25.470.211-0<\/a><\/p>\n\n\n\n<p><a href=\"https:\/\/sites.uel.br\/prograd\/wp-content\/uploads\/camara_graduacao\/pautas\/2026\/346_347\/anexo_pauta_347_20_03_26_8_processo_25.566.993-1.pdf\" target=\"_blank\" rel=\"noreferrer noopener\">Anexo da Pauta da Reuni\u00e3o n\u00ba 347 \u2013 Item 8 \u2013 Processo n\u00ba 25.566.993-1<\/a><\/p>\n\n\n\n<p><a href=\"https:\/\/sites.uel.br\/prograd\/wp-content\/uploads\/camara_graduacao\/pautas\/2026\/346_347\/anexo_pauta_347_20_03_26_9_processo_25.555.844-7.pdf\" target=\"_blank\" rel=\"noreferrer noopener\">Anexo da Pauta da Reuni\u00e3o n\u00ba 347 \u2013 Item 9 \u2013 Processo n\u00ba 25.555.844-7<\/a><\/p>\n\n\n\n<p><\/p>\n<\/div><\/details>\n\n\n\n<details class=\"wp-block-themeisle-blocks-accordion-item\"><summary class=\"wp-block-themeisle-blocks-accordion-item__title\"><div><strong><strong><strong><strong><strong><strong><a href=\"https:\/\/sites.uel.br\/prograd\/wp-content\/uploads\/camara_graduacao\/pautas\/2026\/345\/pauta_345_20_02_26.pdf\" target=\"_blank\" rel=\"noreferrer noopener\">Pauta da Reuni\u00e3o n\u00ba 345<\/a><\/strong>\u00a0(dia 20\/02\/26)<\/strong><\/strong><\/strong><\/strong><\/strong><\/div><\/summary><div class=\"wp-block-themeisle-blocks-accordion-item__content\">\n<p><a href=\"https:\/\/sites.uel.br\/prograd\/wp-content\/uploads\/camara_graduacao\/pautas\/2026\/345\/anexo_pauta_345_20_02_26_1_processo_25.377.757-5.pdf\" target=\"_blank\" rel=\"noreferrer noopener\">Anexo da Pauta da Reuni\u00e3o n\u00ba 345 \u2013 Item 1 \u2013 Processo n\u00ba 25.377.757-5<\/a><\/p>\n\n\n\n<p><a href=\"https:\/\/sites.uel.br\/prograd\/wp-content\/uploads\/camara_graduacao\/pautas\/2026\/345\/anexo_pauta_345_20_02_26_2_processo_25.377.933-0.pdf\" target=\"_blank\" rel=\"noreferrer noopener\">Anexo da Pauta da Reuni\u00e3o n\u00ba 345 \u2013 Item 2 \u2013 Processo n\u00ba 25.377.933-0<\/a><\/p>\n\n\n\n<p><a href=\"https:\/\/sites.uel.br\/prograd\/wp-content\/uploads\/camara_graduacao\/pautas\/2026\/345\/anexo_pauta_345_20_02_26_3_processo_25.378.377-0.pdf\" target=\"_blank\" rel=\"noreferrer noopener\">Anexo da Pauta da Reuni\u00e3o n\u00ba 345 \u2013 Item 3 \u2013 Processo n\u00ba 25.378.377-0<\/a><\/p>\n\n\n\n<p><\/p>\n<\/div><\/details>\n\n\n\n<details class=\"wp-block-themeisle-blocks-accordion-item\"><summary class=\"wp-block-themeisle-blocks-accordion-item__title\"><div><strong><strong><strong><strong><strong><strong><a href=\"https:\/\/sites.uel.br\/prograd\/wp-content\/uploads\/camara_graduacao\/pautas\/2026\/344\/pauta_344_10_02_26.pdf\" target=\"_blank\" rel=\"noreferrer noopener\">Pauta da Reuni\u00e3o n\u00ba 344<\/a><\/strong>\u00a0(dia 10\/02\/26)<\/strong><\/strong><\/strong><\/strong><\/strong><\/div><\/summary><div class=\"wp-block-themeisle-blocks-accordion-item__content\">\n<p><a href=\"https:\/\/sites.uel.br\/prograd\/wp-content\/uploads\/camara_graduacao\/pautas\/2026\/344\/anexo_pauta_344_10_02_26_1_ata_341.pdf\" target=\"_blank\" rel=\"noreferrer noopener\">Anexo da Pauta da Reuni\u00e3o n\u00ba 344 \u2013 Item 1 \u2013 Ata 341<\/a><\/p>\n\n\n\n<p><a href=\"https:\/\/sites.uel.br\/prograd\/wp-content\/uploads\/camara_graduacao\/pautas\/2026\/344\/anexo_pauta_344_10_02_26_2_ata_342.pdf\" target=\"_blank\" rel=\"noreferrer noopener\">Anexo da Pauta da Reuni\u00e3o n\u00ba 344 \u2013 Item 2 \u2013 Ata 342<\/a><\/p>\n\n\n\n<p><a href=\"https:\/\/sites.uel.br\/prograd\/wp-content\/uploads\/camara_graduacao\/pautas\/2026\/344\/anexo_pauta_344_10_02_26_3_processo_25.326.906-5.pdf\" target=\"_blank\" rel=\"noreferrer noopener\">Anexo da Pauta da Reuni\u00e3o n\u00ba 344 \u2013 Item 3 \u2013 Processo n\u00ba 25.326.906-5<\/a><\/p>\n\n\n\n<p><a href=\"https:\/\/sites.uel.br\/prograd\/wp-content\/uploads\/camara_graduacao\/pautas\/2026\/344\/anexo_pauta_344_10_02_26_4_processo_25.334.488-1.pdf\" target=\"_blank\" rel=\"noreferrer noopener\">Anexo da Pauta da Reuni\u00e3o n\u00ba 344 \u2013 Item 4 \u2013 Processo n\u00ba 25.334.488-1<\/a><\/p>\n\n\n\n<p><a href=\"https:\/\/sites.uel.br\/prograd\/wp-content\/uploads\/camara_graduacao\/pautas\/2026\/344\/anexo_pauta_344_10_02_26_5_processo_25.358.785-7.pdf\" target=\"_blank\" rel=\"noreferrer noopener\">Anexo da Pauta da Reuni\u00e3o n\u00ba 344 \u2013 Item 5 \u2013 Processo n\u00ba 25.358.785-7<\/a><\/p>\n\n\n\n<p><a href=\"https:\/\/sites.uel.br\/prograd\/wp-content\/uploads\/camara_graduacao\/pautas\/2026\/344\/anexo_pauta_344_10_02_26_6_processo_25.304.741-0.pdf\" target=\"_blank\" rel=\"noreferrer noopener\">Anexo da Pauta da Reuni\u00e3o n\u00ba 344 \u2013 Item 6 \u2013 Processo n\u00ba 25.304.741-0<\/a><\/p>\n\n\n\n<p><a href=\"https:\/\/sites.uel.br\/prograd\/wp-content\/uploads\/camara_graduacao\/pautas\/2026\/344\/anexo_pauta_344_10_02_26_7_processo_25.282.198-8.pdf\" target=\"_blank\" rel=\"noreferrer noopener\">Anexo da Pauta da Reuni\u00e3o n\u00ba 344 \u2013 Item 7 \u2013 Processo n\u00ba 25.282.198-8<\/a><\/p>\n\n\n\n<p><a href=\"https:\/\/sites.uel.br\/prograd\/wp-content\/uploads\/camara_graduacao\/pautas\/2026\/344\/anexo_pauta_344_10_02_26_8_processo_25.370.223-0.pdf\" target=\"_blank\" rel=\"noreferrer noopener\">Anexo da Pauta da Reuni\u00e3o n\u00ba 344 \u2013 Item 8 \u2013 Processo n\u00ba 25.370.223-0<\/a><\/p>\n\n\n\n<p><a href=\"https:\/\/sites.uel.br\/prograd\/wp-content\/uploads\/camara_graduacao\/pautas\/2026\/344\/anexo_pauta_344_10_02_26_9_processo_24.101.494-0.pdf\" target=\"_blank\" rel=\"noreferrer noopener\">Anexo da Pauta da Reuni\u00e3o n\u00ba 344 \u2013 Item 9 \u2013 Processo n\u00ba 24.101.494-0<\/a><\/p>\n\n\n\n<p><a href=\"https:\/\/sites.uel.br\/prograd\/wp-content\/uploads\/camara_graduacao\/pautas\/2026\/344\/anexo_pauta_344_10_02_26_10_processo_25.364.639-0.pdf\" target=\"_blank\" rel=\"noreferrer noopener\">Anexo da Pauta da Reuni\u00e3o n\u00ba 344 \u2013 Item 10 \u2013 Processo n\u00ba 25.364.639-0<\/a><\/p>\n\n\n\n<p><a href=\"https:\/\/sites.uel.br\/prograd\/wp-content\/uploads\/camara_graduacao\/pautas\/2026\/344\/anexo_pauta_344_10_02_26_11_processo_25.374.374-3.pdf\" target=\"_blank\" rel=\"noreferrer noopener\">Anexo da Pauta da Reuni\u00e3o n\u00ba 344 \u2013 Item 11 \u2013 Processo n\u00ba 25.374.374-3<\/a><\/p>\n\n\n\n<p><a href=\"https:\/\/sites.uel.br\/prograd\/wp-content\/uploads\/camara_graduacao\/pautas\/2026\/344\/anexo_pauta_344_10_02_26_12_processo_25.376.488-0.pdf\" target=\"_blank\" rel=\"noreferrer noopener\">Anexo da Pauta da Reuni\u00e3o n\u00ba 344 \u2013 Item 12 \u2013 Processo n\u00ba 25.376.488-0<\/a><\/p>\n\n\n\n<p><a href=\"https:\/\/sites.uel.br\/prograd\/wp-content\/uploads\/camara_graduacao\/pautas\/2026\/344\/anexo_pauta_344_10_02_26_13_processo_25.377.757-5.pdf\" target=\"_blank\" rel=\"noreferrer noopener\">Anexo da Pauta da Reuni\u00e3o n\u00ba 344 \u2013 Item 13 \u2013 Processo n\u00ba 25.377.757-5<\/a><\/p>\n\n\n\n<p><a href=\"https:\/\/sites.uel.br\/prograd\/wp-content\/uploads\/camara_graduacao\/pautas\/2026\/344\/anexo_pauta_344_10_02_26_14_processo_25.377.933-0.pdf\" target=\"_blank\" rel=\"noreferrer noopener\">Anexo da Pauta da Reuni\u00e3o n\u00ba 344 \u2013 Item 14 \u2013 Processo n\u00ba 25.377.933-0<\/a><\/p>\n\n\n\n<p><a href=\"https:\/\/sites.uel.br\/prograd\/wp-content\/uploads\/camara_graduacao\/pautas\/2026\/344\/anexo_pauta_344_10_02_26_15_processo_25.378.377-0.pdf\" target=\"_blank\" rel=\"noreferrer noopener\">Anexo da Pauta da Reuni\u00e3o n\u00ba 344 \u2013 Item 15 \u2013 Processo n\u00ba 25.378.377-0<\/a><\/p>\n<\/div><\/details>\n<\/div>\n\n\n\n<p><\/p>\n","protected":false},"excerpt":{"rendered":"<p>Pautas de Reuni\u00f5es da C\u00e2mara de Gradua\u00e7\u00e3o 2026 INFORMA\u00c7\u00d5ES ACERCA DA PAUTARedirecionar ao e-mail&nbsp;prograd@uel.br&nbsp;ou ramal 4746 (Secretaria PROGRAD-UEL). JUSTIFICATIVAS DE AUS\u00caNCIARedirecionar ao e-mail&nbsp;conselhos@uel.br&nbsp;ou telefones 3371-1866 \/ 3371-1865 (SGOCS-UEL).<\/p>\n","protected":false},"author":8,"featured_media":0,"parent":0,"menu_order":0,"comment_status":"closed","ping_status":"closed","template":"","meta":{"_acf_changed":false,"_themeisle_gutenberg_block_has_review":false,"footnotes":""},"class_list":["post-36718","page","type-page","status-publish","hentry"],"acf":[],"_links":{"self":[{"href":"https:\/\/sites.uel.br\/prograd\/wp-json\/wp\/v2\/pages\/36718","targetHints":{"allow":["GET"]}}],"collection":[{"href":"https:\/\/sites.uel.br\/prograd\/wp-json\/wp\/v2\/pages"}],"about":[{"href":"https:\/\/sites.uel.br\/prograd\/wp-json\/wp\/v2\/types\/page"}],"author":[{"embeddable":true,"href":"https:\/\/sites.uel.br\/prograd\/wp-json\/wp\/v2\/users\/8"}],"replies":[{"embeddable":true,"href":"https:\/\/sites.uel.br\/prograd\/wp-json\/wp\/v2\/comments?post=36718"}],"version-history":[{"count":15,"href":"https:\/\/sites.uel.br\/prograd\/wp-json\/wp\/v2\/pages\/36718\/revisions"}],"predecessor-version":[{"id":37051,"href":"https:\/\/sites.uel.br\/prograd\/wp-json\/wp\/v2\/pages\/36718\/revisions\/37051"}],"wp:attachment":[{"href":"https:\/\/sites.uel.br\/prograd\/wp-json\/wp\/v2\/media?parent=36718"}],"curies":[{"name":"wp","href":"https:\/\/api.w.org\/{rel}","templated":true}]}}