{"id":3631,"date":"2023-04-13T15:21:02","date_gmt":"2023-04-13T18:21:02","guid":{"rendered":"https:\/\/sites.uel.br\/prograd\/?page_id=3631"},"modified":"2026-04-17T15:50:01","modified_gmt":"2026-04-17T18:50:01","slug":"fope-forum-permanente-dos-cursos-de-licenciatura-eventos","status":"publish","type":"page","link":"https:\/\/sites.uel.br\/prograd\/fope-forum-permanente-dos-cursos-de-licenciatura-eventos\/","title":{"rendered":"FOPE (F\u00f3rum Permanente dos Cursos de Licenciatura)"},"content":{"rendered":"\n<hr class=\"wp-block-separator has-alpha-channel-opacity is-style-wide\"\/>\n\n\n\n<div class=\"wp-block-columns is-layout-flex wp-container-core-columns-is-layout-9d6595d7 wp-block-columns-is-layout-flex\">\n<div class=\"wp-block-column is-layout-flow wp-block-column-is-layout-flow\">\n<div class=\"wp-block-buttons is-layout-flex wp-block-buttons-is-layout-flex\">\n<div class=\"wp-block-button has-custom-width wp-block-button__width-100 is-style-outline is-style-outline--1\"><a class=\"wp-block-button__link has-white-color has-verde-background-color has-text-color has-background has-medium-font-size has-custom-font-size wp-element-button\" href=\"https:\/\/sites.uel.br\/prograd\/fope-forum-permanente-dos-cursos-de-licenciatura-apresentacao\/\" style=\"border-radius:0px\">APRESENTA\u00c7\u00c3O<\/a><\/div>\n<\/div>\n<\/div>\n\n\n\n<div class=\"wp-block-column is-layout-flow wp-block-column-is-layout-flow\">\n<div class=\"wp-block-buttons is-layout-flex wp-block-buttons-is-layout-flex\">\n<div class=\"wp-block-button has-custom-width wp-block-button__width-100 is-style-outline is-style-outline--2\"><a class=\"wp-block-button__link has-white-color has-verde-background-color has-text-color has-background has-medium-font-size has-custom-font-size wp-element-button\" href=\"https:\/\/sites.uel.br\/prograd\/fope-forum-permanente-dos-cursos-de-licenciatura-membros\/\" style=\"border-radius:0px\">MEMBROS<\/a><\/div>\n<\/div>\n<\/div>\n\n\n\n<div class=\"wp-block-column is-layout-flow wp-block-column-is-layout-flow\">\n<div class=\"wp-block-buttons is-layout-flex wp-block-buttons-is-layout-flex\">\n<div class=\"wp-block-button has-custom-width wp-block-button__width-100 is-style-outline is-style-outline--3\"><a class=\"wp-block-button__link has-white-color has-verde-background-color has-text-color has-background has-medium-font-size has-custom-font-size wp-element-button\" href=\"https:\/\/sites.uel.br\/prograd\/fope-forum-permanente-dos-cursos-de-licenciatura-materiais\/\" style=\"border-radius:0px\">MATERIAIS<\/a><\/div>\n<\/div>\n<\/div>\n\n\n\n<div class=\"wp-block-column is-layout-flow wp-block-column-is-layout-flow\">\n<div class=\"wp-block-buttons is-layout-flex wp-block-buttons-is-layout-flex\">\n<div class=\"wp-block-button has-custom-width wp-block-button__width-100 is-style-outline is-style-outline--4\"><a class=\"wp-block-button__link has-white-color has-verde-background-color has-text-color has-background has-medium-font-size has-custom-font-size wp-element-button\" href=\"https:\/\/sites.uel.br\/prograd\/fope-forum-permanente-dos-cursos-de-licenciatura-documentos\/\" style=\"border-radius:0px\">DOCUMENTOS<\/a><\/div>\n<\/div>\n<\/div>\n<\/div>\n\n\n\n<div class=\"wp-block-columns is-layout-flex wp-container-core-columns-is-layout-9d6595d7 wp-block-columns-is-layout-flex\">\n<div class=\"wp-block-column is-layout-flow wp-block-column-is-layout-flow\">\n<div class=\"wp-block-buttons is-layout-flex wp-block-buttons-is-layout-flex\">\n<div class=\"wp-block-button has-custom-width wp-block-button__width-100 is-style-outline is-style-outline--5\"><a class=\"wp-block-button__link has-white-color has-verde-background-color has-text-color has-background has-medium-font-size has-custom-font-size wp-element-button\" href=\"https:\/\/sites.uel.br\/prograd\/fope-forum-permanente-dos-cursos-de-licenciatura-documentos-atas\/\" style=\"border-radius:0px\">ATAS<\/a><\/div>\n<\/div>\n<\/div>\n\n\n\n<div class=\"wp-block-column is-layout-flow wp-block-column-is-layout-flow\">\n<div class=\"wp-block-buttons is-layout-flex wp-block-buttons-is-layout-flex\">\n<div class=\"wp-block-button has-custom-width wp-block-button__width-100 is-style-outline is-style-outline--6\"><a class=\"wp-block-button__link has-white-color has-verde-background-color has-text-color has-background has-medium-font-size has-custom-font-size wp-element-button\" href=\"https:\/\/sites.uel.br\/prograd\/fope-forum-permanente-dos-cursos-de-licenciatura-eventos\/\" style=\"border-radius:0px\">EVENTOS<\/a><\/div>\n<\/div>\n<\/div>\n\n\n\n<div class=\"wp-block-column is-layout-flow wp-block-column-is-layout-flow\">\n<div class=\"wp-block-buttons is-layout-flex wp-block-buttons-is-layout-flex\">\n<div class=\"wp-block-button has-custom-width wp-block-button__width-100 is-style-outline is-style-outline--7\"><a class=\"wp-block-button__link has-white-color has-verde-background-color has-text-color has-background has-medium-font-size has-custom-font-size wp-element-button\" href=\"https:\/\/sites.uel.br\/prograd\/fope-forum-permanente-dos-cursos-de-licenciatura-contato\/\" style=\"border-radius:0px\">CONTATO<\/a><\/div>\n<\/div>\n<\/div>\n\n\n\n<div class=\"wp-block-column is-layout-flow wp-block-column-is-layout-flow\">\n<div class=\"wp-block-buttons is-layout-flex wp-block-buttons-is-layout-flex\"><\/div>\n<\/div>\n<\/div>\n\n\n\n<h2 class=\"wp-block-heading\">Eventos<\/h2>\n\n\n\n<p><strong>REALIZADOS<\/strong><\/p>\n\n\n\n<p>F\u00f3rum Estadual das Licenciaturas<\/p>\n\n\n\n<p>I CURSO ANUAL DE FORMA\u00c7\u00c3O CONTINUADA: PIBID \u2013 PDE \u2013 PARFOR &#8211; NOVOS TALENTOS CI\u00caNCIAS HUMANAS\/II CURSO INTERDISCIPLINAR LIFE\/III CURSO DE FORMA\u00c7\u00c3O DOCENTE DO SETOR DE PROMO\u00c7\u00c3O \u00c9TNICORRACIAL DA SME-ROL\u00c2NDIA\/IV JORNADA DO FOPE &#8211; TEMA GERAL: \u201cEst\u00e1gio, Forma\u00e7\u00e3o e Trabalho Docente\u201d<\/p>\n\n\n\n<p>I CURSO ANUAL DE FORMA\u00c7\u00c3O CONTINUADA DO LENPES, DO OBEDUC E DO PIBID DE CI\u00caNCIAS SOCIAIS &#8211; TEMA GERAL: \u201cFORMA\u00c7\u00c3O INICIAL E CONTINUADA DE PROFESSORES DE SOCIOLOGIA\/CI\u00caNCIAS SOCIAIS: Pensamento Social Brasileiro, 50 anos do Golpe Militar no Brasil e Outros Temas Contempor\u00e2neos\u201d<\/p>\n\n\n\n<p>Aula Inaugural com todas as licenciaturas (2014)<\/p>\n\n\n\n<p>X Encontro de Ensino de Geografia: por uma forma\u00e7\u00e3o permanente<\/p>\n\n\n\n<p>II Jornada do Fope com o tema: &#8220;As Propostas de Est\u00e1gios Curriculares das Licenciaturas da UEL&#8221;<\/p>\n\n\n\n<p>II Curso de Forma\u00e7\u00e3o Continuada de Professores do Prodoc\u00eancia com o tema &#8220;A inclus\u00e3o em debate&#8221;<\/p>\n\n\n\n<p>Curso de Forma\u00e7\u00e3o Continuada de Professores do Prodoc\u00eancia &#8211; Enfrentando os desafios das Licenciaturas na forma\u00e7\u00e3o inicial e continuada de professores: A Inclus\u00e3o em Debate<\/p>\n\n\n\n<p>I Jornada do Fope<\/p>\n\n\n\n<p>IV Ciclo de Debates sobre Desigualdades<\/p>\n","protected":false},"excerpt":{"rendered":"<p>Eventos REALIZADOS F\u00f3rum Estadual das Licenciaturas I CURSO ANUAL DE FORMA\u00c7\u00c3O CONTINUADA: PIBID \u2013 PDE \u2013 PARFOR &#8211; NOVOS TALENTOS CI\u00caNCIAS HUMANAS\/II CURSO INTERDISCIPLINAR LIFE\/III CURSO DE FORMA\u00c7\u00c3O DOCENTE DO SETOR DE PROMO\u00c7\u00c3O \u00c9TNICORRACIAL DA SME-ROL\u00c2NDIA\/IV JORNADA DO FOPE &#8211; TEMA GERAL: \u201cEst\u00e1gio, Forma\u00e7\u00e3o e Trabalho Docente\u201d I CURSO ANUAL DE FORMA\u00c7\u00c3O CONTINUADA DO LENPES, [&hellip;]<\/p>\n","protected":false},"author":8,"featured_media":0,"parent":0,"menu_order":0,"comment_status":"closed","ping_status":"closed","template":"","meta":{"_acf_changed":false,"_themeisle_gutenberg_block_has_review":false,"footnotes":""},"class_list":["post-3631","page","type-page","status-publish","hentry"],"acf":[],"_links":{"self":[{"href":"https:\/\/sites.uel.br\/prograd\/wp-json\/wp\/v2\/pages\/3631","targetHints":{"allow":["GET"]}}],"collection":[{"href":"https:\/\/sites.uel.br\/prograd\/wp-json\/wp\/v2\/pages"}],"about":[{"href":"https:\/\/sites.uel.br\/prograd\/wp-json\/wp\/v2\/types\/page"}],"author":[{"embeddable":true,"href":"https:\/\/sites.uel.br\/prograd\/wp-json\/wp\/v2\/users\/8"}],"replies":[{"embeddable":true,"href":"https:\/\/sites.uel.br\/prograd\/wp-json\/wp\/v2\/comments?post=3631"}],"version-history":[{"count":8,"href":"https:\/\/sites.uel.br\/prograd\/wp-json\/wp\/v2\/pages\/3631\/revisions"}],"predecessor-version":[{"id":37255,"href":"https:\/\/sites.uel.br\/prograd\/wp-json\/wp\/v2\/pages\/3631\/revisions\/37255"}],"wp:attachment":[{"href":"https:\/\/sites.uel.br\/prograd\/wp-json\/wp\/v2\/media?parent=3631"}],"curies":[{"name":"wp","href":"https:\/\/api.w.org\/{rel}","templated":true}]}}