{"id":3630,"date":"2023-04-13T15:20:51","date_gmt":"2023-04-13T18:20:51","guid":{"rendered":"https:\/\/sites.uel.br\/prograd\/?page_id=3630"},"modified":"2024-06-03T14:54:55","modified_gmt":"2024-06-03T17:54:55","slug":"fope-forum-permanente-dos-cursos-de-licenciatura-documentos","status":"publish","type":"page","link":"https:\/\/sites.uel.br\/prograd\/fope-forum-permanente-dos-cursos-de-licenciatura-documentos\/","title":{"rendered":"FOPE (F\u00f3rum Permanente dos Cursos de Licenciatura)"},"content":{"rendered":"\n<hr class=\"wp-block-separator has-alpha-channel-opacity is-style-wide\"\/>\n\n\n\n<h2 class=\"wp-block-heading\">Documentos<\/h2>\n\n\n\n<p><a href=\"https:\/\/sites.uel.br\/prograd\/wp-content\/uploads\/fope\/documentos\/portaria_1405.pdf\" target=\"_blank\" rel=\"noreferrer noopener\">Portaria 1405, de 29 de maio de 2024<\/a><br>Designa a composi\u00e7\u00e3o do F\u00f3rum Permanente dos Cursos de Licenciatura da UEL<\/p>\n\n\n\n<p><a href=\"https:\/\/sites.uel.br\/prograd\/wp-content\/uploads\/fope\/documentos\/portaria_1931.pdf\" target=\"_blank\" rel=\"noreferrer noopener\">Portaria 1931, de 24 de junho de 2021<\/a><br>Designa a composi\u00e7\u00e3o do F\u00f3rum Permanente dos Cursos de Licenciatura da UEL<\/p>\n\n\n\n<p><a href=\"https:\/\/sites.uel.br\/prograd\/wp-content\/uploads\/fope\/documentos\/portaria_2916.pdf\" target=\"_blank\" rel=\"noreferrer noopener\">Portaria 2916, de 01 de julho de 2019<\/a><br>Designa a composi\u00e7\u00e3o do F\u00f3rum Permanente dos Cursos de Licenciatura da UEL<\/p>\n\n\n\n<p><a href=\"https:\/\/sites.uel.br\/prograd\/wp-content\/uploads\/fope\/documentos\/portaria_4978.pdf\" target=\"_blank\" rel=\"noreferrer noopener\">Portaria 4978, de 10 de outubro de 2018<\/a><br>Composi\u00e7\u00e3o do F\u00f3rum Permanente dos Cursos de Licenciatura da UEL<\/p>\n\n\n\n<p><a href=\"https:\/\/sites.uel.br\/prograd\/wp-content\/uploads\/fope\/documentos\/portaria_3093.pdf\" target=\"_blank\" rel=\"noreferrer noopener\">Portaria 3093, de 04 de julho de 2017<\/a><br>Integrantes do F\u00f3rum Permanente de Licenciatura da UEL &#8211; FOPE<\/p>\n\n\n\n<p><a rel=\"noreferrer noopener\" href=\"https:\/\/sites.uel.br\/prograd\/wp-content\/uploads\/fope\/documentos\/portaria_5801.pdf\" target=\"_blank\">Portaria 5801, de 23 de setembro de 2016<\/a><br>Composi\u00e7\u00e3o do F\u00f3rum Permanente dos Cursos de Licenciatura da UEL<\/p>\n\n\n\n<p><a href=\"https:\/\/sites.uel.br\/prograd\/wp-content\/uploads\/fope\/documentos\/portaria_3464.pdf\" target=\"_blank\" rel=\"noreferrer noopener\">Portaria 3464, de 30 de junho de 2014<\/a><br>Dispensa e designa\u00e7\u00e3o de membros<\/p>\n\n\n\n<p><a href=\"https:\/\/sites.uel.br\/prograd\/wp-content\/uploads\/fope\/documentos\/portaria_3098.pdf\" target=\"_blank\" rel=\"noreferrer noopener\">Portaria 3098, de 13 de junho de 2014<\/a><br>Comiss\u00e3o Coordenadora (Membros Natos, Membros da Comiss\u00e3o Coordenadora, Membros indicados e Membros convidados) a partir de 16.03.2014<\/p>\n\n\n\n<p><a href=\"https:\/\/sites.uel.br\/prograd\/wp-content\/uploads\/documentos\/resolucoes\/2013\/resolucao_14_13.pdf\" target=\"_blank\" rel=\"noreferrer noopener\">Resolu\u00e7\u00e3o CEPE n\u00ba 014\/2013<\/a><br>Aprova o Regulamento Geral do F\u00f3rum Permanente dos Cursos de Licenciatura &#8211; FOPE da Universidade Estadual de Londrina<\/p>\n\n\n\n<p><a href=\"https:\/\/sites.uel.br\/prograd\/wp-content\/uploads\/fope\/documentos\/relatorio_atividades_gestao_10_12.pdf\" target=\"_blank\" rel=\"noreferrer noopener\">Relat\u00f3rio das Atividades da Gest\u00e3o 2010\/2012 do Fope<\/a><\/p>\n\n\n\n<p><a href=\"https:\/\/sites.uel.br\/prograd\/wp-content\/uploads\/fope\/documentos\/portaria_4912.pdf\" target=\"_blank\" rel=\"noreferrer noopener\">Portaria 4912, de 18 de junho de 2012<\/a><\/p>\n\n\n\n<p><a href=\"https:\/\/sites.uel.br\/prograd\/wp-content\/uploads\/fope\/documentos\/portaria_4631.pdf\" target=\"_blank\" rel=\"noreferrer noopener\">Portaria 4631, de 05 de junho de 2012<\/a><br>Designa a composi\u00e7\u00e3o do F\u00f3rum Permanente dos Cursos de Licenciatura<\/p>\n\n\n\n<p><a href=\"https:\/\/sites.uel.br\/prograd\/wp-content\/uploads\/fope\/documentos\/portaria_2481.pdf\" target=\"_blank\" rel=\"noreferrer noopener\">Portaria 2481, de 18 de maio de 2010<\/a><br>Designa a composi\u00e7\u00e3o do F\u00f3rum Permanente dos Cursos de Licenciatura<\/p>\n\n\n\n<p><a href=\"https:\/\/sites.uel.br\/prograd\/wp-content\/uploads\/documentos\/resolucoes\/1995\/resolucao_2786_95.pdf\" target=\"_blank\" rel=\"noreferrer noopener\">Resolu\u00e7\u00e3o 2786\/95<\/a><br>Cria o F\u00f3rum Permanente dos Cursos de Licenciatura da UEL<\/p>\n\n\n\n<p><a href=\"https:\/\/sites.uel.br\/prograd\/fope-forum-permanente-dos-cursos-de-licenciatura-documentos-atas\/\">Atas<\/a><\/p>\n","protected":false},"excerpt":{"rendered":"<p>Documentos Portaria 1405, de 29 de maio de 2024Designa a composi\u00e7\u00e3o do F\u00f3rum Permanente dos Cursos de Licenciatura da UEL Portaria 1931, de 24 de junho de 2021Designa a composi\u00e7\u00e3o do F\u00f3rum Permanente dos Cursos de Licenciatura da UEL Portaria 2916, de 01 de julho de 2019Designa a composi\u00e7\u00e3o do F\u00f3rum Permanente dos Cursos de [&hellip;]<\/p>\n","protected":false},"author":8,"featured_media":0,"parent":0,"menu_order":0,"comment_status":"closed","ping_status":"closed","template":"","meta":{"_acf_changed":false,"_themeisle_gutenberg_block_has_review":false,"footnotes":""},"class_list":["post-3630","page","type-page","status-publish","hentry"],"acf":[],"_links":{"self":[{"href":"https:\/\/sites.uel.br\/prograd\/wp-json\/wp\/v2\/pages\/3630","targetHints":{"allow":["GET"]}}],"collection":[{"href":"https:\/\/sites.uel.br\/prograd\/wp-json\/wp\/v2\/pages"}],"about":[{"href":"https:\/\/sites.uel.br\/prograd\/wp-json\/wp\/v2\/types\/page"}],"author":[{"embeddable":true,"href":"https:\/\/sites.uel.br\/prograd\/wp-json\/wp\/v2\/users\/8"}],"replies":[{"embeddable":true,"href":"https:\/\/sites.uel.br\/prograd\/wp-json\/wp\/v2\/comments?post=3630"}],"version-history":[{"count":14,"href":"https:\/\/sites.uel.br\/prograd\/wp-json\/wp\/v2\/pages\/3630\/revisions"}],"predecessor-version":[{"id":30398,"href":"https:\/\/sites.uel.br\/prograd\/wp-json\/wp\/v2\/pages\/3630\/revisions\/30398"}],"wp:attachment":[{"href":"https:\/\/sites.uel.br\/prograd\/wp-json\/wp\/v2\/media?parent=3630"}],"curies":[{"name":"wp","href":"https:\/\/api.w.org\/{rel}","templated":true}]}}