{"id":3627,"date":"2023-04-13T15:20:12","date_gmt":"2023-04-13T18:20:12","guid":{"rendered":"https:\/\/sites.uel.br\/prograd\/?page_id=3627"},"modified":"2024-06-03T14:56:00","modified_gmt":"2024-06-03T17:56:00","slug":"fope-forum-permanente-dos-cursos-de-licenciatura-membros","status":"publish","type":"page","link":"https:\/\/sites.uel.br\/prograd\/fope-forum-permanente-dos-cursos-de-licenciatura-membros\/","title":{"rendered":"FOPE (F\u00f3rum Permanente dos Cursos de Licenciatura)"},"content":{"rendered":"\n<hr class=\"wp-block-separator has-alpha-channel-opacity is-style-wide\"\/>\n\n\n\n<h2 class=\"wp-block-heading\">Membros<\/h2>\n\n\n\n<p>A Composi\u00e7\u00e3o do F\u00f3rum Permanente dos Cursos de Licenciatura da UEL, est\u00e1 na\u00a0<a href=\"https:\/\/sites.uel.br\/prograd\/wp-content\/uploads\/fope\/documentos\/portaria_1405.pdf\" target=\"_blank\" rel=\"noreferrer noopener\">Portaria 1405, de 29 de maio de 2024<\/a>.<\/p>\n","protected":false},"excerpt":{"rendered":"<p>Membros A Composi\u00e7\u00e3o do F\u00f3rum Permanente dos Cursos de Licenciatura da UEL, est\u00e1 na\u00a0Portaria 1405, de 29 de maio de 2024.<\/p>\n","protected":false},"author":8,"featured_media":0,"parent":0,"menu_order":0,"comment_status":"closed","ping_status":"closed","template":"","meta":{"_acf_changed":false,"_themeisle_gutenberg_block_has_review":false,"footnotes":""},"class_list":["post-3627","page","type-page","status-publish","hentry"],"acf":[],"_links":{"self":[{"href":"https:\/\/sites.uel.br\/prograd\/wp-json\/wp\/v2\/pages\/3627","targetHints":{"allow":["GET"]}}],"collection":[{"href":"https:\/\/sites.uel.br\/prograd\/wp-json\/wp\/v2\/pages"}],"about":[{"href":"https:\/\/sites.uel.br\/prograd\/wp-json\/wp\/v2\/types\/page"}],"author":[{"embeddable":true,"href":"https:\/\/sites.uel.br\/prograd\/wp-json\/wp\/v2\/users\/8"}],"replies":[{"embeddable":true,"href":"https:\/\/sites.uel.br\/prograd\/wp-json\/wp\/v2\/comments?post=3627"}],"version-history":[{"count":9,"href":"https:\/\/sites.uel.br\/prograd\/wp-json\/wp\/v2\/pages\/3627\/revisions"}],"predecessor-version":[{"id":30400,"href":"https:\/\/sites.uel.br\/prograd\/wp-json\/wp\/v2\/pages\/3627\/revisions\/30400"}],"wp:attachment":[{"href":"https:\/\/sites.uel.br\/prograd\/wp-json\/wp\/v2\/media?parent=3627"}],"curies":[{"name":"wp","href":"https:\/\/api.w.org\/{rel}","templated":true}]}}