{"id":3620,"date":"2023-04-13T15:04:49","date_gmt":"2023-04-13T18:04:49","guid":{"rendered":"https:\/\/sites.uel.br\/prograd\/?page_id=3620"},"modified":"2026-04-17T15:49:33","modified_gmt":"2026-04-17T18:49:33","slug":"fope-forum-permanente-dos-cursos-de-licenciatura-apresentacao","status":"publish","type":"page","link":"https:\/\/sites.uel.br\/prograd\/fope-forum-permanente-dos-cursos-de-licenciatura-apresentacao\/","title":{"rendered":"FOPE (F\u00f3rum Permanente dos Cursos de Licenciatura)"},"content":{"rendered":"\n<hr class=\"wp-block-separator has-alpha-channel-opacity is-style-wide\"\/>\n\n\n\n<div class=\"wp-block-columns is-layout-flex wp-container-core-columns-is-layout-9d6595d7 wp-block-columns-is-layout-flex\">\n<div class=\"wp-block-column is-layout-flow wp-block-column-is-layout-flow\">\n<div class=\"wp-block-buttons is-layout-flex wp-block-buttons-is-layout-flex\">\n<div class=\"wp-block-button has-custom-width wp-block-button__width-100 is-style-outline is-style-outline--1\"><a class=\"wp-block-button__link has-white-color has-verde-background-color has-text-color has-background has-medium-font-size has-custom-font-size wp-element-button\" href=\"https:\/\/sites.uel.br\/prograd\/fope-forum-permanente-dos-cursos-de-licenciatura-apresentacao\/\" style=\"border-radius:0px\">APRESENTA\u00c7\u00c3O<\/a><\/div>\n<\/div>\n<\/div>\n\n\n\n<div class=\"wp-block-column is-layout-flow wp-block-column-is-layout-flow\">\n<div class=\"wp-block-buttons is-layout-flex wp-block-buttons-is-layout-flex\">\n<div class=\"wp-block-button has-custom-width wp-block-button__width-100 is-style-outline is-style-outline--2\"><a class=\"wp-block-button__link has-white-color has-verde-background-color has-text-color has-background has-medium-font-size has-custom-font-size wp-element-button\" href=\"https:\/\/sites.uel.br\/prograd\/fope-forum-permanente-dos-cursos-de-licenciatura-membros\/\" style=\"border-radius:0px\">MEMBROS<\/a><\/div>\n<\/div>\n<\/div>\n\n\n\n<div class=\"wp-block-column is-layout-flow wp-block-column-is-layout-flow\">\n<div class=\"wp-block-buttons is-layout-flex wp-block-buttons-is-layout-flex\">\n<div class=\"wp-block-button has-custom-width wp-block-button__width-100 is-style-outline is-style-outline--3\"><a class=\"wp-block-button__link has-white-color has-verde-background-color has-text-color has-background has-medium-font-size has-custom-font-size wp-element-button\" href=\"https:\/\/sites.uel.br\/prograd\/fope-forum-permanente-dos-cursos-de-licenciatura-materiais\/\" style=\"border-radius:0px\">MATERIAIS<\/a><\/div>\n<\/div>\n<\/div>\n\n\n\n<div class=\"wp-block-column is-layout-flow wp-block-column-is-layout-flow\">\n<div class=\"wp-block-buttons is-layout-flex wp-block-buttons-is-layout-flex\">\n<div class=\"wp-block-button has-custom-width wp-block-button__width-100 is-style-outline is-style-outline--4\"><a class=\"wp-block-button__link has-white-color has-verde-background-color has-text-color has-background has-medium-font-size has-custom-font-size wp-element-button\" href=\"https:\/\/sites.uel.br\/prograd\/fope-forum-permanente-dos-cursos-de-licenciatura-documentos\/\" style=\"border-radius:0px\">DOCUMENTOS<\/a><\/div>\n<\/div>\n<\/div>\n<\/div>\n\n\n\n<div class=\"wp-block-columns is-layout-flex wp-container-core-columns-is-layout-9d6595d7 wp-block-columns-is-layout-flex\">\n<div class=\"wp-block-column is-layout-flow wp-block-column-is-layout-flow\">\n<div class=\"wp-block-buttons is-layout-flex wp-block-buttons-is-layout-flex\">\n<div class=\"wp-block-button has-custom-width wp-block-button__width-100 is-style-outline is-style-outline--5\"><a class=\"wp-block-button__link has-white-color has-verde-background-color has-text-color has-background has-medium-font-size has-custom-font-size wp-element-button\" href=\"https:\/\/sites.uel.br\/prograd\/fope-forum-permanente-dos-cursos-de-licenciatura-documentos-atas\/\" style=\"border-radius:0px\">ATAS<\/a><\/div>\n<\/div>\n<\/div>\n\n\n\n<div class=\"wp-block-column is-layout-flow wp-block-column-is-layout-flow\">\n<div class=\"wp-block-buttons is-layout-flex wp-block-buttons-is-layout-flex\">\n<div class=\"wp-block-button has-custom-width wp-block-button__width-100 is-style-outline is-style-outline--6\"><a class=\"wp-block-button__link has-white-color has-verde-background-color has-text-color has-background has-medium-font-size has-custom-font-size wp-element-button\" href=\"https:\/\/sites.uel.br\/prograd\/fope-forum-permanente-dos-cursos-de-licenciatura-eventos\/\" style=\"border-radius:0px\">EVENTOS<\/a><\/div>\n<\/div>\n<\/div>\n\n\n\n<div class=\"wp-block-column is-layout-flow wp-block-column-is-layout-flow\">\n<div class=\"wp-block-buttons is-layout-flex wp-block-buttons-is-layout-flex\">\n<div class=\"wp-block-button has-custom-width wp-block-button__width-100 is-style-outline is-style-outline--7\"><a class=\"wp-block-button__link has-white-color has-verde-background-color has-text-color has-background has-medium-font-size has-custom-font-size wp-element-button\" href=\"https:\/\/sites.uel.br\/prograd\/fope-forum-permanente-dos-cursos-de-licenciatura-contato\/\" style=\"border-radius:0px\">CONTATO<\/a><\/div>\n<\/div>\n<\/div>\n\n\n\n<div class=\"wp-block-column is-layout-flow wp-block-column-is-layout-flow\">\n<div class=\"wp-block-buttons is-layout-flex wp-block-buttons-is-layout-flex\"><\/div>\n<\/div>\n<\/div>\n\n\n\n<h2 class=\"wp-block-heading\">Apresenta\u00e7\u00e3o<\/h2>\n\n\n\n<p>O F\u00f3rum Permanente dos Cursos de Licenciatura da Universidade Estadual de Londrina foi criado em 23 fevereiro de 1995 a partir da necessidade de diagn\u00f3stico, reflex\u00e3o e discuss\u00e3o das quest\u00f5es pedag\u00f3gicas, pol\u00edticas e filos\u00f3ficas implicadas nos cursos de Licenciatura e, sobretudo, da necessidade de cont\u00ednua articula\u00e7\u00e3o de atividades e projetos institucionais que visem o aprimoramento da forma\u00e7\u00e3o de professores.<br><br>O FOPE tem como membros natos todos os Coordenadores de Colegiado dos cursos de Licenciatura da UEL e com a possibilidade de participa\u00e7\u00e3o de outros membros indicados.<br><br>As atividades do FOPE s\u00e3o coordenadas por uma Comiss\u00e3o de 5 membros eleitos pelos seus pares (Presidente, Vice-presidente, Secret\u00e1rio Geral e mais dois membros) para um mandato de 2 anos e tem como principais atribui\u00e7\u00f5es:<\/p>\n\n\n\n<p>&#8211; Propor e organizar eventos que visem proporcionar a integra\u00e7\u00e3o e o aprimoramento dos cursos de Licenciatura;<br>&#8211; Estabelecer interc\u00e2mbio com Institui\u00e7\u00f5es de Ensino Superior que possuem cursos de Licenciatura visando troca de experi\u00eancias;<br>&#8211; Representar a UEL em eventos ligados a quest\u00f5es espec\u00edficas das Licenciaturas;<br>&#8211; Coordenar projetos de Car\u00e1ter Institucional vinculados aos cursos de Licenciatura.<\/p>\n","protected":false},"excerpt":{"rendered":"<p>Apresenta\u00e7\u00e3o O F\u00f3rum Permanente dos Cursos de Licenciatura da Universidade Estadual de Londrina foi criado em 23 fevereiro de 1995 a partir da necessidade de diagn\u00f3stico, reflex\u00e3o e discuss\u00e3o das quest\u00f5es pedag\u00f3gicas, pol\u00edticas e filos\u00f3ficas implicadas nos cursos de Licenciatura e, sobretudo, da necessidade de cont\u00ednua articula\u00e7\u00e3o de atividades e projetos institucionais que visem o [&hellip;]<\/p>\n","protected":false},"author":8,"featured_media":0,"parent":0,"menu_order":0,"comment_status":"closed","ping_status":"closed","template":"","meta":{"_acf_changed":false,"_themeisle_gutenberg_block_has_review":false,"footnotes":""},"class_list":["post-3620","page","type-page","status-publish","hentry"],"acf":[],"_links":{"self":[{"href":"https:\/\/sites.uel.br\/prograd\/wp-json\/wp\/v2\/pages\/3620","targetHints":{"allow":["GET"]}}],"collection":[{"href":"https:\/\/sites.uel.br\/prograd\/wp-json\/wp\/v2\/pages"}],"about":[{"href":"https:\/\/sites.uel.br\/prograd\/wp-json\/wp\/v2\/types\/page"}],"author":[{"embeddable":true,"href":"https:\/\/sites.uel.br\/prograd\/wp-json\/wp\/v2\/users\/8"}],"replies":[{"embeddable":true,"href":"https:\/\/sites.uel.br\/prograd\/wp-json\/wp\/v2\/comments?post=3620"}],"version-history":[{"count":12,"href":"https:\/\/sites.uel.br\/prograd\/wp-json\/wp\/v2\/pages\/3620\/revisions"}],"predecessor-version":[{"id":37250,"href":"https:\/\/sites.uel.br\/prograd\/wp-json\/wp\/v2\/pages\/3620\/revisions\/37250"}],"wp:attachment":[{"href":"https:\/\/sites.uel.br\/prograd\/wp-json\/wp\/v2\/media?parent=3620"}],"curies":[{"name":"wp","href":"https:\/\/api.w.org\/{rel}","templated":true}]}}