{"id":36083,"date":"2025-12-09T15:57:43","date_gmt":"2025-12-09T18:57:43","guid":{"rendered":"https:\/\/sites.uel.br\/prograd\/?page_id=36083"},"modified":"2025-12-12T15:13:37","modified_gmt":"2025-12-12T18:13:37","slug":"catalogo-dos-cursos-de-graduacao","status":"publish","type":"page","link":"https:\/\/sites.uel.br\/prograd\/graduacao\/catalogo-dos-cursos-de-graduacao\/","title":{"rendered":"Cat\u00e1logo dos Cursos de Gradua\u00e7\u00e3o (2025)"},"content":{"rendered":"\n<hr class=\"wp-block-separator has-alpha-channel-opacity is-style-wide\"\/>\n\n\n\n<h2 class=\"wp-block-heading\">Cursos de Gradua\u00e7\u00e3o<\/h2>\n\n\n\n<p class=\"has-text-align-center\"><a href=\"https:\/\/sites.uel.br\/prograd\/catalogo-dos-cursos-de-graduacao-2025-administracao\/\">Administra\u00e7\u00e3o<\/a><\/p>\n\n\n\n<p class=\"has-text-align-center\"><a href=\"https:\/\/sites.uel.br\/prograd\/catalogo-dos-cursos-de-graduacao-2025-agronomia\/\">Agronomia<\/a><\/p>\n\n\n\n<p class=\"has-text-align-center\"><a href=\"https:\/\/sites.uel.br\/prograd\/catalogo-dos-cursos-de-graduacao-2025-arquitetura-e-urbanismo\/\">Arquitetura e Urbanismo<\/a><\/p>\n\n\n\n<p class=\"has-text-align-center\"><a href=\"https:\/\/sites.uel.br\/prograd\/catalogo-dos-cursos-de-graduacao-2025-arquivologia\/\">Arquivologia<\/a><\/p>\n\n\n\n<p class=\"has-text-align-center\"><a href=\"https:\/\/sites.uel.br\/prograd\/catalogo-dos-cursos-de-graduacao-2025-artes-cenicas\/\">Artes C\u00eanicas<\/a><\/p>\n\n\n\n<p class=\"has-text-align-center\"><a href=\"https:\/\/sites.uel.br\/prograd\/catalogo-dos-cursos-de-graduacao-2025-artes-visuais\/\">Artes Visuais<\/a><\/p>\n\n\n\n<p class=\"has-text-align-center\"><a href=\"https:\/\/sites.uel.br\/prograd\/catalogo-dos-cursos-de-graduacao-2025-biblioteconomia\/\">Biblioteconomia<\/a><\/p>\n\n\n\n<p class=\"has-text-align-center\"><a href=\"https:\/\/sites.uel.br\/prograd\/catalogo-dos-cursos-de-graduacao-2025-biomedicina\/\">Biomedicina<\/a><\/p>\n\n\n\n<p class=\"has-text-align-center\"><a href=\"https:\/\/sites.uel.br\/prograd\/catalogo-dos-cursos-de-graduacao-2025-biotecnologia\/\">Biotecnologia<\/a><\/p>\n\n\n\n<p class=\"has-text-align-center\"><a href=\"https:\/\/sites.uel.br\/prograd\/catalogo-dos-cursos-de-graduacao-2025-ciencia-da-computacao\/\">Ci\u00eancia da Computa\u00e7\u00e3o<\/a><\/p>\n\n\n\n<p class=\"has-text-align-center\"><a href=\"https:\/\/sites.uel.br\/prograd\/catalogo-dos-cursos-de-graduacao-2025-ciencia-de-dados-e-inteligencia-artificial\/\">Ci\u00eancia de Dados e Intelig\u00eancia Artificial<\/a><\/p>\n\n\n\n<p class=\"has-text-align-center\"><a href=\"https:\/\/sites.uel.br\/prograd\/catalogo-dos-cursos-de-graduacao-2025-ciencias-biologicas-bacharelado\/\">Ci\u00eancias Biol\u00f3gicas \u2013 Bacharelado<\/a><\/p>\n\n\n\n<p class=\"has-text-align-center\"><a href=\"https:\/\/sites.uel.br\/prograd\/catalogo-dos-cursos-de-graduacao-2025-ciencias-biologicas-licenciatura\/\">Ci\u00eancias Biol\u00f3gicas \u2013 Licenciatura<\/a><\/p>\n\n\n\n<p class=\"has-text-align-center\"><a href=\"https:\/\/sites.uel.br\/prograd\/catalogo-dos-cursos-de-graduacao-2025-ciencias-contabeis\/\">Ci\u00eancias Cont\u00e1beis<\/a><\/p>\n\n\n\n<p class=\"has-text-align-center\"><a href=\"https:\/\/sites.uel.br\/prograd\/catalogo-dos-cursos-de-graduacao-2025-ciencias-economicas\/\">Ci\u00eancias Econ\u00f4micas<\/a><\/p>\n\n\n\n<p class=\"has-text-align-center\"><a href=\"https:\/\/sites.uel.br\/prograd\/catalogo-dos-cursos-de-graduacao-2025-ciencias-sociais-bacharelado\/\">Ci\u00eancias Sociais \u2013 Bacharelado<\/a><\/p>\n\n\n\n<p class=\"has-text-align-center\"><a href=\"https:\/\/sites.uel.br\/prograd\/catalogo-dos-cursos-de-graduacao-2025-ciencias-sociais-licenciatura\/\">Ci\u00eancias Sociais \u2013 Licenciatura<\/a><\/p>\n\n\n\n<p class=\"has-text-align-center\"><a href=\"https:\/\/sites.uel.br\/prograd\/catalogo-dos-cursos-de-graduacao-2025-computacao-licenciatura-ead\/\">Computa\u00e7\u00e3o \u2013 Licenciatura (EAD)<\/a><\/p>\n\n\n\n<p class=\"has-text-align-center\"><a href=\"https:\/\/sites.uel.br\/prograd\/catalogo-dos-cursos-de-graduacao-2025-design-de-moda\/\">Design de Moda<\/a><\/p>\n\n\n\n<p class=\"has-text-align-center\"><a href=\"https:\/\/sites.uel.br\/prograd\/catalogo-dos-cursos-de-graduacao-2025-design-grafico\/\">Design Gr\u00e1fico<\/a><\/p>\n\n\n\n<p class=\"has-text-align-center\"><a href=\"https:\/\/sites.uel.br\/prograd\/catalogo-dos-cursos-de-graduacao-2025-direito\/\">Direito<\/a><\/p>\n\n\n\n<p class=\"has-text-align-center\"><a href=\"https:\/\/sites.uel.br\/prograd\/catalogo-dos-cursos-de-graduacao-2025-educacao-fisica-bacharelado-e-licenciatura\/\">Educa\u00e7\u00e3o F\u00edsica \u2013 Bacharelado e Licenciatura<\/a><\/p>\n\n\n\n<p class=\"has-text-align-center\"><a href=\"https:\/\/sites.uel.br\/prograd\/catalogo-dos-cursos-de-graduacao-2025-enfermagem\/\">Enfermagem<\/a><\/p>\n\n\n\n<p class=\"has-text-align-center\"><a href=\"https:\/\/sites.uel.br\/prograd\/catalogo-dos-cursos-de-graduacao-2025-engenharia-civil\/\">Engenharia Civil<\/a><\/p>\n\n\n\n<p class=\"has-text-align-center\"><a href=\"https:\/\/sites.uel.br\/prograd\/catalogo-dos-cursos-de-graduacao-2025-engenharia-eletrica\/\">Engenharia El\u00e9trica<\/a><\/p>\n\n\n\n<p class=\"has-text-align-center\"><a href=\"https:\/\/sites.uel.br\/prograd\/catalogo-dos-cursos-de-graduacao-2025-farmacia\/\">Farm\u00e1cia<\/a><\/p>\n\n\n\n<p class=\"has-text-align-center\"><a href=\"https:\/\/sites.uel.br\/prograd\/catalogo-dos-cursos-de-graduacao-2025-filosofia\/\">Filosofia<\/a><\/p>\n\n\n\n<p class=\"has-text-align-center\"><a href=\"https:\/\/sites.uel.br\/prograd\/catalogo-dos-cursos-de-graduacao-2025-fisica-bacharelado\/\">F\u00edsica \u2013 Bacharelado<\/a><\/p>\n\n\n\n<p class=\"has-text-align-center\"><a href=\"https:\/\/sites.uel.br\/prograd\/catalogo-dos-cursos-de-graduacao-2025-fisica-licenciatura\/\">F\u00edsica \u2013 Licenciatura<\/a><\/p>\n\n\n\n<p class=\"has-text-align-center\"><a href=\"https:\/\/sites.uel.br\/prograd\/catalogo-dos-cursos-de-graduacao-2025-fisioterapia\/\">Fisioterapia<\/a><\/p>\n\n\n\n<p class=\"has-text-align-center\"><a href=\"https:\/\/sites.uel.br\/prograd\/catalogo-dos-cursos-de-graduacao-2025-geografia-bacharelado\/\">Geografia \u2013 Bacharelado<\/a><\/p>\n\n\n\n<p class=\"has-text-align-center\"><a href=\"https:\/\/sites.uel.br\/prograd\/catalogo-dos-cursos-de-graduacao-2025-geografia-licenciatura\/\">Geografia \u2013 Licenciatura<\/a><\/p>\n\n\n\n<p class=\"has-text-align-center\"><a href=\"https:\/\/sites.uel.br\/prograd\/catalogo-dos-cursos-de-graduacao-2025-historia\/\">Hist\u00f3ria<\/a><\/p>\n\n\n\n<p class=\"has-text-align-center\"><a href=\"https:\/\/sites.uel.br\/prograd\/catalogo-dos-cursos-de-graduacao-2025-jornalismo\/\">Jornalismo<\/a><\/p>\n\n\n\n<p class=\"has-text-align-center\"><a href=\"https:\/\/sites.uel.br\/prograd\/catalogo-dos-cursos-de-graduacao-2025-letras-espanhol\/\">Letras Espanhol<\/a><\/p>\n\n\n\n<p class=\"has-text-align-center\"><a href=\"https:\/\/sites.uel.br\/prograd\/catalogo-dos-cursos-de-graduacao-2025-letras-frances\/\">Letras Franc\u00eas<\/a><\/p>\n\n\n\n<p class=\"has-text-align-center\"><a href=\"https:\/\/sites.uel.br\/prograd\/catalogo-dos-cursos-de-graduacao-2025-letras-ingles\/\">Letras Ingl\u00eas<\/a><\/p>\n\n\n\n<p class=\"has-text-align-center\"><a href=\"https:\/\/sites.uel.br\/prograd\/catalogo-dos-cursos-de-graduacao-2025-letras-portugues\/\">Letras Portugu\u00eas<\/a><\/p>\n\n\n\n<p class=\"has-text-align-center\"><a href=\"https:\/\/sites.uel.br\/prograd\/catalogo-dos-cursos-de-graduacao-2025-matematica-bacharelado\/\">Matem\u00e1tica \u2013 Bacharelado<\/a><\/p>\n\n\n\n<p class=\"has-text-align-center\"><a href=\"https:\/\/sites.uel.br\/prograd\/catalogo-dos-cursos-de-graduacao-2025-matematica-licenciatura\/\">Matem\u00e1tica \u2013 Licenciatura<\/a><\/p>\n\n\n\n<p class=\"has-text-align-center\"><a href=\"https:\/\/sites.uel.br\/prograd\/catalogo-dos-cursos-de-graduacao-2025-medicina\/\">Medicina<\/a><\/p>\n\n\n\n<p class=\"has-text-align-center\"><a href=\"https:\/\/sites.uel.br\/prograd\/catalogo-dos-cursos-de-graduacao-2025-medicina-veterinaria\/\">Medicina Veterin\u00e1ria<\/a><\/p>\n\n\n\n<p class=\"has-text-align-center\"><a href=\"https:\/\/sites.uel.br\/prograd\/catalogo-dos-cursos-de-graduacao-2025-musica\/\">M\u00fasica<\/a><\/p>\n\n\n\n<p class=\"has-text-align-center\"><a href=\"https:\/\/sites.uel.br\/prograd\/catalogo-dos-cursos-de-graduacao-2025-nutricao\/\">Nutri\u00e7\u00e3o<\/a><\/p>\n\n\n\n<p class=\"has-text-align-center\"><a href=\"https:\/\/sites.uel.br\/prograd\/catalogo-dos-cursos-de-graduacao-2025-odontologia\/\">Odontologia<\/a><\/p>\n\n\n\n<p class=\"has-text-align-center\"><a href=\"https:\/\/sites.uel.br\/prograd\/catalogo-dos-cursos-de-graduacao-2025-pedagogia\/\">Pedagogia<\/a><\/p>\n\n\n\n<p class=\"has-text-align-center\"><a href=\"https:\/\/sites.uel.br\/prograd\/catalogo-dos-cursos-de-graduacao-2025-psicologia\/\">Psicologia<\/a><\/p>\n\n\n\n<p class=\"has-text-align-center\"><a href=\"https:\/\/sites.uel.br\/prograd\/catalogo-dos-cursos-de-graduacao-2025-quimica-bacharelado\/\">Qu\u00edmica \u2013 Bacharelado<\/a><\/p>\n\n\n\n<p class=\"has-text-align-center\"><a href=\"https:\/\/sites.uel.br\/prograd\/catalogo-dos-cursos-de-graduacao-2025-quimica-licenciatura\/\">Qu\u00edmica \u2013 Licenciatura<\/a><\/p>\n\n\n\n<p class=\"has-text-align-center\"><a href=\"https:\/\/sites.uel.br\/prograd\/catalogo-dos-cursos-de-graduacao-2025-relacoes-publicas\/\">Rela\u00e7\u00f5es P\u00fablicas<\/a><\/p>\n\n\n\n<p class=\"has-text-align-center\"><a href=\"https:\/\/sites.uel.br\/prograd\/catalogo-dos-cursos-de-graduacao-2025-secretariado-executivo\/\">Secretariado Executivo<\/a><\/p>\n\n\n\n<p class=\"has-text-align-center\"><a href=\"https:\/\/sites.uel.br\/prograd\/catalogo-dos-cursos-de-graduacao-2025-servico-social\/\">Servi\u00e7o Social<\/a><\/p>\n\n\n\n<p class=\"has-text-align-center\"><a href=\"https:\/\/sites.uel.br\/prograd\/catalogo-dos-cursos-de-graduacao-2025-tecnologia-em-gestao-publica-ead\/\">Tecnologia em Gest\u00e3o P\u00fablica (EAD)<\/a><\/p>\n\n\n\n<p class=\"has-text-align-center\"><a href=\"https:\/\/sites.uel.br\/prograd\/catalogo-dos-cursos-de-graduacao-2025-zootecnia\/\">Zootecnia<\/a><\/p>\n\n\n\n<div style=\"height:20px\" aria-hidden=\"true\" class=\"wp-block-spacer\"><\/div>\n\n\n\n<p><strong>Apresenta\u00e7\u00e3o<\/strong><\/p>\n\n\n\n<div data-wp-interactive=\"core\/file\" class=\"wp-block-file\"><object data-wp-bind--hidden=\"!state.hasPdfPreview\" hidden class=\"wp-block-file__embed\" data=\"https:\/\/sites.uel.br\/prograd\/wp-content\/uploads\/catalogo_cursos\/2025\/documentos\/apresentacao.pdf\" type=\"application\/pdf\" style=\"width:100%;height:600px\" aria-label=\"Incorporar PDF\"><\/object><\/div>\n\n\n\n<div id=\"wp-block-themeisle-blocks-accordion-82aceb7d\" class=\"wp-block-themeisle-blocks-accordion exclusive\">\n<details class=\"wp-block-themeisle-blocks-accordion-item\"><summary class=\"wp-block-themeisle-blocks-accordion-item__title\"><div><strong>Equipe<\/strong><\/div><\/summary><div class=\"wp-block-themeisle-blocks-accordion-item__content\">\n<p><strong>ADMINISTRA\u00c7\u00c3O UEL<\/strong><\/p>\n\n\n\n<p><strong>Profa. Dra. Marta Regina Gimenez Favaro<\/strong><br>Reitora<\/p>\n\n\n\n<p><strong>Prof. Dr. Airton Jos\u00e9 Petris<\/strong><br>Vice-Reitor<\/p>\n\n\n\n<div style=\"height:20px\" aria-hidden=\"true\" class=\"wp-block-spacer\"><\/div>\n\n\n\n<p><strong>ADMINISTRA\u00c7\u00c3O PROGRAD<\/strong><\/p>\n\n\n\n<p><strong>Profa. Dra. Ana M\u00e1rcia Fernandes Tucci de Carvalho<\/strong><br>Pr\u00f3-Reitora de Gradua\u00e7\u00e3o<\/p>\n\n\n\n<p><strong>Profa. Dra. Lilian Kemmer Chiment\u00e3o<\/strong><br>Diretora de Apoio \u00e0 A\u00e7\u00e3o Pedag\u00f3gica<\/p>\n\n\n\n<p><strong>Profa. Dra. Maria Elisa Wotzasek Cestari<\/strong><br>Diretor de Assuntos Acad\u00eamicos<\/p>\n\n\n\n<div style=\"height:20px\" aria-hidden=\"true\" class=\"wp-block-spacer\"><\/div>\n\n\n\n<p><strong>EQUIPE PROGRAD<\/strong><\/p>\n\n\n\n<p>Divis\u00e3o de Colegiados de Curso e Curr\u00edculos<\/p>\n\n\n\n<p><strong>Cl\u00e1udio Cavalcante de Oliveira<\/strong><br>Chefe de Divis\u00e3o<\/p>\n\n\n\n<p><strong>Alexandre Antonio Mendes<\/strong><br>T\u00e9cnico Administrativo<\/p>\n\n\n\n<p>Inform\u00e1tica<\/p>\n\n\n\n<p><strong>Fabiano Ferrari Ribeiro<\/strong><br>Organiza\u00e7\u00e3o da Informa\u00e7\u00e3o\/WEB<\/p>\n<\/div><\/details>\n<\/div>\n\n\n\n<div style=\"height:20px\" aria-hidden=\"true\" class=\"wp-block-spacer\"><\/div>\n\n\n\n<hr class=\"wp-block-separator has-text-color has-alpha-channel-opacity has-background is-style-wide\" style=\"background-color:#bdbdbd;color:#bdbdbd\"\/>\n\n\n\n<p><strong>Veja tamb\u00e9m:<\/strong><\/p>\n\n\n\n<p><a href=\"https:\/\/sites.uel.br\/prograd\/graduacao\/catalogo-dos-cursos-de-graduacao-indice\/\">Cat\u00e1logo dos Cursos de Gradua\u00e7\u00e3o de Anos Anteriores<\/a><\/p>\n","protected":false},"excerpt":{"rendered":"<p>Cursos de Gradua\u00e7\u00e3o Administra\u00e7\u00e3o Agronomia Arquitetura e Urbanismo Arquivologia Artes C\u00eanicas Artes Visuais Biblioteconomia Biomedicina Biotecnologia Ci\u00eancia da Computa\u00e7\u00e3o Ci\u00eancia de Dados e Intelig\u00eancia Artificial Ci\u00eancias Biol\u00f3gicas \u2013 Bacharelado Ci\u00eancias Biol\u00f3gicas \u2013 Licenciatura Ci\u00eancias Cont\u00e1beis Ci\u00eancias Econ\u00f4micas Ci\u00eancias Sociais \u2013 Bacharelado Ci\u00eancias Sociais \u2013 Licenciatura Computa\u00e7\u00e3o \u2013 Licenciatura (EAD) Design de Moda Design Gr\u00e1fico Direito [&hellip;]<\/p>\n","protected":false},"author":8,"featured_media":0,"parent":12,"menu_order":0,"comment_status":"closed","ping_status":"closed","template":"","meta":{"_acf_changed":false,"_themeisle_gutenberg_block_has_review":false,"footnotes":""},"class_list":["post-36083","page","type-page","status-publish","hentry"],"acf":[],"_links":{"self":[{"href":"https:\/\/sites.uel.br\/prograd\/wp-json\/wp\/v2\/pages\/36083","targetHints":{"allow":["GET"]}}],"collection":[{"href":"https:\/\/sites.uel.br\/prograd\/wp-json\/wp\/v2\/pages"}],"about":[{"href":"https:\/\/sites.uel.br\/prograd\/wp-json\/wp\/v2\/types\/page"}],"author":[{"embeddable":true,"href":"https:\/\/sites.uel.br\/prograd\/wp-json\/wp\/v2\/users\/8"}],"replies":[{"embeddable":true,"href":"https:\/\/sites.uel.br\/prograd\/wp-json\/wp\/v2\/comments?post=36083"}],"version-history":[{"count":4,"href":"https:\/\/sites.uel.br\/prograd\/wp-json\/wp\/v2\/pages\/36083\/revisions"}],"predecessor-version":[{"id":36163,"href":"https:\/\/sites.uel.br\/prograd\/wp-json\/wp\/v2\/pages\/36083\/revisions\/36163"}],"up":[{"embeddable":true,"href":"https:\/\/sites.uel.br\/prograd\/wp-json\/wp\/v2\/pages\/12"}],"wp:attachment":[{"href":"https:\/\/sites.uel.br\/prograd\/wp-json\/wp\/v2\/media?parent=36083"}],"curies":[{"name":"wp","href":"https:\/\/api.w.org\/{rel}","templated":true}]}}