{"id":36046,"date":"2025-12-09T15:53:39","date_gmt":"2025-12-09T18:53:39","guid":{"rendered":"https:\/\/sites.uel.br\/prograd\/?page_id=36046"},"modified":"2025-12-12T10:16:41","modified_gmt":"2025-12-12T13:16:41","slug":"catalogo-dos-cursos-de-graduacao-2025-matematica-licenciatura","status":"publish","type":"page","link":"https:\/\/sites.uel.br\/prograd\/catalogo-dos-cursos-de-graduacao-2025-matematica-licenciatura\/","title":{"rendered":"Cat\u00e1logo dos Cursos de Gradua\u00e7\u00e3o (2025)"},"content":{"rendered":"\n<hr class=\"wp-block-separator has-alpha-channel-opacity is-style-wide\"\/>\n\n\n\n<h2 class=\"wp-block-heading\">Matem\u00e1tica \u2013 Licenciatura<\/h2>\n\n\n\n<p><strong>Cria\u00e7\u00e3o<\/strong><br>Decreto Estadual n\u00ba 18.110, de 28.01.70<\/p>\n\n\n\n<p><strong>Grau<\/strong><br>Licenciado em Matem\u00e1tica&nbsp;<\/p>\n\n\n\n<p><strong>Turno<\/strong><br>Noturno<\/p>\n\n\n\n<p><strong>Perfil do Profissional<\/strong><br>O Curso procurar\u00e1 garantir que seus egressos tenham: s\u00f3lida forma\u00e7\u00e3o na \u00e1rea de Matem\u00e1tica; s\u00f3lida forma\u00e7\u00e3o na \u00e1rea de Educa\u00e7\u00e3o Matem\u00e1tica; preparo para enfrentar os desafios das r\u00e1pidas transforma\u00e7\u00f5es da sociedade, do mercado de trabalho e das condi\u00e7\u00f5es de exerc\u00edcio profissional; vis\u00e3o de seu papel social de educador e capacidade de se inserir em diversas realidades com sensibilidade para interpretar as a\u00e7\u00f5es dos educandos; vis\u00e3o da contribui\u00e7\u00e3o que a aprendizagem da Matem\u00e1tica pode oferecer \u00e0 forma\u00e7\u00e3o dos indiv\u00edduos para a constru\u00e7\u00e3o\/exerc\u00edcio de sua cidadania; vis\u00e3o de que conhecimento matem\u00e1tico pode e deve ser acess\u00edvel a todos; preparo para o acolhimento e trato da diversidade; h\u00e1bitos de colabora\u00e7\u00e3o e de trabalho em equipe; autonomia em rela\u00e7\u00e3o ao seu processo de aprendizagem; condi\u00e7\u00f5es de avaliar e utilizar novas tecnologias de ensino; conhecimento acerca do surgimento e evolu\u00e7\u00e3o hist\u00f3rica das no\u00e7\u00f5es, conceitos e procedimentos matem\u00e1ticos, informa\u00e7\u00f5es acerca dos obst\u00e1culos que impedem aos estudantes a aquisi\u00e7\u00e3o dos saberes matem\u00e1ticos e formas de ajudar os estudantes para que eles compreendam, assimilem, construam por si mesmos os conhecimentos pr\u00f3prios da matem\u00e1tica escolar e capacidade de estimular o pensamento criativo e cr\u00edtico.<\/p>\n\n\n\n<p><strong>Objetivo do Curso<\/strong><br>Curso de Matem\u00e1tica \u2013 Habilita\u00e7\u00e3o Licenciatura deve preparar o profissional para o exerc\u00edcio do magist\u00e9rio no Ensino Fundamental e M\u00e9dio, dando-lhe oportunidade para desenvolver a capacidade de: trabalhar em equipes multidisciplinares; compreender e estabelecer conceitos e argumenta\u00e7\u00f5es matem\u00e1ticas; interpretar dados, elaborar modelos e resolver problemas, integrando os v\u00e1rios campos da Matem\u00e1tica; estabelecer rela\u00e7\u00f5es entre a Matem\u00e1tica e outras \u00e1reas do conhecimento; desenvolver novas formas de atua\u00e7\u00e3o em sala de aula, surgidas como resultado do desenvolvimento de novos meios de informa\u00e7\u00e3o, comunica\u00e7\u00e3o e dispositivos tem\u00e1ticos que modificam as condi\u00e7\u00f5es em que se desenvolvem os processos de ensino-aprendizagem de Matem\u00e1tica; analisar, selecionar e produzir material did\u00e1tico; analisar criticamente propostas curriculares de Matem\u00e1tica para a Educa\u00e7\u00e3o B\u00e1sica; analisar criticamente textos matem\u00e1ticos, propondo e redigindo formas alternativas; reconhecer os aspectos axiol\u00f3gicos, ideol\u00f3gicos, pol\u00edticos e culturais presentes na atua\u00e7\u00e3o do professor de matem\u00e1tica em sala de aula, compreendendo e aceitando que a atua\u00e7\u00e3o do mesmo n\u00e3o \u00e9 neutra; superar preconceito e considerar as diversas origens e forma\u00e7\u00f5es de seus alunos; Lidar com a ambig\u00fcidade, diversidade e complexidade das rela\u00e7\u00f5es de sala de aula; investigar sua pr\u00e1tica e desenvolver o esp\u00edrito de trabalho colaborativo; aprendizagem continuada, sendo sua pr\u00e1tica profissional tamb\u00e9m fonte de produ\u00e7\u00e3o do conhecimento e ingressar em cursos de p\u00f3s-gradua\u00e7\u00e3o em Educa\u00e7\u00e3o Matem\u00e1tica e \u00e1reas afins.<\/p>\n\n\n\n<p><strong>Campos de Atua\u00e7\u00e3o<\/strong><br>Em escolas p\u00fablicas e privadas no ensino fundamental e m\u00e9dio, universidades, centro de pesquisa, \u00f3rg\u00e3os e empresas p\u00fablicas e privadas, ind\u00fastrias, bancos e em empresas de consultoria.<\/p>\n\n\n\n<p><strong>Sistema&nbsp;Acad\u00eamico<\/strong><br>Matr\u00edcula por Atividade Acad\u00eamica<\/p>\n\n\n\n<p><strong>Dura\u00e7\u00e3o M\u00ednima e M\u00e1xima<\/strong><br>4\/8 anos<\/p>\n\n\n\n<p><strong>Turno\/vagas<\/strong><br>Noturno \u2013 40<\/p>\n\n\n\n<div style=\"height:21px\" aria-hidden=\"true\" class=\"wp-block-spacer\"><\/div>\n\n\n\n<h3 class=\"wp-block-heading\"><strong>Saiba Mais Sobre o Curso de Matem\u00e1tica \u2013 Licenciatura<\/strong><\/h3>\n\n\n\n<p><a href=\"https:\/\/sites.uel.br\/prograd\/wp-content\/uploads\/catalogo_cursos\/2025\/organizacao_curricular\/matematica_licenciatura_noturno.pdf\" target=\"_blank\" rel=\"noreferrer noopener\">Organiza\u00e7\u00e3o Curricular<\/a><\/p>\n\n\n\n<p><a href=\"https:\/\/sites.uel.br\/prograd\/wp-content\/uploads\/catalogo_cursos\/2025\/ementas\/matematica_licenciatura.pdf\" target=\"_blank\" rel=\"noreferrer noopener\">Ementas<\/a><\/p>\n\n\n\n<p><a href=\"https:\/\/sites.uel.br\/prograd\/wp-content\/uploads\/catalogo_cursos\/2025\/corpo_docente\/matematica_licenciatura_noturno.pdf\" target=\"_blank\" rel=\"noreferrer noopener\">Corpo Docente<\/a><\/p>\n\n\n\n<p><a href=\"http:\/\/www.uel.br\/prograd\/catalogo-cursos\/catalogo_2022\/estrutura_recursos\/estrutura_recursos.pdf\" target=\"_blank\" rel=\"noreferrer noopener\"><\/a><a href=\"https:\/\/sites.uel.br\/prograd\/wp-content\/uploads\/2023\/12\/estrutura_recursos.pdf\" target=\"_blank\" rel=\"noreferrer noopener\"><\/a><a href=\"https:\/\/sites.uel.br\/prograd\/wp-content\/uploads\/catalogo_cursos\/2025\/estrutura_recursos\/estrutura_recursos.pdf\" target=\"_blank\" rel=\"noreferrer noopener\">Estrutura\/Recursos<\/a><\/p>\n\n\n\n<p><a href=\"https:\/\/sites.uel.br\/prograd\/wp-content\/uploads\/documentos\/resolucoes\/2022\/resolucao_89_22.pdf\" target=\"_blank\" rel=\"noreferrer noopener\">Projeto Pedag\u00f3gico<\/a><\/p>\n","protected":false},"excerpt":{"rendered":"<p>Matem\u00e1tica \u2013 Licenciatura Cria\u00e7\u00e3oDecreto Estadual n\u00ba 18.110, de 28.01.70 GrauLicenciado em Matem\u00e1tica&nbsp; TurnoNoturno Perfil do ProfissionalO Curso procurar\u00e1 garantir que seus egressos tenham: s\u00f3lida forma\u00e7\u00e3o na \u00e1rea de Matem\u00e1tica; s\u00f3lida forma\u00e7\u00e3o na \u00e1rea de Educa\u00e7\u00e3o Matem\u00e1tica; preparo para enfrentar os desafios das r\u00e1pidas transforma\u00e7\u00f5es da sociedade, do mercado de trabalho e das condi\u00e7\u00f5es de exerc\u00edcio [&hellip;]<\/p>\n","protected":false},"author":8,"featured_media":0,"parent":0,"menu_order":0,"comment_status":"closed","ping_status":"closed","template":"","meta":{"_acf_changed":false,"_themeisle_gutenberg_block_has_review":false,"footnotes":""},"class_list":["post-36046","page","type-page","status-publish","hentry"],"acf":[],"_links":{"self":[{"href":"https:\/\/sites.uel.br\/prograd\/wp-json\/wp\/v2\/pages\/36046","targetHints":{"allow":["GET"]}}],"collection":[{"href":"https:\/\/sites.uel.br\/prograd\/wp-json\/wp\/v2\/pages"}],"about":[{"href":"https:\/\/sites.uel.br\/prograd\/wp-json\/wp\/v2\/types\/page"}],"author":[{"embeddable":true,"href":"https:\/\/sites.uel.br\/prograd\/wp-json\/wp\/v2\/users\/8"}],"replies":[{"embeddable":true,"href":"https:\/\/sites.uel.br\/prograd\/wp-json\/wp\/v2\/comments?post=36046"}],"version-history":[{"count":4,"href":"https:\/\/sites.uel.br\/prograd\/wp-json\/wp\/v2\/pages\/36046\/revisions"}],"predecessor-version":[{"id":36435,"href":"https:\/\/sites.uel.br\/prograd\/wp-json\/wp\/v2\/pages\/36046\/revisions\/36435"}],"wp:attachment":[{"href":"https:\/\/sites.uel.br\/prograd\/wp-json\/wp\/v2\/media?parent=36046"}],"curies":[{"name":"wp","href":"https:\/\/api.w.org\/{rel}","templated":true}]}}