{"id":36039,"date":"2025-12-09T15:55:44","date_gmt":"2025-12-09T18:55:44","guid":{"rendered":"https:\/\/sites.uel.br\/prograd\/?page_id=36039"},"modified":"2025-12-12T10:30:39","modified_gmt":"2025-12-12T13:30:39","slug":"catalogo-dos-cursos-de-graduacao-2025-historia","status":"publish","type":"page","link":"https:\/\/sites.uel.br\/prograd\/catalogo-dos-cursos-de-graduacao-2025-historia\/","title":{"rendered":"Cat\u00e1logo dos Cursos de Gradua\u00e7\u00e3o (2025)"},"content":{"rendered":"\n<hr class=\"wp-block-separator has-alpha-channel-opacity is-style-wide\"\/>\n\n\n\n<h2 class=\"wp-block-heading\">Hist\u00f3ria<\/h2>\n\n\n\n<p><strong>Cria\u00e7\u00e3o<\/strong><br>Resolu\u00e7\u00e3o n.\u00ba 100, de 25.05.72<\/p>\n\n\n\n<p><strong>Grau<\/strong><br>Licenciado em Hist\u00f3ria&nbsp;<\/p>\n\n\n\n<p><strong>Turno<\/strong><br>Matutino\/noturno&nbsp;<\/p>\n\n\n\n<p><strong>Perfil do Profissional<\/strong><br>Espera-se que o graduado em Hist\u00f3ria na UEL detenha as seguintes compet\u00eancias e habilidades: dom\u00ednio das diferentes concep\u00e7\u00f5es metodol\u00f3gicas que referenciam a constru\u00e7\u00e3o de categorias para a investiga\u00e7\u00e3o e a an\u00e1lise das rela\u00e7\u00f5es s\u00f3cio-hist\u00f3ricas; capacidade de problematizar, nas m\u00faltiplas dimens\u00f5es das experi\u00eancias dos sujeitos hist\u00f3ricos, a constitui\u00e7\u00e3o de diferentes rela\u00e7\u00f5es de tempo e espa\u00e7o; conhecimento das interpreta\u00e7\u00f5es propostas pelas principais escolas historiogr\u00e1ficas, de modo a distinguir diferentes narrativas, metodologias e teorias; capacidade de, transitando pelas fronteiras entre a Hist\u00f3ria e outras \u00e1reas do conhecimento, demarcar seus campos espec\u00edficos e, sobretudo, de qualificar o que \u00e9 pr\u00f3prio do conhecimento hist\u00f3rico; desenvolvimento da pesquisa, da produ\u00e7\u00e3o do conhecimento e sua difus\u00e3o n\u00e3o s\u00f3 no \u00e2mbito acad\u00eamico, mas tamb\u00e9m em institui\u00e7\u00f5es de ensino, em \u00f3rg\u00e3os de preserva\u00e7\u00e3o de documentos e no desenvolvimento de pol\u00edticas e projetos de gest\u00e3o do patrim\u00f4nio cultural.<\/p>\n\n\n\n<p><strong>Objetivo do Curso<\/strong><br>Forma\u00e7\u00e3o integral do profissional da \u00e1rea de Hist\u00f3ria como professor e pesquisador, isto \u00e9, como agente de transforma\u00e7\u00e3o da sociedade brasileira a partir do trabalho em sua especialidade: no ensino, na pesquisa e na extens\u00e3o e articular a forma\u00e7\u00e3o na gradua\u00e7\u00e3o com a p\u00f3s-gradua\u00e7\u00e3o.<\/p>\n\n\n\n<p><strong>Campos de Atua\u00e7\u00e3o<\/strong><br>Escolas p\u00fablicas e privadas, universidades, museus, institui\u00e7\u00f5es e arquivos oficiais, editoras, bibliotecas e empresas.<\/p>\n\n\n\n<p><strong>Sistema&nbsp;Acad\u00eamico<\/strong><br>Matr\u00edcula por Atividade Acad\u00eamica<\/p>\n\n\n\n<p><strong>Dura\u00e7\u00e3o M\u00ednima e M\u00e1xima<\/strong><br>4\/8 anos<\/p>\n\n\n\n<p><strong>Turno\/vagas<\/strong><br>Matutino \u2013 40\/noturno \u2013 40<\/p>\n\n\n\n<div style=\"height:21px\" aria-hidden=\"true\" class=\"wp-block-spacer\"><\/div>\n\n\n\n<h3 class=\"wp-block-heading\"><strong>Saiba Mais Sobre o Curso de Hist\u00f3ria<\/strong><\/h3>\n\n\n\n<p>Organiza\u00e7\u00e3o Curricular<br>(<a href=\"https:\/\/sites.uel.br\/prograd\/wp-content\/uploads\/catalogo_cursos\/2025\/organizacao_curricular\/historia_licenciatura_matutino.pdf\" target=\"_blank\" rel=\"noreferrer noopener\">Matutino<\/a>) (<a href=\"https:\/\/sites.uel.br\/prograd\/wp-content\/uploads\/catalogo_cursos\/2025\/organizacao_curricular\/historia_licenciatura_noturno.pdf\" target=\"_blank\" rel=\"noreferrer noopener\">Noturno<\/a>)<\/p>\n\n\n\n<p>Ementas<br>(<a href=\"https:\/\/sites.uel.br\/prograd\/wp-content\/uploads\/catalogo_cursos\/2025\/ementas\/historia_licenciatura_matutino.pdf\" target=\"_blank\" rel=\"noreferrer noopener\">Matutino<\/a>) (<a href=\"https:\/\/sites.uel.br\/prograd\/wp-content\/uploads\/catalogo_cursos\/2025\/ementas\/historia_licenciatura_noturno.pdf\" target=\"_blank\" rel=\"noreferrer noopener\">Noturno<\/a>)<\/p>\n\n\n\n<p>Corpo Docente<br>(<a href=\"https:\/\/sites.uel.br\/prograd\/wp-content\/uploads\/catalogo_cursos\/2025\/corpo_docente\/historia_licenciatura_matutino.pdf\" target=\"_blank\" rel=\"noreferrer noopener\">Matutino<\/a>) (<a href=\"https:\/\/sites.uel.br\/prograd\/wp-content\/uploads\/catalogo_cursos\/2025\/corpo_docente\/historia_licenciatura_noturno.pdf\" target=\"_blank\" rel=\"noreferrer noopener\">Noturno<\/a>)<\/p>\n\n\n\n<p><a href=\"http:\/\/www.uel.br\/prograd\/catalogo-cursos\/catalogo_2022\/estrutura_recursos\/estrutura_recursos.pdf\" target=\"_blank\" rel=\"noreferrer noopener\"><\/a><a href=\"https:\/\/sites.uel.br\/prograd\/wp-content\/uploads\/2023\/12\/estrutura_recursos.pdf\" target=\"_blank\" rel=\"noreferrer noopener\"><\/a><a href=\"https:\/\/sites.uel.br\/prograd\/wp-content\/uploads\/catalogo_cursos\/2025\/estrutura_recursos\/estrutura_recursos.pdf\" target=\"_blank\" rel=\"noreferrer noopener\">Estrutura\/Recursos<\/a><\/p>\n\n\n\n<p><a href=\"https:\/\/sites.uel.br\/prograd\/wp-content\/uploads\/documentos\/resolucoes\/2023\/resolucao_08_23.pdf\" target=\"_blank\" rel=\"noreferrer noopener\">Projeto Pedag\u00f3gico<\/a><\/p>\n","protected":false},"excerpt":{"rendered":"<p>Hist\u00f3ria Cria\u00e7\u00e3oResolu\u00e7\u00e3o n.\u00ba 100, de 25.05.72 GrauLicenciado em Hist\u00f3ria&nbsp; TurnoMatutino\/noturno&nbsp; Perfil do ProfissionalEspera-se que o graduado em Hist\u00f3ria na UEL detenha as seguintes compet\u00eancias e habilidades: dom\u00ednio das diferentes concep\u00e7\u00f5es metodol\u00f3gicas que referenciam a constru\u00e7\u00e3o de categorias para a investiga\u00e7\u00e3o e a an\u00e1lise das rela\u00e7\u00f5es s\u00f3cio-hist\u00f3ricas; capacidade de problematizar, nas m\u00faltiplas dimens\u00f5es das experi\u00eancias dos [&hellip;]<\/p>\n","protected":false},"author":8,"featured_media":0,"parent":0,"menu_order":0,"comment_status":"closed","ping_status":"closed","template":"","meta":{"_acf_changed":false,"_themeisle_gutenberg_block_has_review":false,"footnotes":""},"class_list":["post-36039","page","type-page","status-publish","hentry"],"acf":[],"_links":{"self":[{"href":"https:\/\/sites.uel.br\/prograd\/wp-json\/wp\/v2\/pages\/36039","targetHints":{"allow":["GET"]}}],"collection":[{"href":"https:\/\/sites.uel.br\/prograd\/wp-json\/wp\/v2\/pages"}],"about":[{"href":"https:\/\/sites.uel.br\/prograd\/wp-json\/wp\/v2\/types\/page"}],"author":[{"embeddable":true,"href":"https:\/\/sites.uel.br\/prograd\/wp-json\/wp\/v2\/users\/8"}],"replies":[{"embeddable":true,"href":"https:\/\/sites.uel.br\/prograd\/wp-json\/wp\/v2\/comments?post=36039"}],"version-history":[{"count":8,"href":"https:\/\/sites.uel.br\/prograd\/wp-json\/wp\/v2\/pages\/36039\/revisions"}],"predecessor-version":[{"id":36440,"href":"https:\/\/sites.uel.br\/prograd\/wp-json\/wp\/v2\/pages\/36039\/revisions\/36440"}],"wp:attachment":[{"href":"https:\/\/sites.uel.br\/prograd\/wp-json\/wp\/v2\/media?parent=36039"}],"curies":[{"name":"wp","href":"https:\/\/api.w.org\/{rel}","templated":true}]}}