{"id":36020,"date":"2025-12-09T15:47:51","date_gmt":"2025-12-09T18:47:51","guid":{"rendered":"https:\/\/sites.uel.br\/prograd\/?page_id=36020"},"modified":"2025-12-12T10:03:24","modified_gmt":"2025-12-12T13:03:24","slug":"catalogo-dos-cursos-de-graduacao-2025-geografia-bacharelado","status":"publish","type":"page","link":"https:\/\/sites.uel.br\/prograd\/catalogo-dos-cursos-de-graduacao-2025-geografia-bacharelado\/","title":{"rendered":"Cat\u00e1logo dos Cursos de Gradua\u00e7\u00e3o (2025)"},"content":{"rendered":"\n<hr class=\"wp-block-separator has-alpha-channel-opacity is-style-wide\"\/>\n\n\n\n<h2 class=\"wp-block-heading\">Geografia \u2013 Bacharelado<\/h2>\n\n\n\n<p><strong>Cria\u00e7\u00e3o<\/strong><br>Decreto Federal n.\u00ba 43.143, de 03.02.58<\/p>\n\n\n\n<p><strong>Grau<\/strong><br>Bacharel em Geografia&nbsp;<\/p>\n\n\n\n<p><strong>Turno<\/strong><br>Matutino\/noturno&nbsp;<\/p>\n\n\n\n<p><strong>Perfil do Profissional<\/strong><br>O graduado dever\u00e1 estar apto a: compreender os elementos e processos concernentes ao meio natural e ao espa\u00e7o socialmente produzido; dominar e aprimorar as abordagens cient\u00edficas pertinentes ao processo de produ\u00e7\u00e3o e aplica\u00e7\u00e3o do conhecimento geogr\u00e1fico; dominar t\u00e9cnicas de laborat\u00f3rio relativas \u00e0 aplica\u00e7\u00e3o de conhecimentos geogr\u00e1ficos; propor, elaborar e desenvolver projetos de naturezas diversas relativas ao conhecimento geogr\u00e1fico; propor e realizar atividades de campo referentes \u00e0 investiga\u00e7\u00e3o geogr\u00e1fica; identificar e discutir as diferentes escalas em Geografia e selecionar a linguagem cient\u00edfica adequada para o tratamento e an\u00e1lise da informa\u00e7\u00e3o geogr\u00e1fica com \u00eanfase na elabora\u00e7\u00e3o de mapeamentos; atuar como professor em conformidade com a legisla\u00e7\u00e3o vigente.<\/p>\n\n\n\n<p><strong>Objetivo do Curso<\/strong><br>A forma\u00e7\u00e3o do profissional em Geografia licenciado e bacharel deve: estar pautada na compreens\u00e3o dos pressupostos filos\u00f3ficos e epistemol\u00f3gicos da Ci\u00eancia como um referencial b\u00e1sico fundamental para a identifica\u00e7\u00e3o, an\u00e1lise, interpreta\u00e7\u00e3o e interven\u00e7\u00e3o na sociedade e na natureza; possibilitar a forma\u00e7\u00e3o integral do ge\u00f3grafo e do educador, desenvolvendo a capacidade de conex\u00e3o entre as \u00e1reas do conhecimento e suas repercuss\u00f5es no entendimento das intera\u00e7\u00f5es entre o espa\u00e7o f\u00edsico e o homem; ter qualidade e ser adequada \u00e0s necessidades e demandas atuais. Para atingir esses objetivos, o aluno do Curso de Geografia dever\u00e1 desenvolver compet\u00eancias e habilidades em tr\u00eas aspectos: Conceitual: pressup\u00f5e-se o dom\u00ednio de categorias, conceitos e processos relativos \u00e0 Geografia como Ci\u00eancia e ao fazer pedag\u00f3gico e filos\u00f3fico; T\u00e9cnico: espera-se o desenvolvimento da capacidade de investiga\u00e7\u00e3o, do uso de novas tecnologias, da interdisciplinaridade e da atua\u00e7\u00e3o em equipes, buscando superar a fragmenta\u00e7\u00e3o das disciplinas no cotidiano do curso e criando situa\u00e7\u00f5es curriculares de integra\u00e7\u00e3o e articula\u00e7\u00e3o de conhecimentos espec\u00edficos; \u00c9tico-Pol\u00edtico: buscar-se-\u00e1 contemplar a multiculturalidade da sociedade brasileira, o ensino visando \u00e0 aprendizagem dos alunos, o compromisso com os recursos naturais e o patrim\u00f4nio hist\u00f3rico-cultural e com a justi\u00e7a social, a partir de uma atua\u00e7\u00e3o norteada pelos princ\u00edpios da transpar\u00eancia e do esp\u00edrito p\u00fablico.<\/p>\n\n\n\n<p><strong>Campos de Atua\u00e7\u00e3o<\/strong><br>Universidades, institutos de pesquisa, \u00f3rg\u00e3os estatais e iniciativa privada. A profiss\u00e3o \u00e9 regulamentada pela Lei n.\u00ba 6.664, de 26.06.79, Decreto n\u00ba 85.138\/80 e Lei n.\u00ba 7.399, de 04.04.85.<\/p>\n\n\n\n<p><strong>Sistema&nbsp;Acad\u00eamico<\/strong><br>Matr\u00edcula por Atividade Acad\u00eamica<\/p>\n\n\n\n<p><strong>Dura\u00e7\u00e3o M\u00ednima e M\u00e1xima<\/strong><br>4\/8 anos<\/p>\n\n\n\n<p><strong>Turno\/vagas<\/strong><br>Matutino \u2013 40<\/p>\n\n\n\n<div style=\"height:21px\" aria-hidden=\"true\" class=\"wp-block-spacer\"><\/div>\n\n\n\n<h3 class=\"wp-block-heading\"><strong>Saiba Mais Sobre o Curso de&nbsp;Geografia \u2013 Bacharelado<\/strong><\/h3>\n\n\n\n<p><a href=\"https:\/\/sites.uel.br\/prograd\/wp-content\/uploads\/catalogo_cursos\/2025\/organizacao_curricular\/geografia_bacharelado_matutino.pdf\" target=\"_blank\" rel=\"noreferrer noopener\">Organiza\u00e7\u00e3o Curricular<\/a><\/p>\n\n\n\n<p><a href=\"https:\/\/sites.uel.br\/prograd\/wp-content\/uploads\/catalogo_cursos\/2025\/ementas\/geografia_bacharelado_matutino.pdf\" target=\"_blank\" rel=\"noreferrer noopener\">Ementas<\/a><\/p>\n\n\n\n<p><a href=\"https:\/\/sites.uel.br\/prograd\/wp-content\/uploads\/catalogo_cursos\/2025\/corpo_docente\/geografia_bacharelado_matutino.pdf\" target=\"_blank\" rel=\"noreferrer noopener\">Corpo Docente<\/a><\/p>\n\n\n\n<p><a href=\"http:\/\/www.uel.br\/prograd\/catalogo-cursos\/catalogo_2022\/estrutura_recursos\/estrutura_recursos.pdf\" target=\"_blank\" rel=\"noreferrer noopener\"><\/a><a href=\"https:\/\/sites.uel.br\/prograd\/wp-content\/uploads\/2023\/12\/estrutura_recursos.pdf\" target=\"_blank\" rel=\"noreferrer noopener\"><\/a><a href=\"https:\/\/sites.uel.br\/prograd\/wp-content\/uploads\/catalogo_cursos\/2025\/estrutura_recursos\/estrutura_recursos.pdf\" target=\"_blank\" rel=\"noreferrer noopener\">Estrutura\/Recursos<\/a><\/p>\n\n\n\n<p><a href=\"https:\/\/sites.uel.br\/prograd\/wp-content\/uploads\/documentos\/resolucoes\/2022\/resolucao_74_22.pdf\" target=\"_blank\" rel=\"noreferrer noopener\">Projeto Pedag\u00f3gico<\/a><\/p>\n","protected":false},"excerpt":{"rendered":"<p>Geografia \u2013 Bacharelado Cria\u00e7\u00e3oDecreto Federal n.\u00ba 43.143, de 03.02.58 GrauBacharel em Geografia&nbsp; TurnoMatutino\/noturno&nbsp; Perfil do ProfissionalO graduado dever\u00e1 estar apto a: compreender os elementos e processos concernentes ao meio natural e ao espa\u00e7o socialmente produzido; dominar e aprimorar as abordagens cient\u00edficas pertinentes ao processo de produ\u00e7\u00e3o e aplica\u00e7\u00e3o do conhecimento geogr\u00e1fico; dominar t\u00e9cnicas de laborat\u00f3rio [&hellip;]<\/p>\n","protected":false},"author":8,"featured_media":0,"parent":0,"menu_order":0,"comment_status":"closed","ping_status":"closed","template":"","meta":{"_acf_changed":false,"_themeisle_gutenberg_block_has_review":false,"footnotes":""},"class_list":["post-36020","page","type-page","status-publish","hentry"],"acf":[],"_links":{"self":[{"href":"https:\/\/sites.uel.br\/prograd\/wp-json\/wp\/v2\/pages\/36020","targetHints":{"allow":["GET"]}}],"collection":[{"href":"https:\/\/sites.uel.br\/prograd\/wp-json\/wp\/v2\/pages"}],"about":[{"href":"https:\/\/sites.uel.br\/prograd\/wp-json\/wp\/v2\/types\/page"}],"author":[{"embeddable":true,"href":"https:\/\/sites.uel.br\/prograd\/wp-json\/wp\/v2\/users\/8"}],"replies":[{"embeddable":true,"href":"https:\/\/sites.uel.br\/prograd\/wp-json\/wp\/v2\/comments?post=36020"}],"version-history":[{"count":4,"href":"https:\/\/sites.uel.br\/prograd\/wp-json\/wp\/v2\/pages\/36020\/revisions"}],"predecessor-version":[{"id":36428,"href":"https:\/\/sites.uel.br\/prograd\/wp-json\/wp\/v2\/pages\/36020\/revisions\/36428"}],"wp:attachment":[{"href":"https:\/\/sites.uel.br\/prograd\/wp-json\/wp\/v2\/media?parent=36020"}],"curies":[{"name":"wp","href":"https:\/\/api.w.org\/{rel}","templated":true}]}}