{"id":36019,"date":"2025-12-09T15:47:44","date_gmt":"2025-12-09T18:47:44","guid":{"rendered":"https:\/\/sites.uel.br\/prograd\/?page_id=36019"},"modified":"2025-12-11T16:15:24","modified_gmt":"2025-12-11T19:15:24","slug":"catalogo-dos-cursos-de-graduacao-2025-fisioterapia","status":"publish","type":"page","link":"https:\/\/sites.uel.br\/prograd\/catalogo-dos-cursos-de-graduacao-2025-fisioterapia\/","title":{"rendered":"Cat\u00e1logo dos Cursos de Gradua\u00e7\u00e3o (2025)"},"content":{"rendered":"\n<hr class=\"wp-block-separator has-alpha-channel-opacity is-style-wide\"\/>\n\n\n\n<h2 class=\"wp-block-heading\">Fisioterapia<\/h2>\n\n\n\n<p><strong>Cria\u00e7\u00e3o<\/strong><br>Resolu\u00e7\u00e3o n.\u00ba 502, de 21.10.78<\/p>\n\n\n\n<p><strong>Grau<\/strong><br>Fisioterapeuta&nbsp;<\/p>\n\n\n\n<p><strong>Turno<\/strong><br>Integral<\/p>\n\n\n\n<p><strong>Perfil do Profissional<\/strong><br>O profissional formado pelo Curso de Fisioterapia da UEL dever\u00e1 apresentar o seguinte perfil: forma\u00e7\u00e3o pluralista, s\u00f3lida e transdisciplinar, que lhe d\u00ea base para continuar seu aperfei\u00e7oamento, com autonomia, depois de conclu\u00edda a gradua\u00e7\u00e3o; atitudes, h\u00e1bitos e habilidades para integrar equipes multiprofissionais, empenhando-se na produ\u00e7\u00e3o de conhecimentos transversais; capacidade para analisar os fen\u00f4menos biopsicossociais em conson\u00e2ncia com os avan\u00e7os cient\u00edficos e suas inter-rela\u00e7\u00f5es com os problemas sociais, pol\u00edticos e econ\u00f4micos; capacidade para inventariar problemas da pr\u00e1tica social que exijam a interven\u00e7\u00e3o dos fundamentos te\u00f3ricos do campo da Fisioterapia; compromisso com os valores \u00e9ticos, tanto na produ\u00e7\u00e3o do conhecimento em Fisioterapia quanto na sua interven\u00e7\u00e3o, priorizando a melhoria das condi\u00e7\u00f5es de sa\u00fade, promovendo a justi\u00e7a e a igualdade social; capacidade de enfocar o indiv\u00edduo em sua totalidade; fundamenta\u00e7\u00e3o te\u00f3rica s\u00f3lida, compreens\u00e3o da realidade e instrumentaliza\u00e7\u00e3o t\u00e9cnica para atuar nos diferentes n\u00edveis de aten\u00e7\u00e3o \u00e0 sa\u00fade; capacidade para integrar e estimular projetos coletivos de transforma\u00e7\u00e3o da profiss\u00e3o e contribuir para a constru\u00e7\u00e3o da identidade da profiss\u00e3o; dom\u00ednio dos instrumentos t\u00e9cnicos e seus fundamentos te\u00f3ricos para interven\u00e7\u00e3o na realidade; compromisso com o atendimento das demandas sociais e dom\u00ednio dos princ\u00edpios cient\u00edficos para elabora\u00e7\u00e3o e desenvolvimento de projetos de investiga\u00e7\u00e3o.<\/p>\n\n\n\n<p><strong>Objetivo do Curso<\/strong><br>Formar bachar\u00e9is em Fisioterapia com a qualifica\u00e7\u00e3o necess\u00e1ria ao desempenho de atividades no \u00e2mbito da sa\u00fade, da educa\u00e7\u00e3o, das organiza\u00e7\u00f5es, das institui\u00e7\u00f5es sociais e outros espa\u00e7os que requeiram a sua contribui\u00e7\u00e3o, oferecendo-lhes a capacidade de: ter uma vis\u00e3o integral dos problemas de sua \u00e1rea, em conson\u00e2ncia com as transforma\u00e7\u00f5es sociais e levando em considera\u00e7\u00e3o aspectos sociais, filos\u00f3ficos, pol\u00edticos, econ\u00f4micos e culturais; entender e atuar no processo sa\u00fade\/doen\u00e7a e seus determinantes e no estado de sa\u00fade da popula\u00e7\u00e3o; participar da discuss\u00e3o de quest\u00f5es referentes \u00e0s pol\u00edticas nacionais de sa\u00fade com vis\u00e3o cr\u00edtica e reflexiva; participar do planejamento, organiza\u00e7\u00e3o e desenvolvimento de servi\u00e7os de sa\u00fade; atuar nos diferentes n\u00edveis de aten\u00e7\u00e3o \u00e0 sa\u00fade; desenvolver valores \u00e9ticos e de cidadania; desenvolver o senso cr\u00edtico, o racioc\u00ednio l\u00f3gico e anal\u00edtico; analisar e interpretar dados para a elabora\u00e7\u00e3o de objetivos fisioterap\u00eauticos necess\u00e1rios \u00e0 formula\u00e7\u00e3o de programas de tratamento e avalia\u00e7\u00e3o de progn\u00f3stico; desenvolver habilidades para executar condutas fisioterap\u00eauticas; desenvolver habilidades cognitivas e n\u00e3o cognitivas (comunica\u00e7\u00e3o verbal e n\u00e3o verbal, relacionamento interpessoal, din\u00e2mica de grupo, express\u00e3o corporal e outras) e buscar seu pr\u00f3prio conhecimento, com interesse e autonomia para atualizar-se.<\/p>\n\n\n\n<p><strong>Campos de Atua\u00e7\u00e3o<\/strong><br>O Fisioterapeuta atua em: Institui\u00e7\u00f5es p\u00fablicas, filantr\u00f3picas e privadas (hospitais, escolas, unidades b\u00e1sicas de sa\u00fade, cl\u00ednicas, empresas, associa\u00e7\u00f5es, clubes). A profiss\u00e3o \u00e9 regulamentada pelo Decreto Federal n.\u00ba 938, de 13\/10\/69.<\/p>\n\n\n\n<p><strong>Sistema&nbsp;Acad\u00eamico<\/strong><br>Matr\u00edcula por Atividade Acad\u00eamica<\/p>\n\n\n\n<p><strong>Dura\u00e7\u00e3o M\u00ednima e M\u00e1xima<\/strong><br>5\/10 anos<\/p>\n\n\n\n<p><strong>Turno\/vagas<\/strong><br>Integral \u2013 60<\/p>\n\n\n\n<div style=\"height:21px\" aria-hidden=\"true\" class=\"wp-block-spacer\"><\/div>\n\n\n\n<h3 class=\"wp-block-heading\"><strong>Saiba Mais Sobre o Curso de Fisioterapia<\/strong><\/h3>\n\n\n\n<p><a href=\"https:\/\/sites.uel.br\/prograd\/wp-content\/uploads\/catalogo_cursos\/2025\/organizacao_curricular\/fisioterapia.pdf\" target=\"_blank\" rel=\"noreferrer noopener\">Organiza\u00e7\u00e3o Curricular<\/a><\/p>\n\n\n\n<p><a href=\"https:\/\/sites.uel.br\/prograd\/wp-content\/uploads\/catalogo_cursos\/2025\/ementas\/fisioterapia.pdf\" target=\"_blank\" rel=\"noreferrer noopener\">Ementas<\/a><\/p>\n\n\n\n<p><a href=\"https:\/\/sites.uel.br\/prograd\/wp-content\/uploads\/catalogo_cursos\/2025\/corpo_docente\/fisioterapia.pdf\" target=\"_blank\" rel=\"noreferrer noopener\">Corpo Docente<\/a><\/p>\n\n\n\n<p><a href=\"http:\/\/www.uel.br\/prograd\/catalogo-cursos\/catalogo_2022\/estrutura_recursos\/estrutura_recursos.pdf\" target=\"_blank\" rel=\"noreferrer noopener\"><\/a><a href=\"https:\/\/sites.uel.br\/prograd\/wp-content\/uploads\/2023\/12\/estrutura_recursos.pdf\" target=\"_blank\" rel=\"noreferrer noopener\"><\/a><a href=\"https:\/\/sites.uel.br\/prograd\/wp-content\/uploads\/catalogo_cursos\/2025\/estrutura_recursos\/estrutura_recursos.pdf\" target=\"_blank\" rel=\"noreferrer noopener\">Estrutura\/Recursos<\/a><\/p>\n\n\n\n<p><a href=\"https:\/\/sites.uel.br\/prograd\/wp-content\/uploads\/documentos\/resolucoes\/2022\/resolucao_20_22.pdf\" target=\"_blank\" rel=\"noreferrer noopener\">Projeto Pedag\u00f3gico<\/a><\/p>\n\n","protected":false},"excerpt":{"rendered":"<p>Fisioterapia Cria\u00e7\u00e3oResolu\u00e7\u00e3o n.\u00ba 502, de 21.10.78 GrauFisioterapeuta&nbsp; TurnoIntegral Perfil do ProfissionalO profissional formado pelo Curso de Fisioterapia da UEL dever\u00e1 apresentar o seguinte perfil: forma\u00e7\u00e3o pluralista, s\u00f3lida e transdisciplinar, que lhe d\u00ea base para continuar seu aperfei\u00e7oamento, com autonomia, depois de conclu\u00edda a gradua\u00e7\u00e3o; atitudes, h\u00e1bitos e habilidades para integrar equipes multiprofissionais, empenhando-se na produ\u00e7\u00e3o [&hellip;]<\/p>\n","protected":false},"author":8,"featured_media":0,"parent":0,"menu_order":0,"comment_status":"closed","ping_status":"closed","template":"","meta":{"_acf_changed":false,"_themeisle_gutenberg_block_has_review":false,"footnotes":""},"class_list":["post-36019","page","type-page","status-publish","hentry"],"acf":[],"_links":{"self":[{"href":"https:\/\/sites.uel.br\/prograd\/wp-json\/wp\/v2\/pages\/36019","targetHints":{"allow":["GET"]}}],"collection":[{"href":"https:\/\/sites.uel.br\/prograd\/wp-json\/wp\/v2\/pages"}],"about":[{"href":"https:\/\/sites.uel.br\/prograd\/wp-json\/wp\/v2\/types\/page"}],"author":[{"embeddable":true,"href":"https:\/\/sites.uel.br\/prograd\/wp-json\/wp\/v2\/users\/8"}],"replies":[{"embeddable":true,"href":"https:\/\/sites.uel.br\/prograd\/wp-json\/wp\/v2\/comments?post=36019"}],"version-history":[{"count":3,"href":"https:\/\/sites.uel.br\/prograd\/wp-json\/wp\/v2\/pages\/36019\/revisions"}],"predecessor-version":[{"id":36395,"href":"https:\/\/sites.uel.br\/prograd\/wp-json\/wp\/v2\/pages\/36019\/revisions\/36395"}],"wp:attachment":[{"href":"https:\/\/sites.uel.br\/prograd\/wp-json\/wp\/v2\/media?parent=36019"}],"curies":[{"name":"wp","href":"https:\/\/api.w.org\/{rel}","templated":true}]}}