{"id":36016,"date":"2025-12-09T15:47:14","date_gmt":"2025-12-09T18:47:14","guid":{"rendered":"https:\/\/sites.uel.br\/prograd\/?page_id=36016"},"modified":"2025-12-11T16:14:26","modified_gmt":"2025-12-11T19:14:26","slug":"catalogo-dos-cursos-de-graduacao-2025-filosofia","status":"publish","type":"page","link":"https:\/\/sites.uel.br\/prograd\/catalogo-dos-cursos-de-graduacao-2025-filosofia\/","title":{"rendered":"Cat\u00e1logo dos Cursos de Gradua\u00e7\u00e3o (2025)"},"content":{"rendered":"\n<hr class=\"wp-block-separator has-alpha-channel-opacity is-style-wide\"\/>\n\n\n\n<h2 class=\"wp-block-heading\">Filosofia<\/h2>\n\n\n\n<p><strong>Cria\u00e7\u00e3o<\/strong><br>Resolu\u00e7\u00e3o n.\u00ba 100, de 25.05.72<\/p>\n\n\n\n<p><strong>Grau<\/strong><br>Licenciado em Filosofia&nbsp;<\/p>\n\n\n\n<p><strong>Turno<\/strong><br>Noturno<\/p>\n\n\n\n<p><strong>Perfil do Profissional<\/strong><br>O licenciado em Filosofia dever\u00e1 estar apto a dar sua contribui\u00e7\u00e3o ao ensino de Filosofia no Ensino M\u00e9dio, demonstrando conhecimento tanto da hist\u00f3ria quanto dos problemas fundamentais da Filosofia e dominando, especialmente, as t\u00e9cnicas de an\u00e1lise de textos e de argumenta\u00e7\u00e3o. Compreende-se a t\u00e9cnica filos\u00f3fica como um instrumento que, corretamente utilizado, poder\u00e1 esclarecer inclusive problemas n\u00e3o pertencentes \u00e0 Filosofia. Assim, o licenciado ter\u00e1 condi\u00e7\u00f5es de se inserir em discuss\u00f5es n\u00e3o genuinamente filos\u00f3ficas, apresentando-se \u00e0 sua comunidade escolar como um intelectual que esclarece diversos problemas devido \u00e0 sua capacidade de fazer formula\u00e7\u00f5es precisas.<\/p>\n\n\n\n<p><strong>Objetivo do Curso<\/strong><br>Habilitar o estudante \u00e0 pr\u00e1tica da doc\u00eancia no Ensino M\u00e9dio, oferecendo-lhe a capacidade de: compreender o significado dos problemas filos\u00f3ficos; formular problemas filos\u00f3ficos; compreender os eixos de conhecimento da Filosofia privilegiados pelo Curso da UEL; assimilar as tradi\u00e7\u00f5es de pesquisa dos eixos de conhecimento da Filosofia estudados na UEL; situar-se em alguma tradi\u00e7\u00e3o de pesquisa da filosofia de modo que, simultaneamente, possa perceber-se como membro de uma comunidade filos\u00f3fica e cultural; tornar-se um interlocutor de seus colegas e professores gra\u00e7as ao uso de t\u00e9cnicas de leitura e de argumenta\u00e7\u00e3o filos\u00f3fica; compreender a inser\u00e7\u00e3o da Filosofia na discuss\u00e3o de problemas cient\u00edficos e culturais; exercer a doc\u00eancia a partir dos conhecimentos obtidos em disciplinas did\u00e1tico-pedag\u00f3gicas, de pr\u00e1tica e de pesquisa; produzir de forma articulada com as tradi\u00e7\u00f5es de pesquisa da Filosofia apresentadas no Curso o conhecimento indispens\u00e1vel para sua pr\u00e1tica docente no Ensino M\u00e9dio, por meio de trabalho de conclus\u00e3o de curso; compreender a contribui\u00e7\u00e3o espec\u00edfica que a Filosofia pode dar para a solu\u00e7\u00e3o de problemas da realidade social na qual (o futuro profissional) estiver inserido.<\/p>\n\n\n\n<p><strong>Campos de Atua\u00e7\u00e3o<\/strong><br>Institui\u00e7\u00f5es de ensino p\u00fablicas e privadas, empresas e outras entidades.<\/p>\n\n\n\n<p><strong>Sistema&nbsp;Acad\u00eamico<\/strong><br>Matr\u00edcula por Atividade Acad\u00eamica<\/p>\n\n\n\n<p><strong>Dura\u00e7\u00e3o M\u00ednima e M\u00e1xima<\/strong><br>4\/8 anos<\/p>\n\n\n\n<p><strong>Turno\/vagas<\/strong><br>Noturno \u2013 40<\/p>\n\n\n\n<div style=\"height:21px\" aria-hidden=\"true\" class=\"wp-block-spacer\"><\/div>\n\n\n\n<h3 class=\"wp-block-heading\"><strong>Saiba Mais Sobre o Curso de Filosofia<\/strong><\/h3>\n\n\n\n<p><a href=\"https:\/\/sites.uel.br\/prograd\/wp-content\/uploads\/catalogo_cursos\/2025\/organizacao_curricular\/filosofia.pdf\" target=\"_blank\" rel=\"noreferrer noopener\">Organiza\u00e7\u00e3o Curricular<\/a><\/p>\n\n\n\n<p><a href=\"https:\/\/sites.uel.br\/prograd\/wp-content\/uploads\/catalogo_cursos\/2025\/ementas\/filosofia.pdf\" target=\"_blank\" rel=\"noreferrer noopener\">Ementas<\/a><\/p>\n\n\n\n<p><a href=\"https:\/\/sites.uel.br\/prograd\/wp-content\/uploads\/catalogo_cursos\/2025\/corpo_docente\/filosofia.pdf\" target=\"_blank\" rel=\"noreferrer noopener\">Corpo Docente<\/a><\/p>\n\n\n\n<p><a href=\"http:\/\/www.uel.br\/prograd\/catalogo-cursos\/catalogo_2022\/estrutura_recursos\/estrutura_recursos.pdf\" target=\"_blank\" rel=\"noreferrer noopener\"><\/a><a href=\"https:\/\/sites.uel.br\/prograd\/wp-content\/uploads\/2023\/12\/estrutura_recursos.pdf\" target=\"_blank\" rel=\"noreferrer noopener\"><\/a><a href=\"https:\/\/sites.uel.br\/prograd\/wp-content\/uploads\/catalogo_cursos\/2025\/estrutura_recursos\/estrutura_recursos.pdf\" target=\"_blank\" rel=\"noreferrer noopener\">Estrutura\/Recursos<\/a><\/p>\n\n\n\n<p><a href=\"https:\/\/sites.uel.br\/prograd\/wp-content\/uploads\/documentos\/resolucoes\/2022\/resolucao_50_22.pdf\" target=\"_blank\" rel=\"noreferrer noopener\">Projeto Pedag\u00f3gico<\/a><\/p>\n\n","protected":false},"excerpt":{"rendered":"<p>Filosofia Cria\u00e7\u00e3oResolu\u00e7\u00e3o n.\u00ba 100, de 25.05.72 GrauLicenciado em Filosofia&nbsp; TurnoNoturno Perfil do ProfissionalO licenciado em Filosofia dever\u00e1 estar apto a dar sua contribui\u00e7\u00e3o ao ensino de Filosofia no Ensino M\u00e9dio, demonstrando conhecimento tanto da hist\u00f3ria quanto dos problemas fundamentais da Filosofia e dominando, especialmente, as t\u00e9cnicas de an\u00e1lise de textos e de argumenta\u00e7\u00e3o. Compreende-se a [&hellip;]<\/p>\n","protected":false},"author":8,"featured_media":0,"parent":0,"menu_order":0,"comment_status":"closed","ping_status":"closed","template":"","meta":{"_acf_changed":false,"_themeisle_gutenberg_block_has_review":false,"footnotes":""},"class_list":["post-36016","page","type-page","status-publish","hentry"],"acf":[],"_links":{"self":[{"href":"https:\/\/sites.uel.br\/prograd\/wp-json\/wp\/v2\/pages\/36016","targetHints":{"allow":["GET"]}}],"collection":[{"href":"https:\/\/sites.uel.br\/prograd\/wp-json\/wp\/v2\/pages"}],"about":[{"href":"https:\/\/sites.uel.br\/prograd\/wp-json\/wp\/v2\/types\/page"}],"author":[{"embeddable":true,"href":"https:\/\/sites.uel.br\/prograd\/wp-json\/wp\/v2\/users\/8"}],"replies":[{"embeddable":true,"href":"https:\/\/sites.uel.br\/prograd\/wp-json\/wp\/v2\/comments?post=36016"}],"version-history":[{"count":3,"href":"https:\/\/sites.uel.br\/prograd\/wp-json\/wp\/v2\/pages\/36016\/revisions"}],"predecessor-version":[{"id":36392,"href":"https:\/\/sites.uel.br\/prograd\/wp-json\/wp\/v2\/pages\/36016\/revisions\/36392"}],"wp:attachment":[{"href":"https:\/\/sites.uel.br\/prograd\/wp-json\/wp\/v2\/media?parent=36016"}],"curies":[{"name":"wp","href":"https:\/\/api.w.org\/{rel}","templated":true}]}}