{"id":36014,"date":"2025-12-09T15:47:00","date_gmt":"2025-12-09T18:47:00","guid":{"rendered":"https:\/\/sites.uel.br\/prograd\/?page_id=36014"},"modified":"2025-12-11T16:13:50","modified_gmt":"2025-12-11T19:13:50","slug":"catalogo-dos-cursos-de-graduacao-2025-engenharia-eletrica","status":"publish","type":"page","link":"https:\/\/sites.uel.br\/prograd\/catalogo-dos-cursos-de-graduacao-2025-engenharia-eletrica\/","title":{"rendered":"Cat\u00e1logo dos Cursos de Gradua\u00e7\u00e3o (2025)"},"content":{"rendered":"\n<hr class=\"wp-block-separator has-alpha-channel-opacity is-style-wide\"\/>\n\n\n\n<h2 class=\"wp-block-heading\">Engenharia El\u00e9trica<\/h2>\n\n\n\n<p><strong>Cria\u00e7\u00e3o<\/strong><br>Resolu\u00e7\u00e3o n.\u00ba 3.010, de 18.07.96<\/p>\n\n\n\n<p><strong>Grau<\/strong><br>Engenheiro Eletricista&nbsp;<\/p>\n\n\n\n<p><strong>Turno<\/strong><br>Integral<\/p>\n\n\n\n<p><strong>Perfil do Profissional<\/strong><br>O engenheiro eletricista deve trabalhar com flexibilidade em qualquer ramo derivado de sua \u00e1rea de forma\u00e7\u00e3o, tanto na \u00e1rea t\u00e9cnica quanto na administrativa, desenvolver projetos variados na \u00e1rea eletroeletr\u00f4nica, seja em aplica\u00e7\u00f5es espec\u00edficas, seja em projetos conjuntos que envolvam interfaces com outras \u00e1reas de conhecimento, e atuar na pesquisa com rigor metodol\u00f3gico e acad\u00eamico.<\/p>\n\n\n\n<p><strong>Objetivo do Curso<\/strong><br>Preparar profissionais com uma forma\u00e7\u00e3o generalista na \u00e1rea de Engenharia El\u00e9trica, que possam adaptar-se com facilidade \u00e0s mudan\u00e7as e avan\u00e7os tecnol\u00f3gicos, e incentivar o desenvolvimento de seus pr\u00f3prios empreendimentos no mercado profissional. Para isso, o curso dever\u00e1 oferecer ao estudante condi\u00e7\u00f5es de: aplicar conhecimentos matem\u00e1ticos, cient\u00edficos, tecnol\u00f3gicos e instrumentais \u00e0 engenharia; projetar e conduzir experimentos e interpretar resultados; conceber, projetar e analisar sistemas, produtos e processos; planejar, supervisionar, elaborar e coordenar projetos e servi\u00e7os de Engenharia El\u00e9trica; identificar, formular e resolver problemas de Engenharia El\u00e9trica; desenvolver e\/ ou utilizar novas ferramentas e t\u00e9cnicas; supervisionar a opera\u00e7\u00e3o e a manuten\u00e7\u00e3o de sistemas; avaliar criticamente a opera\u00e7\u00e3o e a manuten\u00e7\u00e3o de sistemas; comunicar-se eficientemente, nas formas escrita, oral e gr\u00e1fica; atuar em equipes multidisciplinares; compreender e aplicar a \u00e9tica e responsabilidades profissionais; avaliar o impacto das atividades da engenharia no contexto social e ambiental; avaliar a viabilidade econ\u00f4mica de projetos de Engenharia El\u00e9trica e assumir a postura de permanente busca de atualiza\u00e7\u00e3o profissional.<\/p>\n\n\n\n<p><strong>Campos de Atua\u00e7\u00e3o<\/strong><br>Empresas de gera\u00e7\u00e3o e distribui\u00e7\u00e3o de energia el\u00e9trica, empresas de comunica\u00e7\u00f5es, empresas de instala\u00e7\u00e3o e manuten\u00e7\u00e3o de sistemas el\u00e9tricos, empresas de desenvolvimento de sistemas el\u00e9tricos e eletr\u00f4nicos, consultoria e assessoramento, ind\u00fastrias e, tamb\u00e9m, atuando no ensino e na pesquisa. A profiss\u00e3o est\u00e1 regulamentada pela Lei n.\u00ba 5194, de 24.12.66.<\/p>\n\n\n\n<p><strong>Sistema&nbsp;Acad\u00eamico<\/strong><br>Matr\u00edcula por Atividade Acad\u00eamica<\/p>\n\n\n\n<p><strong>Dura\u00e7\u00e3o M\u00ednima e M\u00e1xima<\/strong><br>5\/10 anos<\/p>\n\n\n\n<p><strong>Turno\/vagas<\/strong><br>Integral \u2013 60<\/p>\n\n\n\n<div style=\"height:21px\" aria-hidden=\"true\" class=\"wp-block-spacer\"><\/div>\n\n\n\n<h3 class=\"wp-block-heading\"><strong>Saiba Mais Sobre o Curso de Engenharia El\u00e9trica<\/strong><\/h3>\n\n\n\n<p><a href=\"https:\/\/sites.uel.br\/prograd\/wp-content\/uploads\/catalogo_cursos\/2025\/organizacao_curricular\/engenharia_eletrica.pdf\" target=\"_blank\" rel=\"noreferrer noopener\">Organiza\u00e7\u00e3o Curricular<\/a><\/p>\n\n\n\n<p><a href=\"https:\/\/sites.uel.br\/prograd\/wp-content\/uploads\/catalogo_cursos\/2025\/ementas\/engenharia_eletrica.pdf\" target=\"_blank\" rel=\"noreferrer noopener\">Ementas<\/a><\/p>\n\n\n\n<p><a href=\"https:\/\/sites.uel.br\/prograd\/wp-content\/uploads\/catalogo_cursos\/2025\/corpo_docente\/engenharia_eletrica.pdf\" target=\"_blank\" rel=\"noreferrer noopener\">Corpo Docente<\/a><\/p>\n\n\n\n<p><a href=\"http:\/\/www.uel.br\/prograd\/catalogo-cursos\/catalogo_2022\/estrutura_recursos\/estrutura_recursos.pdf\" target=\"_blank\" rel=\"noreferrer noopener\"><\/a><a href=\"https:\/\/sites.uel.br\/prograd\/wp-content\/uploads\/2023\/12\/estrutura_recursos.pdf\" target=\"_blank\" rel=\"noreferrer noopener\"><\/a><a href=\"https:\/\/sites.uel.br\/prograd\/wp-content\/uploads\/catalogo_cursos\/2025\/estrutura_recursos\/estrutura_recursos.pdf\" target=\"_blank\" rel=\"noreferrer noopener\">Estrutura\/Recursos<\/a><\/p>\n\n\n\n<p><a href=\"https:\/\/sites.uel.br\/prograd\/wp-content\/uploads\/documentos\/resolucoes\/2023\/resolucao_09_23.pdf\" target=\"_blank\" rel=\"noreferrer noopener\">Projeto Pedag\u00f3gico<\/a><\/p>\n\n","protected":false},"excerpt":{"rendered":"<p>Engenharia El\u00e9trica Cria\u00e7\u00e3oResolu\u00e7\u00e3o n.\u00ba 3.010, de 18.07.96 GrauEngenheiro Eletricista&nbsp; TurnoIntegral Perfil do ProfissionalO engenheiro eletricista deve trabalhar com flexibilidade em qualquer ramo derivado de sua \u00e1rea de forma\u00e7\u00e3o, tanto na \u00e1rea t\u00e9cnica quanto na administrativa, desenvolver projetos variados na \u00e1rea eletroeletr\u00f4nica, seja em aplica\u00e7\u00f5es espec\u00edficas, seja em projetos conjuntos que envolvam interfaces com outras \u00e1reas [&hellip;]<\/p>\n","protected":false},"author":8,"featured_media":0,"parent":0,"menu_order":0,"comment_status":"closed","ping_status":"closed","template":"","meta":{"_acf_changed":false,"_themeisle_gutenberg_block_has_review":false,"footnotes":""},"class_list":["post-36014","page","type-page","status-publish","hentry"],"acf":[],"_links":{"self":[{"href":"https:\/\/sites.uel.br\/prograd\/wp-json\/wp\/v2\/pages\/36014","targetHints":{"allow":["GET"]}}],"collection":[{"href":"https:\/\/sites.uel.br\/prograd\/wp-json\/wp\/v2\/pages"}],"about":[{"href":"https:\/\/sites.uel.br\/prograd\/wp-json\/wp\/v2\/types\/page"}],"author":[{"embeddable":true,"href":"https:\/\/sites.uel.br\/prograd\/wp-json\/wp\/v2\/users\/8"}],"replies":[{"embeddable":true,"href":"https:\/\/sites.uel.br\/prograd\/wp-json\/wp\/v2\/comments?post=36014"}],"version-history":[{"count":3,"href":"https:\/\/sites.uel.br\/prograd\/wp-json\/wp\/v2\/pages\/36014\/revisions"}],"predecessor-version":[{"id":36390,"href":"https:\/\/sites.uel.br\/prograd\/wp-json\/wp\/v2\/pages\/36014\/revisions\/36390"}],"wp:attachment":[{"href":"https:\/\/sites.uel.br\/prograd\/wp-json\/wp\/v2\/media?parent=36014"}],"curies":[{"name":"wp","href":"https:\/\/api.w.org\/{rel}","templated":true}]}}