{"id":36013,"date":"2025-12-09T15:46:54","date_gmt":"2025-12-09T18:46:54","guid":{"rendered":"https:\/\/sites.uel.br\/prograd\/?page_id=36013"},"modified":"2025-12-11T16:13:30","modified_gmt":"2025-12-11T19:13:30","slug":"catalogo-dos-cursos-de-graduacao-2025-engenharia-civil","status":"publish","type":"page","link":"https:\/\/sites.uel.br\/prograd\/catalogo-dos-cursos-de-graduacao-2025-engenharia-civil\/","title":{"rendered":"Cat\u00e1logo dos Cursos de Gradua\u00e7\u00e3o (2025)"},"content":{"rendered":"\n<hr class=\"wp-block-separator has-alpha-channel-opacity is-style-wide\"\/>\n\n\n\n<h2 class=\"wp-block-heading\">Engenharia Civil<\/h2>\n\n\n\n<p><strong>Cria\u00e7\u00e3o<\/strong><br>Resolu\u00e7\u00e3o n.\u00ba 53, de 26.10.71<\/p>\n\n\n\n<p><strong>Grau<\/strong><br>Engenheiro Civil&nbsp;<\/p>\n\n\n\n<p><strong>Turno<\/strong><br>Integral&nbsp;<\/p>\n\n\n\n<p><strong>Perfil do Profissional<\/strong><br>O graduando dever\u00e1 estar apto a: atuar nas fases de projeto, execu\u00e7\u00e3o e manuten\u00e7\u00e3o de obras de Engenharia Civil; identificar e propor solu\u00e7\u00f5es de problemas da \u00e1rea; absorver e desenvolver novas tecnologias; trabalhar em equipes multidisciplinares; contribuir para a melhoria do desempenho da constru\u00e7\u00e3o civil e dominar t\u00e9cnicas b\u00e1sicas de gerenciamento, administra\u00e7\u00e3o, processos e recursos utilizados na constru\u00e7\u00e3o.<\/p>\n\n\n\n<p><strong>Objetivo do Curso<\/strong><br>Formar um profissional generalista, com capacidade para atuar em diferentes \u00e1reas da Engenharia Civil, dotado dos conhecimentos requeridos para o exerc\u00edcio das respectivas compet\u00eancias e habilidades e apto a: aplicar conhecimentos matem\u00e1ticos, cient\u00edficos, tecnol\u00f3gicos e instrumentais \u00e0 engenharia; projetar e conduzir experimentos e interpretar resultados; conceber, projetar e analisar sistemas, produtos e processos; planejar, supervisionar, elaborar e coordenar projetos e servi\u00e7os de engenharia, identificar, formular e resolver problemas de engenharia; desenvolver e\/ou utilizar novas ferramentas e t\u00e9cnicas; supervisionar a opera\u00e7\u00e3o e a manuten\u00e7\u00e3o de sistemas; avaliar criticamente a opera\u00e7\u00e3o e a manuten\u00e7\u00e3o de sistemas; comunicar-se eficientemente nas formas escrita, oral e gr\u00e1fica; atuar em equipes multidisciplinares; compreender e aplicar a \u00e9tica e a responsabilidade profissional; avaliar o impacto das atividades da engenharia no contexto social e ambiental; avaliar a viabilidade econ\u00f4mica de projetos de engenharia e buscar permanentemente a atualiza\u00e7\u00e3o profissional.<\/p>\n\n\n\n<p><strong>Campos de Atua\u00e7\u00e3o<\/strong><br>O Engenheiro Civil pode atuar como profissional aut\u00f4nomo, em escrit\u00f3rios de planejamento e projetos, em empresas de constru\u00e7\u00e3o civil, produ\u00e7\u00e3o de concreto, argamassas e outros materiais, em laborat\u00f3rios de pesquisa e ensaio de materiais em \u00f3rg\u00e3os p\u00fablicos, universidades e institutos de pesquisa. A profiss\u00e3o \u00e9 regulamentada pela Lei n.\u00ba 5.194, de 24.12.66.<\/p>\n\n\n\n<p><strong>Sistema&nbsp;Acad\u00eamico<\/strong><br>Matr\u00edcula por Atividade Acad\u00eamica<\/p>\n\n\n\n<p><strong>Dura\u00e7\u00e3o M\u00ednima e M\u00e1xima<\/strong><br>5\/10 anos<\/p>\n\n\n\n<p><strong>Turno\/vagas<\/strong><br>Integral \u2013 80<\/p>\n\n\n\n<div style=\"height:21px\" aria-hidden=\"true\" class=\"wp-block-spacer\"><\/div>\n\n\n\n<h3 class=\"wp-block-heading\"><strong>Saiba Mais Sobre o Curso de Engenharia Civil<\/strong><\/h3>\n\n\n\n<p><a href=\"https:\/\/sites.uel.br\/prograd\/wp-content\/uploads\/catalogo_cursos\/2025\/organizacao_curricular\/engenharia_civil.pdf\" target=\"_blank\" rel=\"noreferrer noopener\">Organiza\u00e7\u00e3o Curricular<\/a><\/p>\n\n\n\n<p><a href=\"https:\/\/sites.uel.br\/prograd\/wp-content\/uploads\/catalogo_cursos\/2025\/ementas\/engenharia_civil.pdf\" target=\"_blank\" rel=\"noreferrer noopener\">Ementas<\/a><\/p>\n\n\n\n<p><a href=\"https:\/\/sites.uel.br\/prograd\/wp-content\/uploads\/catalogo_cursos\/2025\/corpo_docente\/engenharia_civil.pdf\" target=\"_blank\" rel=\"noreferrer noopener\">Corpo Docente<\/a><\/p>\n\n\n\n<p><a href=\"http:\/\/www.uel.br\/prograd\/catalogo-cursos\/catalogo_2022\/estrutura_recursos\/estrutura_recursos.pdf\" target=\"_blank\" rel=\"noreferrer noopener\"><\/a><a href=\"https:\/\/sites.uel.br\/prograd\/wp-content\/uploads\/2023\/12\/estrutura_recursos.pdf\" target=\"_blank\" rel=\"noreferrer noopener\"><\/a><a href=\"https:\/\/sites.uel.br\/prograd\/wp-content\/uploads\/catalogo_cursos\/2025\/estrutura_recursos\/estrutura_recursos.pdf\" target=\"_blank\" rel=\"noreferrer noopener\">Estrutura\/Recursos<\/a><\/p>\n\n\n\n<p><a href=\"https:\/\/sites.uel.br\/prograd\/wp-content\/uploads\/documentos\/resolucoes\/2022\/resolucao_73_22.pdf\" target=\"_blank\" rel=\"noreferrer noopener\">Projeto Pedag\u00f3gico<\/a><\/p>\n\n","protected":false},"excerpt":{"rendered":"<p>Engenharia Civil Cria\u00e7\u00e3oResolu\u00e7\u00e3o n.\u00ba 53, de 26.10.71 GrauEngenheiro Civil&nbsp; TurnoIntegral&nbsp; Perfil do ProfissionalO graduando dever\u00e1 estar apto a: atuar nas fases de projeto, execu\u00e7\u00e3o e manuten\u00e7\u00e3o de obras de Engenharia Civil; identificar e propor solu\u00e7\u00f5es de problemas da \u00e1rea; absorver e desenvolver novas tecnologias; trabalhar em equipes multidisciplinares; contribuir para a melhoria do desempenho da [&hellip;]<\/p>\n","protected":false},"author":8,"featured_media":0,"parent":0,"menu_order":0,"comment_status":"closed","ping_status":"closed","template":"","meta":{"_acf_changed":false,"_themeisle_gutenberg_block_has_review":false,"footnotes":""},"class_list":["post-36013","page","type-page","status-publish","hentry"],"acf":[],"_links":{"self":[{"href":"https:\/\/sites.uel.br\/prograd\/wp-json\/wp\/v2\/pages\/36013","targetHints":{"allow":["GET"]}}],"collection":[{"href":"https:\/\/sites.uel.br\/prograd\/wp-json\/wp\/v2\/pages"}],"about":[{"href":"https:\/\/sites.uel.br\/prograd\/wp-json\/wp\/v2\/types\/page"}],"author":[{"embeddable":true,"href":"https:\/\/sites.uel.br\/prograd\/wp-json\/wp\/v2\/users\/8"}],"replies":[{"embeddable":true,"href":"https:\/\/sites.uel.br\/prograd\/wp-json\/wp\/v2\/comments?post=36013"}],"version-history":[{"count":3,"href":"https:\/\/sites.uel.br\/prograd\/wp-json\/wp\/v2\/pages\/36013\/revisions"}],"predecessor-version":[{"id":36389,"href":"https:\/\/sites.uel.br\/prograd\/wp-json\/wp\/v2\/pages\/36013\/revisions\/36389"}],"wp:attachment":[{"href":"https:\/\/sites.uel.br\/prograd\/wp-json\/wp\/v2\/media?parent=36013"}],"curies":[{"name":"wp","href":"https:\/\/api.w.org\/{rel}","templated":true}]}}