{"id":36011,"date":"2025-12-09T15:46:38","date_gmt":"2025-12-09T18:46:38","guid":{"rendered":"https:\/\/sites.uel.br\/prograd\/?page_id=36011"},"modified":"2025-12-12T15:09:02","modified_gmt":"2025-12-12T18:09:02","slug":"catalogo-dos-cursos-de-graduacao-2025-educacao-fisica-bacharelado-e-licenciatura","status":"publish","type":"page","link":"https:\/\/sites.uel.br\/prograd\/catalogo-dos-cursos-de-graduacao-2025-educacao-fisica-bacharelado-e-licenciatura\/","title":{"rendered":"Cat\u00e1logo dos Cursos de Gradua\u00e7\u00e3o (2025)"},"content":{"rendered":"\n<hr class=\"wp-block-separator has-alpha-channel-opacity is-style-wide\"\/>\n\n\n\n<p class=\"has-text-align-center has-verde-claro-background-color has-background\"><em><strong>O estudante a ingressar no Curso de Educa\u00e7\u00e3o F\u00edsica a partir do ano de 2023 s\u00f3 poder\u00e1 ser matriculado em uma das forma\u00e7\u00f5es espec\u00edficas (Licenciatura ou Bacharelado) depois de integralizar as 1.600 (mil e seiscentas) horas da etapa comum (1\u00ba e 2\u00ba anos)<\/strong><\/em>.<\/p>\n\n\n\n<h2 class=\"wp-block-heading\">Educa\u00e7\u00e3o F\u00edsica \u2013 Bacharelado<\/h2>\n\n\n\n<p><strong>Cria\u00e7\u00e3o<\/strong><br>Resolu\u00e7\u00e3o CEPE n.\u00ba 96, de 12.08.04<\/p>\n\n\n\n<p><strong>Grau<\/strong><br>Bacharel em Educa\u00e7\u00e3o F\u00edsica&nbsp;<\/p>\n\n\n\n<p><strong>Turno<\/strong><br>Matutino\/noturno<\/p>\n\n\n\n<p><strong>Perfil do Profissional<\/strong><br>O egresso do Curso de Educa\u00e7\u00e3o F\u00edsica \u2013 Bacharelado dever\u00e1 dispor das seguintes habilidades: dom\u00ednio de conceitos, procedimentos e atitudes espec\u00edficos da Educa\u00e7\u00e3o F\u00edsica e de ci\u00eancias afins, orientados por valores sociais, morais, \u00e9ticos e est\u00e9ticos pr\u00f3prios de uma sociedade plural e democr\u00e1tica; pesquisa, conhecimento, compreens\u00e3o, an\u00e1lise e avalia\u00e7\u00e3o da realidade social para nela intervir acad\u00eamica e profissionalmente, por meio de manifesta\u00e7\u00f5es e express\u00f5es do movimento humano, com foco nas diferentes formas e modalidades do exerc\u00edcio f\u00edsico, na gin\u00e1stica, nos jogos motores, nas atividades r\u00edtmicas e nas artes; interven\u00e7\u00e3o de forma deliberada, adequada e eticamente balizada nos campos da preven\u00e7\u00e3o de problemas de sa\u00fade, promo\u00e7\u00e3o e prote\u00e7\u00e3o da sa\u00fade, da forma\u00e7\u00e3o cultural, da educa\u00e7\u00e3o motora e da gest\u00e3o de empreendimentos relacionados \u00e0s atividades f\u00edsicas; coordena\u00e7\u00e3o e participa\u00e7\u00e3o de equipes multiprofissionais de discuss\u00e3o e operacionaliza\u00e7\u00e3o de pol\u00edticas p\u00fablicas e institucionais em Educa\u00e7\u00e3o F\u00edsica; diagn\u00f3stico dos interesses e necessidades das pessoas e grupos, de modo a planejar, prescrever, ensinar, orientar e avaliar projetos e programas de atividades f\u00edsicas; conhecimento, dom\u00ednio e avalia\u00e7\u00e3o dos efeitos da aplica\u00e7\u00e3o de diferentes t\u00e9cnicas, instrumentos e metodologias para a interven\u00e7\u00e3o em Educa\u00e7\u00e3o F\u00edsica nos cantos da sa\u00fade, da forma\u00e7\u00e3o cultural, da educa\u00e7\u00e3o motora, etc; acompanhamento das transforma\u00e7\u00f5es acad\u00eamico-cient\u00edficas da Educa\u00e7\u00e3o F\u00edsica e \u00e1reas afins mediante a an\u00e1lise cr\u00edtica da literatura especializada e utiliza\u00e7\u00e3o de recursos da tecnologia da informa\u00e7\u00e3o e da comunica\u00e7\u00e3o para interagir com as fontes de produ\u00e7\u00e3o e difus\u00e3o de conhecimentos espec\u00edficos da Educa\u00e7\u00e3o F\u00edsica e \u00e1reas afins.<\/p>\n\n\n\n<p><strong>Objetivo do Curso<\/strong><br>Qualificar o bacharel em Educa\u00e7\u00e3o F\u00edsica a prestar servi\u00e7os relacionados ao estudo, planejamento, execu\u00e7\u00e3o e avalia\u00e7\u00e3o de programas de Educa\u00e7\u00e3o F\u00edsica ou atividade f\u00edsica. Planejar interven\u00e7\u00f5es individualizadas e\/ou para grupos populacionais por meio de programas sistematizados, bem como desenvolver e gerenciar estudos e produ\u00e7\u00e3o de equipamentos e m\u00e9todos relacionados com sua pr\u00e1tica profissional. Gerenciar empreendimentos, eventos e servi\u00e7os de Educa\u00e7\u00e3o F\u00edsica. Promover e disseminar pesquisas e conhecimentos relacionados \u00e0s diferentes dimens\u00f5es da motricidade humana, promovendo a reflex\u00e3o sobre suas implica\u00e7\u00f5es para o ser humano. Incentivar a forma\u00e7\u00e3o acad\u00eamica e profissional continuada.<\/p>\n\n\n\n<p><strong>Campos de Atua\u00e7\u00e3o<\/strong><br>Atua\u00e7\u00e3o profissional pode se dar em locais como academias; programas de Atividade F\u00edsica para crian\u00e7as, adolescentes, adultos e idosos; programas de Atividade F\u00edsica para grupos especiais (gestantes, diab\u00e9ticos, cardiopatas, etc.); aplica\u00e7\u00e3o de exerc\u00edcios compensat\u00f3rios para funcion\u00e1rios da ind\u00fastria e do com\u00e9rcio; secretarias e \u00f3rg\u00e3os p\u00fablicos; hot\u00e9is, condom\u00ednios e acampamentos ou hospitais e SUS (Sistema \u00danico de Sa\u00fade).<\/p>\n\n\n\n<p><strong>Sistema&nbsp;Acad\u00eamico<\/strong><br>Matr\u00edcula por Atividade Acad\u00eamica<\/p>\n\n\n\n<p><strong>Dura\u00e7\u00e3o M\u00ednima e M\u00e1xima<\/strong><br>4\/8 anos<\/p>\n\n\n\n<p><strong>Turno\/vagas<\/strong><br>Matutino \u2013 90\/noturno \u2013 90<\/p>\n\n\n\n<div style=\"height:21px\" aria-hidden=\"true\" class=\"wp-block-spacer\"><\/div>\n\n\n\n<h3 class=\"wp-block-heading\"><strong>Saiba Mais Sobre o Curso de Educa\u00e7\u00e3o F\u00edsica \u2013 Bacharelado<\/strong><\/h3>\n\n\n\n<p><a href=\"https:\/\/sites.uel.br\/prograd\/wp-content\/uploads\/catalogo_cursos\/2025\/organizacao_curricular\/educacao_fisica_bacharelado_licenciatura_matutino.pdf\" target=\"_blank\" rel=\"noreferrer noopener\">Organiza\u00e7\u00e3o Curricular<\/a><\/p>\n\n\n\n<p>Ementas<br>(<a href=\"https:\/\/sites.uel.br\/prograd\/wp-content\/uploads\/catalogo_cursos\/2025\/ementas\/educacao_fisica_bacharelado_licenciatura_matutino.pdf\" target=\"_blank\" rel=\"noreferrer noopener\">Matutino<\/a>) (<a href=\"https:\/\/sites.uel.br\/prograd\/wp-content\/uploads\/catalogo_cursos\/2025\/ementas\/educacao_fisica_bacharelado_licenciatura_noturno.pdf\" target=\"_blank\" rel=\"noreferrer noopener\">Noturno<\/a>)<\/p>\n\n\n\n<p>Corpo Docente<br>(<a href=\"https:\/\/sites.uel.br\/prograd\/wp-content\/uploads\/catalogo_cursos\/2025\/corpo_docente\/educacao_fisica_bacharelado_licenciatura_matutino.pdf\" target=\"_blank\" rel=\"noreferrer noopener\">Matutino<\/a>) (<a href=\"https:\/\/sites.uel.br\/prograd\/wp-content\/uploads\/catalogo_cursos\/2025\/corpo_docente\/educacao_fisica_bacharelado_licenciatura_noturno.pdf\" target=\"_blank\" rel=\"noreferrer noopener\">Noturno<\/a>)<\/p>\n\n\n\n<p><a href=\"http:\/\/www.uel.br\/prograd\/catalogo-cursos\/catalogo_2022\/estrutura_recursos\/estrutura_recursos.pdf\" target=\"_blank\" rel=\"noreferrer noopener\"><\/a><a href=\"https:\/\/sites.uel.br\/prograd\/wp-content\/uploads\/2023\/12\/estrutura_recursos.pdf\" target=\"_blank\" rel=\"noreferrer noopener\"><\/a><a href=\"https:\/\/sites.uel.br\/prograd\/wp-content\/uploads\/catalogo_cursos\/2025\/estrutura_recursos\/estrutura_recursos.pdf\" target=\"_blank\" rel=\"noreferrer noopener\">Estrutura\/Recursos<\/a><\/p>\n\n\n\n<p><a href=\"https:\/\/sites.uel.br\/prograd\/wp-content\/uploads\/documentos\/resolucoes\/2022\/resolucao_09_22.pdf\" target=\"_blank\" rel=\"noreferrer noopener\">Projeto Pedag\u00f3gico<\/a><\/p>\n\n\n\n<h2 class=\"wp-block-heading\">Educa\u00e7\u00e3o F\u00edsica \u2013 Licenciatura<\/h2>\n\n\n\n<p><strong>Cria\u00e7\u00e3o<\/strong><br>Resolu\u00e7\u00e3o n.\u00ba 53, de 26.10.71<\/p>\n\n\n\n<p><strong>Grau<\/strong><br>Licenciado em Educa\u00e7\u00e3o F\u00edsica&nbsp;<\/p>\n\n\n\n<p><strong>Turno<\/strong><br>Matutino\/noturno&nbsp;<\/p>\n\n\n\n<p><strong>Perfil do Profissional<\/strong><br>O Curso de Educa\u00e7\u00e3o F\u00edsica da UEL \u2013 Habilita\u00e7\u00e3o Licenciatura pretende formar o profissional que ir\u00e1 atuar com a Educa\u00e7\u00e3o F\u00edsica nos n\u00edveis e modalidades de educa\u00e7\u00e3o e ensino, caracterizando-se como espa\u00e7o prop\u00edcio \u00e0 compreens\u00e3o das a\u00e7\u00f5es referentes ao aprender a pensar e fazer, com base numa vis\u00e3o abrangente da realidade.<\/p>\n\n\n\n<p><strong>Objetivo do Curso<\/strong><br>O projeto pedag\u00f3gico do curso de Educa\u00e7\u00e3o F\u00edsica \u2013 Licenciatura est\u00e1 pautado em princ\u00edpios de indissociabilidade entre o ensino, a pesquisa e a extens\u00e3o, de interdisciplinaridade e de reflex\u00e3o cr\u00edtica, por meio da reflex\u00e3o dial\u00e9tica teoria, pr\u00e1tica, tendo na sua pr\u00e1tica pedag\u00f3gica cotidiana o desenvolvimento da pesquisa como a\u00e7\u00e3o orientada para a apropria\u00e7\u00e3o e produ\u00e7\u00e3o dos conhecimentos te\u00f3ricos, cient\u00edficos e t\u00e9cnico-pr\u00e1ticos e sua transposi\u00e7\u00e3o pedag\u00f3gica, e tem como objetivos: promover a forma\u00e7\u00e3o de profissionais para a atua\u00e7\u00e3o no processo ensino-aprendizagem da Educa\u00e7\u00e3o F\u00edsica em todos os n\u00edveis e modalidades de ensino, bem como para o desenvolvimento de estudos e pesquisas em educa\u00e7\u00e3o sobre a tem\u00e1tica da \u00e1rea; qualificar os graduandos a identificar o saber pr\u00f3prio do campo de conhecimento de que trata a Educa\u00e7\u00e3o F\u00edsica no conjunto dos saberes relativos ao movimento culturalmente constru\u00eddo; qualificar os graduandos a reconhecerem que a constru\u00e7\u00e3o das pr\u00e1ticas sociais de que trata a Educa\u00e7\u00e3o F\u00edsica acontece na din\u00e2mica s\u00f3cio-hist\u00f3rica, de modo que aprendam a atuar na realidade como ela \u00e9, problematizando suas estruturas e produzindo alternativas de transforma\u00e7\u00f5es e qualificar os graduandos \u00e0 apropria\u00e7\u00e3o e \u00e0 produ\u00e7\u00e3o de conhecimentos necess\u00e1rios \u00e0 a\u00e7\u00e3o docente nos diferentes n\u00edveis e modalidades de educa\u00e7\u00e3o e ensino.<\/p>\n\n\n\n<p><strong>Campos de Atua\u00e7\u00e3o<\/strong><br>Os locais de inser\u00e7\u00e3o profissional do Curso Educa\u00e7\u00e3o F\u00edsica \u2013 Licenciatura s\u00e3o escolas ou Institui\u00e7\u00f5es que ofere\u00e7am: Educa\u00e7\u00e3o Infantil, Ensino Fundamental; Ensino M\u00e9dio; Educa\u00e7\u00e3o de Jovens e Adultos e atendimento educacional para Portadores de Necessidades Especiais. A profiss\u00e3o est\u00e1 regulamentada pela Lei n.\u00ba 9.696, de 01.09.98.<\/p>\n\n\n\n<p><strong>Sistema&nbsp;Acad\u00eamico<\/strong><br>Seriado anual&nbsp;<\/p>\n\n\n\n<p><strong>Dura\u00e7\u00e3o M\u00ednima e M\u00e1xima<\/strong><br>4\/8 anos<\/p>\n\n\n\n<p><strong>Turno\/vagas<\/strong><br>Matutino \u2013 90\/noturno \u2013 90<\/p>\n\n\n\n<div style=\"height:21px\" aria-hidden=\"true\" class=\"wp-block-spacer\"><\/div>\n\n\n\n<h3 class=\"wp-block-heading\"><strong>Saiba Mais Sobre o Curso de Educa\u00e7\u00e3o F\u00edsica \u2013 Licenciatura<\/strong><\/h3>\n\n\n\n<p><a href=\"https:\/\/sites.uel.br\/prograd\/wp-content\/uploads\/catalogo_cursos\/2025\/organizacao_curricular\/educacao_fisica_bacharelado_licenciatura_noturno.pdf\" target=\"_blank\" rel=\"noreferrer noopener\">Organiza\u00e7\u00e3o Curricular<\/a><\/p>\n\n\n\n<p>Ementas<br>(<a href=\"https:\/\/sites.uel.br\/prograd\/wp-content\/uploads\/catalogo_cursos\/2025\/ementas\/educacao_fisica_bacharelado_licenciatura_matutino.pdf\" target=\"_blank\" rel=\"noreferrer noopener\">Matutino<\/a>) (<a href=\"https:\/\/sites.uel.br\/prograd\/wp-content\/uploads\/catalogo_cursos\/2025\/ementas\/educacao_fisica_bacharelado_licenciatura_noturno.pdf\" target=\"_blank\" rel=\"noreferrer noopener\">Noturno<\/a>)<\/p>\n\n\n\n<p>Corpo Docente<br>(<a href=\"https:\/\/sites.uel.br\/prograd\/wp-content\/uploads\/catalogo_cursos\/2025\/corpo_docente\/educacao_fisica_bacharelado_licenciatura_matutino.pdf\" target=\"_blank\" rel=\"noreferrer noopener\">Matutino<\/a>) (<a href=\"https:\/\/sites.uel.br\/prograd\/wp-content\/uploads\/catalogo_cursos\/2025\/corpo_docente\/educacao_fisica_bacharelado_licenciatura_noturno.pdf\" target=\"_blank\" rel=\"noreferrer noopener\">Noturno<\/a>)<\/p>\n\n\n\n<p><a href=\"http:\/\/www.uel.br\/prograd\/catalogo-cursos\/catalogo_2022\/estrutura_recursos\/estrutura_recursos.pdf\" target=\"_blank\" rel=\"noreferrer noopener\"><\/a><a href=\"https:\/\/sites.uel.br\/prograd\/wp-content\/uploads\/2023\/12\/estrutura_recursos.pdf\" target=\"_blank\" rel=\"noreferrer noopener\"><\/a><a href=\"https:\/\/sites.uel.br\/prograd\/wp-content\/uploads\/catalogo_cursos\/2025\/estrutura_recursos\/estrutura_recursos.pdf\" target=\"_blank\" rel=\"noreferrer noopener\">Estrutura\/Recursos<\/a><\/p>\n\n\n\n<p><a href=\"https:\/\/sites.uel.br\/prograd\/wp-content\/uploads\/documentos\/resolucoes\/2022\/resolucao_09_22.pdf\" target=\"_blank\" rel=\"noreferrer noopener\">Projeto Pedag\u00f3gico<\/a><\/p>\n","protected":false},"excerpt":{"rendered":"<p>O estudante a ingressar no Curso de Educa\u00e7\u00e3o F\u00edsica a partir do ano de 2023 s\u00f3 poder\u00e1 ser matriculado em uma das forma\u00e7\u00f5es espec\u00edficas (Licenciatura ou Bacharelado) depois de integralizar as 1.600 (mil e seiscentas) horas da etapa comum (1\u00ba e 2\u00ba anos). Educa\u00e7\u00e3o F\u00edsica \u2013 Bacharelado Cria\u00e7\u00e3oResolu\u00e7\u00e3o CEPE n.\u00ba 96, de 12.08.04 GrauBacharel em [&hellip;]<\/p>\n","protected":false},"author":8,"featured_media":0,"parent":0,"menu_order":0,"comment_status":"closed","ping_status":"closed","template":"","meta":{"_acf_changed":false,"_themeisle_gutenberg_block_has_review":false,"footnotes":""},"class_list":["post-36011","page","type-page","status-publish","hentry"],"acf":[],"_links":{"self":[{"href":"https:\/\/sites.uel.br\/prograd\/wp-json\/wp\/v2\/pages\/36011","targetHints":{"allow":["GET"]}}],"collection":[{"href":"https:\/\/sites.uel.br\/prograd\/wp-json\/wp\/v2\/pages"}],"about":[{"href":"https:\/\/sites.uel.br\/prograd\/wp-json\/wp\/v2\/types\/page"}],"author":[{"embeddable":true,"href":"https:\/\/sites.uel.br\/prograd\/wp-json\/wp\/v2\/users\/8"}],"replies":[{"embeddable":true,"href":"https:\/\/sites.uel.br\/prograd\/wp-json\/wp\/v2\/comments?post=36011"}],"version-history":[{"count":5,"href":"https:\/\/sites.uel.br\/prograd\/wp-json\/wp\/v2\/pages\/36011\/revisions"}],"predecessor-version":[{"id":36458,"href":"https:\/\/sites.uel.br\/prograd\/wp-json\/wp\/v2\/pages\/36011\/revisions\/36458"}],"wp:attachment":[{"href":"https:\/\/sites.uel.br\/prograd\/wp-json\/wp\/v2\/media?parent=36011"}],"curies":[{"name":"wp","href":"https:\/\/api.w.org\/{rel}","templated":true}]}}