{"id":36010,"date":"2025-12-09T15:46:31","date_gmt":"2025-12-09T18:46:31","guid":{"rendered":"https:\/\/sites.uel.br\/prograd\/?page_id=36010"},"modified":"2025-12-11T16:12:30","modified_gmt":"2025-12-11T19:12:30","slug":"catalogo-dos-cursos-de-graduacao-2025-direito","status":"publish","type":"page","link":"https:\/\/sites.uel.br\/prograd\/catalogo-dos-cursos-de-graduacao-2025-direito\/","title":{"rendered":"Cat\u00e1logo dos Cursos de Gradua\u00e7\u00e3o (2025)"},"content":{"rendered":"\n<hr class=\"wp-block-separator has-alpha-channel-opacity is-style-wide\"\/>\n\n\n\n<h2 class=\"wp-block-heading\">Direito<\/h2>\n\n\n\n<p><strong>Cria\u00e7\u00e3o<\/strong><br>Decreto Estadual n.\u00ba 2.781, de 04.06.56<\/p>\n\n\n\n<p><strong>Grau<\/strong><br>Bacharel em Direito&nbsp;<\/p>\n\n\n\n<p><strong>Turno<\/strong><br>Matutino\/vespertino\/noturno<\/p>\n\n\n\n<p><strong>Perfil do Profissional<\/strong><br>Formar bachar\u00e9is em Direito com conhecimento para atuar nas mais diversas \u00e1reas jur\u00eddicas em uma sociedade globalizada e em constante muta\u00e7\u00e3o incentivando a sociabilidade humanista e a difus\u00e3o dos princ\u00edpios jur\u00eddicos. Propiciar o acesso ao conhecimento jur\u00eddico refletindo sobre quest\u00f5es human\u00edsticas e sociais.<\/p>\n\n\n\n<p><strong>Objetivo do Curso<\/strong><br>O Curso de Gradua\u00e7\u00e3o em Direito tem por objetivo formar profissionais e pesquisadores socialmente respons\u00e1veis com forte base human\u00edstica e principiol\u00f3gica, que sejam comprometidos com a defesa do Estado Democr\u00e1tico de Direito.<\/p>\n\n\n\n<p><strong>Campos de Atua\u00e7\u00e3o<\/strong><br>Advocacia; exerc\u00edcio de fun\u00e7\u00f5es p\u00fablicas; magistratura; minist\u00e9rio p\u00fablico; carreira policial; magist\u00e9rio jur\u00eddico, diplomacia. A Lei Federal n.\u00ba 8.906, de 04.07.94, disp\u00f5e sobre o Estatuto da Ordem dos Advogados do Brasil.<\/p>\n\n\n\n<p><strong>Sistema&nbsp;Acad\u00eamico<\/strong><br>Seriado Anual<\/p>\n\n\n\n<p><strong>Dura\u00e7\u00e3o M\u00ednima e M\u00e1xima<\/strong><br>5\/10 anos<\/p>\n\n\n\n<p><strong>Turno\/vagas<\/strong><br>Matutino \u2013 80\/vespertino \u2013 80\/noturno \u2013 80<\/p>\n\n\n\n<div style=\"height:21px\" aria-hidden=\"true\" class=\"wp-block-spacer\"><\/div>\n\n\n\n<h3 class=\"wp-block-heading\"><strong>Saiba Mais Sobre o Curso de&nbsp;Direito<\/strong><\/h3>\n\n\n\n<p>Organiza\u00e7\u00e3o Curricular<br>(<a href=\"https:\/\/sites.uel.br\/prograd\/wp-content\/uploads\/catalogo_cursos\/2025\/organizacao_curricular\/direito_matutino.pdf\" target=\"_blank\" rel=\"noreferrer noopener\">Matutino<\/a>) (<a href=\"https:\/\/sites.uel.br\/prograd\/wp-content\/uploads\/catalogo_cursos\/2025\/organizacao_curricular\/direito_vespertino.pdf\" target=\"_blank\" rel=\"noreferrer noopener\">Vespertino<\/a>) (<a href=\"https:\/\/sites.uel.br\/prograd\/wp-content\/uploads\/catalogo_cursos\/2025\/organizacao_curricular\/direito_noturno.pdf\" target=\"_blank\" rel=\"noreferrer noopener\">Noturno<\/a>)<\/p>\n\n\n\n<p>Ementas<br>(<a href=\"https:\/\/sites.uel.br\/prograd\/wp-content\/uploads\/catalogo_cursos\/2025\/ementas\/direito_matutino.pdf\" target=\"_blank\" rel=\"noreferrer noopener\">Matutino<\/a>) (<a href=\"https:\/\/sites.uel.br\/prograd\/wp-content\/uploads\/catalogo_cursos\/2025\/ementas\/direito_vespertino.pdf\" target=\"_blank\" rel=\"noreferrer noopener\">Vespertino<\/a>) (<a href=\"https:\/\/sites.uel.br\/prograd\/wp-content\/uploads\/catalogo_cursos\/2025\/ementas\/direito_noturno.pdf\" target=\"_blank\" rel=\"noreferrer noopener\">Noturno<\/a>)<\/p>\n\n\n\n<p>Corpo Docente<br>(<a href=\"https:\/\/sites.uel.br\/prograd\/wp-content\/uploads\/catalogo_cursos\/2025\/corpo_docente\/direito_matutino.pdf\" target=\"_blank\" rel=\"noreferrer noopener\">Matutino<\/a>) (<a href=\"https:\/\/sites.uel.br\/prograd\/wp-content\/uploads\/catalogo_cursos\/2025\/corpo_docente\/direito_vespertino.pdf\" target=\"_blank\" rel=\"noreferrer noopener\">Vespertino<\/a>) (<a href=\"https:\/\/sites.uel.br\/prograd\/wp-content\/uploads\/catalogo_cursos\/2025\/corpo_docente\/direito_noturno.pdf\" target=\"_blank\" rel=\"noreferrer noopener\">Noturno<\/a>)<\/p>\n\n\n\n<p><a href=\"http:\/\/www.uel.br\/prograd\/catalogo-cursos\/catalogo_2022\/estrutura_recursos\/estrutura_recursos.pdf\" target=\"_blank\" rel=\"noreferrer noopener\"><\/a><a href=\"https:\/\/sites.uel.br\/prograd\/wp-content\/uploads\/2023\/12\/estrutura_recursos.pdf\" target=\"_blank\" rel=\"noreferrer noopener\"><\/a><a href=\"https:\/\/sites.uel.br\/prograd\/wp-content\/uploads\/catalogo_cursos\/2025\/estrutura_recursos\/estrutura_recursos.pdf\" target=\"_blank\" rel=\"noreferrer noopener\">Estrutura\/Recursos<\/a><\/p>\n\n\n\n<p><a href=\"https:\/\/sites.uel.br\/prograd\/wp-content\/uploads\/documentos\/resolucoes\/2021\/resolucao_80_21.pdf\" target=\"_blank\" rel=\"noreferrer noopener\">Projeto Pedag\u00f3gico<\/a><\/p>\n\n","protected":false},"excerpt":{"rendered":"<p>Direito Cria\u00e7\u00e3oDecreto Estadual n.\u00ba 2.781, de 04.06.56 GrauBacharel em Direito&nbsp; TurnoMatutino\/vespertino\/noturno Perfil do ProfissionalFormar bachar\u00e9is em Direito com conhecimento para atuar nas mais diversas \u00e1reas jur\u00eddicas em uma sociedade globalizada e em constante muta\u00e7\u00e3o incentivando a sociabilidade humanista e a difus\u00e3o dos princ\u00edpios jur\u00eddicos. Propiciar o acesso ao conhecimento jur\u00eddico refletindo sobre quest\u00f5es human\u00edsticas e [&hellip;]<\/p>\n","protected":false},"author":8,"featured_media":0,"parent":0,"menu_order":0,"comment_status":"closed","ping_status":"closed","template":"","meta":{"_acf_changed":false,"_themeisle_gutenberg_block_has_review":false,"footnotes":""},"class_list":["post-36010","page","type-page","status-publish","hentry"],"acf":[],"_links":{"self":[{"href":"https:\/\/sites.uel.br\/prograd\/wp-json\/wp\/v2\/pages\/36010","targetHints":{"allow":["GET"]}}],"collection":[{"href":"https:\/\/sites.uel.br\/prograd\/wp-json\/wp\/v2\/pages"}],"about":[{"href":"https:\/\/sites.uel.br\/prograd\/wp-json\/wp\/v2\/types\/page"}],"author":[{"embeddable":true,"href":"https:\/\/sites.uel.br\/prograd\/wp-json\/wp\/v2\/users\/8"}],"replies":[{"embeddable":true,"href":"https:\/\/sites.uel.br\/prograd\/wp-json\/wp\/v2\/comments?post=36010"}],"version-history":[{"count":3,"href":"https:\/\/sites.uel.br\/prograd\/wp-json\/wp\/v2\/pages\/36010\/revisions"}],"predecessor-version":[{"id":36386,"href":"https:\/\/sites.uel.br\/prograd\/wp-json\/wp\/v2\/pages\/36010\/revisions\/36386"}],"wp:attachment":[{"href":"https:\/\/sites.uel.br\/prograd\/wp-json\/wp\/v2\/media?parent=36010"}],"curies":[{"name":"wp","href":"https:\/\/api.w.org\/{rel}","templated":true}]}}