{"id":36008,"date":"2025-12-09T15:46:13","date_gmt":"2025-12-09T18:46:13","guid":{"rendered":"https:\/\/sites.uel.br\/prograd\/?page_id=36008"},"modified":"2025-12-11T16:11:51","modified_gmt":"2025-12-11T19:11:51","slug":"catalogo-dos-cursos-de-graduacao-2025-design-de-moda","status":"publish","type":"page","link":"https:\/\/sites.uel.br\/prograd\/catalogo-dos-cursos-de-graduacao-2025-design-de-moda\/","title":{"rendered":"Cat\u00e1logo dos Cursos de Gradua\u00e7\u00e3o (2025)"},"content":{"rendered":"\n<hr class=\"wp-block-separator has-alpha-channel-opacity is-style-wide\"\/>\n\n\n\n<h2 class=\"wp-block-heading\">Design de Moda<\/h2>\n\n\n\n<p><strong>Cria\u00e7\u00e3o<\/strong><br>Estilismo em Moda: Resolu\u00e7\u00e3o da n.\u00ba 3006, de 16.07.96, alterada a denomina\u00e7\u00e3o atrav\u00e9s da Resolu\u00e7\u00e3o CEPE n.\u00ba 97, de 18.08.04<\/p>\n\n\n\n<p><strong>Grau<\/strong><br>Bacharel em Design de Moda&nbsp;<\/p>\n\n\n\n<p><strong>Turno<\/strong><br>Matutino<\/p>\n\n\n\n<p><strong>Perfil do Profissional<\/strong><br>As compet\u00eancias que se espera do designer de moda formado pela UEL s\u00e3o as seguintes: T\u00e9cnicas: habilidades de utiliza\u00e7\u00e3o de tecnologias, materiais e processos; Cient\u00edficas: utiliza\u00e7\u00e3o do m\u00e9todo cient\u00edfico na pesquisa, envolvendo o levantamento de dados bibliogr\u00e1ficos e de campo, assim como a busca constante pelo desenvolvimento intelectual; Art\u00edsticas: desenvolvimento de conceitua\u00e7\u00e3o e express\u00e3o, linguagem visual e processo criativo; \u00c9ticas e pol\u00edticas: desenvolvimento da cidadania, da adequada postura profissional, do conhecimento dos deveres, direitos e da responsabilidade social e ambiental.<\/p>\n\n\n\n<p><strong>Objetivo do Curso<\/strong><br>Formar designers de moda, integrados \u00e0 realidade contempor\u00e2nea, capazes de projetar objetos e\/ou sistemas de objetos de uso por meio do enfoque interdisciplinar, considerando as caracter\u00edsticas dos usu\u00e1rios e de seu contexto socioecon\u00f4mico e cultural, bem como potencialidades e limita\u00e7\u00f5es econ\u00f4micas e tecnol\u00f3gicas das unidades produtivas; desenvolver a vis\u00e3o integrada do sistema socioecon\u00f4mico e cultural da regi\u00e3o, bem como as exig\u00eancias formativas necess\u00e1rias para atuar nesse sistema, n\u00e3o s\u00f3 para aprimor\u00e1-lo como para transform\u00e1-lo; analisar as necessidades humanas e os sistemas produtivos, estabelecendo a rela\u00e7\u00e3o entre eles a partir de uma abordagem integrada do vestu\u00e1rio; interpretar e aplicar fundamentos te\u00f3ricos para a compreens\u00e3o do contexto hist\u00f3rico, sociocultural, simb\u00f3lico e mercadol\u00f3gico do design de moda; desenvolver a capacidade anal\u00edtica, t\u00e9cnica, cr\u00edtica, criativa e expressiva na \u00e1rea de moda e suas adjacentes; identificar, analisar e aplicar ferramentas metodol\u00f3gicas de projeto; estruturar e exercitar as diversas fases do projeto de produtos de moda, desde a interpreta\u00e7\u00e3o de tend\u00eancias at\u00e9 a execu\u00e7\u00e3o do produto, por meio da aplica\u00e7\u00e3o e metodologia projetual; viabilizar solu\u00e7\u00f5es para problemas de design de moda, equacionando fatores ergon\u00f4micos, est\u00e9ticos, socioculturais, econ\u00f4micos e tecnol\u00f3gicos e desenvolver atitudes que caracterizem uma atua\u00e7\u00e3o profissional \u00e9tica, respeitando os valores de cidadania e responsabilidade social.<\/p>\n\n\n\n<p><strong>Campos de Atua\u00e7\u00e3o<\/strong><br>Confec\u00e7\u00f5es de Moda; Ind\u00fastria de aviamentos e acess\u00f3rios; Empresas de varejo de Moda; Fia\u00e7\u00f5es, tecelagens, malharias, estamparias, empresas de tecidos para decora\u00e7\u00e3o; Empresas de assessoria e consultoria de Moda; Empresas de produ\u00e7\u00e3o art\u00edstica na cria\u00e7\u00e3o de figurinos e produ\u00e7\u00e3o de Moda; Empresas de comunica\u00e7\u00e3o de Moda.<\/p>\n\n\n\n<p><strong>Sistema&nbsp;Acad\u00eamico<\/strong><br>Matr\u00edcula por S\u00e9rie<\/p>\n\n\n\n<p><strong>Dura\u00e7\u00e3o M\u00ednima e M\u00e1xima<\/strong><br>4\/8 anos<\/p>\n\n\n\n<p><strong>Turno\/vagas<\/strong><br>Matutino \u2013 30<\/p>\n\n\n\n<div style=\"height:21px\" aria-hidden=\"true\" class=\"wp-block-spacer\"><\/div>\n\n\n\n<h3 class=\"wp-block-heading\"><strong>Saiba Mais Sobre o Curso de Design de Moda<\/strong><\/h3>\n\n\n\n<p><a href=\"https:\/\/sites.uel.br\/prograd\/wp-content\/uploads\/catalogo_cursos\/2025\/organizacao_curricular\/design_moda.pdf\" target=\"_blank\" rel=\"noreferrer noopener\">Organiza\u00e7\u00e3o Curricular<\/a><\/p>\n\n\n\n<p><a href=\"https:\/\/sites.uel.br\/prograd\/wp-content\/uploads\/catalogo_cursos\/2025\/ementas\/design_moda.pdf\" target=\"_blank\" rel=\"noreferrer noopener\">Ementas<\/a><\/p>\n\n\n\n<p><a href=\"https:\/\/sites.uel.br\/prograd\/wp-content\/uploads\/catalogo_cursos\/2025\/corpo_docente\/design_moda.pdf\" target=\"_blank\" rel=\"noreferrer noopener\">Corpo Docente<\/a><\/p>\n\n\n\n<p><a href=\"http:\/\/www.uel.br\/prograd\/catalogo-cursos\/catalogo_2022\/estrutura_recursos\/estrutura_recursos.pdf\" target=\"_blank\" rel=\"noreferrer noopener\"><\/a><a href=\"https:\/\/sites.uel.br\/prograd\/wp-content\/uploads\/2023\/12\/estrutura_recursos.pdf\" target=\"_blank\" rel=\"noreferrer noopener\"><\/a><a href=\"https:\/\/sites.uel.br\/prograd\/wp-content\/uploads\/catalogo_cursos\/2025\/estrutura_recursos\/estrutura_recursos.pdf\" target=\"_blank\" rel=\"noreferrer noopener\">Estrutura\/Recursos<\/a><\/p>\n\n\n\n<p><a href=\"https:\/\/sites.uel.br\/prograd\/wp-content\/uploads\/documentos\/resolucoes\/2022\/resolucao_100_22.pdf\" target=\"_blank\" rel=\"noreferrer noopener\">Projeto Pedag\u00f3gico<\/a><\/p>\n\n","protected":false},"excerpt":{"rendered":"<p>Design de Moda Cria\u00e7\u00e3oEstilismo em Moda: Resolu\u00e7\u00e3o da n.\u00ba 3006, de 16.07.96, alterada a denomina\u00e7\u00e3o atrav\u00e9s da Resolu\u00e7\u00e3o CEPE n.\u00ba 97, de 18.08.04 GrauBacharel em Design de Moda&nbsp; TurnoMatutino Perfil do ProfissionalAs compet\u00eancias que se espera do designer de moda formado pela UEL s\u00e3o as seguintes: T\u00e9cnicas: habilidades de utiliza\u00e7\u00e3o de tecnologias, materiais e processos; [&hellip;]<\/p>\n","protected":false},"author":8,"featured_media":0,"parent":0,"menu_order":0,"comment_status":"closed","ping_status":"closed","template":"","meta":{"_acf_changed":false,"_themeisle_gutenberg_block_has_review":false,"footnotes":""},"class_list":["post-36008","page","type-page","status-publish","hentry"],"acf":[],"_links":{"self":[{"href":"https:\/\/sites.uel.br\/prograd\/wp-json\/wp\/v2\/pages\/36008","targetHints":{"allow":["GET"]}}],"collection":[{"href":"https:\/\/sites.uel.br\/prograd\/wp-json\/wp\/v2\/pages"}],"about":[{"href":"https:\/\/sites.uel.br\/prograd\/wp-json\/wp\/v2\/types\/page"}],"author":[{"embeddable":true,"href":"https:\/\/sites.uel.br\/prograd\/wp-json\/wp\/v2\/users\/8"}],"replies":[{"embeddable":true,"href":"https:\/\/sites.uel.br\/prograd\/wp-json\/wp\/v2\/comments?post=36008"}],"version-history":[{"count":3,"href":"https:\/\/sites.uel.br\/prograd\/wp-json\/wp\/v2\/pages\/36008\/revisions"}],"predecessor-version":[{"id":36384,"href":"https:\/\/sites.uel.br\/prograd\/wp-json\/wp\/v2\/pages\/36008\/revisions\/36384"}],"wp:attachment":[{"href":"https:\/\/sites.uel.br\/prograd\/wp-json\/wp\/v2\/media?parent=36008"}],"curies":[{"name":"wp","href":"https:\/\/api.w.org\/{rel}","templated":true}]}}