{"id":36006,"date":"2025-12-09T15:45:56","date_gmt":"2025-12-09T18:45:56","guid":{"rendered":"https:\/\/sites.uel.br\/prograd\/?page_id=36006"},"modified":"2025-12-11T16:08:54","modified_gmt":"2025-12-11T19:08:54","slug":"catalogo-dos-cursos-de-graduacao-2025-ciencias-sociais-licenciatura","status":"publish","type":"page","link":"https:\/\/sites.uel.br\/prograd\/catalogo-dos-cursos-de-graduacao-2025-ciencias-sociais-licenciatura\/","title":{"rendered":"Cat\u00e1logo dos Cursos de Gradua\u00e7\u00e3o (2025)"},"content":{"rendered":"\n<hr class=\"wp-block-separator has-alpha-channel-opacity is-style-wide\"\/>\n\n\n\n<h2 class=\"wp-block-heading\">Ci\u00eancias Sociais \u2013 Licenciatura<\/h2>\n\n\n\n<p><strong>Cria\u00e7\u00e3o<\/strong><br>Resolu\u00e7\u00e3o n.\u00ba 100, de 25.05.72<\/p>\n\n\n\n<p><strong>Grau<\/strong><br>Licenciado em Ci\u00eancias Sociais&nbsp;<\/p>\n\n\n\n<p><strong>Turno<\/strong><br>Noturno<\/p>\n\n\n\n<p><strong>Perfil do Profissional<\/strong><br>O Curso de Ci\u00eancias Sociais \u2013 Habilita\u00e7\u00e3o Licenciatura \u2013 prop\u00f5e a forma\u00e7\u00e3o de um profissional com o seguinte perfil: capacidade de operar com teorias, conceitos e m\u00e9todos pr\u00f3prios das Ci\u00eancias Sociais, utilizando seus conhecimentos para melhor compreens\u00e3o de seu contexto social e aprimoramento de sua pr\u00e1tica profissional; habilidades did\u00e1tico-pedag\u00f3gicas e dom\u00ednio dos conte\u00fados b\u00e1sicos para o exerc\u00edcio do Magist\u00e9rio \u2013 Ensino da Sociologia no Ensino M\u00e9dio; capacidade de pesquisa e reflex\u00e3o cr\u00edtica sobre a realidade social que o habilitem para a media\u00e7\u00e3o\/interven\u00e7\u00e3o em processos sociais, culturais, pol\u00edticos e pedag\u00f3gicos; capacidade de operar novos recursos informacionais como meios de enriquecimento intelectual e did\u00e1tico, propiciando ambientes e situa\u00e7\u00f5es educativas mais adequadas e promissoras \u00e0 forma\u00e7\u00e3o dos estudantes do Ensino M\u00e9dio; cidadania ativa e compromisso com a justi\u00e7a, a diversidade e a inclus\u00e3o.<\/p>\n\n\n\n<p><strong>Objetivo do Curso<\/strong><br>Permitir uma forma\u00e7\u00e3o te\u00f3rico-metodol\u00f3gica e did\u00e1tico-pedag\u00f3gica s\u00f3lidas, capazes de conduzir o estudante a uma reflex\u00e3o \u00e9tica e cr\u00edtica sobre a sociedade contempor\u00e2nea, o aprimoramento do exerc\u00edcio da cidadania e da doc\u00eancia. Integrar o ensino, a pesquisa e extens\u00e3o como momentos de um mesmo processo de constru\u00e7\u00e3o do conhecimento; propiciar ao estudante uma forma\u00e7\u00e3o integrada das \u00e1reas e sub\u00e1reas das Ci\u00eancias Sociais; garantir, na forma\u00e7\u00e3o do estudante, o compromisso \u00e9tico e social com sua pr\u00e1tica profissional; proporcionar o dom\u00ednio de metodologias e de conte\u00fados b\u00e1sicos para o exerc\u00edcio do Magist\u00e9rio \u2013 Ensino da Sociologia no Ensino M\u00e9dio.<\/p>\n\n\n\n<p><strong>Campos de Atua\u00e7\u00e3o<\/strong><br>Escolas p\u00fablicas e privadas de ensino fundamental, m\u00e9dio e superior.<\/p>\n\n\n\n<p><strong>Sistema&nbsp;Acad\u00eamico<\/strong><br>Matr\u00edcula por Atividade Acad\u00eamica<\/p>\n\n\n\n<p><strong>Dura\u00e7\u00e3o M\u00ednima e M\u00e1xima<\/strong><br>4\/8 anos<\/p>\n\n\n\n<p><strong>Turno\/vagas<\/strong><br>Noturno \u2013 60<\/p>\n\n\n\n<div style=\"height:21px\" aria-hidden=\"true\" class=\"wp-block-spacer\"><\/div>\n\n\n\n<h3 class=\"wp-block-heading\"><strong>Saiba Mais Sobre o Curso de Ci\u00eancias Sociais \u2013 Licenciatura<\/strong><\/h3>\n\n\n\n<p><a href=\"https:\/\/sites.uel.br\/prograd\/wp-content\/uploads\/catalogo_cursos\/2025\/organizacao_curricular\/ciencias_sociais_licenciatura_noturno.pdf\" target=\"_blank\" rel=\"noreferrer noopener\">Organiza\u00e7\u00e3o Curricular<\/a><\/p>\n\n\n\n<p><a href=\"https:\/\/sites.uel.br\/prograd\/wp-content\/uploads\/catalogo_cursos\/2025\/ementas\/ciencias_sociais_licenciatura_noturno.pdf\" target=\"_blank\" rel=\"noreferrer noopener\">Ementas<\/a><\/p>\n\n\n\n<p><a href=\"https:\/\/sites.uel.br\/prograd\/wp-content\/uploads\/catalogo_cursos\/2025\/corpo_docente\/ciencias_sociais_licenciatura.pdf\" target=\"_blank\" rel=\"noreferrer noopener\">Corpo Docente<\/a><\/p>\n\n\n\n<p><a href=\"https:\/\/sites.uel.br\/prograd\/wp-content\/uploads\/2023\/12\/estrutura_recursos.pdf\" target=\"_blank\" rel=\"noreferrer noopener\"><\/a><a href=\"https:\/\/sites.uel.br\/prograd\/wp-content\/uploads\/catalogo_cursos\/2025\/estrutura_recursos\/estrutura_recursos.pdf\" target=\"_blank\" rel=\"noreferrer noopener\">Estrutura\/Recursos<\/a><\/p>\n\n\n\n<p><a href=\"https:\/\/sites.uel.br\/prograd\/wp-content\/uploads\/documentos\/resolucoes\/2022\/resolucao_91_22.pdf\" target=\"_blank\" rel=\"noreferrer noopener\">Projeto Pedag\u00f3gico<\/a><\/p>\n\n","protected":false},"excerpt":{"rendered":"<p>Ci\u00eancias Sociais \u2013 Licenciatura Cria\u00e7\u00e3oResolu\u00e7\u00e3o n.\u00ba 100, de 25.05.72 GrauLicenciado em Ci\u00eancias Sociais&nbsp; TurnoNoturno Perfil do ProfissionalO Curso de Ci\u00eancias Sociais \u2013 Habilita\u00e7\u00e3o Licenciatura \u2013 prop\u00f5e a forma\u00e7\u00e3o de um profissional com o seguinte perfil: capacidade de operar com teorias, conceitos e m\u00e9todos pr\u00f3prios das Ci\u00eancias Sociais, utilizando seus conhecimentos para melhor compreens\u00e3o de seu [&hellip;]<\/p>\n","protected":false},"author":8,"featured_media":0,"parent":0,"menu_order":0,"comment_status":"closed","ping_status":"closed","template":"","meta":{"_acf_changed":false,"_themeisle_gutenberg_block_has_review":false,"footnotes":""},"class_list":["post-36006","page","type-page","status-publish","hentry"],"acf":[],"_links":{"self":[{"href":"https:\/\/sites.uel.br\/prograd\/wp-json\/wp\/v2\/pages\/36006","targetHints":{"allow":["GET"]}}],"collection":[{"href":"https:\/\/sites.uel.br\/prograd\/wp-json\/wp\/v2\/pages"}],"about":[{"href":"https:\/\/sites.uel.br\/prograd\/wp-json\/wp\/v2\/types\/page"}],"author":[{"embeddable":true,"href":"https:\/\/sites.uel.br\/prograd\/wp-json\/wp\/v2\/users\/8"}],"replies":[{"embeddable":true,"href":"https:\/\/sites.uel.br\/prograd\/wp-json\/wp\/v2\/comments?post=36006"}],"version-history":[{"count":3,"href":"https:\/\/sites.uel.br\/prograd\/wp-json\/wp\/v2\/pages\/36006\/revisions"}],"predecessor-version":[{"id":36381,"href":"https:\/\/sites.uel.br\/prograd\/wp-json\/wp\/v2\/pages\/36006\/revisions\/36381"}],"wp:attachment":[{"href":"https:\/\/sites.uel.br\/prograd\/wp-json\/wp\/v2\/media?parent=36006"}],"curies":[{"name":"wp","href":"https:\/\/api.w.org\/{rel}","templated":true}]}}