{"id":35989,"date":"2025-12-09T15:38:41","date_gmt":"2025-12-09T18:38:41","guid":{"rendered":"https:\/\/sites.uel.br\/prograd\/?page_id=35989"},"modified":"2025-12-12T15:53:14","modified_gmt":"2025-12-12T18:53:14","slug":"catalogo-dos-cursos-de-graduacao-2025-ciencias-economicas","status":"publish","type":"page","link":"https:\/\/sites.uel.br\/prograd\/catalogo-dos-cursos-de-graduacao-2025-ciencias-economicas\/","title":{"rendered":"Cat\u00e1logo dos Cursos de Gradua\u00e7\u00e3o (2025)"},"content":{"rendered":"\n<hr class=\"wp-block-separator has-alpha-channel-opacity is-style-wide\"\/>\n\n\n\n<h2 class=\"wp-block-heading\">Ci\u00eancias Econ\u00f4micas<\/h2>\n\n\n\n<p><strong>Cria\u00e7\u00e3o<\/strong><br>Lei Estadual 5.308, de 05.05.66<\/p>\n\n\n\n<p><strong>Grau<\/strong><br>Bacharel em Ci\u00eancias Econ\u00f4micas&nbsp;<\/p>\n\n\n\n<p><strong>Turno<\/strong><br>Matutino\/noturno&nbsp;<\/p>\n\n\n\n<p><strong>Perfil do Profissional<\/strong><br>O economista formado pela UEL dever\u00e1 ter compet\u00eancia e habilidade para: exercer cargos de lideran\u00e7a junto a empresas p\u00fablicas e privadas; atuar com \u00e9tica e responsabilidade em equipes multidisciplinares; ser cr\u00edtico e criativo em rela\u00e7\u00e3o \u00e0s quest\u00f5es econ\u00f4micas, sociais e ambientais; tomar decis\u00f5es e resolver problemas numa realidade diversificada e em constante transforma\u00e7\u00e3o e utilizar o instrumental econ\u00f4mico, te\u00f3rico-hist\u00f3rico-matem\u00e1tico, para an\u00e1lise e solu\u00e7\u00e3o dos problemas da realidade socioecon\u00f4mica.<\/p>\n\n\n\n<p><strong>Objetivo do Curso<\/strong><br>Formar profissionais com capacidade anal\u00edtica, vis\u00e3o cr\u00edtica e, principalmente, compet\u00eancia para adquirir novos conhecimentos, aptos ao exerc\u00edcio profissional em todos os setores do campo econ\u00f4mico. Para tanto, o curso oferecer\u00e1 ao estudante as bases te\u00f3rico-cient\u00edficas necess\u00e1rias \u00e0 sua forma\u00e7\u00e3o, estimulando-o a ter interesse pelo avan\u00e7o da ci\u00eancia, do humanismo e justi\u00e7a social, mantendo sintonia com as exig\u00eancias da sociedade e habilitando-o a desenvolver racioc\u00ednio l\u00f3gico e capacidade de express\u00e3o escrita, oral e interpretativa.<\/p>\n\n\n\n<p><strong>Campos de Atua\u00e7\u00e3o<\/strong><br>S\u00e3o inerentes ao campo profissional do economista as seguintes atividades: planejamento, proje\u00e7\u00e3o, programa\u00e7\u00e3o e an\u00e1lises econ\u00f4mico-financeira de investimentos de qualquer natureza; estudos, an\u00e1lises e pareceres pertinentes \u00e0 quest\u00f5es econ\u00f4micas; per\u00edcias avalia\u00e7\u00f5es e arbitramentos; ensino de Estat\u00edstica, Economia e Finan\u00e7as em cursos t\u00e9cnicos e superior podendo atuar ainda em consultoria e assessoria econ\u00f4mica de empresas e no desenvolvimento e an\u00e1lises do projeto. A profiss\u00e3o \u00e9 regulamentada pela Lei Federal n.\u00ba 1.411 de 13\/08\/51 com nova reda\u00e7\u00e3o dada pela Lei Federal n.\u00ba 6.021, de 13.01.74.<\/p>\n\n\n\n<p><strong>Sistema&nbsp;Acad\u00eamico<\/strong><br>Cr\u00e9dito Anual&nbsp;<\/p>\n\n\n\n<p><strong>Dura\u00e7\u00e3o M\u00ednima e M\u00e1xima<\/strong><br>5\/10 anos<\/p>\n\n\n\n<p><strong>Turno\/vagas<\/strong><br>Matutino \u2013 50\/noturno \u2013 50<\/p>\n\n\n\n<div style=\"height:21px\" aria-hidden=\"true\" class=\"wp-block-spacer\"><\/div>\n\n\n\n<h3 class=\"wp-block-heading\"><strong>Saiba Mais Sobre o Curso de Ci\u00eancias Econ\u00f4micas<\/strong><\/h3>\n\n\n\n<p>Organiza\u00e7\u00e3o Curricular<br>(<a href=\"https:\/\/sites.uel.br\/prograd\/wp-content\/uploads\/catalogo_cursos\/2025\/organizacao_curricular\/ciencias_economicas_matutino.pdf\" target=\"_blank\" rel=\"noreferrer noopener\">Matutino<\/a>) (<a href=\"https:\/\/sites.uel.br\/prograd\/wp-content\/uploads\/catalogo_cursos\/2025\/organizacao_curricular\/ciencias_economicas_noturno.pdf\" target=\"_blank\" rel=\"noreferrer noopener\">Noturno<\/a>)<\/p>\n\n\n\n<p>Ementas<br>(<a href=\"https:\/\/sites.uel.br\/prograd\/wp-content\/uploads\/catalogo_cursos\/2025\/ementas\/ciencias_economicas_matutino.pdf\" target=\"_blank\" rel=\"noreferrer noopener\">Matutino<\/a>) (<a href=\"https:\/\/sites.uel.br\/prograd\/wp-content\/uploads\/catalogo_cursos\/2025\/ementas\/ciencias_economicas_noturno.pdf\" target=\"_blank\" rel=\"noreferrer noopener\">Noturno<\/a>)<\/p>\n\n\n\n<p>Corpo Docente<br>(<a href=\"https:\/\/sites.uel.br\/prograd\/wp-content\/uploads\/catalogo_cursos\/2025\/corpo_docente\/ciencias_economicas_matutino.pdf\" target=\"_blank\" rel=\"noreferrer noopener\">Matutino<\/a>) (<a href=\"https:\/\/sites.uel.br\/prograd\/wp-content\/uploads\/catalogo_cursos\/2025\/corpo_docente\/ciencias_economicas_noturno.pdf\" target=\"_blank\" rel=\"noreferrer noopener\">Noturno<\/a>)<\/p>\n\n\n\n<p><a href=\"http:\/\/www.uel.br\/prograd\/catalogo-cursos\/catalogo_2022\/estrutura_recursos\/estrutura_recursos.pdf\" target=\"_blank\" rel=\"noreferrer noopener\"><\/a><a href=\"https:\/\/sites.uel.br\/prograd\/wp-content\/uploads\/2023\/12\/estrutura_recursos.pdf\" target=\"_blank\" rel=\"noreferrer noopener\"><\/a><a href=\"https:\/\/sites.uel.br\/prograd\/wp-content\/uploads\/catalogo_cursos\/2025\/estrutura_recursos\/estrutura_recursos.pdf\" target=\"_blank\" rel=\"noreferrer noopener\">Estrutura\/Recursos<\/a><\/p>\n\n\n\n<p><a href=\"https:\/\/sites.uel.br\/prograd\/wp-content\/uploads\/documentos\/resolucoes\/2021\/resolucao_36_21.pdf\" target=\"_blank\" rel=\"noreferrer noopener\">Projeto Pedag\u00f3gico<\/a><\/p>\n","protected":false},"excerpt":{"rendered":"<p>Ci\u00eancias Econ\u00f4micas Cria\u00e7\u00e3oLei Estadual 5.308, de 05.05.66 GrauBacharel em Ci\u00eancias Econ\u00f4micas&nbsp; TurnoMatutino\/noturno&nbsp; Perfil do ProfissionalO economista formado pela UEL dever\u00e1 ter compet\u00eancia e habilidade para: exercer cargos de lideran\u00e7a junto a empresas p\u00fablicas e privadas; atuar com \u00e9tica e responsabilidade em equipes multidisciplinares; ser cr\u00edtico e criativo em rela\u00e7\u00e3o \u00e0s quest\u00f5es econ\u00f4micas, sociais e ambientais; [&hellip;]<\/p>\n","protected":false},"author":8,"featured_media":0,"parent":0,"menu_order":0,"comment_status":"closed","ping_status":"closed","template":"","meta":{"_acf_changed":false,"_themeisle_gutenberg_block_has_review":false,"footnotes":""},"class_list":["post-35989","page","type-page","status-publish","hentry"],"acf":[],"_links":{"self":[{"href":"https:\/\/sites.uel.br\/prograd\/wp-json\/wp\/v2\/pages\/35989","targetHints":{"allow":["GET"]}}],"collection":[{"href":"https:\/\/sites.uel.br\/prograd\/wp-json\/wp\/v2\/pages"}],"about":[{"href":"https:\/\/sites.uel.br\/prograd\/wp-json\/wp\/v2\/types\/page"}],"author":[{"embeddable":true,"href":"https:\/\/sites.uel.br\/prograd\/wp-json\/wp\/v2\/users\/8"}],"replies":[{"embeddable":true,"href":"https:\/\/sites.uel.br\/prograd\/wp-json\/wp\/v2\/comments?post=35989"}],"version-history":[{"count":6,"href":"https:\/\/sites.uel.br\/prograd\/wp-json\/wp\/v2\/pages\/35989\/revisions"}],"predecessor-version":[{"id":36471,"href":"https:\/\/sites.uel.br\/prograd\/wp-json\/wp\/v2\/pages\/35989\/revisions\/36471"}],"wp:attachment":[{"href":"https:\/\/sites.uel.br\/prograd\/wp-json\/wp\/v2\/media?parent=35989"}],"curies":[{"name":"wp","href":"https:\/\/api.w.org\/{rel}","templated":true}]}}