{"id":35988,"date":"2025-12-09T15:38:45","date_gmt":"2025-12-09T18:38:45","guid":{"rendered":"https:\/\/sites.uel.br\/prograd\/?page_id=35988"},"modified":"2025-12-11T16:07:58","modified_gmt":"2025-12-11T19:07:58","slug":"catalogo-dos-cursos-de-graduacao-2025-ciencias-contabeis","status":"publish","type":"page","link":"https:\/\/sites.uel.br\/prograd\/catalogo-dos-cursos-de-graduacao-2025-ciencias-contabeis\/","title":{"rendered":"Cat\u00e1logo dos Cursos de Gradua\u00e7\u00e3o (2025)"},"content":{"rendered":"\n<hr class=\"wp-block-separator has-alpha-channel-opacity is-style-wide\"\/>\n\n\n\n<h2 class=\"wp-block-heading\">Ci\u00eancias Cont\u00e1beis<\/h2>\n\n\n\n<p><strong>Cria\u00e7\u00e3o<\/strong><br>Resolu\u00e7\u00e3o 53, de 26.10.71<\/p>\n\n\n\n<p><strong>Grau<\/strong><br>Bacharel em Ci\u00eancias Cont\u00e1beis&nbsp;<\/p>\n\n\n\n<p><strong>Turno<\/strong><br>Matutino\/noturno<\/p>\n\n\n\n<p><strong>Perfil do Profissional<\/strong><br>O curso visa formar o profissional da Contabilidade com vis\u00e3o generalista, com amplos conhecimentos sem diferentes \u00e1reas da contabilidade e de conhecimentos afins e correlatos, permitindo, assim, ao contador, adaptar-se com maior facilidade \u00e0quela especialidade a que pretende dedicar-se. Atualmente, as atividades econ\u00f4micas e empresariais crescem em complexidade, exigindo profissional cont\u00e1bil cada vez mais capacitado, cabendo aos cursos superiores de ci\u00eancias cont\u00e1beis atender \u00e0 demanda de forma eficiente, oferecendo ao mercado de trabalho contadores aptos, ou facilmente adapt\u00e1veis, \u00e0s diferentes especialidades da profiss\u00e3o.<\/p>\n\n\n\n<p><strong>Objetivo do Curso<\/strong><br>Formar bachar\u00e9is em ci\u00eancias cont\u00e1beis dotados de conhecimentos de contabilidade geral e aplicada, capazes de assumir a responsabilidade dos servi\u00e7os cont\u00e1beis das empresas privadas e p\u00fablicas, organizando e dirigindo os respectivos departamentos, executando e\/ou supervisionando esses servi\u00e7os, inclusive os servi\u00e7os afins \u00e0 \u00e1rea cont\u00e1bil, e por eles se responsabilizando.<\/p>\n\n\n\n<p><strong>Campos de Atua\u00e7\u00e3o<\/strong><br>O bacharel em ci\u00eancias cont\u00e1beis \u00e9 um profissional indispens\u00e1vel em todas as entidades p\u00fablicas ou privadas, de fins econ\u00f4micos ou n\u00e3o, prestando servi\u00e7os na qualidade de empregado, funcion\u00e1rio, profissional aut\u00f4nomo, com escrit\u00f3rio individual ou em sociedade com outros contadores ou com profissionais afins, tais como advogados, economistas, administradores, atu\u00e1rios, estat\u00edsticos e outros. O contador pode atuar como contador geral, contador de custos, contador p\u00fablico, auditor interno, auditor independente, analista, controler, perito judicial ou extrajudicial, consultor e outras formas mais, inclusive no servi\u00e7o p\u00fablico como fiscal de tributos, auditor de contas de entidades p\u00fablicas e servi\u00e7os afins. O contador \u00e9 um profissional que tem um mercado de trabalho praticamente assegurado e dos menos afetados por crises econ\u00f4micas. A profiss\u00e3o \u00e9 regulamentada pelo Decreto-Lei n.\u00ba 9.295, de 27.05.46, estando as prerrogativas profissionais estabelecidas na Resolu\u00e7\u00e3o CFC n.\u00ba 560\/83, do Conselho Federal de Contabilidade. A auditoria externa ou independente est\u00e1 prevista nas leis n.\u00ba 6385\/76 e 6.404\/76 e regulamentada na Resolu\u00e7\u00e3o n.\u00ba 216\/94, da Comiss\u00e3o de Valores Mobili\u00e1rios.<\/p>\n\n\n\n<p><strong>Sistema&nbsp;Acad\u00eamico<\/strong><br>Matr\u00edcula por S\u00e9rie<\/p>\n\n\n\n<p><strong>Dura\u00e7\u00e3o M\u00ednima e M\u00e1xima<\/strong><br>4\/8 anos<\/p>\n\n\n\n<p><strong>Turno\/vagas<\/strong><br>Matutino \u2013 40\/noturno \u2013 80<\/p>\n\n\n\n<div style=\"height:21px\" aria-hidden=\"true\" class=\"wp-block-spacer\"><\/div>\n\n\n\n<h3 class=\"wp-block-heading\"><strong>Saiba Mais Sobre o Curso de Ci\u00eancias Cont\u00e1beis<\/strong><\/h3>\n\n\n\n<p>Organiza\u00e7\u00e3o Curricular<br>(<a href=\"https:\/\/sites.uel.br\/prograd\/wp-content\/uploads\/catalogo_cursos\/2025\/organizacao_curricular\/ciencias_contabeis_matutino.pdf\" target=\"_blank\" rel=\"noreferrer noopener\">Matutino<\/a>) (<a href=\"https:\/\/sites.uel.br\/prograd\/wp-content\/uploads\/catalogo_cursos\/2025\/organizacao_curricular\/ciencias_contabeis_noturno.pdf\" target=\"_blank\" rel=\"noreferrer noopener\">Noturno<\/a>)<\/p>\n\n\n\n<p>Ementas<br>(<a href=\"https:\/\/sites.uel.br\/prograd\/wp-content\/uploads\/catalogo_cursos\/2025\/ementas\/ciencias_contabeis_matutino.pdf\" target=\"_blank\" rel=\"noreferrer noopener\">Matutino<\/a>) (<a href=\"https:\/\/sites.uel.br\/prograd\/wp-content\/uploads\/catalogo_cursos\/2025\/ementas\/ciencias_contabeis_noturno.pdf\" target=\"_blank\" rel=\"noreferrer noopener\">Noturno<\/a>)<\/p>\n\n\n\n<p>Corpo Docente<br>(<a href=\"https:\/\/sites.uel.br\/prograd\/wp-content\/uploads\/catalogo_cursos\/2025\/corpo_docente\/ciencias_contabeis_matutino.pdf\" target=\"_blank\" rel=\"noreferrer noopener\">Matutino<\/a>) (<a href=\"https:\/\/sites.uel.br\/prograd\/wp-content\/uploads\/catalogo_cursos\/2025\/corpo_docente\/ciencias_contabeis_noturno.pdf\" target=\"_blank\" rel=\"noreferrer noopener\">Noturno<\/a>)<\/p>\n\n\n\n<p><a href=\"http:\/\/www.uel.br\/prograd\/catalogo-cursos\/catalogo_2022\/estrutura_recursos\/estrutura_recursos.pdf\" target=\"_blank\" rel=\"noreferrer noopener\"><\/a><a href=\"https:\/\/sites.uel.br\/prograd\/wp-content\/uploads\/2023\/12\/estrutura_recursos.pdf\" target=\"_blank\" rel=\"noreferrer noopener\"><\/a><a href=\"https:\/\/sites.uel.br\/prograd\/wp-content\/uploads\/catalogo_cursos\/2025\/estrutura_recursos\/estrutura_recursos.pdf\" target=\"_blank\" rel=\"noreferrer noopener\">Estrutura\/Recursos<\/a><\/p>\n\n\n\n<p><a href=\"https:\/\/sites.uel.br\/prograd\/wp-content\/uploads\/documentos\/resolucoes\/2023\/resolucao_05_23.pdf\" target=\"_blank\" rel=\"noreferrer noopener\">Projeto Pedag\u00f3gico<\/a><\/p>\n\n\n\n<p><\/p>\n\n","protected":false},"excerpt":{"rendered":"<p>Ci\u00eancias Cont\u00e1beis Cria\u00e7\u00e3oResolu\u00e7\u00e3o 53, de 26.10.71 GrauBacharel em Ci\u00eancias Cont\u00e1beis&nbsp; TurnoMatutino\/noturno Perfil do ProfissionalO curso visa formar o profissional da Contabilidade com vis\u00e3o generalista, com amplos conhecimentos sem diferentes \u00e1reas da contabilidade e de conhecimentos afins e correlatos, permitindo, assim, ao contador, adaptar-se com maior facilidade \u00e0quela especialidade a que pretende dedicar-se. Atualmente, as atividades [&hellip;]<\/p>\n","protected":false},"author":8,"featured_media":0,"parent":0,"menu_order":0,"comment_status":"closed","ping_status":"closed","template":"","meta":{"_acf_changed":false,"_themeisle_gutenberg_block_has_review":false,"footnotes":""},"class_list":["post-35988","page","type-page","status-publish","hentry"],"acf":[],"_links":{"self":[{"href":"https:\/\/sites.uel.br\/prograd\/wp-json\/wp\/v2\/pages\/35988","targetHints":{"allow":["GET"]}}],"collection":[{"href":"https:\/\/sites.uel.br\/prograd\/wp-json\/wp\/v2\/pages"}],"about":[{"href":"https:\/\/sites.uel.br\/prograd\/wp-json\/wp\/v2\/types\/page"}],"author":[{"embeddable":true,"href":"https:\/\/sites.uel.br\/prograd\/wp-json\/wp\/v2\/users\/8"}],"replies":[{"embeddable":true,"href":"https:\/\/sites.uel.br\/prograd\/wp-json\/wp\/v2\/comments?post=35988"}],"version-history":[{"count":3,"href":"https:\/\/sites.uel.br\/prograd\/wp-json\/wp\/v2\/pages\/35988\/revisions"}],"predecessor-version":[{"id":36378,"href":"https:\/\/sites.uel.br\/prograd\/wp-json\/wp\/v2\/pages\/35988\/revisions\/36378"}],"wp:attachment":[{"href":"https:\/\/sites.uel.br\/prograd\/wp-json\/wp\/v2\/media?parent=35988"}],"curies":[{"name":"wp","href":"https:\/\/api.w.org\/{rel}","templated":true}]}}