{"id":35985,"date":"2025-12-09T15:38:54","date_gmt":"2025-12-09T18:38:54","guid":{"rendered":"https:\/\/sites.uel.br\/prograd\/?page_id=35985"},"modified":"2025-12-12T08:54:10","modified_gmt":"2025-12-12T11:54:10","slug":"catalogo-dos-cursos-de-graduacao-2025-ciencia-de-dados-e-inteligencia-artificial","status":"publish","type":"page","link":"https:\/\/sites.uel.br\/prograd\/catalogo-dos-cursos-de-graduacao-2025-ciencia-de-dados-e-inteligencia-artificial\/","title":{"rendered":"Cat\u00e1logo dos Cursos de Gradua\u00e7\u00e3o (2025)"},"content":{"rendered":"\n<hr class=\"wp-block-separator has-alpha-channel-opacity is-style-wide\"\/>\n\n\n\n<h2 class=\"wp-block-heading\">Ci\u00eancia de Dados e Intelig\u00eancia Artificial<\/h2>\n\n\n\n<p><strong>Cria\u00e7\u00e3o<\/strong><br><\/p>\n\n\n\n<p><strong>Grau<\/strong><br><\/p>\n\n\n\n<p><strong>Turno<\/strong><br><\/p>\n\n\n\n<p><strong>Perfil do Profissional<\/strong><br><\/p>\n\n\n\n<p><strong>Objetivo do Curso<\/strong><br><\/p>\n\n\n\n<p><strong>Campos de Atua\u00e7\u00e3o<\/strong><br><\/p>\n\n\n\n<p><strong>Sistema&nbsp;Acad\u00eamico<\/strong><br><\/p>\n\n\n\n<p><strong>Dura\u00e7\u00e3o M\u00ednima e M\u00e1xima<\/strong><br><\/p>\n\n\n\n<p><strong>Turno\/vagas<\/strong><br>Noturno \u2013 50<br><\/p>\n\n\n\n<div style=\"height:21px\" aria-hidden=\"true\" class=\"wp-block-spacer\"><\/div>\n\n\n\n<h3 class=\"wp-block-heading\"><strong>Saiba Mais Sobre o Curso de Ci\u00eancia de Dados e Intelig\u00eancia Artificial<\/strong><\/h3>\n\n\n\n<p><a href=\"https:\/\/sites.uel.br\/prograd\/wp-content\/uploads\/catalogo_cursos\/2025\/organizacao_curricular\/ciencia_dados_inteligencia_artificial.pdf\" target=\"_blank\" rel=\"noreferrer noopener\">Organiza\u00e7\u00e3o Curricular<\/a><\/p>\n\n\n\n<p><a href=\"https:\/\/sites.uel.br\/prograd\/wp-content\/uploads\/catalogo_cursos\/2025\/ementas\/ciencia_dados_inteligencia_artificial.pdf\" target=\"_blank\" rel=\"noreferrer noopener\">Ementas<\/a><\/p>\n\n\n\n<p><a href=\"https:\/\/sites.uel.br\/prograd\/wp-content\/uploads\/catalogo_cursos\/2025\/corpo_docente\/ciencia_dados_inteligencia_artificial.pdf\" target=\"_blank\" rel=\"noreferrer noopener\">Corpo Docente<\/a><\/p>\n\n\n\n<p><a href=\"http:\/\/www.uel.br\/prograd\/catalogo-cursos\/catalogo_2022\/estrutura_recursos\/estrutura_recursos.pdf\" target=\"_blank\" rel=\"noreferrer noopener\"><\/a><a href=\"https:\/\/sites.uel.br\/prograd\/wp-content\/uploads\/2023\/12\/estrutura_recursos.pdf\" target=\"_blank\" rel=\"noreferrer noopener\"><\/a><a href=\"https:\/\/sites.uel.br\/prograd\/wp-content\/uploads\/catalogo_cursos\/2025\/estrutura_recursos\/estrutura_recursos.pdf\" target=\"_blank\" rel=\"noreferrer noopener\">Estrutura\/Recursos<\/a><\/p>\n\n\n\n<p><a href=\"https:\/\/sites.uel.br\/prograd\/wp-content\/uploads\/documentos\/resolucoes\/2022\/resolucao_60_22.pdf\" target=\"_blank\" rel=\"noreferrer noopener\">Projeto Pedag\u00f3gico<\/a><\/p>\n","protected":false},"excerpt":{"rendered":"<p>Ci\u00eancia de Dados e Intelig\u00eancia Artificial Cria\u00e7\u00e3o Grau Turno Perfil do Profissional Objetivo do Curso Campos de Atua\u00e7\u00e3o Sistema&nbsp;Acad\u00eamico Dura\u00e7\u00e3o M\u00ednima e M\u00e1xima Turno\/vagasNoturno \u2013 50 Saiba Mais Sobre o Curso de Ci\u00eancia de Dados e Intelig\u00eancia Artificial Organiza\u00e7\u00e3o Curricular Ementas Corpo Docente Estrutura\/Recursos Projeto Pedag\u00f3gico<\/p>\n","protected":false},"author":8,"featured_media":0,"parent":0,"menu_order":0,"comment_status":"closed","ping_status":"closed","template":"","meta":{"_acf_changed":false,"_themeisle_gutenberg_block_has_review":false,"footnotes":""},"class_list":["post-35985","page","type-page","status-publish","hentry"],"acf":[],"_links":{"self":[{"href":"https:\/\/sites.uel.br\/prograd\/wp-json\/wp\/v2\/pages\/35985","targetHints":{"allow":["GET"]}}],"collection":[{"href":"https:\/\/sites.uel.br\/prograd\/wp-json\/wp\/v2\/pages"}],"about":[{"href":"https:\/\/sites.uel.br\/prograd\/wp-json\/wp\/v2\/types\/page"}],"author":[{"embeddable":true,"href":"https:\/\/sites.uel.br\/prograd\/wp-json\/wp\/v2\/users\/8"}],"replies":[{"embeddable":true,"href":"https:\/\/sites.uel.br\/prograd\/wp-json\/wp\/v2\/comments?post=35985"}],"version-history":[{"count":5,"href":"https:\/\/sites.uel.br\/prograd\/wp-json\/wp\/v2\/pages\/35985\/revisions"}],"predecessor-version":[{"id":36424,"href":"https:\/\/sites.uel.br\/prograd\/wp-json\/wp\/v2\/pages\/35985\/revisions\/36424"}],"wp:attachment":[{"href":"https:\/\/sites.uel.br\/prograd\/wp-json\/wp\/v2\/media?parent=35985"}],"curies":[{"name":"wp","href":"https:\/\/api.w.org\/{rel}","templated":true}]}}