{"id":35984,"date":"2025-12-09T15:38:57","date_gmt":"2025-12-09T18:38:57","guid":{"rendered":"https:\/\/sites.uel.br\/prograd\/?page_id=35984"},"modified":"2025-12-11T16:06:40","modified_gmt":"2025-12-11T19:06:40","slug":"catalogo-dos-cursos-de-graduacao-2025-ciencia-da-computacao","status":"publish","type":"page","link":"https:\/\/sites.uel.br\/prograd\/catalogo-dos-cursos-de-graduacao-2025-ciencia-da-computacao\/","title":{"rendered":"Cat\u00e1logo dos Cursos de Gradua\u00e7\u00e3o (2025)"},"content":{"rendered":"\n<hr class=\"wp-block-separator has-alpha-channel-opacity is-style-wide\"\/>\n\n\n\n<h2 class=\"wp-block-heading\">Ci\u00eancia da Computa\u00e7\u00e3o<\/h2>\n\n\n\n<p><strong>Cria\u00e7\u00e3o<\/strong><br>Resolu\u00e7\u00e3o n.\u00ba 1.586, de 26.09.90<\/p>\n\n\n\n<p><strong>Grau<\/strong><br>Bacharel em Ci\u00eancia da Computa\u00e7\u00e3o&nbsp;<\/p>\n\n\n\n<p><strong>Turno<\/strong><br>Integral<\/p>\n\n\n\n<p><strong>Perfil do Profissional<\/strong><br>O Bacharel em Ci\u00eancia da Computa\u00e7\u00e3o \u00e9 capaz de solucionar problemas do mundo real, por meio da constru\u00e7\u00e3o de modelos computacionais e de sua implementa\u00e7\u00e3o. As caracter\u00edsticas fundamentais deste profissional s\u00e3o: conhecimento e dom\u00ednio do processo de projeto para construir a solu\u00e7\u00e3o de problemas com base cient\u00edfica; capacidade de aplicar seus conhecimentos de forma independente e inovadora, acompanhando a evolu\u00e7\u00e3o do setor e contribuindo na busca de solu\u00e7\u00f5es nas diferentes \u00e1reas aplicadas; forma\u00e7\u00e3o human\u00edstica permitindo a compreens\u00e3o do mundo e da sociedade, uma forma\u00e7\u00e3o de neg\u00f3cios, permitindo uma vis\u00e3o da din\u00e2mica organizacional e estimulando o trabalho em grupo, desenvolvendo suas habilidades de comunica\u00e7\u00e3o e express\u00e3o.<\/p>\n\n\n\n<p><strong>Objetivo do Curso<\/strong><br>Formar profissionais que tenham capacidade de desenvolver ci\u00eancia e tecnologia da computa\u00e7\u00e3o; usar de forma eficiente os recursos correntes de hardware e software para desenvolver solu\u00e7\u00f5es para qualquer \u00e1rea da atividade humana onde se possa aplicar elementos computacionais; habilitar o egresso a ingressar num programa de p\u00f3s-gradua\u00e7\u00e3o.<\/p>\n\n\n\n<p><strong>Campos de Atua\u00e7\u00e3o<\/strong><br>O Bacharel em Ci\u00eancia da Computa\u00e7\u00e3o est\u00e1 apto a prestar servi\u00e7os junto \u00e0s empresas e institui\u00e7\u00f5es governamentais ou privadas de pequeno ou grande porte, tanto nos setores industriais, comerciais, como atuar em institui\u00e7\u00f5es de ensino e de pesquisa, necessitando, neste caso, a continuidade da forma\u00e7\u00e3o acad\u00eamica atrav\u00e9s de cursos de p\u00f3s-gradua\u00e7\u00e3o. Tamb\u00e9m pode atuar como empreendedor de seu pr\u00f3prio neg\u00f3cio em inform\u00e1tica.<\/p>\n\n\n\n<p><strong>Sistema&nbsp;Acad\u00eamico<\/strong><br>Matr\u00edcula por Atividade Acad\u00eamica<\/p>\n\n\n\n<p><strong>Dura\u00e7\u00e3o M\u00ednima e M\u00e1xima<\/strong><br>4\/8 anos<\/p>\n\n\n\n<p><strong>Turno\/vagas<\/strong><br>Integral \u2013 40<\/p>\n\n\n\n<div style=\"height:21px\" aria-hidden=\"true\" class=\"wp-block-spacer\"><\/div>\n\n\n\n<h3 class=\"wp-block-heading\"><strong>Saiba Mais Sobre o Curso de&nbsp;Ci\u00eancia da Computa\u00e7\u00e3o<\/strong><\/h3>\n\n\n\n<p><a href=\"https:\/\/sites.uel.br\/prograd\/wp-content\/uploads\/catalogo_cursos\/2025\/organizacao_curricular\/ciencia_computacao.pdf\" target=\"_blank\" rel=\"noreferrer noopener\">Organiza\u00e7\u00e3o Curricular<\/a><\/p>\n\n\n\n<p><a href=\"https:\/\/sites.uel.br\/prograd\/wp-content\/uploads\/catalogo_cursos\/2025\/ementas\/ciencia_computacao.pdf\" target=\"_blank\" rel=\"noreferrer noopener\">Ementas<\/a><\/p>\n\n\n\n<p><a href=\"https:\/\/sites.uel.br\/prograd\/wp-content\/uploads\/catalogo_cursos\/2025\/corpo_docente\/ciencia_computacao.pdf\" target=\"_blank\" rel=\"noreferrer noopener\">Corpo Docente<\/a><\/p>\n\n\n\n<p><a href=\"http:\/\/www.uel.br\/prograd\/catalogo-cursos\/catalogo_2022\/estrutura_recursos\/estrutura_recursos.pdf\" target=\"_blank\" rel=\"noreferrer noopener\"><\/a><a href=\"https:\/\/sites.uel.br\/prograd\/wp-content\/uploads\/2023\/12\/estrutura_recursos.pdf\" target=\"_blank\" rel=\"noreferrer noopener\"><\/a><a href=\"https:\/\/sites.uel.br\/prograd\/wp-content\/uploads\/catalogo_cursos\/2025\/estrutura_recursos\/estrutura_recursos.pdf\" target=\"_blank\" rel=\"noreferrer noopener\">Estrutura\/Recursos<\/a><\/p>\n\n\n\n<p><a href=\"https:\/\/sites.uel.br\/prograd\/wp-content\/uploads\/documentos\/resolucoes\/2022\/resolucao_109_22.pdf\" target=\"_blank\" rel=\"noreferrer noopener\">Projeto Pedag\u00f3gico<\/a><\/p>\n\n","protected":false},"excerpt":{"rendered":"<p>Ci\u00eancia da Computa\u00e7\u00e3o Cria\u00e7\u00e3oResolu\u00e7\u00e3o n.\u00ba 1.586, de 26.09.90 GrauBacharel em Ci\u00eancia da Computa\u00e7\u00e3o&nbsp; TurnoIntegral Perfil do ProfissionalO Bacharel em Ci\u00eancia da Computa\u00e7\u00e3o \u00e9 capaz de solucionar problemas do mundo real, por meio da constru\u00e7\u00e3o de modelos computacionais e de sua implementa\u00e7\u00e3o. As caracter\u00edsticas fundamentais deste profissional s\u00e3o: conhecimento e dom\u00ednio do processo de projeto para [&hellip;]<\/p>\n","protected":false},"author":8,"featured_media":0,"parent":0,"menu_order":0,"comment_status":"closed","ping_status":"closed","template":"","meta":{"_acf_changed":false,"_themeisle_gutenberg_block_has_review":false,"footnotes":""},"class_list":["post-35984","page","type-page","status-publish","hentry"],"acf":[],"_links":{"self":[{"href":"https:\/\/sites.uel.br\/prograd\/wp-json\/wp\/v2\/pages\/35984","targetHints":{"allow":["GET"]}}],"collection":[{"href":"https:\/\/sites.uel.br\/prograd\/wp-json\/wp\/v2\/pages"}],"about":[{"href":"https:\/\/sites.uel.br\/prograd\/wp-json\/wp\/v2\/types\/page"}],"author":[{"embeddable":true,"href":"https:\/\/sites.uel.br\/prograd\/wp-json\/wp\/v2\/users\/8"}],"replies":[{"embeddable":true,"href":"https:\/\/sites.uel.br\/prograd\/wp-json\/wp\/v2\/comments?post=35984"}],"version-history":[{"count":3,"href":"https:\/\/sites.uel.br\/prograd\/wp-json\/wp\/v2\/pages\/35984\/revisions"}],"predecessor-version":[{"id":36374,"href":"https:\/\/sites.uel.br\/prograd\/wp-json\/wp\/v2\/pages\/35984\/revisions\/36374"}],"wp:attachment":[{"href":"https:\/\/sites.uel.br\/prograd\/wp-json\/wp\/v2\/media?parent=35984"}],"curies":[{"name":"wp","href":"https:\/\/api.w.org\/{rel}","templated":true}]}}