{"id":35983,"date":"2025-12-09T15:38:59","date_gmt":"2025-12-09T18:38:59","guid":{"rendered":"https:\/\/sites.uel.br\/prograd\/?page_id=35983"},"modified":"2025-12-11T16:06:21","modified_gmt":"2025-12-11T19:06:21","slug":"catalogo-dos-cursos-de-graduacao-2025-biotecnologia","status":"publish","type":"page","link":"https:\/\/sites.uel.br\/prograd\/catalogo-dos-cursos-de-graduacao-2025-biotecnologia\/","title":{"rendered":"Cat\u00e1logo dos Cursos de Gradua\u00e7\u00e3o (2025)"},"content":{"rendered":"\n<hr class=\"wp-block-separator has-alpha-channel-opacity is-style-wide\"\/>\n\n\n\n<h2 class=\"wp-block-heading\">Biotecnologia<\/h2>\n\n\n\n<p><strong>Cria\u00e7\u00e3o<\/strong><br>Resolu\u00e7\u00e3o CEPE\/CA n\u00ba 039\/2013<\/p>\n\n\n\n<p><strong>Grau<\/strong><br>Bacharel em Biotecnologia&nbsp;<\/p>\n\n\n\n<p><strong>Turno<\/strong><br>Integral<\/p>\n\n\n\n<p><strong>Perfil do Profissional<\/strong><br>Espera-se que o Bacharel em Biotecnologia formado pela UEL tenha o seguinte perfil: &nbsp;\u201cum profissional multidisciplinar, com s\u00f3lida forma\u00e7\u00e3o b\u00e1sica, cient\u00edfica e tecnol\u00f3gica, que lhe permita degradar, sintetizar e produzir materiais (bioconvers\u00f5es \u2013 bioss\u00edntese), \u00e0 partir da mat\u00e9ria viva, mol\u00e9culas ou c\u00e9lulas de natureza microbiana, animal ou vegetal, na perspectiva de disponibilizar processos e produtos&nbsp; nas \u00e1reas das ci\u00eancias da sa\u00fade, das agr\u00e1rias, do meio ambiente e de bioenergia. Dever\u00e1 estar preparado para ser um agente de modifica\u00e7\u00e3o da realidade presente, por meio do exerc\u00edcio reflexivo e criativo de suas atividades profissionais, que contribuir\u00e1 para o desenvolvimento da ci\u00eancia e da tecnologia, bem como para a preserva\u00e7\u00e3o ambiental. Estar\u00e1 habilitado a diagnosticar, analisar e solucionar problemas, aplicando conhecimentos j\u00e1 existentes ou produzindo novos, bem como a contribuir para a formula\u00e7\u00e3o de pol\u00edticas que permitam a melhoria da qualidade de vida. Tamb\u00e9m ser\u00e1 capaz de coordenar e atuar inter e multidisciplinarmente em equipes de trabalho; a desenvolver ideias inovadoras&nbsp; &nbsp;e a\u00e7\u00f5es estrat\u00e9gicas capazes de ampliar e aperfei\u00e7oar seu campo de atua\u00e7\u00e3o\u201d. Em suma, podemos dizer que o Curso de Biotecnologia da UEL formar\u00e1 um profissional que tem qualidades t\u00e9cnicas, capacidade cient\u00edfica para aprender e criar, esp\u00edrito de organiza\u00e7\u00e3o, empreendedorismo e lideran\u00e7a al\u00e9m de sensibilidade para as quest\u00f5es humanas.<\/p>\n\n\n\n<p><strong>Objetivo do Curso<\/strong><br>Promover a forma\u00e7\u00e3o de profissionais competentes nas suas atribui\u00e7\u00f5es t\u00e9cnicas \u2013 cient\u00edficas, com esp\u00edrito cr\u00edtico, reflexivo e questionador, capaz de utilizar eticamente as t\u00e9cnicas e os conhecimentos adquiridos no estudo e na pr\u00e1tica da Biotecnologia, exercendo, desta forma, a cidadania e a profiss\u00e3o dignamente. Estimular a criatividade, a autonomia intelectual, o pensamento cr\u00edtico e a auto-aprendizagem para a sistematiza\u00e7\u00e3o e constru\u00e7\u00e3o do conhecimento sustentada na rela\u00e7\u00e3o te\u00f3rica e pr\u00e1tica. Desenvolver a capacidade de observa\u00e7\u00e3o, planejamento, contextualiza\u00e7\u00e3o e interpreta\u00e7\u00e3o dos processos biotecnol\u00f3gicos e dos fatores que neles interv\u00e9m, buscando solu\u00e7\u00f5es para os problemas relacionados a sua atividade profissional. Buscar solu\u00e7\u00f5es aos desafios e problemas da pr\u00e1tica profissional, com cidadania e respeito ao meio ambiente e aos princ\u00edpios \u00e9ticos, est\u00e9ticos e pol\u00edticos. Desenvolver t\u00e9cnicas e m\u00e9todos relativos \u00e0 produ\u00e7\u00e3o de servi\u00e7os e bens biotecnol\u00f3gicos. Elaborar, executar, monitorar e\/ou acompanhar pesquisas e produ\u00e7\u00f5es biotecnol\u00f3gicas. Promover a intera\u00e7\u00e3o entre ci\u00eancia, tecnologia e produ\u00e7\u00e3o biotecnol\u00f3gica. Enfim, promover a capacita\u00e7\u00e3o de um profissional com caracter\u00edsticas inovadoras, criativas, empreendedoras para atender as demandas de mercado, regionais, nacionais e internacionais, na \u00e1rea de biotecnologia.&nbsp;<\/p>\n\n\n\n<p><strong>Campos de Atua\u00e7\u00e3o<\/strong><br>O mercado de trabalho est\u00e1 em ampla ascens\u00e3o. O Bacharel em Biotecnologia atuar\u00e1 em empresas de Biotecnologia do setor p\u00fablico e privado, em Consultorias e Assessorias, Universidades, Institui\u00e7\u00f5es de Ensino T\u00e9cnico, Centros de Pesquisa, Laborat\u00f3rios e Ind\u00fastrias nas \u00e1reas de sa\u00fade, agr\u00e1rias, ambiental, bioenergia e de alimentos, vinculados \u00e0 Biotecnologia, bem como poder\u00e1 dar continuidade \u00e0 seus estudos visando a P\u00f3s-gradua\u00e7\u00e3o em Biotecnologia ou \u00e1reas afins.<\/p>\n\n\n\n<p><strong>Sistema&nbsp;Acad\u00eamico<\/strong><br>Matr\u00edcula por S\u00e9rie<\/p>\n\n\n\n<p><strong>Dura\u00e7\u00e3o M\u00ednima e M\u00e1xima<\/strong><br>4\/8 anos<\/p>\n\n\n\n<p><strong>Turno\/vagas<\/strong><br>Integral \u2013 20<\/p>\n\n\n\n<div style=\"height:21px\" aria-hidden=\"true\" class=\"wp-block-spacer\"><\/div>\n\n\n\n<h3 class=\"wp-block-heading\"><strong>Saiba Mais Sobre o Curso de Biotecnologia<\/strong><\/h3>\n\n\n\n<p><a href=\"https:\/\/sites.uel.br\/prograd\/wp-content\/uploads\/catalogo_cursos\/2025\/organizacao_curricular\/biotecnologia.pdf\" target=\"_blank\" rel=\"noreferrer noopener\">Organiza\u00e7\u00e3o Curricular<\/a><\/p>\n\n\n\n<p><a href=\"https:\/\/sites.uel.br\/prograd\/wp-content\/uploads\/catalogo_cursos\/2025\/ementas\/biotecnologia.pdf\" target=\"_blank\" rel=\"noreferrer noopener\">Ementas<\/a><\/p>\n\n\n\n<p><a href=\"https:\/\/sites.uel.br\/prograd\/wp-content\/uploads\/catalogo_cursos\/2025\/corpo_docente\/biotecnologia.pdf\" target=\"_blank\" rel=\"noreferrer noopener\">Corpo Docente<\/a><\/p>\n\n\n\n<p><a href=\"http:\/\/www.uel.br\/prograd\/catalogo-cursos\/catalogo_2022\/estrutura_recursos\/estrutura_recursos.pdf\" target=\"_blank\" rel=\"noreferrer noopener\"><\/a><a href=\"https:\/\/sites.uel.br\/prograd\/wp-content\/uploads\/catalogo_cursos\/2025\/estrutura_recursos\/estrutura_recursos.pdf\" target=\"_blank\" rel=\"noreferrer noopener\">Estrutura\/Recursos<\/a><\/p>\n\n\n\n<p><a href=\"https:\/\/sites.uel.br\/prograd\/wp-content\/uploads\/documentos\/deliberacoes\/2022\/deliberacao_24_22.pdf\" target=\"_blank\" rel=\"noreferrer noopener\">Projeto Pedag\u00f3gico<\/a><\/p>\n\n","protected":false},"excerpt":{"rendered":"<p>Biotecnologia Cria\u00e7\u00e3oResolu\u00e7\u00e3o CEPE\/CA n\u00ba 039\/2013 GrauBacharel em Biotecnologia&nbsp; TurnoIntegral Perfil do ProfissionalEspera-se que o Bacharel em Biotecnologia formado pela UEL tenha o seguinte perfil: &nbsp;\u201cum profissional multidisciplinar, com s\u00f3lida forma\u00e7\u00e3o b\u00e1sica, cient\u00edfica e tecnol\u00f3gica, que lhe permita degradar, sintetizar e produzir materiais (bioconvers\u00f5es \u2013 bioss\u00edntese), \u00e0 partir da mat\u00e9ria viva, mol\u00e9culas ou c\u00e9lulas de natureza [&hellip;]<\/p>\n","protected":false},"author":8,"featured_media":0,"parent":0,"menu_order":0,"comment_status":"closed","ping_status":"closed","template":"","meta":{"_acf_changed":false,"_themeisle_gutenberg_block_has_review":false,"footnotes":""},"class_list":["post-35983","page","type-page","status-publish","hentry"],"acf":[],"_links":{"self":[{"href":"https:\/\/sites.uel.br\/prograd\/wp-json\/wp\/v2\/pages\/35983","targetHints":{"allow":["GET"]}}],"collection":[{"href":"https:\/\/sites.uel.br\/prograd\/wp-json\/wp\/v2\/pages"}],"about":[{"href":"https:\/\/sites.uel.br\/prograd\/wp-json\/wp\/v2\/types\/page"}],"author":[{"embeddable":true,"href":"https:\/\/sites.uel.br\/prograd\/wp-json\/wp\/v2\/users\/8"}],"replies":[{"embeddable":true,"href":"https:\/\/sites.uel.br\/prograd\/wp-json\/wp\/v2\/comments?post=35983"}],"version-history":[{"count":3,"href":"https:\/\/sites.uel.br\/prograd\/wp-json\/wp\/v2\/pages\/35983\/revisions"}],"predecessor-version":[{"id":36373,"href":"https:\/\/sites.uel.br\/prograd\/wp-json\/wp\/v2\/pages\/35983\/revisions\/36373"}],"wp:attachment":[{"href":"https:\/\/sites.uel.br\/prograd\/wp-json\/wp\/v2\/media?parent=35983"}],"curies":[{"name":"wp","href":"https:\/\/api.w.org\/{rel}","templated":true}]}}