{"id":35982,"date":"2025-12-09T15:39:02","date_gmt":"2025-12-09T18:39:02","guid":{"rendered":"https:\/\/sites.uel.br\/prograd\/?page_id=35982"},"modified":"2025-12-11T16:06:01","modified_gmt":"2025-12-11T19:06:01","slug":"catalogo-dos-cursos-de-graduacao-2025-biomedicina","status":"publish","type":"page","link":"https:\/\/sites.uel.br\/prograd\/catalogo-dos-cursos-de-graduacao-2025-biomedicina\/","title":{"rendered":"Cat\u00e1logo dos Cursos de Gradua\u00e7\u00e3o (2025)"},"content":{"rendered":"\n<hr class=\"wp-block-separator has-alpha-channel-opacity is-style-wide\"\/>\n\n\n\n<h2 class=\"wp-block-heading\">Biomedicina<\/h2>\n\n\n\n<p><strong>Cria\u00e7\u00e3o<\/strong><br>Resolu\u00e7\u00e3o n.\u00ba 99, de 18.08.99<\/p>\n\n\n\n<p><strong>Grau<\/strong><br>Bacharel em Biomedicina&nbsp;<\/p>\n\n\n\n<p><strong>Turno<\/strong><br>Integral<\/p>\n\n\n\n<p><strong>Perfil do Profissional<\/strong><br>A Biomedicina \u00e9 a Ci\u00eancia que estuda a Biologia Humana, todos os processos e mecanismos que regulam o funcionamento do organismo humano, suas altera\u00e7\u00f5es e formas de abordagem dos diferentes ramos das Ci\u00eancias Biom\u00e9dicas. O Bacharel deve ter ampla e s\u00f3lida forma\u00e7\u00e3o b\u00e1sica generalista, com conhecimento profundo do organismo humano como um todo. Sua organiza\u00e7\u00e3o e funcionamento nos diversos n\u00edveis e as intera\u00e7\u00f5es com os demais seres vivos e com o meio ambiente e social. No est\u00e1gio em pesquisa e com o trabalho de conclus\u00e3o de curso o profissional formado passa a ter uma vis\u00e3o mais especializada, definindo uma habilita\u00e7\u00e3o profissional de acordo com a \u00e1rea ou sub\u00e1rea da Biomedicina definida pelo est\u00e1gio.<\/p>\n\n\n\n<p><strong>Objetivo do Curso<\/strong><br>Formar profissionais com capacidade de autoaprendizagem para acompanhar a r\u00e1pida evolu\u00e7\u00e3o do pensamento e dos conhecimentos cient\u00edficos na sua \u00e1rea de atua\u00e7\u00e3o, para desempenhar os pap\u00e9is de: gerador (pesquisador) e multiplicador (docente em n\u00edvel tecnol\u00f3gico e de ensino superior) do saber nos diferentes ramos das ci\u00eancias Biom\u00e9dicas em Institui\u00e7\u00f5es de Ensino Superior e de Pesquisa, P\u00fablicas ou Privadas. Formar profissionais adequados para desenvolverem An\u00e1lises moleculares, bioss\u00edntese de macromol\u00e9culas, diagn\u00f3stico pelo uso de \u00e1cidos Nucl\u00e9icos, engenharia gen\u00e9tica e, principalmente, adaptarem-se \u00e0 din\u00e2mica do mercado de trabalho, sendo capazes de ampliar e aperfei\u00e7oar sua \u00e1rea de atua\u00e7\u00e3o profissional.<\/p>\n\n\n\n<p><strong>Campos de Atua\u00e7\u00e3o<\/strong><br>O campo de atua\u00e7\u00e3o profissional do Biom\u00e9dico \u00e9 amplo, emergente e em transforma\u00e7\u00e3o cont\u00ednua, exigindo um profissional em aprendizagem constante (principalmente em n\u00edvel de p\u00f3s-gradua\u00e7\u00e3o), desenvolvendo a\u00e7\u00f5es estrat\u00e9gicas para diagn\u00f3stico de problemas, encaminhamento de solu\u00e7\u00f5es e tomada de decis\u00f5es em Institui\u00e7\u00f5es de Ensino T\u00e9cnico e Superior; Institutos de Pesquisa P\u00fablicos e Privados; Funda\u00e7\u00f5es; Autarquias; Organiza\u00e7\u00f5es n\u00e3o governamentais; Ind\u00fastrias; Consultorias e Assessorias. A profiss\u00e3o de Biom\u00e9dico foi regulamentada pela Lei n\u00b0 6.684, de 03\/09\/1979 e o Conselho Federal e Conselhos Regionais de Biomedicina criados pela Lei n\u00b07.017, de 30\/08\/1982. A regulamenta\u00e7\u00e3o do exerc\u00edcio da profiss\u00e3o de Biom\u00e9dico est\u00e1 disposta no decreto n\u00b088.439, de 28\/06\/1983. O Conselho Federal de Biomedicina aprovou o C\u00f3digo de \u00e9tica e fixou compet\u00eancias do Biom\u00e9dico.<\/p>\n\n\n\n<p><strong>Sistema&nbsp;Acad\u00eamico<\/strong><br>Matr\u00edcula por S\u00e9rie<\/p>\n\n\n\n<p><strong>Dura\u00e7\u00e3o M\u00ednima e M\u00e1xima<\/strong><br>4\/8 anos<\/p>\n\n\n\n<p><strong>Turno\/vagas<\/strong><br>Integral \u2013 20<\/p>\n\n\n\n<div style=\"height:21px\" aria-hidden=\"true\" class=\"wp-block-spacer\"><\/div>\n\n\n\n<h3 class=\"wp-block-heading\"><strong>Saiba Mais Sobre o Curso de Biomedicina<\/strong><\/h3>\n\n\n\n<p><a href=\"https:\/\/sites.uel.br\/prograd\/wp-content\/uploads\/catalogo_cursos\/2025\/organizacao_curricular\/biomedicina.pdf\" target=\"_blank\" rel=\"noreferrer noopener\">Organiza\u00e7\u00e3o Curricular<\/a><\/p>\n\n\n\n<p><a href=\"https:\/\/sites.uel.br\/prograd\/wp-content\/uploads\/catalogo_cursos\/2025\/ementas\/biomedicina.pdf\" target=\"_blank\" rel=\"noreferrer noopener\">Ementas<\/a><\/p>\n\n\n\n<p><a href=\"https:\/\/sites.uel.br\/prograd\/wp-content\/uploads\/catalogo_cursos\/2025\/corpo_docente\/biomedicina.pdf\" target=\"_blank\" rel=\"noreferrer noopener\">Corpo Docente<\/a><\/p>\n\n\n\n<p><a href=\"http:\/\/www.uel.br\/prograd\/catalogo-cursos\/catalogo_2022\/estrutura_recursos\/estrutura_recursos.pdf\" target=\"_blank\" rel=\"noreferrer noopener\"><\/a><a href=\"https:\/\/sites.uel.br\/prograd\/wp-content\/uploads\/catalogo_cursos\/2025\/estrutura_recursos\/estrutura_recursos.pdf\" target=\"_blank\" rel=\"noreferrer noopener\">Estrutura\/Recursos<\/a><\/p>\n\n\n\n<p><a href=\"https:\/\/sites.uel.br\/prograd\/wp-content\/uploads\/documentos\/resolucoes\/2022\/resolucao_49_22.pdf\" target=\"_blank\" rel=\"noreferrer noopener\">Projeto Pedag\u00f3gico<\/a><\/p>\n\n","protected":false},"excerpt":{"rendered":"<p>Biomedicina Cria\u00e7\u00e3oResolu\u00e7\u00e3o n.\u00ba 99, de 18.08.99 GrauBacharel em Biomedicina&nbsp; TurnoIntegral Perfil do ProfissionalA Biomedicina \u00e9 a Ci\u00eancia que estuda a Biologia Humana, todos os processos e mecanismos que regulam o funcionamento do organismo humano, suas altera\u00e7\u00f5es e formas de abordagem dos diferentes ramos das Ci\u00eancias Biom\u00e9dicas. O Bacharel deve ter ampla e s\u00f3lida forma\u00e7\u00e3o b\u00e1sica [&hellip;]<\/p>\n","protected":false},"author":8,"featured_media":0,"parent":0,"menu_order":0,"comment_status":"closed","ping_status":"closed","template":"","meta":{"_acf_changed":false,"_themeisle_gutenberg_block_has_review":false,"footnotes":""},"class_list":["post-35982","page","type-page","status-publish","hentry"],"acf":[],"_links":{"self":[{"href":"https:\/\/sites.uel.br\/prograd\/wp-json\/wp\/v2\/pages\/35982","targetHints":{"allow":["GET"]}}],"collection":[{"href":"https:\/\/sites.uel.br\/prograd\/wp-json\/wp\/v2\/pages"}],"about":[{"href":"https:\/\/sites.uel.br\/prograd\/wp-json\/wp\/v2\/types\/page"}],"author":[{"embeddable":true,"href":"https:\/\/sites.uel.br\/prograd\/wp-json\/wp\/v2\/users\/8"}],"replies":[{"embeddable":true,"href":"https:\/\/sites.uel.br\/prograd\/wp-json\/wp\/v2\/comments?post=35982"}],"version-history":[{"count":2,"href":"https:\/\/sites.uel.br\/prograd\/wp-json\/wp\/v2\/pages\/35982\/revisions"}],"predecessor-version":[{"id":36372,"href":"https:\/\/sites.uel.br\/prograd\/wp-json\/wp\/v2\/pages\/35982\/revisions\/36372"}],"wp:attachment":[{"href":"https:\/\/sites.uel.br\/prograd\/wp-json\/wp\/v2\/media?parent=35982"}],"curies":[{"name":"wp","href":"https:\/\/api.w.org\/{rel}","templated":true}]}}