{"id":35304,"date":"2025-08-06T09:05:03","date_gmt":"2025-08-06T12:05:03","guid":{"rendered":"https:\/\/sites.uel.br\/prograd\/?page_id=35304"},"modified":"2025-12-12T15:11:32","modified_gmt":"2025-12-12T18:11:32","slug":"decretos-renovacao-de-cursos-letras-portugues","status":"publish","type":"page","link":"https:\/\/sites.uel.br\/prograd\/decretos-renovacao-de-cursos-letras-portugues\/","title":{"rendered":"Decretos (Renova\u00e7\u00e3o de Cursos)"},"content":{"rendered":"\n<hr class=\"wp-block-separator has-alpha-channel-opacity is-style-wide\"\/>\n\n\n\n<h2 class=\"wp-block-heading\">Letras Portugu\u00eas<\/h2>\n\n\n\n<p><strong>Habilita\u00e7\u00e3o: 03 BACHARELADO EM ESTUDOS LITER\u00c1RIOS<\/strong><\/p>\n\n\n\n<p><strong>Reconhecimento:<\/strong> Decreto Estadual n\u00ba 8916 de 29\/11\/2010 &#8211; Publica\u00e7\u00e3o:&nbsp; 29\/11\/2010<\/p>\n\n\n\n<div style=\"height:10px\" aria-hidden=\"true\" class=\"wp-block-spacer\"><\/div>\n\n\n\n<p><strong>Habilita\u00e7\u00e3o: 08 LICENCIATURA EM L\u00cdNGUA PORTUGUESA E RESPECTIVAS LITERATURAS<\/strong><\/p>\n\n\n\n<p><strong>Reconhecimento:<\/strong> Decreto Fed. n\u00ba 81.840 de 26\/06\/78 &#8211; Publica\u00e7\u00e3o: 27\/06\/1978<\/p>\n\n\n\n<p>&#8211; <strong>1\u00aa Renova\u00e7\u00e3o:<\/strong> Decreto Estadual n\u00ba 7747 de 14\/07\/2010 &#8211; Validade: 13\/07\/2015<br>&#8211; <strong>2\u00aa Renova\u00e7\u00e3o:<\/strong> Decreto Estadual n\u00ba 807 de 19\/03\/2015 &#8211; Validade: 13\/07\/2019<br>&#8211; <strong>3\u00aa Renova\u00e7\u00e3o:<\/strong> Resolu\u00e7\u00e3o SETI n\u00ba&nbsp; 035 de 01\/04\/2020 &#8211; Validade: 13\/07\/2024<br>&#8211; <strong>4\u00aa Renova\u00e7\u00e3o:<\/strong> Resolu\u00e7\u00e3o SETI n\u00ba&nbsp; 117 de&nbsp; 28\/05\/2024 &#8211; Validade: 13\/07\/2028<\/p>\n\n\n\n<div style=\"height:10px\" aria-hidden=\"true\" class=\"wp-block-spacer\"><\/div>\n\n\n\n<hr class=\"wp-block-separator has-text-color has-cinza-color has-css-opacity has-cinza-background-color has-background is-style-wide\"\/>\n\n\n\n<p><strong>Veja tamb\u00e9m:<\/strong><\/p>\n\n\n\n<p><a href=\"https:\/\/sites.uel.br\/prograd\/graduacao\/catalogo-dos-cursos-de-graduacao-indice\/\">Cat\u00e1logo dos Curso de Gradua\u00e7\u00e3o (Organiza\u00e7\u00e3o Curricular, Ementas, Corpo Docente<\/a>)<\/p>\n\n\n\n<p><a href=\"https:\/\/sites.uel.br\/prograd\/graduacao\/projetos-pedagogicos\/\">Projetos Pedag\u00f3gicos dos Cursos de Gradua\u00e7\u00e3o<\/a><\/p>\n","protected":false},"excerpt":{"rendered":"<p>Letras Portugu\u00eas Habilita\u00e7\u00e3o: 03 BACHARELADO EM ESTUDOS LITER\u00c1RIOS Reconhecimento: Decreto Estadual n\u00ba 8916 de 29\/11\/2010 &#8211; Publica\u00e7\u00e3o:&nbsp; 29\/11\/2010 Habilita\u00e7\u00e3o: 08 LICENCIATURA EM L\u00cdNGUA PORTUGUESA E RESPECTIVAS LITERATURAS Reconhecimento: Decreto Fed. n\u00ba 81.840 de 26\/06\/78 &#8211; Publica\u00e7\u00e3o: 27\/06\/1978 &#8211; 1\u00aa Renova\u00e7\u00e3o: Decreto Estadual n\u00ba 7747 de 14\/07\/2010 &#8211; Validade: 13\/07\/2015&#8211; 2\u00aa Renova\u00e7\u00e3o: Decreto Estadual n\u00ba 807 [&hellip;]<\/p>\n","protected":false},"author":8,"featured_media":0,"parent":0,"menu_order":0,"comment_status":"closed","ping_status":"closed","template":"","meta":{"_acf_changed":false,"_themeisle_gutenberg_block_has_review":false,"footnotes":""},"class_list":["post-35304","page","type-page","status-publish","hentry"],"acf":[],"_links":{"self":[{"href":"https:\/\/sites.uel.br\/prograd\/wp-json\/wp\/v2\/pages\/35304","targetHints":{"allow":["GET"]}}],"collection":[{"href":"https:\/\/sites.uel.br\/prograd\/wp-json\/wp\/v2\/pages"}],"about":[{"href":"https:\/\/sites.uel.br\/prograd\/wp-json\/wp\/v2\/types\/page"}],"author":[{"embeddable":true,"href":"https:\/\/sites.uel.br\/prograd\/wp-json\/wp\/v2\/users\/8"}],"replies":[{"embeddable":true,"href":"https:\/\/sites.uel.br\/prograd\/wp-json\/wp\/v2\/comments?post=35304"}],"version-history":[{"count":5,"href":"https:\/\/sites.uel.br\/prograd\/wp-json\/wp\/v2\/pages\/35304\/revisions"}],"predecessor-version":[{"id":36464,"href":"https:\/\/sites.uel.br\/prograd\/wp-json\/wp\/v2\/pages\/35304\/revisions\/36464"}],"wp:attachment":[{"href":"https:\/\/sites.uel.br\/prograd\/wp-json\/wp\/v2\/media?parent=35304"}],"curies":[{"name":"wp","href":"https:\/\/api.w.org\/{rel}","templated":true}]}}