{"id":35303,"date":"2025-08-06T09:05:01","date_gmt":"2025-08-06T12:05:01","guid":{"rendered":"https:\/\/sites.uel.br\/prograd\/?page_id=35303"},"modified":"2025-12-12T15:11:27","modified_gmt":"2025-12-12T18:11:27","slug":"decretos-renovacao-de-cursos-letras-lingua-e-culturas-francesas","status":"publish","type":"page","link":"https:\/\/sites.uel.br\/prograd\/decretos-renovacao-de-cursos-letras-lingua-e-culturas-francesas\/","title":{"rendered":"Decretos (Renova\u00e7\u00e3o de Cursos)"},"content":{"rendered":"\n<hr class=\"wp-block-separator has-alpha-channel-opacity is-style-wide\"\/>\n\n\n\n<h2 class=\"wp-block-heading\">Letras &#8211; L\u00edngua e Culturas Francesas <\/h2>\n\n\n\n<p><strong>Habilita\u00e7\u00e3o: 06 L\u00cdNGUA E CULTURA FRANCESAS<\/strong><\/p>\n\n\n\n<p><strong>Reconhecimento:<\/strong> Decreto Est. n\u00ba 6930 de 07\/01\/2013 &#8211; Publica\u00e7\u00e3o: 07\/01\/2013<\/p>\n\n\n\n<p>&#8211; <strong>1\u00aa Renova\u00e7\u00e3o: <\/strong>Decreto Estadual n\u00ba 8610 de 09\/01\/2018 &#8211; Validade: 07\/01\/2021<\/p>\n\n\n\n<div style=\"height:10px\" aria-hidden=\"true\" class=\"wp-block-spacer\"><\/div>\n\n\n\n<hr class=\"wp-block-separator has-text-color has-cinza-color has-css-opacity has-cinza-background-color has-background is-style-wide\"\/>\n\n\n\n<p><strong>Veja tamb\u00e9m:<\/strong><\/p>\n\n\n\n<p><a href=\"https:\/\/sites.uel.br\/prograd\/graduacao\/catalogo-dos-cursos-de-graduacao-indice\/\">Cat\u00e1logo dos Curso de Gradua\u00e7\u00e3o (Organiza\u00e7\u00e3o Curricular, Ementas, Corpo Docente<\/a>)<\/p>\n\n\n\n<p><a href=\"https:\/\/sites.uel.br\/prograd\/graduacao\/projetos-pedagogicos\/\">Projetos Pedag\u00f3gicos dos Cursos de Gradua\u00e7\u00e3o<\/a><\/p>\n","protected":false},"excerpt":{"rendered":"<p>Letras &#8211; L\u00edngua e Culturas Francesas Habilita\u00e7\u00e3o: 06 L\u00cdNGUA E CULTURA FRANCESAS Reconhecimento: Decreto Est. n\u00ba 6930 de 07\/01\/2013 &#8211; Publica\u00e7\u00e3o: 07\/01\/2013 &#8211; 1\u00aa Renova\u00e7\u00e3o: Decreto Estadual n\u00ba 8610 de 09\/01\/2018 &#8211; Validade: 07\/01\/2021 Veja tamb\u00e9m: Cat\u00e1logo dos Curso de Gradua\u00e7\u00e3o (Organiza\u00e7\u00e3o Curricular, Ementas, Corpo Docente) Projetos Pedag\u00f3gicos dos Cursos de Gradua\u00e7\u00e3o<\/p>\n","protected":false},"author":8,"featured_media":0,"parent":0,"menu_order":0,"comment_status":"closed","ping_status":"closed","template":"","meta":{"_acf_changed":false,"_themeisle_gutenberg_block_has_review":false,"footnotes":""},"class_list":["post-35303","page","type-page","status-publish","hentry"],"acf":[],"_links":{"self":[{"href":"https:\/\/sites.uel.br\/prograd\/wp-json\/wp\/v2\/pages\/35303","targetHints":{"allow":["GET"]}}],"collection":[{"href":"https:\/\/sites.uel.br\/prograd\/wp-json\/wp\/v2\/pages"}],"about":[{"href":"https:\/\/sites.uel.br\/prograd\/wp-json\/wp\/v2\/types\/page"}],"author":[{"embeddable":true,"href":"https:\/\/sites.uel.br\/prograd\/wp-json\/wp\/v2\/users\/8"}],"replies":[{"embeddable":true,"href":"https:\/\/sites.uel.br\/prograd\/wp-json\/wp\/v2\/comments?post=35303"}],"version-history":[{"count":7,"href":"https:\/\/sites.uel.br\/prograd\/wp-json\/wp\/v2\/pages\/35303\/revisions"}],"predecessor-version":[{"id":36463,"href":"https:\/\/sites.uel.br\/prograd\/wp-json\/wp\/v2\/pages\/35303\/revisions\/36463"}],"wp:attachment":[{"href":"https:\/\/sites.uel.br\/prograd\/wp-json\/wp\/v2\/media?parent=35303"}],"curies":[{"name":"wp","href":"https:\/\/api.w.org\/{rel}","templated":true}]}}