{"id":35302,"date":"2025-08-06T09:04:59","date_gmt":"2025-08-06T12:04:59","guid":{"rendered":"https:\/\/sites.uel.br\/prograd\/?page_id=35302"},"modified":"2025-12-12T15:11:19","modified_gmt":"2025-12-12T18:11:19","slug":"decretos-renovacao-de-cursos-letras-estrangeiras-modernas","status":"publish","type":"page","link":"https:\/\/sites.uel.br\/prograd\/decretos-renovacao-de-cursos-letras-estrangeiras-modernas\/","title":{"rendered":"Decretos (Renova\u00e7\u00e3o de Cursos)"},"content":{"rendered":"\n<hr class=\"wp-block-separator has-alpha-channel-opacity is-style-wide\"\/>\n\n\n\n<h2 class=\"wp-block-heading\">Letras Estrangeiras Modernas<\/h2>\n\n\n\n<p><strong>Habilita\u00e7\u00e3o: 05 LICENCIATURA EM L\u00cdNGUA ESPANHOLA E LITERATURA HISP\u00c2NICA<\/strong><\/p>\n\n\n\n<p><strong>Reconhecimento:<\/strong> Decreto Est. n\u00ba 4352 de 05\/07\/2001 &#8211; Publica\u00e7\u00e3o: 06\/07\/2001<\/p>\n\n\n\n<p>&#8211; <strong>1\u00aa Renova\u00e7\u00e3o:<\/strong> Decreto Estadual n\u00ba 7747 de 14\/07\/2010 &#8211; Validade: 13\/07\/2015<br>&#8211; <strong>2\u00aa Renova\u00e7\u00e3o: <\/strong>Decreto Estadual n\u00ba 6061 de 31\/01\/2017 &#8211; Validade: 14\/07\/2019<\/p>\n\n\n\n<div style=\"height:10px\" aria-hidden=\"true\" class=\"wp-block-spacer\"><\/div>\n\n\n\n<p><strong>Habilita\u00e7\u00e3o: 07 LICENCIATURA EM L\u00cdNGUA INGLESA E LITERATURAS EM L\u00cdNGUA INGLESA<\/strong><\/p>\n\n\n\n<p><strong>Reconhecimento:<\/strong> Decreto Fed. n\u00ba 49.061 de 06\/10\/60 &#8211; Publica\u00e7\u00e3o: 19\/12\/1960<\/p>\n\n\n\n<p>&#8211; <strong>1\u00aa Renova\u00e7\u00e3o:<\/strong> Decreto Estadual n\u00ba 7747 de 14\/07\/2010 &#8211; Validade: 13\/07\/2015<br>&#8211; <strong>2\u00aa Renova\u00e7\u00e3o: <\/strong>Decreto Estadual n\u00ba 6290 de 01\/03\/2017 &#8211; Validade: 14\/07\/2020<br>&#8211; <strong>3\u00aa Renova\u00e7\u00e3o: <\/strong>Portaria Estadual n\u00ba 94 de 04\/05\/2020 &#8211; Validade: 14\/05\/2024<\/p>\n\n\n\n<div style=\"height:10px\" aria-hidden=\"true\" class=\"wp-block-spacer\"><\/div>\n\n\n\n<hr class=\"wp-block-separator has-text-color has-cinza-color has-css-opacity has-cinza-background-color has-background is-style-wide\"\/>\n\n\n\n<p><strong>Veja tamb\u00e9m:<\/strong><\/p>\n\n\n\n<p><a href=\"https:\/\/sites.uel.br\/prograd\/graduacao\/catalogo-dos-cursos-de-graduacao-indice\/\">Cat\u00e1logo dos Curso de Gradua\u00e7\u00e3o (Organiza\u00e7\u00e3o Curricular, Ementas, Corpo Docente<\/a>)<\/p>\n\n\n\n<p><a href=\"https:\/\/sites.uel.br\/prograd\/graduacao\/projetos-pedagogicos\/\">Projetos Pedag\u00f3gicos dos Cursos de Gradua\u00e7\u00e3o<\/a><\/p>\n","protected":false},"excerpt":{"rendered":"<p>Letras Estrangeiras Modernas Habilita\u00e7\u00e3o: 05 LICENCIATURA EM L\u00cdNGUA ESPANHOLA E LITERATURA HISP\u00c2NICA Reconhecimento: Decreto Est. n\u00ba 4352 de 05\/07\/2001 &#8211; Publica\u00e7\u00e3o: 06\/07\/2001 &#8211; 1\u00aa Renova\u00e7\u00e3o: Decreto Estadual n\u00ba 7747 de 14\/07\/2010 &#8211; Validade: 13\/07\/2015&#8211; 2\u00aa Renova\u00e7\u00e3o: Decreto Estadual n\u00ba 6061 de 31\/01\/2017 &#8211; Validade: 14\/07\/2019 Habilita\u00e7\u00e3o: 07 LICENCIATURA EM L\u00cdNGUA INGLESA E LITERATURAS EM L\u00cdNGUA [&hellip;]<\/p>\n","protected":false},"author":8,"featured_media":0,"parent":0,"menu_order":0,"comment_status":"closed","ping_status":"closed","template":"","meta":{"_acf_changed":false,"_themeisle_gutenberg_block_has_review":false,"footnotes":""},"class_list":["post-35302","page","type-page","status-publish","hentry"],"acf":[],"_links":{"self":[{"href":"https:\/\/sites.uel.br\/prograd\/wp-json\/wp\/v2\/pages\/35302","targetHints":{"allow":["GET"]}}],"collection":[{"href":"https:\/\/sites.uel.br\/prograd\/wp-json\/wp\/v2\/pages"}],"about":[{"href":"https:\/\/sites.uel.br\/prograd\/wp-json\/wp\/v2\/types\/page"}],"author":[{"embeddable":true,"href":"https:\/\/sites.uel.br\/prograd\/wp-json\/wp\/v2\/users\/8"}],"replies":[{"embeddable":true,"href":"https:\/\/sites.uel.br\/prograd\/wp-json\/wp\/v2\/comments?post=35302"}],"version-history":[{"count":6,"href":"https:\/\/sites.uel.br\/prograd\/wp-json\/wp\/v2\/pages\/35302\/revisions"}],"predecessor-version":[{"id":36462,"href":"https:\/\/sites.uel.br\/prograd\/wp-json\/wp\/v2\/pages\/35302\/revisions\/36462"}],"wp:attachment":[{"href":"https:\/\/sites.uel.br\/prograd\/wp-json\/wp\/v2\/media?parent=35302"}],"curies":[{"name":"wp","href":"https:\/\/api.w.org\/{rel}","templated":true}]}}