{"id":35296,"date":"2025-08-06T08:54:39","date_gmt":"2025-08-06T11:54:39","guid":{"rendered":"https:\/\/sites.uel.br\/prograd\/?page_id=35296"},"modified":"2025-08-07T15:00:33","modified_gmt":"2025-08-07T18:00:33","slug":"decretos-renovacao-de-cursos-letras","status":"publish","type":"page","link":"https:\/\/sites.uel.br\/prograd\/decretos-renovacao-de-cursos-letras\/","title":{"rendered":"Decretos (Renova\u00e7\u00e3o de Cursos)"},"content":{"rendered":"\n<hr class=\"wp-block-separator has-alpha-channel-opacity is-style-wide\"\/>\n\n\n\n<p class=\"has-text-align-center\"><strong><a href=\"https:\/\/sites.uel.br\/prograd\/decretos-renovacao-de-cursos-letras-2\/\">Letras<\/a><\/strong><\/p>\n\n\n\n<p class=\"has-text-align-center\"><strong><a href=\"https:\/\/sites.uel.br\/prograd\/decretos-renovacao-de-cursos-letras-lingua-e-culturas-francesas\/\">Letras &#8211; L\u00edngua e Culturas Francesas<\/a><\/strong><\/p>\n\n\n\n<p class=\"has-text-align-center\"><strong><a href=\"https:\/\/sites.uel.br\/prograd\/decretos-renovacao-de-cursos-letras-espanhol\/\">Letras Espanhol<\/a><\/strong><\/p>\n\n\n\n<p class=\"has-text-align-center\"><strong><a href=\"https:\/\/sites.uel.br\/prograd\/decretos-renovacao-de-cursos-letras-estrangeiras-modernas\/\">Letras Estrangeiras Modernas<\/a><\/strong><\/p>\n\n\n\n<p class=\"has-text-align-center\"><strong><a href=\"https:\/\/sites.uel.br\/prograd\/decretos-renovacao-de-cursos-letras-frances\/\">Letras Franc\u00eas<\/a><\/strong><\/p>\n\n\n\n<p class=\"has-text-align-center\"><strong><a href=\"https:\/\/sites.uel.br\/prograd\/decretos-renovacao-de-cursos-letras-ingles\/\">Letras Ingl\u00eas<\/a><\/strong><\/p>\n\n\n\n<p class=\"has-text-align-center\"><strong><a href=\"https:\/\/sites.uel.br\/prograd\/decretos-renovacao-de-cursos-letras-portugues\/\">Letras Portugu\u00eas<\/a><\/strong><\/p>\n","protected":false},"excerpt":{"rendered":"<p>Letras Letras &#8211; L\u00edngua e Culturas Francesas Letras Espanhol Letras Estrangeiras Modernas Letras Franc\u00eas Letras Ingl\u00eas Letras Portugu\u00eas<\/p>\n","protected":false},"author":8,"featured_media":0,"parent":0,"menu_order":0,"comment_status":"closed","ping_status":"closed","template":"","meta":{"_acf_changed":false,"_themeisle_gutenberg_block_has_review":false,"footnotes":""},"class_list":["post-35296","page","type-page","status-publish","hentry"],"acf":[],"_links":{"self":[{"href":"https:\/\/sites.uel.br\/prograd\/wp-json\/wp\/v2\/pages\/35296","targetHints":{"allow":["GET"]}}],"collection":[{"href":"https:\/\/sites.uel.br\/prograd\/wp-json\/wp\/v2\/pages"}],"about":[{"href":"https:\/\/sites.uel.br\/prograd\/wp-json\/wp\/v2\/types\/page"}],"author":[{"embeddable":true,"href":"https:\/\/sites.uel.br\/prograd\/wp-json\/wp\/v2\/users\/8"}],"replies":[{"embeddable":true,"href":"https:\/\/sites.uel.br\/prograd\/wp-json\/wp\/v2\/comments?post=35296"}],"version-history":[{"count":9,"href":"https:\/\/sites.uel.br\/prograd\/wp-json\/wp\/v2\/pages\/35296\/revisions"}],"predecessor-version":[{"id":35395,"href":"https:\/\/sites.uel.br\/prograd\/wp-json\/wp\/v2\/pages\/35296\/revisions\/35395"}],"wp:attachment":[{"href":"https:\/\/sites.uel.br\/prograd\/wp-json\/wp\/v2\/media?parent=35296"}],"curies":[{"name":"wp","href":"https:\/\/api.w.org\/{rel}","templated":true}]}}