{"id":35032,"date":"2025-08-01T15:19:04","date_gmt":"2025-08-01T18:19:04","guid":{"rendered":"https:\/\/sites.uel.br\/prograd\/?page_id=35032"},"modified":"2025-08-07T15:15:16","modified_gmt":"2025-08-07T18:15:16","slug":"decretos-renovacao-de-cursos-matematica-licenciatura","status":"publish","type":"page","link":"https:\/\/sites.uel.br\/prograd\/decretos-renovacao-de-cursos-matematica-licenciatura\/","title":{"rendered":"Decretos (Renova\u00e7\u00e3o de Cursos)"},"content":{"rendered":"\n<hr class=\"wp-block-separator has-alpha-channel-opacity is-style-wide\"\/>\n\n\n\n<h2 class=\"wp-block-heading\">Matem\u00e1tica \u2013 Licenciatura<\/h2>\n\n\n\n<p><strong>Reconhecimento:<\/strong> Decreto Fed. n\u00ba 74.018 de 07\/05\/74 &#8211; Publica\u00e7\u00e3o:&nbsp; 08\/05\/1974<\/p>\n\n\n\n<p>&#8211; <strong>1\u00aa Renova\u00e7\u00e3o:<\/strong> Decreto Estadual n\u00ba 6127 de 20\/01\/2010 &#8211; Validade: 14\/09\/2015<br>&#8211; <strong>2\u00aa Renova\u00e7\u00e3o:<\/strong> Decreto Estadual n\u00ba 7522 de 23\/06\/2010 &#8211; Validade: 14\/09\/2015<br> <strong>\u00a0\u00a0\u00a0<strong>\u00a0\u00a0<\/strong>&#8211; Retificado:<\/strong> Decreto Estadual n\u00ba 7975 de 06\/08\/2010 &#8211; Validade: 14\/09\/2015<br>&#8211; <strong>3\u00aa Renova\u00e7\u00e3o:<\/strong> Decreto Estadual n\u00ba 8340 de 15\/09\/2010 &#8211; Validade: 31\/12\/2015<br>&#8211; <strong>4\u00aa Renova\u00e7\u00e3o:<\/strong> Decreto Estadual n\u00ba 3515 de 18\/02\/2016 &#8211; Validade: 15\/09\/2020<br>&#8211; <strong>5\u00aa Renova\u00e7\u00e3o:<\/strong> Portaria Estadual n\u00ba 0116 de 12\/05\/2020 &#8211; Validade: 15\/09\/2025<br>&#8211; <strong>6\u00aa Renova\u00e7\u00e3o:<\/strong> Resolu\u00e7\u00e3o n\u00ba 086\/2025 &#8211; SETI &#8211; de 25\/04\/2025 &#8211; Validade: 15\/09\/2029<\/p>\n\n\n\n<div style=\"height:10px\" aria-hidden=\"true\" class=\"wp-block-spacer\"><\/div>\n\n\n\n<hr class=\"wp-block-separator has-text-color has-cinza-color has-css-opacity has-cinza-background-color has-background is-style-wide\"\/>\n\n\n\n<p><strong>Veja tamb\u00e9m:<\/strong><\/p>\n\n\n\n<p><a href=\"https:\/\/sites.uel.br\/prograd\/graduacao\/catalogo-dos-cursos-de-graduacao-indice\/\">Cat\u00e1logo dos Curso de Gradua\u00e7\u00e3o (Organiza\u00e7\u00e3o Curricular, Ementas, Corpo Docente<\/a>)<\/p>\n\n\n\n<p><a href=\"https:\/\/sites.uel.br\/prograd\/graduacao\/projetos-pedagogicos\/\">Projetos Pedag\u00f3gicos dos Cursos de Gradua\u00e7\u00e3o<\/a><\/p>\n","protected":false},"excerpt":{"rendered":"<p>Matem\u00e1tica \u2013 Licenciatura Reconhecimento: Decreto Fed. n\u00ba 74.018 de 07\/05\/74 &#8211; Publica\u00e7\u00e3o:&nbsp; 08\/05\/1974 &#8211; 1\u00aa Renova\u00e7\u00e3o: Decreto Estadual n\u00ba 6127 de 20\/01\/2010 &#8211; Validade: 14\/09\/2015&#8211; 2\u00aa Renova\u00e7\u00e3o: Decreto Estadual n\u00ba 7522 de 23\/06\/2010 &#8211; Validade: 14\/09\/2015 \u00a0\u00a0\u00a0\u00a0\u00a0&#8211; Retificado: Decreto Estadual n\u00ba 7975 de 06\/08\/2010 &#8211; Validade: 14\/09\/2015&#8211; 3\u00aa Renova\u00e7\u00e3o: Decreto Estadual n\u00ba 8340 de 15\/09\/2010 [&hellip;]<\/p>\n","protected":false},"author":8,"featured_media":0,"parent":0,"menu_order":0,"comment_status":"closed","ping_status":"closed","template":"","meta":{"_acf_changed":false,"_themeisle_gutenberg_block_has_review":false,"footnotes":""},"class_list":["post-35032","page","type-page","status-publish","hentry"],"acf":[],"_links":{"self":[{"href":"https:\/\/sites.uel.br\/prograd\/wp-json\/wp\/v2\/pages\/35032","targetHints":{"allow":["GET"]}}],"collection":[{"href":"https:\/\/sites.uel.br\/prograd\/wp-json\/wp\/v2\/pages"}],"about":[{"href":"https:\/\/sites.uel.br\/prograd\/wp-json\/wp\/v2\/types\/page"}],"author":[{"embeddable":true,"href":"https:\/\/sites.uel.br\/prograd\/wp-json\/wp\/v2\/users\/8"}],"replies":[{"embeddable":true,"href":"https:\/\/sites.uel.br\/prograd\/wp-json\/wp\/v2\/comments?post=35032"}],"version-history":[{"count":6,"href":"https:\/\/sites.uel.br\/prograd\/wp-json\/wp\/v2\/pages\/35032\/revisions"}],"predecessor-version":[{"id":35420,"href":"https:\/\/sites.uel.br\/prograd\/wp-json\/wp\/v2\/pages\/35032\/revisions\/35420"}],"wp:attachment":[{"href":"https:\/\/sites.uel.br\/prograd\/wp-json\/wp\/v2\/media?parent=35032"}],"curies":[{"name":"wp","href":"https:\/\/api.w.org\/{rel}","templated":true}]}}