{"id":35028,"date":"2025-08-01T15:07:26","date_gmt":"2025-08-01T18:07:26","guid":{"rendered":"https:\/\/sites.uel.br\/prograd\/?page_id=35028"},"modified":"2026-03-16T11:26:38","modified_gmt":"2026-03-16T14:26:38","slug":"decretos-renovacao-de-cursos-licenciatura-em-computacao-ead","status":"publish","type":"page","link":"https:\/\/sites.uel.br\/prograd\/decretos-renovacao-de-cursos-licenciatura-em-computacao-ead\/","title":{"rendered":"Decretos (Renova\u00e7\u00e3o de Cursos)"},"content":{"rendered":"\n<hr class=\"wp-block-separator has-alpha-channel-opacity is-style-wide\"\/>\n\n\n\n<h2 class=\"wp-block-heading\">Licenciatura em Computa\u00e7\u00e3o \u2013 EaD<\/h2>\n\n\n\n<p><strong>Reconhecimento:<\/strong> Portaria Estadual n\u00ba 057 de 10\/05\/2021 &#8211; Publica\u00e7\u00e3o: 13\/05\/2021 <br><br>\u2013\u00a01\u00aa Renova\u00e7\u00e3o:\u00a0Resolu\u00e7\u00e3o n\u00ba 26\/2026-SETI, de 26 de fevereiro de 2026\u00a0&#8211; Publica\u00e7\u00e3o: 27\/02\/2026<\/p>\n\n\n\n<div style=\"height:10px\" aria-hidden=\"true\" class=\"wp-block-spacer\"><\/div>\n\n\n\n<hr class=\"wp-block-separator has-text-color has-cinza-color has-css-opacity has-cinza-background-color has-background is-style-wide\"\/>\n\n\n\n<p><strong>Veja tamb\u00e9m:<\/strong><\/p>\n\n\n\n<p><a href=\"https:\/\/sites.uel.br\/prograd\/graduacao\/catalogo-dos-cursos-de-graduacao-indice\/\">Cat\u00e1logo dos Curso de Gradua\u00e7\u00e3o (Organiza\u00e7\u00e3o Curricular, Ementas, Corpo Docente<\/a>)<\/p>\n\n\n\n<p><a href=\"https:\/\/sites.uel.br\/prograd\/graduacao\/projetos-pedagogicos\/\">Projetos Pedag\u00f3gicos dos Cursos de Gradua\u00e7\u00e3o<\/a><\/p>\n","protected":false},"excerpt":{"rendered":"<p>Licenciatura em Computa\u00e7\u00e3o \u2013 EaD Reconhecimento: Portaria Estadual n\u00ba 057 de 10\/05\/2021 &#8211; Publica\u00e7\u00e3o: 13\/05\/2021 \u2013\u00a01\u00aa Renova\u00e7\u00e3o:\u00a0Resolu\u00e7\u00e3o n\u00ba 26\/2026-SETI, de 26 de fevereiro de 2026\u00a0&#8211; Publica\u00e7\u00e3o: 27\/02\/2026 Veja tamb\u00e9m: Cat\u00e1logo dos Curso de Gradua\u00e7\u00e3o (Organiza\u00e7\u00e3o Curricular, Ementas, Corpo Docente) Projetos Pedag\u00f3gicos dos Cursos de Gradua\u00e7\u00e3o<\/p>\n","protected":false},"author":8,"featured_media":0,"parent":0,"menu_order":0,"comment_status":"closed","ping_status":"closed","template":"","meta":{"_acf_changed":false,"_themeisle_gutenberg_block_has_review":false,"footnotes":""},"class_list":["post-35028","page","type-page","status-publish","hentry"],"acf":[],"_links":{"self":[{"href":"https:\/\/sites.uel.br\/prograd\/wp-json\/wp\/v2\/pages\/35028","targetHints":{"allow":["GET"]}}],"collection":[{"href":"https:\/\/sites.uel.br\/prograd\/wp-json\/wp\/v2\/pages"}],"about":[{"href":"https:\/\/sites.uel.br\/prograd\/wp-json\/wp\/v2\/types\/page"}],"author":[{"embeddable":true,"href":"https:\/\/sites.uel.br\/prograd\/wp-json\/wp\/v2\/users\/8"}],"replies":[{"embeddable":true,"href":"https:\/\/sites.uel.br\/prograd\/wp-json\/wp\/v2\/comments?post=35028"}],"version-history":[{"count":9,"href":"https:\/\/sites.uel.br\/prograd\/wp-json\/wp\/v2\/pages\/35028\/revisions"}],"predecessor-version":[{"id":36976,"href":"https:\/\/sites.uel.br\/prograd\/wp-json\/wp\/v2\/pages\/35028\/revisions\/36976"}],"wp:attachment":[{"href":"https:\/\/sites.uel.br\/prograd\/wp-json\/wp\/v2\/media?parent=35028"}],"curies":[{"name":"wp","href":"https:\/\/api.w.org\/{rel}","templated":true}]}}