{"id":34978,"date":"2025-08-01T14:25:41","date_gmt":"2025-08-01T17:25:41","guid":{"rendered":"https:\/\/sites.uel.br\/prograd\/?page_id=34978"},"modified":"2025-08-07T15:14:04","modified_gmt":"2025-08-07T18:14:04","slug":"decretos-renovacao-de-cursos-geografia-licenciatura","status":"publish","type":"page","link":"https:\/\/sites.uel.br\/prograd\/decretos-renovacao-de-cursos-geografia-licenciatura\/","title":{"rendered":"Decretos (Renova\u00e7\u00e3o de Cursos)"},"content":{"rendered":"\n<hr class=\"wp-block-separator has-alpha-channel-opacity is-style-wide\"\/>\n\n\n\n<h2 class=\"wp-block-heading\">Geografia &#8211; Licenciatura<\/h2>\n\n\n\n<p><strong>Reconhecimento:<\/strong> Decreto Fed. n\u00ba 49.061 de 06\/10\/60 &#8211; Publica\u00e7\u00e3o: 19\/12\/1960<\/p>\n\n\n\n<p>&#8211; <strong>1\u00aa Renova\u00e7\u00e3o:<\/strong> Decreto Estadual n\u00ba 6481 de 15\/03\/2010 &#8211; Validade: 28\/12\/2015<br> <strong>\u00a0\u00a0\u00a0<strong>\u00a0\u00a0<\/strong>&#8211; Retificado: <\/strong>Decreto Estadual n\u00ba 9188 de 29\/12\/2010 &#8211; Validade: 28\/12\/2015<br>&#8211; <strong>2\u00aa Renova\u00e7\u00e3o:<\/strong> Decreto Estadual n\u00ba 1586 de 02\/06\/2015 &#8211; Validade: 28\/12\/2019<br>&#8211; <strong>3\u00aa Renova\u00e7\u00e3o:<\/strong> Portaria Estadual n\u00ba 0117 de 12\/05\/2020 &#8211; Validade: 28\/12\/2023<br>&#8211; <strong>4\u00aa Renova\u00e7\u00e3o:<\/strong> Resolu\u00e7\u00e3o n\u00ba 120\/2023 \u2013 SETI de 05\/07\/2023 &#8211; Validade: 28\/12\/2027<\/p>\n\n\n\n<div style=\"height:10px\" aria-hidden=\"true\" class=\"wp-block-spacer\"><\/div>\n\n\n\n<hr class=\"wp-block-separator has-text-color has-cinza-color has-css-opacity has-cinza-background-color has-background is-style-wide\"\/>\n\n\n\n<p><strong>Veja tamb\u00e9m:<\/strong><\/p>\n\n\n\n<p><a href=\"https:\/\/sites.uel.br\/prograd\/graduacao\/catalogo-dos-cursos-de-graduacao-indice\/\">Cat\u00e1logo dos Curso de Gradua\u00e7\u00e3o (Organiza\u00e7\u00e3o Curricular, Ementas, Corpo Docente<\/a>)<\/p>\n\n\n\n<p><a href=\"https:\/\/sites.uel.br\/prograd\/graduacao\/projetos-pedagogicos\/\">Projetos Pedag\u00f3gicos dos Cursos de Gradua\u00e7\u00e3o<\/a><\/p>\n","protected":false},"excerpt":{"rendered":"<p>Geografia &#8211; Licenciatura Reconhecimento: Decreto Fed. n\u00ba 49.061 de 06\/10\/60 &#8211; Publica\u00e7\u00e3o: 19\/12\/1960 &#8211; 1\u00aa Renova\u00e7\u00e3o: Decreto Estadual n\u00ba 6481 de 15\/03\/2010 &#8211; Validade: 28\/12\/2015 \u00a0\u00a0\u00a0\u00a0\u00a0&#8211; Retificado: Decreto Estadual n\u00ba 9188 de 29\/12\/2010 &#8211; Validade: 28\/12\/2015&#8211; 2\u00aa Renova\u00e7\u00e3o: Decreto Estadual n\u00ba 1586 de 02\/06\/2015 &#8211; Validade: 28\/12\/2019&#8211; 3\u00aa Renova\u00e7\u00e3o: Portaria Estadual n\u00ba 0117 de 12\/05\/2020 [&hellip;]<\/p>\n","protected":false},"author":8,"featured_media":0,"parent":0,"menu_order":0,"comment_status":"closed","ping_status":"closed","template":"","meta":{"_acf_changed":false,"_themeisle_gutenberg_block_has_review":false,"footnotes":""},"class_list":["post-34978","page","type-page","status-publish","hentry"],"acf":[],"_links":{"self":[{"href":"https:\/\/sites.uel.br\/prograd\/wp-json\/wp\/v2\/pages\/34978","targetHints":{"allow":["GET"]}}],"collection":[{"href":"https:\/\/sites.uel.br\/prograd\/wp-json\/wp\/v2\/pages"}],"about":[{"href":"https:\/\/sites.uel.br\/prograd\/wp-json\/wp\/v2\/types\/page"}],"author":[{"embeddable":true,"href":"https:\/\/sites.uel.br\/prograd\/wp-json\/wp\/v2\/users\/8"}],"replies":[{"embeddable":true,"href":"https:\/\/sites.uel.br\/prograd\/wp-json\/wp\/v2\/comments?post=34978"}],"version-history":[{"count":6,"href":"https:\/\/sites.uel.br\/prograd\/wp-json\/wp\/v2\/pages\/34978\/revisions"}],"predecessor-version":[{"id":35418,"href":"https:\/\/sites.uel.br\/prograd\/wp-json\/wp\/v2\/pages\/34978\/revisions\/35418"}],"wp:attachment":[{"href":"https:\/\/sites.uel.br\/prograd\/wp-json\/wp\/v2\/media?parent=34978"}],"curies":[{"name":"wp","href":"https:\/\/api.w.org\/{rel}","templated":true}]}}