{"id":34950,"date":"2025-08-01T14:10:55","date_gmt":"2025-08-01T17:10:55","guid":{"rendered":"https:\/\/sites.uel.br\/prograd\/?page_id=34950"},"modified":"2025-08-07T15:12:42","modified_gmt":"2025-08-07T18:12:42","slug":"decretos-renovacao-de-cursos-educacao-fisica-bacharelado","status":"publish","type":"page","link":"https:\/\/sites.uel.br\/prograd\/decretos-renovacao-de-cursos-educacao-fisica-bacharelado\/","title":{"rendered":"Decretos (Renova\u00e7\u00e3o de Cursos)"},"content":{"rendered":"\n<hr class=\"wp-block-separator has-alpha-channel-opacity is-style-wide\"\/>\n\n\n\n<h2 class=\"wp-block-heading\">Educa\u00e7\u00e3o F\u00edsica \u2013 Habilita\u00e7\u00e3o Bacharelado<\/h2>\n\n\n\n<p><strong>Reconhecimento:<\/strong> Decreto Est. n\u00ba 4541 de 06\/04\/2009 &#8211; Publica\u00e7\u00e3o: 06\/04\/2009<\/p>\n\n\n\n<p>&#8211; <strong>1\u00aa Renova\u00e7\u00e3o:<\/strong> Decreto Estadual n\u00ba 12.603 de 21\/11\/2014 &#8211; Validade: 05\/04\/2018<br>&#8211; <strong>2\u00aa Renova\u00e7\u00e3o:<\/strong> Decreto Estadual n\u00ba 8837 de 21\/02\/2018 &#8211; Validade: 05\/04\/2023<br>&#8211; <strong>3\u00aa Renova\u00e7\u00e3o:<\/strong> Portaria Estadual n\u00ba 0171 de 05\/12\/2022 &#8211; Validade: 05\/04\/2027<br> <strong>\u00a0\u00a0\u00a0<strong>\u00a0\u00a0<\/strong>&#8211; Retificado:<\/strong> Resolu\u00e7\u00e3o SETI n\u00ba 0123 de 07\/07\/2023 &#8211; Validade: 05\/04\/2027<\/p>\n\n\n\n<div style=\"height:10px\" aria-hidden=\"true\" class=\"wp-block-spacer\"><\/div>\n\n\n\n<hr class=\"wp-block-separator has-text-color has-cinza-color has-css-opacity has-cinza-background-color has-background is-style-wide\"\/>\n\n\n\n<p><strong>Veja tamb\u00e9m:<\/strong><\/p>\n\n\n\n<p><a href=\"https:\/\/sites.uel.br\/prograd\/graduacao\/catalogo-dos-cursos-de-graduacao-indice\/\">Cat\u00e1logo dos Curso de Gradua\u00e7\u00e3o (Organiza\u00e7\u00e3o Curricular, Ementas, Corpo Docente<\/a>)<\/p>\n\n\n\n<p><a href=\"https:\/\/sites.uel.br\/prograd\/graduacao\/projetos-pedagogicos\/\">Projetos Pedag\u00f3gicos dos Cursos de Gradua\u00e7\u00e3o<\/a><\/p>\n","protected":false},"excerpt":{"rendered":"<p>Educa\u00e7\u00e3o F\u00edsica \u2013 Habilita\u00e7\u00e3o Bacharelado Reconhecimento: Decreto Est. n\u00ba 4541 de 06\/04\/2009 &#8211; Publica\u00e7\u00e3o: 06\/04\/2009 &#8211; 1\u00aa Renova\u00e7\u00e3o: Decreto Estadual n\u00ba 12.603 de 21\/11\/2014 &#8211; Validade: 05\/04\/2018&#8211; 2\u00aa Renova\u00e7\u00e3o: Decreto Estadual n\u00ba 8837 de 21\/02\/2018 &#8211; Validade: 05\/04\/2023&#8211; 3\u00aa Renova\u00e7\u00e3o: Portaria Estadual n\u00ba 0171 de 05\/12\/2022 &#8211; Validade: 05\/04\/2027 \u00a0\u00a0\u00a0\u00a0\u00a0&#8211; Retificado: Resolu\u00e7\u00e3o SETI n\u00ba 0123 [&hellip;]<\/p>\n","protected":false},"author":8,"featured_media":0,"parent":0,"menu_order":0,"comment_status":"closed","ping_status":"closed","template":"","meta":{"_acf_changed":false,"_themeisle_gutenberg_block_has_review":false,"footnotes":""},"class_list":["post-34950","page","type-page","status-publish","hentry"],"acf":[],"_links":{"self":[{"href":"https:\/\/sites.uel.br\/prograd\/wp-json\/wp\/v2\/pages\/34950","targetHints":{"allow":["GET"]}}],"collection":[{"href":"https:\/\/sites.uel.br\/prograd\/wp-json\/wp\/v2\/pages"}],"about":[{"href":"https:\/\/sites.uel.br\/prograd\/wp-json\/wp\/v2\/types\/page"}],"author":[{"embeddable":true,"href":"https:\/\/sites.uel.br\/prograd\/wp-json\/wp\/v2\/users\/8"}],"replies":[{"embeddable":true,"href":"https:\/\/sites.uel.br\/prograd\/wp-json\/wp\/v2\/comments?post=34950"}],"version-history":[{"count":7,"href":"https:\/\/sites.uel.br\/prograd\/wp-json\/wp\/v2\/pages\/34950\/revisions"}],"predecessor-version":[{"id":35411,"href":"https:\/\/sites.uel.br\/prograd\/wp-json\/wp\/v2\/pages\/34950\/revisions\/35411"}],"wp:attachment":[{"href":"https:\/\/sites.uel.br\/prograd\/wp-json\/wp\/v2\/media?parent=34950"}],"curies":[{"name":"wp","href":"https:\/\/api.w.org\/{rel}","templated":true}]}}