{"id":34925,"date":"2025-08-01T13:44:58","date_gmt":"2025-08-01T16:44:58","guid":{"rendered":"https:\/\/sites.uel.br\/prograd\/?page_id=34925"},"modified":"2025-08-07T15:11:58","modified_gmt":"2025-08-07T18:11:58","slug":"decretos-renovacao-de-cursos-ciencias-biologicas-bacharelado","status":"publish","type":"page","link":"https:\/\/sites.uel.br\/prograd\/decretos-renovacao-de-cursos-ciencias-biologicas-bacharelado\/","title":{"rendered":"Decretos (Renova\u00e7\u00e3o de Cursos)"},"content":{"rendered":"\n<hr class=\"wp-block-separator has-alpha-channel-opacity is-style-wide\"\/>\n\n\n\n<h2 class=\"wp-block-heading\">Ci\u00eancias Biol\u00f3gicas &#8211; Bacharelado<\/h2>\n\n\n\n<p><strong>Reconhecimento:<\/strong> Decreto Fed. n\u00ba 78.468 de 27\/09\/76 &#8211; Publica\u00e7\u00e3o: 28\/09\/1976<\/p>\n\n\n\n<p>&#8211; <strong>1\u00aa Renova\u00e7\u00e3o:<\/strong> Decreto Estadual n\u00ba 6160 de 21\/01\/2010 &#8211; Validade: 15\/03\/2015<br> <strong>\u00a0\u00a0\u00a0<strong>\u00a0\u00a0<\/strong>&#8211; Retificado: <\/strong>Decreto Estadual n\u00ba 6479 de 15\/03\/2010 &#8211; Validade: 15\/03\/2015<br>&#8211; <strong>2\u00aa Renova\u00e7\u00e3o:<\/strong> Decreto Estadual n\u00ba 4899 de 26\/08\/2016 &#8211; Validade: 15\/03\/2020<br>&#8211; <strong>3\u00aa Renova\u00e7\u00e3o:<\/strong> Decreto Estadual n\u00ba 3599 de 10\/12\/2019 &#8211; Validade: 15\/03\/2024<br>&#8211; <strong>4\u00aa Renova\u00e7\u00e3o:<\/strong> Resolu\u00e7\u00e3o n\u00ba 180\/2023 \u2013 SETI, 22\/09\/2023 &#8211; Validade: 15\/03\/2028<\/p>\n\n\n\n<div style=\"height:10px\" aria-hidden=\"true\" class=\"wp-block-spacer\"><\/div>\n\n\n\n<hr class=\"wp-block-separator has-text-color has-cinza-color has-css-opacity has-cinza-background-color has-background is-style-wide\"\/>\n\n\n\n<p><strong>Veja tamb\u00e9m:<\/strong><\/p>\n\n\n\n<p><a href=\"https:\/\/sites.uel.br\/prograd\/graduacao\/catalogo-dos-cursos-de-graduacao-indice\/\">Cat\u00e1logo dos Curso de Gradua\u00e7\u00e3o (Organiza\u00e7\u00e3o Curricular, Ementas, Corpo Docente<\/a>)<\/p>\n\n\n\n<p><a href=\"https:\/\/sites.uel.br\/prograd\/graduacao\/projetos-pedagogicos\/\">Projetos Pedag\u00f3gicos dos Cursos de Gradua\u00e7\u00e3o<\/a><\/p>\n","protected":false},"excerpt":{"rendered":"<p>Ci\u00eancias Biol\u00f3gicas &#8211; Bacharelado Reconhecimento: Decreto Fed. n\u00ba 78.468 de 27\/09\/76 &#8211; Publica\u00e7\u00e3o: 28\/09\/1976 &#8211; 1\u00aa Renova\u00e7\u00e3o: Decreto Estadual n\u00ba 6160 de 21\/01\/2010 &#8211; Validade: 15\/03\/2015 \u00a0\u00a0\u00a0\u00a0\u00a0&#8211; Retificado: Decreto Estadual n\u00ba 6479 de 15\/03\/2010 &#8211; Validade: 15\/03\/2015&#8211; 2\u00aa Renova\u00e7\u00e3o: Decreto Estadual n\u00ba 4899 de 26\/08\/2016 &#8211; Validade: 15\/03\/2020&#8211; 3\u00aa Renova\u00e7\u00e3o: Decreto Estadual n\u00ba 3599 de [&hellip;]<\/p>\n","protected":false},"author":8,"featured_media":0,"parent":0,"menu_order":0,"comment_status":"closed","ping_status":"closed","template":"","meta":{"_acf_changed":false,"_themeisle_gutenberg_block_has_review":false,"footnotes":""},"class_list":["post-34925","page","type-page","status-publish","hentry"],"acf":[],"_links":{"self":[{"href":"https:\/\/sites.uel.br\/prograd\/wp-json\/wp\/v2\/pages\/34925","targetHints":{"allow":["GET"]}}],"collection":[{"href":"https:\/\/sites.uel.br\/prograd\/wp-json\/wp\/v2\/pages"}],"about":[{"href":"https:\/\/sites.uel.br\/prograd\/wp-json\/wp\/v2\/types\/page"}],"author":[{"embeddable":true,"href":"https:\/\/sites.uel.br\/prograd\/wp-json\/wp\/v2\/users\/8"}],"replies":[{"embeddable":true,"href":"https:\/\/sites.uel.br\/prograd\/wp-json\/wp\/v2\/comments?post=34925"}],"version-history":[{"count":7,"href":"https:\/\/sites.uel.br\/prograd\/wp-json\/wp\/v2\/pages\/34925\/revisions"}],"predecessor-version":[{"id":35408,"href":"https:\/\/sites.uel.br\/prograd\/wp-json\/wp\/v2\/pages\/34925\/revisions\/35408"}],"wp:attachment":[{"href":"https:\/\/sites.uel.br\/prograd\/wp-json\/wp\/v2\/media?parent=34925"}],"curies":[{"name":"wp","href":"https:\/\/api.w.org\/{rel}","templated":true}]}}