{"id":34828,"date":"2025-08-01T11:14:56","date_gmt":"2025-08-01T14:14:56","guid":{"rendered":"https:\/\/sites.uel.br\/prograd\/?page_id=34828"},"modified":"2025-08-04T16:11:24","modified_gmt":"2025-08-04T19:11:24","slug":"decretos-renovacao-de-cursos-odontologia","status":"publish","type":"page","link":"https:\/\/sites.uel.br\/prograd\/decretos-renovacao-de-cursos-odontologia\/","title":{"rendered":"Decretos (Renova\u00e7\u00e3o de Cursos)"},"content":{"rendered":"\n<hr class=\"wp-block-separator has-alpha-channel-opacity is-style-wide\"\/>\n\n\n\n<h2 class=\"wp-block-heading\">Odontologia<\/h2>\n\n\n\n<p><strong>Reconhecimento:<\/strong> Decreto Fed. n\u00ba 58.398 de 10\/05\/66 &#8211; Publica\u00e7\u00e3o:&nbsp; 17\/06\/1966<\/p>\n\n\n\n<p>&#8211; <strong>1\u00aa Renova\u00e7\u00e3o:<\/strong> Decreto Estadual n\u00ba 7588 de 29\/06\/2010 &#8211; Validade: 28\/06\/2015<br>&#8211; <strong>2\u00aa Renova\u00e7\u00e3o:<\/strong> Decreto Estadual n\u00ba 2905 de 30\/11\/2015 &#8211; Validade: 29\/06\/2020<br>&#8211; <strong>3\u00aa Renova\u00e7\u00e3o:<\/strong> Portaria Estadual n\u00ba 095 de 04\/05\/2020 &#8211; Validade: 29\/06\/2024<br>&#8211; <strong>4\u00aa Renova\u00e7\u00e3o:<\/strong> Resolu\u00e7\u00e3o n\u00ba 104\/2024 &#8211; SETI &#8211; de 16\/05\/2024 &#8211; Validade: 29\/06\/2028<\/p>\n\n\n\n<div style=\"height:10px\" aria-hidden=\"true\" class=\"wp-block-spacer\"><\/div>\n\n\n\n<hr class=\"wp-block-separator has-text-color has-cinza-color has-css-opacity has-cinza-background-color has-background is-style-wide\"\/>\n\n\n\n<p><strong>Veja tamb\u00e9m:<\/strong><\/p>\n\n\n\n<p><a href=\"https:\/\/sites.uel.br\/prograd\/graduacao\/catalogo-dos-cursos-de-graduacao-indice\/\">Cat\u00e1logo dos Curso de Gradua\u00e7\u00e3o (Organiza\u00e7\u00e3o Curricular, Ementas, Corpo Docente<\/a>)<\/p>\n\n\n\n<p><a href=\"https:\/\/sites.uel.br\/prograd\/graduacao\/projetos-pedagogicos\/\">Projetos Pedag\u00f3gicos dos Cursos de Gradua\u00e7\u00e3o<\/a><\/p>\n","protected":false},"excerpt":{"rendered":"<p>Odontologia Reconhecimento: Decreto Fed. n\u00ba 58.398 de 10\/05\/66 &#8211; Publica\u00e7\u00e3o:&nbsp; 17\/06\/1966 &#8211; 1\u00aa Renova\u00e7\u00e3o: Decreto Estadual n\u00ba 7588 de 29\/06\/2010 &#8211; Validade: 28\/06\/2015&#8211; 2\u00aa Renova\u00e7\u00e3o: Decreto Estadual n\u00ba 2905 de 30\/11\/2015 &#8211; Validade: 29\/06\/2020&#8211; 3\u00aa Renova\u00e7\u00e3o: Portaria Estadual n\u00ba 095 de 04\/05\/2020 &#8211; Validade: 29\/06\/2024&#8211; 4\u00aa Renova\u00e7\u00e3o: Resolu\u00e7\u00e3o n\u00ba 104\/2024 &#8211; SETI &#8211; de 16\/05\/2024 [&hellip;]<\/p>\n","protected":false},"author":8,"featured_media":0,"parent":0,"menu_order":0,"comment_status":"closed","ping_status":"closed","template":"","meta":{"_acf_changed":false,"_themeisle_gutenberg_block_has_review":false,"footnotes":""},"class_list":["post-34828","page","type-page","status-publish","hentry"],"acf":[],"_links":{"self":[{"href":"https:\/\/sites.uel.br\/prograd\/wp-json\/wp\/v2\/pages\/34828","targetHints":{"allow":["GET"]}}],"collection":[{"href":"https:\/\/sites.uel.br\/prograd\/wp-json\/wp\/v2\/pages"}],"about":[{"href":"https:\/\/sites.uel.br\/prograd\/wp-json\/wp\/v2\/types\/page"}],"author":[{"embeddable":true,"href":"https:\/\/sites.uel.br\/prograd\/wp-json\/wp\/v2\/users\/8"}],"replies":[{"embeddable":true,"href":"https:\/\/sites.uel.br\/prograd\/wp-json\/wp\/v2\/comments?post=34828"}],"version-history":[{"count":4,"href":"https:\/\/sites.uel.br\/prograd\/wp-json\/wp\/v2\/pages\/34828\/revisions"}],"predecessor-version":[{"id":35250,"href":"https:\/\/sites.uel.br\/prograd\/wp-json\/wp\/v2\/pages\/34828\/revisions\/35250"}],"wp:attachment":[{"href":"https:\/\/sites.uel.br\/prograd\/wp-json\/wp\/v2\/media?parent=34828"}],"curies":[{"name":"wp","href":"https:\/\/api.w.org\/{rel}","templated":true}]}}