{"id":34825,"date":"2025-08-01T11:14:36","date_gmt":"2025-08-01T14:14:36","guid":{"rendered":"https:\/\/sites.uel.br\/prograd\/?page_id=34825"},"modified":"2025-08-07T15:15:44","modified_gmt":"2025-08-07T18:15:44","slug":"decretos-renovacao-de-cursos-medicina-veterinaria","status":"publish","type":"page","link":"https:\/\/sites.uel.br\/prograd\/decretos-renovacao-de-cursos-medicina-veterinaria\/","title":{"rendered":"Decretos (Renova\u00e7\u00e3o de Cursos)"},"content":{"rendered":"\n<hr class=\"wp-block-separator has-alpha-channel-opacity is-style-wide\"\/>\n\n\n\n<h2 class=\"wp-block-heading\">Medicina Veterin\u00e1ria<\/h2>\n\n\n\n<p><strong>Reconhecimento:<\/strong> Decreto Fed. n\u00ba 81.022 de 12\/12\/77 &#8211; Publica\u00e7\u00e3o: 13\/12\/1977<\/p>\n\n\n\n<p>&#8211; <strong>1\u00aa Renova\u00e7\u00e3o:<\/strong> Decreto Estadual n\u00ba 5850 de 27\/11\/2009 &#8211; Validade: 26\/11\/2014<br> <strong>\u00a0\u00a0\u00a0<strong>\u00a0\u00a0<\/strong>&#8211; Retificado:<\/strong> Decreto Estadual n\u00ba 6177 de 02\/02\/2010 &#8211; Validade: 26\/11\/2014<br>&#8211; <strong>2\u00aa Renova\u00e7\u00e3o:<\/strong> Decreto Estadual n\u00ba 399 de 06\/02\/2015 &#8211; Validade: 26\/11\/2019<br>&#8211; <strong>3\u00aa Renova\u00e7\u00e3o:<\/strong> Decreto Estadual n\u00ba 3645 de 12\/12\/2019 &#8211; Validade: 26\/11\/2024<br>&#8211; <strong>4\u00aa Renova\u00e7\u00e3o:<\/strong> Resolu\u00e7\u00e3o n\u00ba 157\/2024 \u2013 SETI, de 03\/07\/2024 &#8211; Validade: 26\/11\/2029<\/p>\n\n\n\n<div style=\"height:10px\" aria-hidden=\"true\" class=\"wp-block-spacer\"><\/div>\n\n\n\n<hr class=\"wp-block-separator has-text-color has-cinza-color has-css-opacity has-cinza-background-color has-background is-style-wide\"\/>\n\n\n\n<p><strong>Veja tamb\u00e9m:<\/strong><\/p>\n\n\n\n<p><a href=\"https:\/\/sites.uel.br\/prograd\/graduacao\/catalogo-dos-cursos-de-graduacao-indice\/\">Cat\u00e1logo dos Curso de Gradua\u00e7\u00e3o (Organiza\u00e7\u00e3o Curricular, Ementas, Corpo Docente<\/a>)<\/p>\n\n\n\n<p><a href=\"https:\/\/sites.uel.br\/prograd\/graduacao\/projetos-pedagogicos\/\">Projetos Pedag\u00f3gicos dos Cursos de Gradua\u00e7\u00e3o<\/a><\/p>\n","protected":false},"excerpt":{"rendered":"<p>Medicina Veterin\u00e1ria Reconhecimento: Decreto Fed. n\u00ba 81.022 de 12\/12\/77 &#8211; Publica\u00e7\u00e3o: 13\/12\/1977 &#8211; 1\u00aa Renova\u00e7\u00e3o: Decreto Estadual n\u00ba 5850 de 27\/11\/2009 &#8211; Validade: 26\/11\/2014 \u00a0\u00a0\u00a0\u00a0\u00a0&#8211; Retificado: Decreto Estadual n\u00ba 6177 de 02\/02\/2010 &#8211; Validade: 26\/11\/2014&#8211; 2\u00aa Renova\u00e7\u00e3o: Decreto Estadual n\u00ba 399 de 06\/02\/2015 &#8211; Validade: 26\/11\/2019&#8211; 3\u00aa Renova\u00e7\u00e3o: Decreto Estadual n\u00ba 3645 de 12\/12\/2019 &#8211; [&hellip;]<\/p>\n","protected":false},"author":8,"featured_media":0,"parent":0,"menu_order":0,"comment_status":"closed","ping_status":"closed","template":"","meta":{"_acf_changed":false,"_themeisle_gutenberg_block_has_review":false,"footnotes":""},"class_list":["post-34825","page","type-page","status-publish","hentry"],"acf":[],"_links":{"self":[{"href":"https:\/\/sites.uel.br\/prograd\/wp-json\/wp\/v2\/pages\/34825","targetHints":{"allow":["GET"]}}],"collection":[{"href":"https:\/\/sites.uel.br\/prograd\/wp-json\/wp\/v2\/pages"}],"about":[{"href":"https:\/\/sites.uel.br\/prograd\/wp-json\/wp\/v2\/types\/page"}],"author":[{"embeddable":true,"href":"https:\/\/sites.uel.br\/prograd\/wp-json\/wp\/v2\/users\/8"}],"replies":[{"embeddable":true,"href":"https:\/\/sites.uel.br\/prograd\/wp-json\/wp\/v2\/comments?post=34825"}],"version-history":[{"count":6,"href":"https:\/\/sites.uel.br\/prograd\/wp-json\/wp\/v2\/pages\/34825\/revisions"}],"predecessor-version":[{"id":35421,"href":"https:\/\/sites.uel.br\/prograd\/wp-json\/wp\/v2\/pages\/34825\/revisions\/35421"}],"wp:attachment":[{"href":"https:\/\/sites.uel.br\/prograd\/wp-json\/wp\/v2\/media?parent=34825"}],"curies":[{"name":"wp","href":"https:\/\/api.w.org\/{rel}","templated":true}]}}