{"id":34815,"date":"2025-08-01T11:13:09","date_gmt":"2025-08-01T14:13:09","guid":{"rendered":"https:\/\/sites.uel.br\/prograd\/?page_id=34815"},"modified":"2025-08-04T16:03:25","modified_gmt":"2025-08-04T19:03:25","slug":"decretos-renovacao-de-cursos-fisioterapia","status":"publish","type":"page","link":"https:\/\/sites.uel.br\/prograd\/decretos-renovacao-de-cursos-fisioterapia\/","title":{"rendered":"Decretos (Renova\u00e7\u00e3o de Cursos)"},"content":{"rendered":"\n<hr class=\"wp-block-separator has-alpha-channel-opacity is-style-wide\"\/>\n\n\n\n<h2 class=\"wp-block-heading\">Fisioterapia<\/h2>\n\n\n\n<p><strong>Reconhecimento:<\/strong> Portaria M. 429 de 14\/10\/82 &#8211; Publica\u00e7\u00e3o: 19\/10\/1982<\/p>\n\n\n\n<p>&#8211; <strong>1\u00aa Renova\u00e7\u00e3o:<\/strong> Decreto Estadual n\u00ba 6128 de 20\/01\/2010 &#8211; Publica\u00e7\u00e3o: 19\/01\/2015<br>&#8211; <strong>2\u00aa Renova\u00e7\u00e3o:<\/strong> Decreto Estadual n\u00ba 1984 de 23\/07\/2015 &#8211; Validade: 19\/01\/2019<br>&#8211; <strong>3\u00aa Renova\u00e7\u00e3o:<\/strong> Decreto Estadual n\u00ba 11802 de 23\/11\/2018 &#8211; Validade: 19\/01\/2024<br>&#8211; <strong>4\u00aa Renova\u00e7\u00e3o:<\/strong> Resolu\u00e7\u00e3o n\u00ba 119\/2023 &#8211; SETI de 05\/07\/2023 &#8211; Validade: 19\/01\/2028<\/p>\n\n\n\n<div style=\"height:10px\" aria-hidden=\"true\" class=\"wp-block-spacer\"><\/div>\n\n\n\n<hr class=\"wp-block-separator has-text-color has-cinza-color has-css-opacity has-cinza-background-color has-background is-style-wide\"\/>\n\n\n\n<p><strong>Veja tamb\u00e9m:<\/strong><\/p>\n\n\n\n<p><a href=\"https:\/\/sites.uel.br\/prograd\/graduacao\/catalogo-dos-cursos-de-graduacao-indice\/\">Cat\u00e1logo dos Curso de Gradua\u00e7\u00e3o (Organiza\u00e7\u00e3o Curricular, Ementas, Corpo Docente<\/a>)<\/p>\n\n\n\n<p><a href=\"https:\/\/sites.uel.br\/prograd\/graduacao\/projetos-pedagogicos\/\">Projetos Pedag\u00f3gicos dos Cursos de Gradua\u00e7\u00e3o<\/a><\/p>\n","protected":false},"excerpt":{"rendered":"<p>Fisioterapia Reconhecimento: Portaria M. 429 de 14\/10\/82 &#8211; Publica\u00e7\u00e3o: 19\/10\/1982 &#8211; 1\u00aa Renova\u00e7\u00e3o: Decreto Estadual n\u00ba 6128 de 20\/01\/2010 &#8211; Publica\u00e7\u00e3o: 19\/01\/2015&#8211; 2\u00aa Renova\u00e7\u00e3o: Decreto Estadual n\u00ba 1984 de 23\/07\/2015 &#8211; Validade: 19\/01\/2019&#8211; 3\u00aa Renova\u00e7\u00e3o: Decreto Estadual n\u00ba 11802 de 23\/11\/2018 &#8211; Validade: 19\/01\/2024&#8211; 4\u00aa Renova\u00e7\u00e3o: Resolu\u00e7\u00e3o n\u00ba 119\/2023 &#8211; SETI de 05\/07\/2023 &#8211; Validade: [&hellip;]<\/p>\n","protected":false},"author":8,"featured_media":0,"parent":0,"menu_order":0,"comment_status":"closed","ping_status":"closed","template":"","meta":{"_acf_changed":false,"_themeisle_gutenberg_block_has_review":false,"footnotes":""},"class_list":["post-34815","page","type-page","status-publish","hentry"],"acf":[],"_links":{"self":[{"href":"https:\/\/sites.uel.br\/prograd\/wp-json\/wp\/v2\/pages\/34815","targetHints":{"allow":["GET"]}}],"collection":[{"href":"https:\/\/sites.uel.br\/prograd\/wp-json\/wp\/v2\/pages"}],"about":[{"href":"https:\/\/sites.uel.br\/prograd\/wp-json\/wp\/v2\/types\/page"}],"author":[{"embeddable":true,"href":"https:\/\/sites.uel.br\/prograd\/wp-json\/wp\/v2\/users\/8"}],"replies":[{"embeddable":true,"href":"https:\/\/sites.uel.br\/prograd\/wp-json\/wp\/v2\/comments?post=34815"}],"version-history":[{"count":4,"href":"https:\/\/sites.uel.br\/prograd\/wp-json\/wp\/v2\/pages\/34815\/revisions"}],"predecessor-version":[{"id":35238,"href":"https:\/\/sites.uel.br\/prograd\/wp-json\/wp\/v2\/pages\/34815\/revisions\/35238"}],"wp:attachment":[{"href":"https:\/\/sites.uel.br\/prograd\/wp-json\/wp\/v2\/media?parent=34815"}],"curies":[{"name":"wp","href":"https:\/\/api.w.org\/{rel}","templated":true}]}}