{"id":34789,"date":"2025-08-01T11:09:32","date_gmt":"2025-08-01T14:09:32","guid":{"rendered":"https:\/\/sites.uel.br\/prograd\/?page_id=34789"},"modified":"2025-08-07T15:13:01","modified_gmt":"2025-08-07T18:13:01","slug":"decretos-renovacao-de-cursos-engenharia-eletrica","status":"publish","type":"page","link":"https:\/\/sites.uel.br\/prograd\/decretos-renovacao-de-cursos-engenharia-eletrica\/","title":{"rendered":"Decretos (Renova\u00e7\u00e3o de Cursos)"},"content":{"rendered":"\n<hr class=\"wp-block-separator has-alpha-channel-opacity is-style-wide\"\/>\n\n\n\n<h2 class=\"wp-block-heading\">Engenharia El\u00e9trica<\/h2>\n\n\n\n<p>Engenharia \u2013 Habilita\u00e7\u00e3o: El\u00e9trica<\/p>\n\n\n\n<p><strong>Reconhecimento:<\/strong> Decreto Est. n\u00ba 5938 de 18\/07\/2002 &#8211; Publica\u00e7\u00e3o: 19\/07\/2002<\/p>\n\n\n\n<p>&#8211; <strong>1\u00aa Renova\u00e7\u00e3o:<\/strong> Decreto Estadual n\u00ba 6413 de 10\/03\/2010 &#8211; Validade:24\/11\/2015<br> <strong>\u00a0\u00a0\u00a0<strong>\u00a0\u00a0<\/strong>&#8211; Retificado: <\/strong>Decreto Estadual n\u00ba 8882 de 25\/11\/2010 &#8211; Validade: 24\/11\/2015<br>&#8211; <strong>2\u00aa Renova\u00e7\u00e3o:<\/strong> Decreto Estadual n\u00ba 12.602 de 21\/11\/2014 &#8211; Validade: 24\/11\/2019<br>&#8211; <strong>3\u00aa Renova\u00e7\u00e3o:<\/strong> Decreto Estadual n\u00ba 02367 de 14\/08\/2019 &#8211; Validade: 24\/11\/2024<br>&#8211; <strong>4\u00aa Renova\u00e7\u00e3o:<\/strong> Resolu\u00e7\u00e3o n.\u00ba 179\/2024 \u2013 SETI, de 07\/08\/2024 &#8211; Validade: 24\/11\/2028<\/p>\n\n\n\n<div style=\"height:10px\" aria-hidden=\"true\" class=\"wp-block-spacer\"><\/div>\n\n\n\n<hr class=\"wp-block-separator has-text-color has-cinza-color has-css-opacity has-cinza-background-color has-background is-style-wide\"\/>\n\n\n\n<p><strong>Veja tamb\u00e9m:<\/strong><\/p>\n\n\n\n<p><a href=\"https:\/\/sites.uel.br\/prograd\/graduacao\/catalogo-dos-cursos-de-graduacao-indice\/\">Cat\u00e1logo dos Curso de Gradua\u00e7\u00e3o (Organiza\u00e7\u00e3o Curricular, Ementas, Corpo Docente<\/a>)<\/p>\n\n\n\n<p><a href=\"https:\/\/sites.uel.br\/prograd\/graduacao\/projetos-pedagogicos\/\">Projetos Pedag\u00f3gicos dos Cursos de Gradua\u00e7\u00e3o<\/a><\/p>\n","protected":false},"excerpt":{"rendered":"<p>Engenharia El\u00e9trica Engenharia \u2013 Habilita\u00e7\u00e3o: El\u00e9trica Reconhecimento: Decreto Est. n\u00ba 5938 de 18\/07\/2002 &#8211; Publica\u00e7\u00e3o: 19\/07\/2002 &#8211; 1\u00aa Renova\u00e7\u00e3o: Decreto Estadual n\u00ba 6413 de 10\/03\/2010 &#8211; Validade:24\/11\/2015 \u00a0\u00a0\u00a0\u00a0\u00a0&#8211; Retificado: Decreto Estadual n\u00ba 8882 de 25\/11\/2010 &#8211; Validade: 24\/11\/2015&#8211; 2\u00aa Renova\u00e7\u00e3o: Decreto Estadual n\u00ba 12.602 de 21\/11\/2014 &#8211; Validade: 24\/11\/2019&#8211; 3\u00aa Renova\u00e7\u00e3o: Decreto Estadual n\u00ba 02367 [&hellip;]<\/p>\n","protected":false},"author":8,"featured_media":0,"parent":0,"menu_order":0,"comment_status":"closed","ping_status":"closed","template":"","meta":{"_acf_changed":false,"_themeisle_gutenberg_block_has_review":false,"footnotes":""},"class_list":["post-34789","page","type-page","status-publish","hentry"],"acf":[],"_links":{"self":[{"href":"https:\/\/sites.uel.br\/prograd\/wp-json\/wp\/v2\/pages\/34789","targetHints":{"allow":["GET"]}}],"collection":[{"href":"https:\/\/sites.uel.br\/prograd\/wp-json\/wp\/v2\/pages"}],"about":[{"href":"https:\/\/sites.uel.br\/prograd\/wp-json\/wp\/v2\/types\/page"}],"author":[{"embeddable":true,"href":"https:\/\/sites.uel.br\/prograd\/wp-json\/wp\/v2\/users\/8"}],"replies":[{"embeddable":true,"href":"https:\/\/sites.uel.br\/prograd\/wp-json\/wp\/v2\/comments?post=34789"}],"version-history":[{"count":6,"href":"https:\/\/sites.uel.br\/prograd\/wp-json\/wp\/v2\/pages\/34789\/revisions"}],"predecessor-version":[{"id":35413,"href":"https:\/\/sites.uel.br\/prograd\/wp-json\/wp\/v2\/pages\/34789\/revisions\/35413"}],"wp:attachment":[{"href":"https:\/\/sites.uel.br\/prograd\/wp-json\/wp\/v2\/media?parent=34789"}],"curies":[{"name":"wp","href":"https:\/\/api.w.org\/{rel}","templated":true}]}}