{"id":34783,"date":"2025-08-01T11:08:47","date_gmt":"2025-08-01T14:08:47","guid":{"rendered":"https:\/\/sites.uel.br\/prograd\/?page_id=34783"},"modified":"2025-08-04T15:57:07","modified_gmt":"2025-08-04T18:57:07","slug":"decretos-renovacao-de-cursos-design-de-moda","status":"publish","type":"page","link":"https:\/\/sites.uel.br\/prograd\/decretos-renovacao-de-cursos-design-de-moda\/","title":{"rendered":"Decretos (Renova\u00e7\u00e3o de Cursos)"},"content":{"rendered":"\n<hr class=\"wp-block-separator has-alpha-channel-opacity is-style-wide\"\/>\n\n\n\n<h2 class=\"wp-block-heading\">Design de Moda<\/h2>\n\n\n\n<p><strong>Reconhecimento:<\/strong> Decreto Est. n\u00ba 5062 de 20\/11\/2001 &#8211; Publica\u00e7\u00e3o: 21\/11\/2001<\/p>\n\n\n\n<p>&#8211; <strong>1\u00aa Renova\u00e7\u00e3o:<\/strong> Decreto Estadual n\u00ba 2169 de 26\/07\/2011 &#8211; Validade: 26\/07\/2016<br>&#8211; <strong>2\u00aa Renova\u00e7\u00e3o:<\/strong> Decreto Estadual n\u00ba 6217 de 13\/02\/2017 &#8211; Validade: 26\/07\/2021<br>&#8211; <strong>3\u00aa Renova\u00e7\u00e3o:<\/strong> Portaria Estadual n\u00ba 0199 de 26\/10\/2020 &#8211; Validade: 26\/07\/2026<\/p>\n\n\n\n<div style=\"height:10px\" aria-hidden=\"true\" class=\"wp-block-spacer\"><\/div>\n\n\n\n<hr class=\"wp-block-separator has-text-color has-cinza-color has-css-opacity has-cinza-background-color has-background is-style-wide\"\/>\n\n\n\n<p><strong>Veja tamb\u00e9m:<\/strong><\/p>\n\n\n\n<p><a href=\"https:\/\/sites.uel.br\/prograd\/graduacao\/catalogo-dos-cursos-de-graduacao-indice\/\">Cat\u00e1logo dos Curso de Gradua\u00e7\u00e3o (Organiza\u00e7\u00e3o Curricular, Ementas, Corpo Docente<\/a>)<\/p>\n\n\n\n<p><a href=\"https:\/\/sites.uel.br\/prograd\/graduacao\/projetos-pedagogicos\/\">Projetos Pedag\u00f3gicos dos Cursos de Gradua\u00e7\u00e3o<\/a><\/p>\n","protected":false},"excerpt":{"rendered":"<p>Design de Moda Reconhecimento: Decreto Est. n\u00ba 5062 de 20\/11\/2001 &#8211; Publica\u00e7\u00e3o: 21\/11\/2001 &#8211; 1\u00aa Renova\u00e7\u00e3o: Decreto Estadual n\u00ba 2169 de 26\/07\/2011 &#8211; Validade: 26\/07\/2016&#8211; 2\u00aa Renova\u00e7\u00e3o: Decreto Estadual n\u00ba 6217 de 13\/02\/2017 &#8211; Validade: 26\/07\/2021&#8211; 3\u00aa Renova\u00e7\u00e3o: Portaria Estadual n\u00ba 0199 de 26\/10\/2020 &#8211; Validade: 26\/07\/2026 Veja tamb\u00e9m: Cat\u00e1logo dos Curso de Gradua\u00e7\u00e3o (Organiza\u00e7\u00e3o [&hellip;]<\/p>\n","protected":false},"author":8,"featured_media":0,"parent":0,"menu_order":0,"comment_status":"closed","ping_status":"closed","template":"","meta":{"_acf_changed":false,"_themeisle_gutenberg_block_has_review":false,"footnotes":""},"class_list":["post-34783","page","type-page","status-publish","hentry"],"acf":[],"_links":{"self":[{"href":"https:\/\/sites.uel.br\/prograd\/wp-json\/wp\/v2\/pages\/34783","targetHints":{"allow":["GET"]}}],"collection":[{"href":"https:\/\/sites.uel.br\/prograd\/wp-json\/wp\/v2\/pages"}],"about":[{"href":"https:\/\/sites.uel.br\/prograd\/wp-json\/wp\/v2\/types\/page"}],"author":[{"embeddable":true,"href":"https:\/\/sites.uel.br\/prograd\/wp-json\/wp\/v2\/users\/8"}],"replies":[{"embeddable":true,"href":"https:\/\/sites.uel.br\/prograd\/wp-json\/wp\/v2\/comments?post=34783"}],"version-history":[{"count":4,"href":"https:\/\/sites.uel.br\/prograd\/wp-json\/wp\/v2\/pages\/34783\/revisions"}],"predecessor-version":[{"id":35222,"href":"https:\/\/sites.uel.br\/prograd\/wp-json\/wp\/v2\/pages\/34783\/revisions\/35222"}],"wp:attachment":[{"href":"https:\/\/sites.uel.br\/prograd\/wp-json\/wp\/v2\/media?parent=34783"}],"curies":[{"name":"wp","href":"https:\/\/api.w.org\/{rel}","templated":true}]}}