{"id":34780,"date":"2025-08-01T11:08:22","date_gmt":"2025-08-01T14:08:22","guid":{"rendered":"https:\/\/sites.uel.br\/prograd\/?page_id=34780"},"modified":"2025-08-04T15:54:11","modified_gmt":"2025-08-04T18:54:11","slug":"decretos-renovacao-de-cursos-ciencias-economicas","status":"publish","type":"page","link":"https:\/\/sites.uel.br\/prograd\/decretos-renovacao-de-cursos-ciencias-economicas\/","title":{"rendered":"Decretos (Renova\u00e7\u00e3o de Cursos)"},"content":{"rendered":"\n<hr class=\"wp-block-separator has-alpha-channel-opacity is-style-wide\"\/>\n\n\n\n<h2 class=\"wp-block-heading\">Ci\u00eancias Econ\u00f4micas<\/h2>\n\n\n\n<p><strong>Reconhecimento:<\/strong> Decreto Fed. n\u00ba 68.814 de 28\/06\/71 &#8211; Publica\u00e7\u00e3o: 29\/06\/1971<\/p>\n\n\n\n<p>&#8211; <strong>1\u00aa Renova\u00e7\u00e3o:<\/strong> Decreto Estadual n\u00ba 6762 de 16\/04\/2010 &#8211; Validade:15\/04\/2015<br>&#8211; <strong>2\u00aa Renova\u00e7\u00e3o:<\/strong> Decreto Estadual n\u00ba 1982 de 23\/07\/2015 &#8211; Validade: 15\/04\/2018<br>&#8211; <strong>3\u00aa Renova\u00e7\u00e3o:<\/strong> Decreto Estadual n\u00ba 9999 de 11\/06\/2018 &#8211; Validade: 15\/10\/2022<br>&#8211; <strong>4\u00aa Renova\u00e7\u00e3o:<\/strong> Portaria Estadual n\u00ba 59 de 16\/05\/2022 &#8211; Validade: 15\/10\/2026<\/p>\n\n\n\n<div style=\"height:10px\" aria-hidden=\"true\" class=\"wp-block-spacer\"><\/div>\n\n\n\n<hr class=\"wp-block-separator has-text-color has-cinza-color has-css-opacity has-cinza-background-color has-background is-style-wide\"\/>\n\n\n\n<p><strong>Veja tamb\u00e9m:<\/strong><\/p>\n\n\n\n<p><a href=\"https:\/\/sites.uel.br\/prograd\/graduacao\/catalogo-dos-cursos-de-graduacao-indice\/\">Cat\u00e1logo dos Curso de Gradua\u00e7\u00e3o (Organiza\u00e7\u00e3o Curricular, Ementas, Corpo Docente<\/a>)<\/p>\n\n\n\n<p><a href=\"https:\/\/sites.uel.br\/prograd\/graduacao\/projetos-pedagogicos\/\">Projetos Pedag\u00f3gicos dos Cursos de Gradua\u00e7\u00e3o<\/a><\/p>\n","protected":false},"excerpt":{"rendered":"<p>Ci\u00eancias Econ\u00f4micas Reconhecimento: Decreto Fed. n\u00ba 68.814 de 28\/06\/71 &#8211; Publica\u00e7\u00e3o: 29\/06\/1971 &#8211; 1\u00aa Renova\u00e7\u00e3o: Decreto Estadual n\u00ba 6762 de 16\/04\/2010 &#8211; Validade:15\/04\/2015&#8211; 2\u00aa Renova\u00e7\u00e3o: Decreto Estadual n\u00ba 1982 de 23\/07\/2015 &#8211; Validade: 15\/04\/2018&#8211; 3\u00aa Renova\u00e7\u00e3o: Decreto Estadual n\u00ba 9999 de 11\/06\/2018 &#8211; Validade: 15\/10\/2022&#8211; 4\u00aa Renova\u00e7\u00e3o: Portaria Estadual n\u00ba 59 de 16\/05\/2022 &#8211; Validade: [&hellip;]<\/p>\n","protected":false},"author":8,"featured_media":0,"parent":0,"menu_order":0,"comment_status":"closed","ping_status":"closed","template":"","meta":{"_acf_changed":false,"_themeisle_gutenberg_block_has_review":false,"footnotes":""},"class_list":["post-34780","page","type-page","status-publish","hentry"],"acf":[],"_links":{"self":[{"href":"https:\/\/sites.uel.br\/prograd\/wp-json\/wp\/v2\/pages\/34780","targetHints":{"allow":["GET"]}}],"collection":[{"href":"https:\/\/sites.uel.br\/prograd\/wp-json\/wp\/v2\/pages"}],"about":[{"href":"https:\/\/sites.uel.br\/prograd\/wp-json\/wp\/v2\/types\/page"}],"author":[{"embeddable":true,"href":"https:\/\/sites.uel.br\/prograd\/wp-json\/wp\/v2\/users\/8"}],"replies":[{"embeddable":true,"href":"https:\/\/sites.uel.br\/prograd\/wp-json\/wp\/v2\/comments?post=34780"}],"version-history":[{"count":4,"href":"https:\/\/sites.uel.br\/prograd\/wp-json\/wp\/v2\/pages\/34780\/revisions"}],"predecessor-version":[{"id":35217,"href":"https:\/\/sites.uel.br\/prograd\/wp-json\/wp\/v2\/pages\/34780\/revisions\/35217"}],"wp:attachment":[{"href":"https:\/\/sites.uel.br\/prograd\/wp-json\/wp\/v2\/media?parent=34780"}],"curies":[{"name":"wp","href":"https:\/\/api.w.org\/{rel}","templated":true}]}}