{"id":34775,"date":"2025-08-01T11:07:38","date_gmt":"2025-08-01T14:07:38","guid":{"rendered":"https:\/\/sites.uel.br\/prograd\/?page_id=34775"},"modified":"2025-08-04T16:26:49","modified_gmt":"2025-08-04T19:26:49","slug":"decretos-renovacao-de-cursos-biotecnologia","status":"publish","type":"page","link":"https:\/\/sites.uel.br\/prograd\/decretos-renovacao-de-cursos-biotecnologia\/","title":{"rendered":"Decretos (Renova\u00e7\u00e3o de Cursos)"},"content":{"rendered":"\n<hr class=\"wp-block-separator has-alpha-channel-opacity is-style-wide\"\/>\n\n\n\n<h2 class=\"wp-block-heading\">Biotecnologia<\/h2>\n\n\n\n<p><strong>Reconhecimento:<\/strong> Resolu\u00e7\u00e3o n\u00ba 57\/2024 \u2013 SETI, de 10\/04\/2024 &#8211; Publica\u00e7\u00e3o: 02\/05\/2024<\/p>\n\n\n\n<div style=\"height:10px\" aria-hidden=\"true\" class=\"wp-block-spacer\"><\/div>\n\n\n\n<hr class=\"wp-block-separator has-text-color has-cinza-color has-css-opacity has-cinza-background-color has-background is-style-wide\"\/>\n\n\n\n<p><strong>Veja tamb\u00e9m:<\/strong><\/p>\n\n\n\n<p><a href=\"https:\/\/sites.uel.br\/prograd\/graduacao\/catalogo-dos-cursos-de-graduacao-indice\/\">Cat\u00e1logo dos Curso de Gradua\u00e7\u00e3o (Organiza\u00e7\u00e3o Curricular, Ementas, Corpo Docente<\/a>)<\/p>\n\n\n\n<p><a href=\"https:\/\/sites.uel.br\/prograd\/graduacao\/projetos-pedagogicos\/\">Projetos Pedag\u00f3gicos dos Cursos de Gradua\u00e7\u00e3o<\/a><\/p>\n","protected":false},"excerpt":{"rendered":"<p>Biotecnologia Reconhecimento: Resolu\u00e7\u00e3o n\u00ba 57\/2024 \u2013 SETI, de 10\/04\/2024 &#8211; Publica\u00e7\u00e3o: 02\/05\/2024 Veja tamb\u00e9m: Cat\u00e1logo dos Curso de Gradua\u00e7\u00e3o (Organiza\u00e7\u00e3o Curricular, Ementas, Corpo Docente) Projetos Pedag\u00f3gicos dos Cursos de Gradua\u00e7\u00e3o<\/p>\n","protected":false},"author":8,"featured_media":0,"parent":0,"menu_order":0,"comment_status":"closed","ping_status":"closed","template":"","meta":{"_acf_changed":false,"_themeisle_gutenberg_block_has_review":false,"footnotes":""},"class_list":["post-34775","page","type-page","status-publish","hentry"],"acf":[],"_links":{"self":[{"href":"https:\/\/sites.uel.br\/prograd\/wp-json\/wp\/v2\/pages\/34775","targetHints":{"allow":["GET"]}}],"collection":[{"href":"https:\/\/sites.uel.br\/prograd\/wp-json\/wp\/v2\/pages"}],"about":[{"href":"https:\/\/sites.uel.br\/prograd\/wp-json\/wp\/v2\/types\/page"}],"author":[{"embeddable":true,"href":"https:\/\/sites.uel.br\/prograd\/wp-json\/wp\/v2\/users\/8"}],"replies":[{"embeddable":true,"href":"https:\/\/sites.uel.br\/prograd\/wp-json\/wp\/v2\/comments?post=34775"}],"version-history":[{"count":5,"href":"https:\/\/sites.uel.br\/prograd\/wp-json\/wp\/v2\/pages\/34775\/revisions"}],"predecessor-version":[{"id":35287,"href":"https:\/\/sites.uel.br\/prograd\/wp-json\/wp\/v2\/pages\/34775\/revisions\/35287"}],"wp:attachment":[{"href":"https:\/\/sites.uel.br\/prograd\/wp-json\/wp\/v2\/media?parent=34775"}],"curies":[{"name":"wp","href":"https:\/\/api.w.org\/{rel}","templated":true}]}}