{"id":34774,"date":"2025-08-01T11:07:30","date_gmt":"2025-08-01T14:07:30","guid":{"rendered":"https:\/\/sites.uel.br\/prograd\/?page_id=34774"},"modified":"2025-08-07T15:17:00","modified_gmt":"2025-08-07T18:17:00","slug":"decretos-renovacao-de-cursos-biomedicina","status":"publish","type":"page","link":"https:\/\/sites.uel.br\/prograd\/decretos-renovacao-de-cursos-biomedicina\/","title":{"rendered":"Decretos (Renova\u00e7\u00e3o de Cursos)"},"content":{"rendered":"\n<hr class=\"wp-block-separator has-alpha-channel-opacity is-style-wide\"\/>\n\n\n\n<h2 class=\"wp-block-heading\">Biomedicina<\/h2>\n\n\n\n<p><strong>Reconhecimento:<\/strong> Decreto Est. n\u00ba 3080 de 31\/05\/2004 &#8211; Publica\u00e7\u00e3o:&nbsp; 31\/05\/2004<\/p>\n\n\n\n<p><\/p>\n\n\n\n<p>&#8211; <strong>1\u00aa Renova\u00e7\u00e3o:<\/strong> Decreto Estadual n\u00ba 6202 de 02\/02\/2010 &#8211; Validade: 14\/03\/2015<br> <strong>\u00a0\u00a0\u00a0<strong>\u00a0\u00a0<\/strong>&#8211; Retificado: <\/strong>Decreto Estadual n\u00ba 6477 de 15\/03\/2010 &#8211; Validade: 14\/03\/2015<br>&#8211; <strong>2\u00aa Renova\u00e7\u00e3o:<\/strong> Decreto Estadual n\u00ba 485 de 11\/02\/2015 &#8211; Validade: 14\/03\/2019<br>&#8211; <strong>3\u00aa Renova\u00e7\u00e3o:<\/strong> Decreto Estadual n\u00ba 0674 de 27\/02\/2019 &#8211; Validade: 14\/03\/2024<br>&#8211; <strong>4\u00aa Renova\u00e7\u00e3o:<\/strong> Resolu\u00e7\u00e3o SETI n\u00ba 210 de 28\/11\/2023 &#8211; Validade: 14\/03\/2028<\/p>\n\n\n\n<div style=\"height:10px\" aria-hidden=\"true\" class=\"wp-block-spacer\"><\/div>\n\n\n\n<hr class=\"wp-block-separator has-text-color has-cinza-color has-css-opacity has-cinza-background-color has-background is-style-wide\"\/>\n\n\n\n<p><strong>Veja tamb\u00e9m:<\/strong><\/p>\n\n\n\n<p><a href=\"https:\/\/sites.uel.br\/prograd\/graduacao\/catalogo-dos-cursos-de-graduacao-indice\/\">Cat\u00e1logo dos Curso de Gradua\u00e7\u00e3o (Organiza\u00e7\u00e3o Curricular, Ementas, Corpo Docente<\/a>)<\/p>\n\n\n\n<p><a href=\"https:\/\/sites.uel.br\/prograd\/graduacao\/projetos-pedagogicos\/\">Projetos Pedag\u00f3gicos dos Cursos de Gradua\u00e7\u00e3o<\/a><\/p>\n","protected":false},"excerpt":{"rendered":"<p>Biomedicina Reconhecimento: Decreto Est. n\u00ba 3080 de 31\/05\/2004 &#8211; Publica\u00e7\u00e3o:&nbsp; 31\/05\/2004 &#8211; 1\u00aa Renova\u00e7\u00e3o: Decreto Estadual n\u00ba 6202 de 02\/02\/2010 &#8211; Validade: 14\/03\/2015 \u00a0\u00a0\u00a0\u00a0\u00a0&#8211; Retificado: Decreto Estadual n\u00ba 6477 de 15\/03\/2010 &#8211; Validade: 14\/03\/2015&#8211; 2\u00aa Renova\u00e7\u00e3o: Decreto Estadual n\u00ba 485 de 11\/02\/2015 &#8211; Validade: 14\/03\/2019&#8211; 3\u00aa Renova\u00e7\u00e3o: Decreto Estadual n\u00ba 0674 de 27\/02\/2019 &#8211; Validade: [&hellip;]<\/p>\n","protected":false},"author":8,"featured_media":0,"parent":0,"menu_order":0,"comment_status":"closed","ping_status":"closed","template":"","meta":{"_acf_changed":false,"_themeisle_gutenberg_block_has_review":false,"footnotes":""},"class_list":["post-34774","page","type-page","status-publish","hentry"],"acf":[],"_links":{"self":[{"href":"https:\/\/sites.uel.br\/prograd\/wp-json\/wp\/v2\/pages\/34774","targetHints":{"allow":["GET"]}}],"collection":[{"href":"https:\/\/sites.uel.br\/prograd\/wp-json\/wp\/v2\/pages"}],"about":[{"href":"https:\/\/sites.uel.br\/prograd\/wp-json\/wp\/v2\/types\/page"}],"author":[{"embeddable":true,"href":"https:\/\/sites.uel.br\/prograd\/wp-json\/wp\/v2\/users\/8"}],"replies":[{"embeddable":true,"href":"https:\/\/sites.uel.br\/prograd\/wp-json\/wp\/v2\/comments?post=34774"}],"version-history":[{"count":6,"href":"https:\/\/sites.uel.br\/prograd\/wp-json\/wp\/v2\/pages\/34774\/revisions"}],"predecessor-version":[{"id":35422,"href":"https:\/\/sites.uel.br\/prograd\/wp-json\/wp\/v2\/pages\/34774\/revisions\/35422"}],"wp:attachment":[{"href":"https:\/\/sites.uel.br\/prograd\/wp-json\/wp\/v2\/media?parent=34774"}],"curies":[{"name":"wp","href":"https:\/\/api.w.org\/{rel}","templated":true}]}}