{"id":34748,"date":"2025-08-01T10:50:54","date_gmt":"2025-08-01T13:50:54","guid":{"rendered":"https:\/\/sites.uel.br\/prograd\/?page_id=34748"},"modified":"2025-08-01T11:26:29","modified_gmt":"2025-08-01T14:26:29","slug":"decretos-renovacao-de-cursos-administracao","status":"publish","type":"page","link":"https:\/\/sites.uel.br\/prograd\/decretos-renovacao-de-cursos-administracao\/","title":{"rendered":"Decretos (Renova\u00e7\u00e3o de Cursos)"},"content":{"rendered":"\n<hr class=\"wp-block-separator has-alpha-channel-opacity is-style-wide\"\/>\n\n\n\n<h2 class=\"wp-block-heading\">Administra\u00e7\u00e3o<\/h2>\n\n\n\n<p><strong>Reconhecimento:<\/strong> Decreto Est. n\u00ba 74.018 de 07\/05\/74 &#8211; Publica\u00e7\u00e3o: 08\/05\/1974<\/p>\n\n\n\n<p>&#8211; <strong>1\u00aa Renova\u00e7\u00e3o:<\/strong> Decreto Estadual n\u00ba 2168 de 26\/07\/2011 &#8211; Validade: 26\/07\/2016<br>&#8211; <strong>2\u00aa Renova\u00e7\u00e3o:<\/strong> Decreto Estadual n\u00ba 5842 de 03\/01\/2017 &#8211; Validade: 26\/07\/2021<br>&#8211; <strong>3\u00aa Renova\u00e7\u00e3o:<\/strong> Portaria Estadual n\u00ba 198 de 26\/10\/2020 &#8211; Validade: 26\/07\/2025<br>&#8211; <strong>4\u00aa Renova\u00e7\u00e3o:<\/strong> Resolu\u00e7\u00e3o n\u00ba 44\/2025 \u2013 SETI, 06 de mar\u00e7o de 2025 &#8211; Validade: 26\/07\/2029<\/p>\n\n\n\n<div style=\"height:10px\" aria-hidden=\"true\" class=\"wp-block-spacer\"><\/div>\n\n\n\n<hr class=\"wp-block-separator has-text-color has-cinza-color has-css-opacity has-cinza-background-color has-background is-style-wide\"\/>\n\n\n\n<p><strong>Veja tamb\u00e9m:<\/strong><\/p>\n\n\n\n<p><a href=\"https:\/\/sites.uel.br\/prograd\/graduacao\/catalogo-dos-cursos-de-graduacao-indice\/\">Cat\u00e1logo dos Curso de Gradua\u00e7\u00e3o (Organiza\u00e7\u00e3o Curricular, Ementas, Corpo Docente<\/a>)<\/p>\n\n\n\n<p><a href=\"https:\/\/sites.uel.br\/prograd\/graduacao\/projetos-pedagogicos\/\">Projetos Pedag\u00f3gicos dos Cursos de Gradua\u00e7\u00e3o<\/a><\/p>\n","protected":false},"excerpt":{"rendered":"<p>Administra\u00e7\u00e3o Reconhecimento: Decreto Est. n\u00ba 74.018 de 07\/05\/74 &#8211; Publica\u00e7\u00e3o: 08\/05\/1974 &#8211; 1\u00aa Renova\u00e7\u00e3o: Decreto Estadual n\u00ba 2168 de 26\/07\/2011 &#8211; Validade: 26\/07\/2016&#8211; 2\u00aa Renova\u00e7\u00e3o: Decreto Estadual n\u00ba 5842 de 03\/01\/2017 &#8211; Validade: 26\/07\/2021&#8211; 3\u00aa Renova\u00e7\u00e3o: Portaria Estadual n\u00ba 198 de 26\/10\/2020 &#8211; Validade: 26\/07\/2025&#8211; 4\u00aa Renova\u00e7\u00e3o: Resolu\u00e7\u00e3o n\u00ba 44\/2025 \u2013 SETI, 06 de mar\u00e7o [&hellip;]<\/p>\n","protected":false},"author":8,"featured_media":0,"parent":0,"menu_order":0,"comment_status":"closed","ping_status":"closed","template":"","meta":{"_acf_changed":false,"_themeisle_gutenberg_block_has_review":false,"footnotes":""},"class_list":["post-34748","page","type-page","status-publish","hentry"],"acf":[],"_links":{"self":[{"href":"https:\/\/sites.uel.br\/prograd\/wp-json\/wp\/v2\/pages\/34748","targetHints":{"allow":["GET"]}}],"collection":[{"href":"https:\/\/sites.uel.br\/prograd\/wp-json\/wp\/v2\/pages"}],"about":[{"href":"https:\/\/sites.uel.br\/prograd\/wp-json\/wp\/v2\/types\/page"}],"author":[{"embeddable":true,"href":"https:\/\/sites.uel.br\/prograd\/wp-json\/wp\/v2\/users\/8"}],"replies":[{"embeddable":true,"href":"https:\/\/sites.uel.br\/prograd\/wp-json\/wp\/v2\/comments?post=34748"}],"version-history":[{"count":18,"href":"https:\/\/sites.uel.br\/prograd\/wp-json\/wp\/v2\/pages\/34748\/revisions"}],"predecessor-version":[{"id":34869,"href":"https:\/\/sites.uel.br\/prograd\/wp-json\/wp\/v2\/pages\/34748\/revisions\/34869"}],"wp:attachment":[{"href":"https:\/\/sites.uel.br\/prograd\/wp-json\/wp\/v2\/media?parent=34748"}],"curies":[{"name":"wp","href":"https:\/\/api.w.org\/{rel}","templated":true}]}}