{"id":34746,"date":"2025-08-01T10:49:29","date_gmt":"2025-08-01T13:49:29","guid":{"rendered":"https:\/\/sites.uel.br\/prograd\/?page_id=34746"},"modified":"2025-09-17T10:37:56","modified_gmt":"2025-09-17T13:37:56","slug":"decretos-renovacao-de-cursos","status":"publish","type":"page","link":"https:\/\/sites.uel.br\/prograd\/decretos-renovacao-de-cursos\/","title":{"rendered":"Decretos (Renova\u00e7\u00e3o de Cursos)"},"content":{"rendered":"\n<hr class=\"wp-block-separator has-alpha-channel-opacity is-style-wide\"\/>\n\n\n\n<p class=\"has-text-align-center\"><a href=\"https:\/\/sites.uel.br\/prograd\/decretos-renovacao-de-cursos-administracao\/\"><strong>Administra\u00e7\u00e3o<\/strong><\/a><\/p>\n\n\n\n<p class=\"has-text-align-center\"><a href=\"https:\/\/sites.uel.br\/prograd\/decretos-renovacao-de-cursos-agronomia\/\"><strong>Agronomia<\/strong><\/a><\/p>\n\n\n\n<p class=\"has-text-align-center\"><a href=\"https:\/\/sites.uel.br\/prograd\/decretos-renovacao-de-cursos-arquitetura-e-urbanismo\/\"><strong>Arquitetura e Urbanismo<\/strong><\/a><\/p>\n\n\n\n<p class=\"has-text-align-center\"><a href=\"https:\/\/sites.uel.br\/prograd\/decretos-renovacao-de-cursos-arquivologia\/\"><strong>Arquivologia<\/strong><\/a><\/p>\n\n\n\n<p class=\"has-text-align-center\"><a href=\"https:\/\/sites.uel.br\/prograd\/decretos-renovacao-de-cursos-artes-cenicas\/\"><strong>Artes C\u00eanicas<\/strong><\/a><\/p>\n\n\n\n<p class=\"has-text-align-center\"><a href=\"https:\/\/sites.uel.br\/prograd\/decretos-renovacao-de-cursos-artes-visuais-licenciatura\/\"><strong>Artes Visuais &#8211; Licenciatura<\/strong><\/a><\/p>\n\n\n\n<p class=\"has-text-align-center\"><a href=\"https:\/\/sites.uel.br\/prograd\/decretos-renovacao-de-cursos-artes-visuais-parfor\/\"><strong>Artes Visuais &#8211; PARFOR<\/strong><\/a><\/p>\n\n\n\n<p class=\"has-text-align-center\"><a href=\"https:\/\/sites.uel.br\/prograd\/decretos-renovacao-de-cursos-biblioteconomia\/\"><strong>Biblioteconomia<\/strong><\/a><\/p>\n\n\n\n<p class=\"has-text-align-center\"><a href=\"https:\/\/sites.uel.br\/prograd\/decretos-renovacao-de-cursos-biomedicina\/\"><strong>Biomedicina<\/strong><\/a><\/p>\n\n\n\n<p class=\"has-text-align-center\"><a href=\"https:\/\/sites.uel.br\/prograd\/decretos-renovacao-de-cursos-biotecnologia\/\"><strong>Biotecnologia<\/strong><\/a><\/p>\n\n\n\n<p class=\"has-text-align-center\"><a href=\"https:\/\/sites.uel.br\/prograd\/decretos-renovacao-de-cursos-ciencia-da-computacao\/\"><strong>Ci\u00eancia da Computa\u00e7\u00e3o<\/strong><\/a><\/p>\n\n\n\n<p class=\"has-text-align-center\"><a href=\"https:\/\/sites.uel.br\/prograd\/decretos-renovacao-de-cursos-ciencias-biologicas-bacharelado\/\"><strong>Ci\u00eancias Biol\u00f3gicas &#8211; Bacharelado<\/strong><\/a><\/p>\n\n\n\n<p class=\"has-text-align-center\"><a href=\"https:\/\/sites.uel.br\/prograd\/decretos-renovacao-de-cursos-ciencias-biologicas-licenciatura\/\"><strong>Ci\u00eancias Biol\u00f3gicas &#8211; Licenciatura<\/strong><\/a><\/p>\n\n\n\n<p class=\"has-text-align-center\"><a href=\"https:\/\/sites.uel.br\/prograd\/decretos-renovacao-de-cursos-ciencias-biologicas-segunda-licenciatura-parfor\/\"><strong>Ci\u00eancias Biol\u00f3gicas &#8211; Segunda Licenciatura &#8211; PARFOR<\/strong><\/a><\/p>\n\n\n\n<p class=\"has-text-align-center\"><a href=\"https:\/\/sites.uel.br\/prograd\/decretos-renovacao-de-cursos-ciencias-contabeis\/\"><strong>Ci\u00eancias Cont\u00e1beis<\/strong><\/a><\/p>\n\n\n\n<p class=\"has-text-align-center\"><a href=\"https:\/\/sites.uel.br\/prograd\/decretos-renovacao-de-cursos-ciencias-economicas\/\"><strong>Ci\u00eancias Econ\u00f4micas<\/strong><\/a><\/p>\n\n\n\n<p class=\"has-text-align-center\"><a href=\"https:\/\/sites.uel.br\/prograd\/decretos-renovacao-de-cursos-ciencias-sociais-bacharelado\/\"><strong>Ci\u00eancias Sociais &#8211; Bacharelado<\/strong><\/a><\/p>\n\n\n\n<p class=\"has-text-align-center\"><a href=\"https:\/\/sites.uel.br\/prograd\/decretos-renovacao-de-cursos-ciencias-sociais-licenciatura\/\"><strong>Ci\u00eancias Sociais &#8211; Licenciatura<\/strong><\/a><\/p>\n\n\n\n<p class=\"has-text-align-center\"><a href=\"https:\/\/sites.uel.br\/prograd\/decretos-renovacao-de-cursos-ciencias-sociais-segunda-licenciatura-parfor\/\"><strong>Ci\u00eancias Sociais &#8211; Segunda Licenciatura &#8211; PARFOR<\/strong><\/a><\/p>\n\n\n\n<p class=\"has-text-align-center\"><a href=\"https:\/\/sites.uel.br\/prograd\/decretos-renovacao-de-cursos-design-de-moda\/\"><strong>Design de Moda<\/strong><\/a><\/p>\n\n\n\n<p class=\"has-text-align-center\"><a href=\"https:\/\/sites.uel.br\/prograd\/decretos-renovacao-de-cursos-design-grafico\/\"><strong>Design Gr\u00e1fico<\/strong><\/a><\/p>\n\n\n\n<p class=\"has-text-align-center\"><a href=\"https:\/\/sites.uel.br\/prograd\/decretos-renovacao-de-cursos-direito\/\"><strong>Direito<\/strong><\/a><\/p>\n\n\n\n<p class=\"has-text-align-center\"><a href=\"https:\/\/sites.uel.br\/prograd\/decretos-renovacao-de-cursos-educacao-artistica-licenciatura\/\"><strong>Educa\u00e7\u00e3o Art\u00edstica &#8211; Licenciatura<\/strong><\/a><\/p>\n\n\n\n<p class=\"has-text-align-center\"><a href=\"https:\/\/sites.uel.br\/prograd\/decretos-renovacao-de-cursos-educacao-fisica-bacharelado\/\"><strong>Educa\u00e7\u00e3o F\u00edsica &#8211; Bacharelado<\/strong><\/a><\/p>\n\n\n\n<p class=\"has-text-align-center\"><a href=\"https:\/\/sites.uel.br\/prograd\/decretos-renovacao-de-cursos-educacao-fisica-licenciatura\/\"><strong>Educa\u00e7\u00e3o F\u00edsica &#8211; Licenciatura<\/strong><\/a><\/p>\n\n\n\n<p class=\"has-text-align-center\"><a href=\"https:\/\/sites.uel.br\/prograd\/decretos-renovacao-de-cursos-enfermagem\/\"><strong>Enfermagem<\/strong><\/a><\/p>\n\n\n\n<p class=\"has-text-align-center\"><a href=\"https:\/\/sites.uel.br\/prograd\/decretos-renovacao-de-cursos-engenharia-civil\/\"><strong>Engenharia Civil<\/strong><\/a><\/p>\n\n\n\n<p class=\"has-text-align-center\"><a href=\"https:\/\/sites.uel.br\/prograd\/decretos-renovacao-de-cursos-engenharia-eletrica\/\"><strong>Engenharia El\u00e9trica<\/strong><\/a><\/p>\n\n\n\n<p class=\"has-text-align-center\"><a href=\"https:\/\/sites.uel.br\/prograd\/decretos-renovacao-de-cursos-esporte\/\"><strong>Esporte<\/strong><\/a><\/p>\n\n\n\n<p class=\"has-text-align-center\"><a href=\"https:\/\/sites.uel.br\/prograd\/decretos-renovacao-de-cursos-farmacia\/\"><strong>Farm\u00e1cia<\/strong><\/a><\/p>\n\n\n\n<p class=\"has-text-align-center\"><a href=\"https:\/\/sites.uel.br\/prograd\/decretos-renovacao-de-cursos-filosofia\/\"><strong>Filosofia<\/strong><\/a><\/p>\n\n\n\n<p class=\"has-text-align-center\"><a href=\"https:\/\/sites.uel.br\/prograd\/decretos-renovacao-de-cursos-filosofia-parfor\/\"><strong>Filosofia &#8211; PARFOR<\/strong><\/a><\/p>\n\n\n\n<p class=\"has-text-align-center\"><a href=\"https:\/\/sites.uel.br\/prograd\/decretos-renovacao-de-cursos-fisica-bacharelado\/\"><strong>F\u00edsica &#8211; Bacharelado<\/strong><\/a><\/p>\n\n\n\n<p class=\"has-text-align-center\"><a href=\"https:\/\/sites.uel.br\/prograd\/decretos-renovacao-de-cursos-fisica-licenciatura\/\"><strong>F\u00edsica &#8211; Licenciatura<\/strong><\/a><\/p>\n\n\n\n<p class=\"has-text-align-center\"><a href=\"https:\/\/sites.uel.br\/prograd\/decretos-renovacao-de-cursos-fisica-segunda-licenciatura-parfor\/\"><strong>F\u00edsica &#8211; Segunda Licenciatura &#8211; PARFOR<\/strong><\/a><\/p>\n\n\n\n<p class=\"has-text-align-center\"><a href=\"https:\/\/sites.uel.br\/prograd\/decretos-renovacao-de-cursos-fisioterapia\/\"><strong>Fisioterapia<\/strong><\/a><\/p>\n\n\n\n<p class=\"has-text-align-center\"><a href=\"https:\/\/sites.uel.br\/prograd\/decretos-renovacao-de-cursos-geografia-bacharelado\/\"><strong>Geografia &#8211; Bacharelado<\/strong><\/a><\/p>\n\n\n\n<p class=\"has-text-align-center\"><a href=\"https:\/\/sites.uel.br\/prograd\/decretos-renovacao-de-cursos-geografia-licenciatura\/\"><strong>Geografia &#8211; Licenciatura<\/strong><\/a><\/p>\n\n\n\n<p class=\"has-text-align-center\"><a href=\"https:\/\/sites.uel.br\/prograd\/decretos-renovacao-de-cursos-geografia-segunda-licenciatura-parfor\/\"><strong>Geografia &#8211; Segunda Licenciatura &#8211; PARFOR<\/strong><\/a><\/p>\n\n\n\n<p class=\"has-text-align-center\"><a href=\"https:\/\/sites.uel.br\/prograd\/decretos-renovacao-de-cursos-historia\/\"><strong>Hist\u00f3ria<\/strong><\/a><\/p>\n\n\n\n<p class=\"has-text-align-center\"><a href=\"https:\/\/sites.uel.br\/prograd\/decretos-renovacao-de-cursos-jornalismo\/\"><strong>Jornalismo<\/strong><\/a><\/p>\n\n\n\n<p class=\"has-text-align-center\"><a href=\"https:\/\/sites.uel.br\/prograd\/decretos-renovacao-de-cursos-letras\/\"><strong>Letras<\/strong><\/a><\/p>\n\n\n\n<p class=\"has-text-align-center\"><a href=\"https:\/\/sites.uel.br\/prograd\/decretos-renovacao-de-cursos-licenciatura-em-computacao-ead\/\"><strong>Licenciatura em Computa\u00e7\u00e3o (EaD)<\/strong><\/a><\/p>\n\n\n\n<p class=\"has-text-align-center\"><strong><a href=\"https:\/\/sites.uel.br\/prograd\/decretos-renovacao-de-cursos-matematica-bacharelado\/\">Matem\u00e1tica \u2013 Bacharelado<\/a><\/strong><\/p>\n\n\n\n<p class=\"has-text-align-center\"><strong><a href=\"https:\/\/sites.uel.br\/prograd\/decretos-renovacao-de-cursos-matematica-licenciatura\/\">Matem\u00e1tica \u2013 Licenciatura<\/a><\/strong><\/p>\n\n\n\n<p class=\"has-text-align-center\"><strong><a href=\"https:\/\/sites.uel.br\/prograd\/decretos-renovacao-de-cursos-matematica-segunda-licenciatura-parfor\/\">Matem\u00e1tica \u2013 Segunda Licenciatura \u2013 PARFOR<\/a><\/strong><\/p>\n\n\n\n<p class=\"has-text-align-center\"><strong><a href=\"https:\/\/sites.uel.br\/prograd\/decretos-renovacao-de-cursos-matematica-empresarial\/\">Matem\u00e1tica Empresarial<\/a><\/strong><\/p>\n\n\n\n<p class=\"has-text-align-center\"><a href=\"https:\/\/sites.uel.br\/prograd\/decretos-renovacao-de-cursos-medicina\/\"><strong>Medicina<\/strong><\/a><\/p>\n\n\n\n<p class=\"has-text-align-center\"><a href=\"https:\/\/sites.uel.br\/prograd\/decretos-renovacao-de-cursos-medicina-veterinaria\/\"><strong>Medicina Veterin\u00e1ria<\/strong><\/a><\/p>\n\n\n\n<p class=\"has-text-align-center\"><a href=\"https:\/\/sites.uel.br\/prograd\/decretos-renovacao-de-cursos-musica\/\"><strong>M\u00fasica<\/strong><\/a><\/p>\n\n\n\n<p class=\"has-text-align-center\"><strong><a href=\"https:\/\/sites.uel.br\/prograd\/decretos-renovacao-de-cursos-musica-parfor\/\">M\u00fasica &#8211; PARFOR<\/a><\/strong><\/p>\n\n\n\n<p class=\"has-text-align-center\"><a href=\"https:\/\/sites.uel.br\/prograd\/decretos-renovacao-de-cursos-nutricao\/\"><strong>Nutri\u00e7\u00e3o<\/strong><\/a><\/p>\n\n\n\n<p class=\"has-text-align-center\"><a href=\"https:\/\/sites.uel.br\/prograd\/decretos-renovacao-de-cursos-odontologia\/\"><strong>Odontologia<\/strong><\/a><\/p>\n\n\n\n<p class=\"has-text-align-center\"><a href=\"https:\/\/sites.uel.br\/prograd\/decretos-renovacao-de-cursos-pedagogia\/\"><strong>Pedagogia<\/strong><\/a><\/p>\n\n\n\n<p class=\"has-text-align-center\"><strong><a href=\"https:\/\/sites.uel.br\/prograd\/decretos-renovacao-de-cursos-pedagogia-parfor\/\">Pedagogia &#8211; PARFOR<\/a><\/strong><\/p>\n\n\n\n<p class=\"has-text-align-center\"><strong><a href=\"https:\/\/sites.uel.br\/prograd\/decretos-renovacao-de-cursos-pedagogia-a-distancia\/\">Pedagogia a Dist\u00e2ncia<\/a><\/strong><\/p>\n\n\n\n<p class=\"has-text-align-center\"><a href=\"https:\/\/sites.uel.br\/prograd\/decretos-renovacao-de-cursos-programa-de-formacao-pedagogica-educacao-basica-parfor\/\"><strong>Programa de Forma\u00e7\u00e3o Pedag\u00f3gica \u2013 Educa\u00e7\u00e3o B\u00e1sica \u2013 PARFOR<\/strong><\/a><\/p>\n\n\n\n<p class=\"has-text-align-center\"><a href=\"https:\/\/sites.uel.br\/prograd\/decretos-renovacao-de-cursos-programa-de-formacao-pedagogica-educacao-profissional-parfor\/\"><strong>Programa de Forma\u00e7\u00e3o Pedag\u00f3gica \u2013 Educa\u00e7\u00e3o Profissional \u2013 PARFOR<\/strong><\/a><\/p>\n\n\n\n<p class=\"has-text-align-center\"><a href=\"https:\/\/sites.uel.br\/prograd\/decretos-renovacao-de-cursos-psicologia\/\"><strong>Psicologia<\/strong><\/a><\/p>\n\n\n\n<p class=\"has-text-align-center\"><a href=\"https:\/\/sites.uel.br\/prograd\/decretos-renovacao-de-cursos-quimica-bacharelado\/\"><strong>Qu\u00edmica \u2013 Bacharelado<\/strong><\/a><\/p>\n\n\n\n<p class=\"has-text-align-center\"><a href=\"https:\/\/sites.uel.br\/prograd\/decretos-renovacao-de-cursos-quimica-licenciatura\/\"><strong>Qu\u00edmica \u2013 Licenciatura<\/strong><\/a><\/p>\n\n\n\n<p class=\"has-text-align-center\"><a href=\"https:\/\/sites.uel.br\/prograd\/decretos-renovacao-de-cursos-quimica-segunda-licenciatura-parfor\/\"><strong>Qu\u00edmica \u2013 Segunda Licenciatura \u2013 PARFOR<\/strong><\/a><\/p>\n\n\n\n<p class=\"has-text-align-center\"><a href=\"https:\/\/sites.uel.br\/prograd\/decretos-renovacao-de-cursos-relacoes-publicas\/\"><strong>Rela\u00e7\u00f5es P\u00fablicas<\/strong><\/a><\/p>\n\n\n\n<p class=\"has-text-align-center\"><a href=\"https:\/\/sites.uel.br\/prograd\/decretos-renovacao-de-cursos-secretariado-executivo\/\"><strong>Secretariado Executivo<\/strong><\/a><\/p>\n\n\n\n<p class=\"has-text-align-center\"><a href=\"https:\/\/sites.uel.br\/prograd\/decretos-renovacao-de-cursos-servico-social\/\"><strong>Servi\u00e7o Social<\/strong><\/a><\/p>\n\n\n\n<p class=\"has-text-align-center\"><a href=\"https:\/\/sites.uel.br\/prograd\/decretos-renovacao-de-cursos-tecnologia-em-gestao-publica-ead\/\"><strong>Tecnologia em Gest\u00e3o P\u00fablica (EaD)<\/strong><\/a><\/p>\n\n\n\n<p class=\"has-text-align-center\"><a href=\"https:\/\/sites.uel.br\/prograd\/decretos-renovacao-de-cursos-zootecnia\/\"><strong>Zootecnia<\/strong><\/a><\/p>\n","protected":false},"excerpt":{"rendered":"<p>Administra\u00e7\u00e3o Agronomia Arquitetura e Urbanismo Arquivologia Artes C\u00eanicas Artes Visuais &#8211; Licenciatura Artes Visuais &#8211; PARFOR Biblioteconomia Biomedicina Biotecnologia Ci\u00eancia da Computa\u00e7\u00e3o Ci\u00eancias Biol\u00f3gicas &#8211; Bacharelado Ci\u00eancias Biol\u00f3gicas &#8211; Licenciatura Ci\u00eancias Biol\u00f3gicas &#8211; Segunda Licenciatura &#8211; PARFOR Ci\u00eancias Cont\u00e1beis Ci\u00eancias Econ\u00f4micas Ci\u00eancias Sociais &#8211; Bacharelado Ci\u00eancias Sociais &#8211; Licenciatura Ci\u00eancias Sociais &#8211; Segunda Licenciatura &#8211; [&hellip;]<\/p>\n","protected":false},"author":8,"featured_media":0,"parent":0,"menu_order":0,"comment_status":"closed","ping_status":"closed","template":"","meta":{"_acf_changed":false,"_themeisle_gutenberg_block_has_review":false,"footnotes":""},"class_list":["post-34746","page","type-page","status-publish","hentry"],"acf":[],"_links":{"self":[{"href":"https:\/\/sites.uel.br\/prograd\/wp-json\/wp\/v2\/pages\/34746","targetHints":{"allow":["GET"]}}],"collection":[{"href":"https:\/\/sites.uel.br\/prograd\/wp-json\/wp\/v2\/pages"}],"about":[{"href":"https:\/\/sites.uel.br\/prograd\/wp-json\/wp\/v2\/types\/page"}],"author":[{"embeddable":true,"href":"https:\/\/sites.uel.br\/prograd\/wp-json\/wp\/v2\/users\/8"}],"replies":[{"embeddable":true,"href":"https:\/\/sites.uel.br\/prograd\/wp-json\/wp\/v2\/comments?post=34746"}],"version-history":[{"count":43,"href":"https:\/\/sites.uel.br\/prograd\/wp-json\/wp\/v2\/pages\/34746\/revisions"}],"predecessor-version":[{"id":35554,"href":"https:\/\/sites.uel.br\/prograd\/wp-json\/wp\/v2\/pages\/34746\/revisions\/35554"}],"wp:attachment":[{"href":"https:\/\/sites.uel.br\/prograd\/wp-json\/wp\/v2\/media?parent=34746"}],"curies":[{"name":"wp","href":"https:\/\/api.w.org\/{rel}","templated":true}]}}