{"id":34277,"date":"2025-05-09T11:04:40","date_gmt":"2025-05-09T14:04:40","guid":{"rendered":"https:\/\/sites.uel.br\/prograd\/?page_id=34277"},"modified":"2025-05-09T11:04:45","modified_gmt":"2025-05-09T14:04:45","slug":"projetos-pedagogicos-geologia","status":"publish","type":"page","link":"https:\/\/sites.uel.br\/prograd\/projetos-pedagogicos-geologia\/","title":{"rendered":"Projetos Pedag\u00f3gicos"},"content":{"rendered":"\n<hr class=\"wp-block-separator has-alpha-channel-opacity is-style-wide\"\/>\n\n\n\n<h2 class=\"wp-block-heading\">Geologia<\/h2>\n\n\n\n<p><a href=\"http:\/\/www.uel.br\/arquivo-prograd\/documentos\/resolucoes\/2022\/resolucao_71_22.pdf\" target=\"_blank\" rel=\"noreferrer noopener\"><\/a><strong><a href=\"https:\/\/sites.uel.br\/prograd\/wp-content\/uploads\/documentos\/resolucoes\/2025\/resolucao_12_25.pdf\" target=\"_blank\" rel=\"noreferrer noopener\">Resolu\u00e7\u00e3o CEPE\/CA n\u00ba 012\/2025<\/a><\/strong><br>Aprova o Projeto Pedag\u00f3gico que cria o Curso de Geologia na Universidade Estadual de Londrina<\/p>\n\n\n\n<hr class=\"wp-block-separator has-text-color has-cinza-color has-css-opacity has-cinza-background-color has-background is-style-wide\"\/>\n\n\n\n<p><strong>Veja tamb\u00e9m:<\/strong><\/p>\n\n\n\n<p><a href=\"https:\/\/sites.uel.br\/prograd\/graduacao\/catalogo-dos-cursos-de-graduacao-indice\/\">Cat\u00e1logo dos Curso de Gradua\u00e7\u00e3o (Organiza\u00e7\u00e3o Curricular, Ementas, Corpo Docente<\/a>)<\/p>\n\n\n\n<p><a href=\"https:\/\/sites.uel.br\/prograd\/regulamentos-tcc-e-estagio\/\">Regulamentos TCC e Est\u00e1gios<\/a><\/p>\n","protected":false},"excerpt":{"rendered":"<p>Geologia Resolu\u00e7\u00e3o CEPE\/CA n\u00ba 012\/2025Aprova o Projeto Pedag\u00f3gico que cria o Curso de Geologia na Universidade Estadual de Londrina Veja tamb\u00e9m: Cat\u00e1logo dos Curso de Gradua\u00e7\u00e3o (Organiza\u00e7\u00e3o Curricular, Ementas, Corpo Docente) Regulamentos TCC e Est\u00e1gios<\/p>\n","protected":false},"author":8,"featured_media":0,"parent":0,"menu_order":0,"comment_status":"closed","ping_status":"closed","template":"","meta":{"_acf_changed":false,"_themeisle_gutenberg_block_has_review":false,"footnotes":""},"class_list":["post-34277","page","type-page","status-publish","hentry"],"acf":[],"_links":{"self":[{"href":"https:\/\/sites.uel.br\/prograd\/wp-json\/wp\/v2\/pages\/34277","targetHints":{"allow":["GET"]}}],"collection":[{"href":"https:\/\/sites.uel.br\/prograd\/wp-json\/wp\/v2\/pages"}],"about":[{"href":"https:\/\/sites.uel.br\/prograd\/wp-json\/wp\/v2\/types\/page"}],"author":[{"embeddable":true,"href":"https:\/\/sites.uel.br\/prograd\/wp-json\/wp\/v2\/users\/8"}],"replies":[{"embeddable":true,"href":"https:\/\/sites.uel.br\/prograd\/wp-json\/wp\/v2\/comments?post=34277"}],"version-history":[{"count":2,"href":"https:\/\/sites.uel.br\/prograd\/wp-json\/wp\/v2\/pages\/34277\/revisions"}],"predecessor-version":[{"id":34279,"href":"https:\/\/sites.uel.br\/prograd\/wp-json\/wp\/v2\/pages\/34277\/revisions\/34279"}],"wp:attachment":[{"href":"https:\/\/sites.uel.br\/prograd\/wp-json\/wp\/v2\/media?parent=34277"}],"curies":[{"name":"wp","href":"https:\/\/api.w.org\/{rel}","templated":true}]}}