{"id":34151,"date":"2025-04-28T15:34:40","date_gmt":"2025-04-28T18:34:40","guid":{"rendered":"https:\/\/sites.uel.br\/prograd\/?page_id=34151"},"modified":"2025-04-29T11:14:38","modified_gmt":"2025-04-29T14:14:38","slug":"pfee-links","status":"publish","type":"page","link":"https:\/\/sites.uel.br\/prograd\/pfee-links\/","title":{"rendered":"Programa de Forma\u00e7\u00e3o de Estudante Empreendedor (PFEE)"},"content":{"rendered":"\n<hr class=\"wp-block-separator has-alpha-channel-opacity is-style-wide\"\/>\n\n\n\n<h2 class=\"wp-block-heading\">Links<\/h2>\n\n\n\n<p><strong>Drive para postagem de certificados<\/strong><br><a href=\"https:\/\/drive.google.com\/drive\/folders\/1-S0fBZRfC5OGW7F1ENS2C7Sw4gCsjKju?usp=sharing\" target=\"_blank\" rel=\"noreferrer noopener\">Acesse aqui<\/a><\/p>\n\n\n\n<p><strong>Tutorial para apresenta\u00e7\u00e3o do relat\u00f3rio final no Portal do Estudante<\/strong><br><a href=\"https:\/\/sites.uel.br\/prograd\/tutoriais-portal-do-estudante-de-graduacao-como-enviar-relatorio-final-de-participacao-em-projetos-de-ensino-e-extensao\/\" target=\"_blank\" rel=\"noreferrer noopener\">Acesse aqui<\/a><\/p>\n\n\n\n<p><\/p>\n","protected":false},"excerpt":{"rendered":"<p>Links Drive para postagem de certificadosAcesse aqui Tutorial para apresenta\u00e7\u00e3o do relat\u00f3rio final no Portal do EstudanteAcesse aqui<\/p>\n","protected":false},"author":8,"featured_media":0,"parent":0,"menu_order":0,"comment_status":"closed","ping_status":"closed","template":"","meta":{"_acf_changed":false,"_themeisle_gutenberg_block_has_review":false,"footnotes":""},"class_list":["post-34151","page","type-page","status-publish","hentry"],"acf":[],"_links":{"self":[{"href":"https:\/\/sites.uel.br\/prograd\/wp-json\/wp\/v2\/pages\/34151","targetHints":{"allow":["GET"]}}],"collection":[{"href":"https:\/\/sites.uel.br\/prograd\/wp-json\/wp\/v2\/pages"}],"about":[{"href":"https:\/\/sites.uel.br\/prograd\/wp-json\/wp\/v2\/types\/page"}],"author":[{"embeddable":true,"href":"https:\/\/sites.uel.br\/prograd\/wp-json\/wp\/v2\/users\/8"}],"replies":[{"embeddable":true,"href":"https:\/\/sites.uel.br\/prograd\/wp-json\/wp\/v2\/comments?post=34151"}],"version-history":[{"count":3,"href":"https:\/\/sites.uel.br\/prograd\/wp-json\/wp\/v2\/pages\/34151\/revisions"}],"predecessor-version":[{"id":34205,"href":"https:\/\/sites.uel.br\/prograd\/wp-json\/wp\/v2\/pages\/34151\/revisions\/34205"}],"wp:attachment":[{"href":"https:\/\/sites.uel.br\/prograd\/wp-json\/wp\/v2\/media?parent=34151"}],"curies":[{"name":"wp","href":"https:\/\/api.w.org\/{rel}","templated":true}]}}