{"id":34103,"date":"2025-04-25T11:21:55","date_gmt":"2025-04-25T14:21:55","guid":{"rendered":"https:\/\/sites.uel.br\/prograd\/?page_id=34103"},"modified":"2025-04-29T11:14:34","modified_gmt":"2025-04-29T14:14:34","slug":"pfee-documentos","status":"publish","type":"page","link":"https:\/\/sites.uel.br\/prograd\/pfee-documentos\/","title":{"rendered":"Programa de Forma\u00e7\u00e3o de Estudante Empreendedor (PFEE)"},"content":{"rendered":"\n<hr class=\"wp-block-separator has-alpha-channel-opacity is-style-wide\"\/>\n\n\n\n<h2 class=\"wp-block-heading\">Documentos<\/h2>\n\n\n\n<p><strong>Manual do Programa de Forma\u00e7\u00e3o do Estudante Empreendedor<\/strong><br><a href=\"https:\/\/sites.uel.br\/prograd\/wp-content\/uploads\/pfee\/documentos\/manual_pfee.pdf\" target=\"_blank\" rel=\"noreferrer noopener\">Acesse aqui<\/a><\/p>\n\n\n\n<p><strong>Orienta\u00e7\u00f5es para a Realiza\u00e7\u00e3o das 40 horas Atividades Durante o Ano de 2025<\/strong><br><a href=\"https:\/\/sites.uel.br\/prograd\/wp-content\/uploads\/pfee\/documentos\/orientacoes_40_horas.pdf\" target=\"_blank\" rel=\"noreferrer noopener\">Acesse aqui<\/a><\/p>\n\n\n\n<p><strong>Aulas Inaugural 2025<\/strong><br><a href=\"https:\/\/sites.uel.br\/prograd\/wp-content\/uploads\/pfee\/documentos\/aula_inaugural_2025.pdf\" target=\"_blank\" rel=\"noreferrer noopener\">Acesse aqui<\/a><\/p>\n","protected":false},"excerpt":{"rendered":"<p>Documentos Manual do Programa de Forma\u00e7\u00e3o do Estudante EmpreendedorAcesse aqui Orienta\u00e7\u00f5es para a Realiza\u00e7\u00e3o das 40 horas Atividades Durante o Ano de 2025Acesse aqui Aulas Inaugural 2025Acesse aqui<\/p>\n","protected":false},"author":8,"featured_media":0,"parent":0,"menu_order":0,"comment_status":"closed","ping_status":"closed","template":"","meta":{"_acf_changed":false,"_themeisle_gutenberg_block_has_review":false,"footnotes":""},"class_list":["post-34103","page","type-page","status-publish","hentry"],"acf":[],"_links":{"self":[{"href":"https:\/\/sites.uel.br\/prograd\/wp-json\/wp\/v2\/pages\/34103","targetHints":{"allow":["GET"]}}],"collection":[{"href":"https:\/\/sites.uel.br\/prograd\/wp-json\/wp\/v2\/pages"}],"about":[{"href":"https:\/\/sites.uel.br\/prograd\/wp-json\/wp\/v2\/types\/page"}],"author":[{"embeddable":true,"href":"https:\/\/sites.uel.br\/prograd\/wp-json\/wp\/v2\/users\/8"}],"replies":[{"embeddable":true,"href":"https:\/\/sites.uel.br\/prograd\/wp-json\/wp\/v2\/comments?post=34103"}],"version-history":[{"count":6,"href":"https:\/\/sites.uel.br\/prograd\/wp-json\/wp\/v2\/pages\/34103\/revisions"}],"predecessor-version":[{"id":34203,"href":"https:\/\/sites.uel.br\/prograd\/wp-json\/wp\/v2\/pages\/34103\/revisions\/34203"}],"wp:attachment":[{"href":"https:\/\/sites.uel.br\/prograd\/wp-json\/wp\/v2\/media?parent=34103"}],"curies":[{"name":"wp","href":"https:\/\/api.w.org\/{rel}","templated":true}]}}