{"id":34067,"date":"2025-04-24T15:31:20","date_gmt":"2025-04-24T18:31:20","guid":{"rendered":"https:\/\/sites.uel.br\/prograd\/?page_id=34067"},"modified":"2025-04-29T13:06:18","modified_gmt":"2025-04-29T16:06:18","slug":"pfee","status":"publish","type":"page","link":"https:\/\/sites.uel.br\/prograd\/pfee\/","title":{"rendered":"Programa de Forma\u00e7\u00e3o de Estudante Empreendedor (PFEE)"},"content":{"rendered":"\n<hr class=\"wp-block-separator has-alpha-channel-opacity is-style-wide\"\/>\n\n\n\n<p class=\"has-text-align-center\"><\/p>\n\n\n\n<div style=\"height:10px\" aria-hidden=\"true\" class=\"wp-block-spacer\"><\/div>\n\n\n\n<div class=\"wp-block-columns is-layout-flex wp-container-core-columns-is-layout-9d6595d7 wp-block-columns-is-layout-flex\">\n<div class=\"wp-block-column is-layout-flow wp-block-column-is-layout-flow\">\n<div class=\"wp-block-buttons is-layout-flex wp-block-buttons-is-layout-flex\">\n<div class=\"wp-block-button has-custom-width wp-block-button__width-100 is-style-outline is-style-outline--1\"><a class=\"wp-block-button__link has-white-color has-verde-background-color has-text-color has-background has-medium-font-size has-custom-font-size wp-element-button\" href=\"https:\/\/sites.uel.br\/prograd\/pfee-apresentacao\/\" style=\"border-radius:0px\">APRESENTA\u00c7\u00c3O<\/a><\/div>\n<\/div>\n<\/div>\n\n\n\n<div class=\"wp-block-column is-layout-flow wp-block-column-is-layout-flow\">\n<div class=\"wp-block-buttons is-layout-flex wp-block-buttons-is-layout-flex\">\n<div class=\"wp-block-button has-custom-width wp-block-button__width-100 is-style-outline is-style-outline--2\"><a class=\"wp-block-button__link has-white-color has-verde-background-color has-text-color has-background has-medium-font-size has-custom-font-size wp-element-button\" href=\"https:\/\/sites.uel.br\/prograd\/pfee-objetivos\/\" style=\"border-radius:0px\">OBJETIVOS<\/a><\/div>\n<\/div>\n<\/div>\n\n\n\n<div class=\"wp-block-column is-layout-flow wp-block-column-is-layout-flow\">\n<div class=\"wp-block-buttons is-layout-flex wp-block-buttons-is-layout-flex\">\n<div class=\"wp-block-button has-custom-width wp-block-button__width-100 is-style-outline is-style-outline--3\"><a class=\"wp-block-button__link has-white-color has-verde-background-color has-text-color has-background has-medium-font-size has-custom-font-size wp-element-button\" href=\"https:\/\/sites.uel.br\/prograd\/pfee-universidade-virtual-do-parana_pfee\/\" style=\"border-radius:0px\">UVPR<\/a><\/div>\n<\/div>\n<\/div>\n\n\n\n<div class=\"wp-block-column is-layout-flow wp-block-column-is-layout-flow\">\n<div class=\"wp-block-buttons is-layout-flex wp-block-buttons-is-layout-flex\">\n<div class=\"wp-block-button has-custom-width wp-block-button__width-100 is-style-outline is-style-outline--4\"><a class=\"wp-block-button__link has-white-color has-verde-background-color has-text-color has-background has-medium-font-size has-custom-font-size wp-element-button\" href=\"https:\/\/sites.uel.br\/prograd\/pfee-documentos\/\" style=\"border-radius:0px\">DOCUMENTOS<\/a><\/div>\n<\/div>\n<\/div>\n<\/div>\n\n\n\n<div class=\"wp-block-columns is-layout-flex wp-container-core-columns-is-layout-9d6595d7 wp-block-columns-is-layout-flex\">\n<div class=\"wp-block-column is-layout-flow wp-block-column-is-layout-flow\">\n<div class=\"wp-block-buttons is-layout-flex wp-block-buttons-is-layout-flex\">\n<div class=\"wp-block-button has-custom-width wp-block-button__width-100 is-style-outline is-style-outline--5\"><a class=\"wp-block-button__link has-white-color has-verde-background-color has-text-color has-background has-medium-font-size has-custom-font-size wp-element-button\" href=\"https:\/\/sites.uel.br\/prograd\/pfee-youtube\/\" style=\"border-radius:0px\">YOUTUBE<\/a><\/div>\n<\/div>\n<\/div>\n\n\n\n<div class=\"wp-block-column is-layout-flow wp-block-column-is-layout-flow\">\n<div class=\"wp-block-buttons is-layout-flex wp-block-buttons-is-layout-flex\">\n<div class=\"wp-block-button has-custom-width wp-block-button__width-100 is-style-outline is-style-outline--6\"><a class=\"wp-block-button__link has-white-color has-verde-background-color has-text-color has-background has-medium-font-size has-custom-font-size wp-element-button\" href=\"https:\/\/sites.uel.br\/prograd\/pfee-links\/\" style=\"border-radius:0px\">LINKS<\/a><\/div>\n<\/div>\n<\/div>\n\n\n\n<div class=\"wp-block-column is-layout-flow wp-block-column-is-layout-flow\">\n<div class=\"wp-block-buttons is-layout-flex wp-block-buttons-is-layout-flex\">\n<div class=\"wp-block-button has-custom-width wp-block-button__width-100 is-style-outline is-style-outline--7\"><a class=\"wp-block-button__link has-white-color has-verde-background-color has-text-color has-background has-medium-font-size has-custom-font-size wp-element-button\" href=\"https:\/\/sites.uel.br\/prograd\/pfee-contato\/\" style=\"border-radius:0px\">CONTATO<\/a><\/div>\n<\/div>\n<\/div>\n\n\n\n<div class=\"wp-block-column is-layout-flow wp-block-column-is-layout-flow\">\n<div class=\"wp-block-buttons is-layout-flex wp-block-buttons-is-layout-flex\"><\/div>\n<\/div>\n<\/div>\n\n\n\n<hr class=\"wp-block-separator has-text-color has-cinza-color has-css-opacity has-cinza-background-color has-background is-style-wide\"\/>\n\n\n<div class=\"wp-block-image\">\n<figure class=\"aligncenter size-full\"><a href=\"https:\/\/sites.uel.br\/prograd\/pfee\/\"><img loading=\"lazy\" decoding=\"async\" width=\"510\" height=\"302\" src=\"https:\/\/sites.uel.br\/prograd\/wp-content\/uploads\/2025\/04\/logo_pfee.jpeg\" alt=\"\" class=\"wp-image-34088\" srcset=\"https:\/\/sites.uel.br\/prograd\/wp-content\/uploads\/2025\/04\/logo_pfee.jpeg 510w, https:\/\/sites.uel.br\/prograd\/wp-content\/uploads\/2025\/04\/logo_pfee-300x178.jpeg 300w\" sizes=\"auto, (max-width: 510px) 100vw, 510px\" \/><\/a><\/figure>\n<\/div>\n\n\n<div style=\"height:40px\" aria-hidden=\"true\" class=\"wp-block-spacer\"><\/div>\n\n\n\n<p class=\"has-text-align-center\"><strong>Realiza\u00e7\u00e3o:<\/strong><\/p>\n\n\n\n<div class=\"wp-block-columns is-layout-flex wp-container-core-columns-is-layout-9d6595d7 wp-block-columns-is-layout-flex\">\n<div class=\"wp-block-column is-vertically-aligned-center is-layout-flow wp-block-column-is-layout-flow\"><div class=\"wp-block-image\">\n<figure class=\"aligncenter size-medium\"><a href=\"https:\/\/www.seti.pr.gov.br\/\" target=\"_blank\" rel=\" noreferrer noopener\"><img loading=\"lazy\" decoding=\"async\" width=\"300\" height=\"132\" src=\"https:\/\/sites.uel.br\/prograd\/wp-content\/uploads\/2025\/04\/logo_seti-300x132.jpeg\" alt=\"\" class=\"wp-image-34092\" srcset=\"https:\/\/sites.uel.br\/prograd\/wp-content\/uploads\/2025\/04\/logo_seti-300x132.jpeg 300w, https:\/\/sites.uel.br\/prograd\/wp-content\/uploads\/2025\/04\/logo_seti-1024x451.jpeg 1024w, https:\/\/sites.uel.br\/prograd\/wp-content\/uploads\/2025\/04\/logo_seti-768x338.jpeg 768w, https:\/\/sites.uel.br\/prograd\/wp-content\/uploads\/2025\/04\/logo_seti-1536x677.jpeg 1536w, https:\/\/sites.uel.br\/prograd\/wp-content\/uploads\/2025\/04\/logo_seti.jpeg 1600w\" sizes=\"auto, (max-width: 300px) 100vw, 300px\" \/><\/a><\/figure>\n<\/div><\/div>\n\n\n\n<div class=\"wp-block-column is-vertically-aligned-center is-layout-flow wp-block-column-is-layout-flow\"><div class=\"wp-block-image\">\n<figure class=\"aligncenter size-full\"><a href=\"https:\/\/www.uvpr.pr.gov.br\/\" target=\"_blank\" rel=\" noreferrer noopener\"><img loading=\"lazy\" decoding=\"async\" width=\"813\" height=\"275\" src=\"https:\/\/sites.uel.br\/prograd\/wp-content\/uploads\/2025\/04\/logo_universidade_virtual.jpeg\" alt=\"\" class=\"wp-image-34093\" srcset=\"https:\/\/sites.uel.br\/prograd\/wp-content\/uploads\/2025\/04\/logo_universidade_virtual.jpeg 813w, https:\/\/sites.uel.br\/prograd\/wp-content\/uploads\/2025\/04\/logo_universidade_virtual-300x101.jpeg 300w, https:\/\/sites.uel.br\/prograd\/wp-content\/uploads\/2025\/04\/logo_universidade_virtual-768x260.jpeg 768w\" sizes=\"auto, (max-width: 813px) 100vw, 813px\" \/><\/a><\/figure>\n<\/div><\/div>\n\n\n\n<div class=\"wp-block-column is-vertically-aligned-center is-layout-flow wp-block-column-is-layout-flow\"><div class=\"wp-block-image\">\n<figure class=\"aligncenter size-large\"><img loading=\"lazy\" decoding=\"async\" width=\"1024\" height=\"244\" src=\"https:\/\/sites.uel.br\/prograd\/wp-content\/uploads\/2025\/04\/logo_fundo_parana-1024x244.jpeg\" alt=\"\" class=\"wp-image-34094\" srcset=\"https:\/\/sites.uel.br\/prograd\/wp-content\/uploads\/2025\/04\/logo_fundo_parana-1024x244.jpeg 1024w, https:\/\/sites.uel.br\/prograd\/wp-content\/uploads\/2025\/04\/logo_fundo_parana-300x72.jpeg 300w, https:\/\/sites.uel.br\/prograd\/wp-content\/uploads\/2025\/04\/logo_fundo_parana-768x183.jpeg 768w, https:\/\/sites.uel.br\/prograd\/wp-content\/uploads\/2025\/04\/logo_fundo_parana-1536x367.jpeg 1536w, https:\/\/sites.uel.br\/prograd\/wp-content\/uploads\/2025\/04\/logo_fundo_parana.jpeg 1600w\" sizes=\"auto, (max-width: 1024px) 100vw, 1024px\" \/><\/figure>\n<\/div><\/div>\n<\/div>\n\n\n\n<div class=\"wp-block-columns is-layout-flex wp-container-core-columns-is-layout-9d6595d7 wp-block-columns-is-layout-flex\">\n<div class=\"wp-block-column is-vertically-aligned-center is-layout-flow wp-block-column-is-layout-flow\"><div class=\"wp-block-image\">\n<figure class=\"aligncenter size-medium\"><a href=\"https:\/\/sites.uel.br\/prograd\/\" target=\"_blank\" rel=\" noreferrer noopener\"><img loading=\"lazy\" decoding=\"async\" width=\"300\" height=\"65\" src=\"https:\/\/sites.uel.br\/prograd\/wp-content\/uploads\/2025\/04\/logo_prograd-300x65.jpeg\" alt=\"\" class=\"wp-image-34095\" srcset=\"https:\/\/sites.uel.br\/prograd\/wp-content\/uploads\/2025\/04\/logo_prograd-300x65.jpeg 300w, https:\/\/sites.uel.br\/prograd\/wp-content\/uploads\/2025\/04\/logo_prograd-768x167.jpeg 768w, https:\/\/sites.uel.br\/prograd\/wp-content\/uploads\/2025\/04\/logo_prograd.jpeg 941w\" sizes=\"auto, (max-width: 300px) 100vw, 300px\" \/><\/a><\/figure>\n<\/div><\/div>\n\n\n\n<div class=\"wp-block-column is-vertically-aligned-center is-layout-flow wp-block-column-is-layout-flow\"><div class=\"wp-block-image\">\n<figure class=\"aligncenter size-medium\"><a href=\"https:\/\/sites.uel.br\/sebec\/\" target=\"_blank\" rel=\" noreferrer noopener\"><img loading=\"lazy\" decoding=\"async\" width=\"300\" height=\"120\" src=\"https:\/\/sites.uel.br\/prograd\/wp-content\/uploads\/2025\/04\/logo_sebec-300x120.jpeg\" alt=\"\" class=\"wp-image-34096\" srcset=\"https:\/\/sites.uel.br\/prograd\/wp-content\/uploads\/2025\/04\/logo_sebec-300x120.jpeg 300w, https:\/\/sites.uel.br\/prograd\/wp-content\/uploads\/2025\/04\/logo_sebec.jpeg 574w\" sizes=\"auto, (max-width: 300px) 100vw, 300px\" \/><\/a><\/figure>\n<\/div><\/div>\n<\/div>\n\n\n\n<div style=\"height:20px\" aria-hidden=\"true\" class=\"wp-block-spacer\"><\/div>\n\n\n\n<p class=\"has-text-align-center\"><em>Programa Financiado pela SETI &#8211; FUNDO PARAN\u00c1<\/em><\/p>\n","protected":false},"excerpt":{"rendered":"<p>Realiza\u00e7\u00e3o: Programa Financiado pela SETI &#8211; FUNDO PARAN\u00c1<\/p>\n","protected":false},"author":8,"featured_media":0,"parent":0,"menu_order":0,"comment_status":"closed","ping_status":"closed","template":"","meta":{"_acf_changed":false,"_themeisle_gutenberg_block_has_review":false,"footnotes":""},"class_list":["post-34067","page","type-page","status-publish","hentry"],"acf":[],"_links":{"self":[{"href":"https:\/\/sites.uel.br\/prograd\/wp-json\/wp\/v2\/pages\/34067","targetHints":{"allow":["GET"]}}],"collection":[{"href":"https:\/\/sites.uel.br\/prograd\/wp-json\/wp\/v2\/pages"}],"about":[{"href":"https:\/\/sites.uel.br\/prograd\/wp-json\/wp\/v2\/types\/page"}],"author":[{"embeddable":true,"href":"https:\/\/sites.uel.br\/prograd\/wp-json\/wp\/v2\/users\/8"}],"replies":[{"embeddable":true,"href":"https:\/\/sites.uel.br\/prograd\/wp-json\/wp\/v2\/comments?post=34067"}],"version-history":[{"count":41,"href":"https:\/\/sites.uel.br\/prograd\/wp-json\/wp\/v2\/pages\/34067\/revisions"}],"predecessor-version":[{"id":34210,"href":"https:\/\/sites.uel.br\/prograd\/wp-json\/wp\/v2\/pages\/34067\/revisions\/34210"}],"wp:attachment":[{"href":"https:\/\/sites.uel.br\/prograd\/wp-json\/wp\/v2\/media?parent=34067"}],"curies":[{"name":"wp","href":"https:\/\/api.w.org\/{rel}","templated":true}]}}