{"id":34028,"date":"2025-04-15T10:55:42","date_gmt":"2025-04-15T13:55:42","guid":{"rendered":"https:\/\/sites.uel.br\/prograd\/?page_id=34028"},"modified":"2026-02-25T11:35:27","modified_gmt":"2026-02-25T14:35:27","slug":"deliberacoes-camara-de-graduacao-2025","status":"publish","type":"page","link":"https:\/\/sites.uel.br\/prograd\/deliberacoes-camara-de-graduacao-2025\/","title":{"rendered":"Delibera\u00e7\u00f5es (C\u00e2mara de Gradua\u00e7\u00e3o)"},"content":{"rendered":"\n<hr class=\"wp-block-separator has-alpha-channel-opacity is-style-wide\" \/>\n\n\n\n<h3 class=\"wp-block-heading\">2025<\/h3>\n\n\n\n<div style=\"height:20px\" aria-hidden=\"true\" class=\"wp-block-spacer\"><\/div>\n\n\n\n<p><strong><a href=\"https:\/\/sites.uel.br\/prograd\/wp-content\/uploads\/documentos\/deliberacoes\/2025\/deliberacao_01_25.pdf\" target=\"_blank\" rel=\"noreferrer noopener\">Delibera\u00e7\u00e3o da C\u00e2mara de Gradua\u00e7\u00e3o n\u00ba 001\/2025<\/a><\/strong><br>Aprova o Regulamento Geral do Est\u00e1gio Curricular Obrigat\u00f3rio do Curso de Rela\u00e7\u00f5es P\u00fablicas<\/p>\n\n\n\n<p><strong><a href=\"https:\/\/sites.uel.br\/prograd\/wp-content\/uploads\/documentos\/deliberacoes\/2025\/deliberacao_02_25.pdf\" target=\"_blank\" rel=\"noreferrer noopener\">Delibera\u00e7\u00e3o da C\u00e2mara de Gradua\u00e7\u00e3o n\u00ba 002\/2025<\/a><\/strong><br>Aprova o Regulamento do Trabalho de Conclus\u00e3o de Curso &#8211; TCC, do Curso de Ci\u00eancias Cont\u00e1beis<\/p>\n\n\n\n<p><strong><a href=\"https:\/\/sites.uel.br\/prograd\/wp-content\/uploads\/documentos\/deliberacoes\/2025\/deliberacao_03_25.pdf\" target=\"_blank\" rel=\"noreferrer noopener\">Delibera\u00e7\u00e3o da C\u00e2mara de Gradua\u00e7\u00e3o n\u00ba 003\/2025<\/a><\/strong><br>Aprova o Regulamento do Trabalho de Conclus\u00e3o de Curso &#8211; TCC, do Curso de Odontologia<\/p>\n\n\n\n<p><strong><a href=\"https:\/\/sites.uel.br\/prograd\/wp-content\/uploads\/documentos\/deliberacoes\/2025\/deliberacao_04_25.pdf\" target=\"_blank\" rel=\"noreferrer noopener\">Delibera\u00e7\u00e3o da C\u00e2mara de Gradua\u00e7\u00e3o n\u00ba 004\/2025<\/a><\/strong><br>Atualiza o quadro de equival\u00eancia de estudos entre as atividades acad\u00eamicas do Curso de Ci\u00eancias Biol\u00f3gicas &#8211; Licenciatura, curr\u00edculos 2018 e 2023<\/p>\n\n\n\n<p><strong><a href=\"https:\/\/sites.uel.br\/prograd\/wp-content\/uploads\/documentos\/deliberacoes\/2025\/deliberacao_05_25.pdf\" target=\"_blank\" rel=\"noreferrer noopener\">Delibera\u00e7\u00e3o da C\u00e2mara de Gradua\u00e7\u00e3o n\u00ba 005\/<strong><a href=\"https:\/\/sites.uel.br\/prograd\/wp-content\/uploads\/documentos\/deliberacoes\/2026\/deliberacao_01_26.pdf\" target=\"_blank\" rel=\"noreferrer noopener\">2025<\/a><\/strong><\/a><\/strong><br>Atualiza a equival\u00eancia de estudos para a atividade acad\u00eamica 6PIV021 &#8211; Anatomia Patol\u00f3gica Veterin\u00e1ria, do Curso de Gradua\u00e7\u00e3o em Medicina Veterin\u00e1ria<\/p>\n\n\n\n<p><strong><a href=\"https:\/\/sites.uel.br\/prograd\/wp-content\/uploads\/documentos\/deliberacoes\/2025\/deliberacao_06_25.pdf\" target=\"_blank\" rel=\"noreferrer noopener\">Delibera\u00e7\u00e3o da C\u00e2mara de Gradua\u00e7\u00e3o n\u00ba 006\/<strong><a href=\"https:\/\/sites.uel.br\/prograd\/wp-content\/uploads\/documentos\/deliberacoes\/2026\/deliberacao_01_26.pdf\" target=\"_blank\" rel=\"noreferrer noopener\">2025<\/a><\/strong><\/a><\/strong><br>Atualiza a atividade acad\u00eamica equivalente a 2FAR011 &#8211; Controle Biol\u00f3gico de Qualidade de Insumos e Produtos Farmac\u00eauticos e 2FAR008 Tecnologia de S\u00f3lidos: Produ\u00e7\u00e3o e Controle em Processos, do curso de Farm\u00e1cia, curr\u00edculo 2022<\/p>\n\n\n\n<p><strong><a href=\"https:\/\/sites.uel.br\/prograd\/wp-content\/uploads\/documentos\/deliberacoes\/2025\/deliberacao_07_25.pdf\" target=\"_blank\" rel=\"noreferrer noopener\">Delibera\u00e7\u00e3o da C\u00e2mara de Gradua\u00e7\u00e3o n\u00ba 007\/<strong><a href=\"https:\/\/sites.uel.br\/prograd\/wp-content\/uploads\/documentos\/deliberacoes\/2026\/deliberacao_01_26.pdf\" target=\"_blank\" rel=\"noreferrer noopener\">2025<\/a><\/strong><\/a><\/strong><br>Atualiza o quadro de equival\u00eancia de estudos entre as atividades acad\u00eamicas do Curso de Qu\u00edmica &#8211; Bacharelado, curr\u00edculos 2022 e 2014\/2017<\/p>\n\n\n\n<p><strong><a href=\"https:\/\/sites.uel.br\/prograd\/wp-content\/uploads\/documentos\/deliberacoes\/2025\/deliberacao_08_25.pdf\" target=\"_blank\" rel=\"noreferrer noopener\">Delibera\u00e7\u00e3o da C\u00e2mara de Gradua\u00e7\u00e3o n\u00ba 008\/<strong><a href=\"https:\/\/sites.uel.br\/prograd\/wp-content\/uploads\/documentos\/deliberacoes\/2026\/deliberacao_01_26.pdf\" target=\"_blank\" rel=\"noreferrer noopener\">2025<\/a><\/strong><\/a><\/strong><br>Aprova o Regulamento do Trabalho de Conclus\u00e3o de Curso &#8211; TCC, do Curso de Engenharia El\u00e9trica<\/p>\n\n\n\n<p><strong><a href=\"https:\/\/sites.uel.br\/prograd\/wp-content\/uploads\/documentos\/deliberacoes\/2025\/deliberacao_09_25.pdf\" target=\"_blank\" rel=\"noreferrer noopener\">Delibera\u00e7\u00e3o da C\u00e2mara de Gradua\u00e7\u00e3o n\u00ba 009\/<strong><a href=\"https:\/\/sites.uel.br\/prograd\/wp-content\/uploads\/documentos\/deliberacoes\/2026\/deliberacao_01_26.pdf\" target=\"_blank\" rel=\"noreferrer noopener\">2025<\/a><\/strong><\/a><\/strong><br>Retifica a ementa da atividade acad\u00eamica 2FIS127 &#8211; Laborat\u00f3rio de F\u00edsica IV, do Curso de Gradua\u00e7\u00e3o em F\u00edsica &#8211; Licenciatura<\/p>\n\n\n\n<p><strong><a href=\"https:\/\/sites.uel.br\/prograd\/wp-content\/uploads\/documentos\/deliberacoes\/2025\/deliberacao_10_25.pdf\" target=\"_blank\" rel=\"noreferrer noopener\">Delibera\u00e7\u00e3o da C\u00e2mara de Gradua\u00e7\u00e3o n\u00ba 010\/<strong><a href=\"https:\/\/sites.uel.br\/prograd\/wp-content\/uploads\/documentos\/deliberacoes\/2026\/deliberacao_01_26.pdf\" target=\"_blank\" rel=\"noreferrer noopener\">2025<\/a><\/strong><\/a><\/strong><br>Atualiza o quadro de equival\u00eancia de estudos entre as disciplinas do curso de Direito, curr\u00edculos 2018 e 2022<\/p>\n\n\n\n<p><strong><a href=\"https:\/\/sites.uel.br\/prograd\/wp-content\/uploads\/documentos\/deliberacoes\/2025\/deliberacao_11_25.pdf\" target=\"_blank\" rel=\"noreferrer noopener\">Delibera\u00e7\u00e3o da C\u00e2mara de Gradua\u00e7\u00e3o n\u00ba 011\/<strong><a href=\"https:\/\/sites.uel.br\/prograd\/wp-content\/uploads\/documentos\/deliberacoes\/2026\/deliberacao_01_26.pdf\" target=\"_blank\" rel=\"noreferrer noopener\">2025<\/a><\/strong><\/a><\/strong><br>Aprova o Regulamento Geral do Est\u00e1gio Curricular Obrigat\u00f3rio do Curso de Odontologia<\/p>\n\n\n\n<p><strong><a href=\"https:\/\/sites.uel.br\/prograd\/wp-content\/uploads\/documentos\/deliberacoes\/2025\/deliberacao_12_25.pdf\" target=\"_blank\" rel=\"noreferrer noopener\">Delibera\u00e7\u00e3o da C\u00e2mara de Gradua\u00e7\u00e3o n\u00ba 012\/<strong><a href=\"https:\/\/sites.uel.br\/prograd\/wp-content\/uploads\/documentos\/deliberacoes\/2026\/deliberacao_01_26.pdf\" target=\"_blank\" rel=\"noreferrer noopener\">2025<\/a><\/strong><\/a><\/strong><br>Atualiza a atividade acad\u00eamica equivalente a 6MUT070 &#8211; Teorias da Atua\u00e7\u00e3o: Transversalidade, 60 horas, do curso de Gradua\u00e7\u00e3o em Artes C\u00eanicas, curr\u00edculo 2023<\/p>\n\n\n\n<p><strong><a href=\"https:\/\/sites.uel.br\/prograd\/wp-content\/uploads\/documentos\/deliberacoes\/2025\/deliberacao_13_25.pdf\" target=\"_blank\" rel=\"noreferrer noopener\">Delibera\u00e7\u00e3o da C\u00e2mara de Gradua\u00e7\u00e3o n\u00ba 013\/<strong><a href=\"https:\/\/sites.uel.br\/prograd\/wp-content\/uploads\/documentos\/deliberacoes\/2026\/deliberacao_01_26.pdf\" target=\"_blank\" rel=\"noreferrer noopener\">2025<\/a><\/strong><\/a><\/strong><br>Aprova o Regulamento Geral do Est\u00e1gio Curricular Obrigat\u00f3rio e N\u00e3o Obrigat\u00f3rio do Curso de Pedagogia<\/p>\n\n\n\n<p><strong><a href=\"https:\/\/sites.uel.br\/prograd\/wp-content\/uploads\/documentos\/deliberacoes\/2025\/deliberacao_14_25.pdf\" target=\"_blank\" rel=\"noreferrer noopener\">Delibera\u00e7\u00e3o da C\u00e2mara de Gradua\u00e7\u00e3o n\u00ba 014\/<strong><a href=\"https:\/\/sites.uel.br\/prograd\/wp-content\/uploads\/documentos\/deliberacoes\/2026\/deliberacao_01_26.pdf\" target=\"_blank\" rel=\"noreferrer noopener\">2025<\/a><\/strong><\/a><\/strong><br>Atualiza a equival\u00eancia de estudos para a atividade acad\u00eamica 6DGN255 &#8211; Marketing e Tend\u00eancias, do curso de Gradua\u00e7\u00e3o em Design Gr\u00e1fico<\/p>\n\n\n\n<p><strong><a href=\"https:\/\/sites.uel.br\/prograd\/wp-content\/uploads\/documentos\/deliberacoes\/2025\/deliberacao_15_25.pdf\" target=\"_blank\" rel=\"noreferrer noopener\">Delibera\u00e7\u00e3o da C\u00e2mara de Gradua\u00e7\u00e3o n\u00ba 015\/<strong><a href=\"https:\/\/sites.uel.br\/prograd\/wp-content\/uploads\/documentos\/deliberacoes\/2026\/deliberacao_01_26.pdf\" target=\"_blank\" rel=\"noreferrer noopener\">2025<\/a><\/strong><\/a><\/strong><br>Altera o pr\u00e9-requisito exigido para a atividade acad\u00eamica de natureza obrigat\u00f3ria especial 2EST121 &#8211; Est\u00e1gio Curricular Obrigat\u00f3rio em Educa\u00e7\u00e3o Infantil, Ensino Fundamental ou Equivalente, do Curso de Gradua\u00e7\u00e3o em Letras &#8211; Ingl\u00eas<\/p>\n\n\n\n<p><strong><a href=\"https:\/\/sites.uel.br\/prograd\/wp-content\/uploads\/documentos\/deliberacoes\/2025\/deliberacao_16_25.pdf\" target=\"_blank\" rel=\"noreferrer noopener\">Delibera\u00e7\u00e3o da C\u00e2mara de Gradua\u00e7\u00e3o n\u00ba 016\/<strong><a href=\"https:\/\/sites.uel.br\/prograd\/wp-content\/uploads\/documentos\/deliberacoes\/2026\/deliberacao_01_26.pdf\" target=\"_blank\" rel=\"noreferrer noopener\">2025<\/a><\/strong><\/a><\/strong><br>Altera o pr\u00e9-requisito exigido para a atividade acad\u00eamica de natureza obrigat\u00f3ria especial 2EST631 &#8211; Est\u00e1gio e 2TCC617 &#8211; Projeto de Pesquisa em Jornalismo, do Curso de Gradua\u00e7\u00e3o em Jornalismo<\/p>\n\n\n\n<p><strong><a href=\"https:\/\/sites.uel.br\/prograd\/wp-content\/uploads\/documentos\/deliberacoes\/2025\/deliberacao_17_25.pdf\" target=\"_blank\" rel=\"noreferrer noopener\">Delibera\u00e7\u00e3o da C\u00e2mara de Gradua\u00e7\u00e3o n\u00ba 017\/<strong><a href=\"https:\/\/sites.uel.br\/prograd\/wp-content\/uploads\/documentos\/deliberacoes\/2026\/deliberacao_01_26.pdf\" target=\"_blank\" rel=\"noreferrer noopener\">2025<\/a><\/strong><\/a><\/strong><br>Cria ementas para as atividades acad\u00eamicas de natureza obrigat\u00f3ria especial 6EST445 &#8211; Est\u00e1gio Supervisionado I (SER) e 6EST445 &#8211; Est\u00e1gio Supervisionado II (SER), do Curso de Gradua\u00e7\u00e3o em Servi\u00e7o Social<\/p>\n\n\n\n<p><strong><a href=\"https:\/\/sites.uel.br\/prograd\/wp-content\/uploads\/documentos\/deliberacoes\/2025\/deliberacao_18_25.pdf\" target=\"_blank\" rel=\"noreferrer noopener\">Delibera\u00e7\u00e3o da C\u00e2mara de Gradua\u00e7\u00e3o n\u00ba 018\/<strong><a href=\"https:\/\/sites.uel.br\/prograd\/wp-content\/uploads\/documentos\/deliberacoes\/2026\/deliberacao_01_26.pdf\" target=\"_blank\" rel=\"noreferrer noopener\">2025<\/a><\/strong><\/a><\/strong><br>Altera a forma de oferta da atividade acad\u00eamica 2QUI170 &#8211; F\u00edsico-Qu\u00edmica Experimental, do Curso de Gradua\u00e7\u00e3o em Qu\u00edmica &#8211; Bacharelado, curr\u00edculo 2023<\/p>\n\n\n\n<p><strong><a href=\"https:\/\/sites.uel.br\/prograd\/wp-content\/uploads\/documentos\/deliberacoes\/2025\/deliberacao_19_25.pdf\" target=\"_blank\" rel=\"noreferrer noopener\">Delibera\u00e7\u00e3o da C\u00e2mara de Gradua\u00e7\u00e3o n\u00ba 019\/<strong><a href=\"https:\/\/sites.uel.br\/prograd\/wp-content\/uploads\/documentos\/deliberacoes\/2026\/deliberacao_01_26.pdf\" target=\"_blank\" rel=\"noreferrer noopener\">2025<\/a><\/strong><\/a><\/strong><br>Cancela os pr\u00e9-requisitos exigidos para as Atividades Acad\u00eamicas de Natureza Obrigat\u00f3ria Especial 2EST200 &#8211; Est\u00e1gio Supervisionado I, 2EST201 &#8211; Est\u00e1gio Supervisionado II, 2TCC200 &#8211; Trabalho de Conclus\u00e3o de Curso I, 2EST202 &#8211; Est\u00e1gio Supervisionado III e 2EST203 &#8211; Est\u00e1gio Supervisionado IV, do Curso de Gradua\u00e7\u00e3o em Ci\u00eancias Biol\u00f3gicas &#8211; Licenciatura<\/p>\n\n\n\n<p><strong><a href=\"https:\/\/sites.uel.br\/prograd\/wp-content\/uploads\/documentos\/deliberacoes\/2025\/deliberacao_20_25.pdf\" target=\"_blank\" rel=\"noreferrer noopener\">Delibera\u00e7\u00e3o da C\u00e2mara de Gradua\u00e7\u00e3o n\u00ba 020\/<strong><a href=\"https:\/\/sites.uel.br\/prograd\/wp-content\/uploads\/documentos\/deliberacoes\/2026\/deliberacao_01_26.pdf\" target=\"_blank\" rel=\"noreferrer noopener\">2025<\/a><\/strong><\/a><\/strong><br>Aprova o Regulamento Geral do Est\u00e1gio Curricular Obrigat\u00f3rio do Curso de Administra\u00e7\u00e3o<\/p>\n\n\n\n<p><strong><a href=\"https:\/\/sites.uel.br\/prograd\/wp-content\/uploads\/documentos\/deliberacoes\/2025\/deliberacao_21_25.pdf\" target=\"_blank\" rel=\"noreferrer noopener\">Delibera\u00e7\u00e3o da C\u00e2mara de Gradua\u00e7\u00e3o n\u00ba 021\/<strong><a href=\"https:\/\/sites.uel.br\/prograd\/wp-content\/uploads\/documentos\/deliberacoes\/2026\/deliberacao_01_26.pdf\" target=\"_blank\" rel=\"noreferrer noopener\">2025<\/a><\/strong><\/a><\/strong><br>Estabelece adequa\u00e7\u00f5es curriculares no Curso de Gradua\u00e7\u00e3o em Letras &#8211; Portugu\u00eas, Licenciatura, curr\u00edculo 2023<\/p>\n\n\n\n<p><strong><a href=\"https:\/\/sites.uel.br\/prograd\/wp-content\/uploads\/documentos\/deliberacoes\/2025\/deliberacao_22_25.pdf\" target=\"_blank\" rel=\"noreferrer noopener\">Delibera\u00e7\u00e3o da C\u00e2mara de Gradua\u00e7\u00e3o n\u00ba 022\/<strong><a href=\"https:\/\/sites.uel.br\/prograd\/wp-content\/uploads\/documentos\/deliberacoes\/2026\/deliberacao_01_26.pdf\" target=\"_blank\" rel=\"noreferrer noopener\">2025<\/a><\/strong><\/a><\/strong><br>Estabelece adequa\u00e7\u00f5es no curso de Gradua\u00e7\u00e3o em Nutri\u00e7\u00e3o<\/p>\n\n\n\n<p><strong><a href=\"https:\/\/sites.uel.br\/prograd\/wp-content\/uploads\/documentos\/deliberacoes\/2025\/deliberacao_23_25.pdf\" target=\"_blank\" rel=\"noreferrer noopener\">Delibera\u00e7\u00e3o da C\u00e2mara de Gradua\u00e7\u00e3o n\u00ba 023\/<strong><a href=\"https:\/\/sites.uel.br\/prograd\/wp-content\/uploads\/documentos\/deliberacoes\/2026\/deliberacao_01_26.pdf\" target=\"_blank\" rel=\"noreferrer noopener\">2025<\/a><\/strong><\/a><\/strong><br>Estabelece adequa\u00e7\u00f5es curriculares no curso de Gradua\u00e7\u00e3o em Fisioterapia, curr\u00edculo 2023<\/p>\n\n\n\n<p><strong><a href=\"https:\/\/sites.uel.br\/prograd\/wp-content\/uploads\/documentos\/deliberacoes\/2025\/deliberacao_24_25.pdf\" target=\"_blank\" rel=\"noreferrer noopener\">Delibera\u00e7\u00e3o da C\u00e2mara de Gradua\u00e7\u00e3o n\u00ba 024\/<strong><a href=\"https:\/\/sites.uel.br\/prograd\/wp-content\/uploads\/documentos\/deliberacoes\/2026\/deliberacao_01_26.pdf\" target=\"_blank\" rel=\"noreferrer noopener\">2025<\/a><\/strong><\/a><\/strong><br>Aprova o Regulamento Geral do Trabalho de Conclus\u00e3o de Curso &#8211; TCC, do Curso de Artes Visuais &#8211; Licenciatura<\/p>\n\n\n\n<p><strong><a href=\"https:\/\/sites.uel.br\/prograd\/wp-content\/uploads\/documentos\/deliberacoes\/2025\/deliberacao_25_25.pdf\" target=\"_blank\" rel=\"noreferrer noopener\">Delibera\u00e7\u00e3o da C\u00e2mara de Gradua\u00e7\u00e3o n\u00ba 025\/<strong><a href=\"https:\/\/sites.uel.br\/prograd\/wp-content\/uploads\/documentos\/deliberacoes\/2026\/deliberacao_01_26.pdf\" target=\"_blank\" rel=\"noreferrer noopener\">2025<\/a><\/strong><\/a><\/strong><br>Estabelece adequa\u00e7\u00f5es curriculares no curso de Gradua\u00e7\u00e3o em Ci\u00eancias Cont\u00e1beis<\/p>\n\n\n\n<p><strong><a href=\"https:\/\/sites.uel.br\/prograd\/wp-content\/uploads\/documentos\/deliberacoes\/2025\/deliberacao_26_25.pdf\" target=\"_blank\" rel=\"noreferrer noopener\">Delibera\u00e7\u00e3o da C\u00e2mara de Gradua\u00e7\u00e3o n\u00ba 026\/<strong><a href=\"https:\/\/sites.uel.br\/prograd\/wp-content\/uploads\/documentos\/deliberacoes\/2026\/deliberacao_01_26.pdf\" target=\"_blank\" rel=\"noreferrer noopener\">2025<\/a><\/strong><\/a><\/strong><br>Altera o item 9.3.2 Atividade Acad\u00eamica Complementar (AAC), da Resolu\u00e7\u00e3o CEPE\/CA n\u00b0 074\/2022, do Projeto Pedag\u00f3gico do Curso de Geografia &#8211; Bacharelado e Resolu\u00e7\u00e3o CEPE\/CA n\u00b0 079\/2022, do Projeto Pedag\u00f3gico do Curso de Geografia &#8211; Licenciatura<\/p>\n\n\n\n<p><strong><a href=\"https:\/\/sites.uel.br\/prograd\/wp-content\/uploads\/documentos\/deliberacoes\/2025\/deliberacao_27_25.pdf\" target=\"_blank\" rel=\"noreferrer noopener\">Delibera\u00e7\u00e3o da C\u00e2mara de Gradua\u00e7\u00e3o n\u00ba 027\/<strong><a href=\"https:\/\/sites.uel.br\/prograd\/wp-content\/uploads\/documentos\/deliberacoes\/2026\/deliberacao_01_26.pdf\" target=\"_blank\" rel=\"noreferrer noopener\">2025<\/a><\/strong><\/a><\/strong><br>Estabelece adequa\u00e7\u00f5es curriculares no Curso de Gradua\u00e7\u00e3o em Medicina, curr\u00edculo 2022<\/p>\n\n\n\n<p><strong><a href=\"https:\/\/sites.uel.br\/prograd\/wp-content\/uploads\/documentos\/deliberacoes\/2025\/deliberacao_28_25.pdf\" target=\"_blank\" rel=\"noreferrer noopener\">Delibera\u00e7\u00e3o da C\u00e2mara de Gradua\u00e7\u00e3o n\u00ba 028\/<strong><a href=\"https:\/\/sites.uel.br\/prograd\/wp-content\/uploads\/documentos\/deliberacoes\/2026\/deliberacao_01_26.pdf\" target=\"_blank\" rel=\"noreferrer noopener\">2025<\/a><\/strong><\/a><\/strong><br>Cria ementas para as atividades acad\u00eamicas de natureza obrigat\u00f3ria especial 6EST446 &#8211; Est\u00e1gio Supervisionado (ADM) e 6TCC419 &#8211; Trabalho de Conclus\u00e3o de Curso (ADM), do Curso de Gradua\u00e7\u00e3o em Secretariado Executivo<\/p>\n\n\n\n<p><strong><a href=\"https:\/\/sites.uel.br\/prograd\/wp-content\/uploads\/documentos\/deliberacoes\/2025\/deliberacao_29_25.pdf\" target=\"_blank\" rel=\"noreferrer noopener\">Delibera\u00e7\u00e3o da C\u00e2mara de Gradua\u00e7\u00e3o n\u00ba 029\/<strong><a href=\"https:\/\/sites.uel.br\/prograd\/wp-content\/uploads\/documentos\/deliberacoes\/2026\/deliberacao_01_26.pdf\" target=\"_blank\" rel=\"noreferrer noopener\">2025<\/a><\/strong><\/a><\/strong><br>Cria ementa para a atividade acad\u00eamica de natureza obrigat\u00f3ria especial 2EST631 &#8211; Est\u00e1gio (NIC), do Curso de Gradua\u00e7\u00e3o em Jornalismo<\/p>\n\n\n\n<p><strong><a href=\"https:\/\/sites.uel.br\/prograd\/wp-content\/uploads\/documentos\/deliberacoes\/2025\/deliberacao_30_25.pdf\" target=\"_blank\" rel=\"noreferrer noopener\">Delibera\u00e7\u00e3o da C\u00e2mara de Gradua\u00e7\u00e3o n\u00ba 030\/<strong><a href=\"https:\/\/sites.uel.br\/prograd\/wp-content\/uploads\/documentos\/deliberacoes\/2026\/deliberacao_01_26.pdf\" target=\"_blank\" rel=\"noreferrer noopener\">2025<\/a><\/strong><\/a><\/strong><br>Altera a ementa da atividade acad\u00eamica 6PUB078 &#8211; Direitos Humanos, do Curso de Gradua\u00e7\u00e3o em Direito, curr\u00edculo 2022<\/p>\n\n\n\n<p><strong><a href=\"https:\/\/sites.uel.br\/prograd\/wp-content\/uploads\/documentos\/deliberacoes\/2025\/deliberacao_32_25.pdf\" target=\"_blank\" rel=\"noreferrer noopener\">Delibera\u00e7\u00e3o da C\u00e2mara de Gradua\u00e7\u00e3o n\u00ba 032\/<strong><a href=\"https:\/\/sites.uel.br\/prograd\/wp-content\/uploads\/documentos\/deliberacoes\/2026\/deliberacao_01_26.pdf\" target=\"_blank\" rel=\"noreferrer noopener\">2025<\/a><\/strong><\/a><\/strong><br>Constitui o Colegiado do Curso de Letras Ingl\u00eas<\/p>\n\n\n\n<p><strong><a href=\"https:\/\/sites.uel.br\/prograd\/wp-content\/uploads\/documentos\/deliberacoes\/2025\/deliberacao_33_25.pdf\" target=\"_blank\" rel=\"noreferrer noopener\">Delibera\u00e7\u00e3o da C\u00e2mara de Gradua\u00e7\u00e3o n\u00ba 033\/<strong><a href=\"https:\/\/sites.uel.br\/prograd\/wp-content\/uploads\/documentos\/deliberacoes\/2026\/deliberacao_01_26.pdf\" target=\"_blank\" rel=\"noreferrer noopener\">2025<\/a><\/strong><\/a><\/strong><br>Altera a composi\u00e7\u00e3o do Colegiado do Curso de Agronomia<\/p>\n\n\n\n<p><strong><a href=\"https:\/\/sites.uel.br\/prograd\/wp-content\/uploads\/documentos\/deliberacoes\/2025\/deliberacao_34_25.pdf\" target=\"_blank\" rel=\"noreferrer noopener\">Delibera\u00e7\u00e3o da C\u00e2mara de Gradua\u00e7\u00e3o n\u00ba 034\/<strong><a href=\"https:\/\/sites.uel.br\/prograd\/wp-content\/uploads\/documentos\/deliberacoes\/2026\/deliberacao_01_26.pdf\" target=\"_blank\" rel=\"noreferrer noopener\">2025<\/a><\/strong><\/a><\/strong><br>Altera a reda\u00e7\u00e3o do item 9.3.4 Est\u00e1gio curricular obrigat\u00f3rio da Resolu\u00e7\u00e3o CEPE\/CA n\u00b0 073\/2022, do Projeto Pedag\u00f3gico do Curso de Engenharia Civil<\/p>\n\n\n\n<p><strong><a href=\"https:\/\/sites.uel.br\/prograd\/wp-content\/uploads\/documentos\/deliberacoes\/2025\/deliberacao_35_25.pdf\" target=\"_blank\" rel=\"noreferrer noopener\">Delibera\u00e7\u00e3o da C\u00e2mara de Gradua\u00e7\u00e3o n\u00ba 035\/<strong><a href=\"https:\/\/sites.uel.br\/prograd\/wp-content\/uploads\/documentos\/deliberacoes\/2026\/deliberacao_01_26.pdf\" target=\"_blank\" rel=\"noreferrer noopener\">2025<\/a><\/strong><\/a><\/strong><br>Constitui o Colegiado dos Cursos de Letras &#8211; Espanhol e Franc\u00eas<\/p>\n\n\n\n<p><strong><a href=\"https:\/\/sites.uel.br\/prograd\/wp-content\/uploads\/documentos\/deliberacoes\/2025\/deliberacao_36_25.pdf\" target=\"_blank\" rel=\"noreferrer noopener\">Delibera\u00e7\u00e3o da C\u00e2mara de Gradua\u00e7\u00e3o n\u00ba 036\/<strong><a href=\"https:\/\/sites.uel.br\/prograd\/wp-content\/uploads\/documentos\/deliberacoes\/2026\/deliberacao_01_26.pdf\" target=\"_blank\" rel=\"noreferrer noopener\">2025<\/a><\/strong><\/a><\/strong><br>Estabelece adequa\u00e7\u00f5es curriculares no curso de Gradua\u00e7\u00e3o em Zootecnia, curr\u00edculo 2022<\/p>\n\n\n\n<p><strong><a href=\"https:\/\/sites.uel.br\/prograd\/wp-content\/uploads\/documentos\/deliberacoes\/2025\/deliberacao_37_25.pdf\" target=\"_blank\" rel=\"noreferrer noopener\">Delibera\u00e7\u00e3o da C\u00e2mara de Gradua\u00e7\u00e3o n\u00ba 037\/<strong><a href=\"https:\/\/sites.uel.br\/prograd\/wp-content\/uploads\/documentos\/deliberacoes\/2026\/deliberacao_01_26.pdf\" target=\"_blank\" rel=\"noreferrer noopener\">2025<\/a><\/strong><\/a><\/strong><br>Estabelece adequa\u00e7\u00f5es curriculares no Curso de Gradua\u00e7\u00e3o em Filosofia<\/p>\n\n\n\n<p><strong><a href=\"https:\/\/sites.uel.br\/prograd\/wp-content\/uploads\/documentos\/deliberacoes\/2025\/deliberacao_38_25.pdf\" target=\"_blank\" rel=\"noreferrer noopener\">Delibera\u00e7\u00e3o da C\u00e2mara de Gradua\u00e7\u00e3o n\u00ba 038\/<strong><a href=\"https:\/\/sites.uel.br\/prograd\/wp-content\/uploads\/documentos\/deliberacoes\/2026\/deliberacao_01_26.pdf\" target=\"_blank\" rel=\"noreferrer noopener\">2025<\/a><\/strong><\/a><\/strong><br>Aprova o Regulamento Geral do Est\u00e1gio Curricular Obrigat\u00f3rio do Curso de Engenharia Civil<\/p>\n\n\n\n<p><strong><a href=\"https:\/\/sites.uel.br\/prograd\/wp-content\/uploads\/documentos\/deliberacoes\/2025\/deliberacao_39_25.pdf\" target=\"_blank\" rel=\"noreferrer noopener\">Delibera\u00e7\u00e3o da C\u00e2mara de Gradua\u00e7\u00e3o n\u00ba 039\/<strong><a href=\"https:\/\/sites.uel.br\/prograd\/wp-content\/uploads\/documentos\/deliberacoes\/2026\/deliberacao_01_26.pdf\" target=\"_blank\" rel=\"noreferrer noopener\">2025<\/a><\/strong><\/a><\/strong><br>Aprova o Regulamento do Trabalho de Conclus\u00e3o de Curso &#8211; TCC, do Curso de Gradua\u00e7\u00e3o em Engenharia Civil<\/p>\n\n\n\n<p><strong><a href=\"https:\/\/sites.uel.br\/prograd\/wp-content\/uploads\/documentos\/deliberacoes\/2025\/deliberacao_40_25.pdf\" target=\"_blank\" rel=\"noreferrer noopener\">Delibera\u00e7\u00e3o da C\u00e2mara de Gradua\u00e7\u00e3o n\u00ba 040\/<\/a><strong><a href=\"https:\/\/sites.uel.br\/prograd\/wp-content\/uploads\/documentos\/deliberacoes\/2026\/deliberacao_01_26.pdf\" target=\"_blank\" rel=\"noreferrer noopener\">2025<\/a><\/strong><\/strong><br>Aprova o Regulamento do Internato M\u00e9dico &#8211; Est\u00e1gio Curricular Obrigat\u00f3rio do Curso de Medicina<\/p>\n","protected":false},"excerpt":{"rendered":"<p>2025 Delibera\u00e7\u00e3o da C\u00e2mara de Gradua\u00e7\u00e3o n\u00ba 001\/2025Aprova o Regulamento Geral do Est\u00e1gio Curricular Obrigat\u00f3rio do Curso de Rela\u00e7\u00f5es P\u00fablicas Delibera\u00e7\u00e3o da C\u00e2mara de Gradua\u00e7\u00e3o n\u00ba 002\/2025Aprova o Regulamento do Trabalho de Conclus\u00e3o de Curso &#8211; TCC, do Curso de Ci\u00eancias Cont\u00e1beis Delibera\u00e7\u00e3o da C\u00e2mara de Gradua\u00e7\u00e3o n\u00ba 003\/2025Aprova o Regulamento do Trabalho de Conclus\u00e3o [&hellip;]<\/p>\n","protected":false},"author":8,"featured_media":0,"parent":0,"menu_order":0,"comment_status":"closed","ping_status":"closed","template":"","meta":{"_acf_changed":false,"_themeisle_gutenberg_block_has_review":false,"footnotes":""},"class_list":["post-34028","page","type-page","status-publish","hentry"],"acf":[],"_links":{"self":[{"href":"https:\/\/sites.uel.br\/prograd\/wp-json\/wp\/v2\/pages\/34028","targetHints":{"allow":["GET"]}}],"collection":[{"href":"https:\/\/sites.uel.br\/prograd\/wp-json\/wp\/v2\/pages"}],"about":[{"href":"https:\/\/sites.uel.br\/prograd\/wp-json\/wp\/v2\/types\/page"}],"author":[{"embeddable":true,"href":"https:\/\/sites.uel.br\/prograd\/wp-json\/wp\/v2\/users\/8"}],"replies":[{"embeddable":true,"href":"https:\/\/sites.uel.br\/prograd\/wp-json\/wp\/v2\/comments?post=34028"}],"version-history":[{"count":52,"href":"https:\/\/sites.uel.br\/prograd\/wp-json\/wp\/v2\/pages\/34028\/revisions"}],"predecessor-version":[{"id":36893,"href":"https:\/\/sites.uel.br\/prograd\/wp-json\/wp\/v2\/pages\/34028\/revisions\/36893"}],"wp:attachment":[{"href":"https:\/\/sites.uel.br\/prograd\/wp-json\/wp\/v2\/media?parent=34028"}],"curies":[{"name":"wp","href":"https:\/\/api.w.org\/{rel}","templated":true}]}}