{"id":3397,"date":"2023-04-12T15:51:46","date_gmt":"2023-04-12T18:51:46","guid":{"rendered":"https:\/\/sites.uel.br\/prograd\/?page_id=3397"},"modified":"2024-05-22T13:39:24","modified_gmt":"2024-05-22T16:39:24","slug":"camara-de-graduacao-atas-da-camara-de-graduacao-2007","status":"publish","type":"page","link":"https:\/\/sites.uel.br\/prograd\/camara-de-graduacao-atas-da-camara-de-graduacao-2007\/","title":{"rendered":"C\u00e2mara de Gradua\u00e7\u00e3o"},"content":{"rendered":"\n<hr class=\"wp-block-separator has-alpha-channel-opacity is-style-wide\"\/>\n\n\n\n<h2 class=\"wp-block-heading\"><strong><strong><strong>Atas da C\u00e2mara de Gradua\u00e7\u00e3o<\/strong><\/strong><\/strong><\/h2>\n\n\n\n<h3 class=\"wp-block-heading\">Anos Anteriores<\/h3>\n\n\n\n<h3 class=\"wp-block-heading\">2007<\/h3>\n\n\n\n<div style=\"height:20px\" aria-hidden=\"true\" class=\"wp-block-spacer\"><\/div>\n\n\n\n<p><a href=\"https:\/\/sites.uel.br\/prograd\/wp-content\/uploads\/camara_graduacao\/Ata-44-07.pdf\" target=\"_blank\" rel=\"noreferrer noopener\">Ata n\u00ba 44 de 13\/02\/2007<\/a><\/p>\n\n\n\n<p><a href=\"https:\/\/sites.uel.br\/prograd\/wp-content\/uploads\/camara_graduacao\/Ata-45-07.pdf\" target=\"_blank\" rel=\"noreferrer noopener\">Ata n\u00ba 45 de 22\/02\/2007<\/a><\/p>\n\n\n\n<p><a href=\"https:\/\/sites.uel.br\/prograd\/wp-content\/uploads\/camara_graduacao\/Ata-46-07.pdf\" target=\"_blank\" rel=\"noreferrer noopener\">Ata n\u00ba 46 de 20\/03\/2007<\/a><\/p>\n\n\n\n<p><a href=\"https:\/\/sites.uel.br\/prograd\/wp-content\/uploads\/camara_graduacao\/Ata-47-07.pdf\" target=\"_blank\" rel=\"noreferrer noopener\">Ata n\u00ba 47 de 03\/04\/2007<\/a><\/p>\n\n\n\n<p><a href=\"https:\/\/sites.uel.br\/prograd\/wp-content\/uploads\/camara_graduacao\/Ata-48-07.pdf\" target=\"_blank\" rel=\"noreferrer noopener\">Ata n\u00ba 48 de 10\/04\/2007<\/a><\/p>\n\n\n\n<p><a href=\"https:\/\/sites.uel.br\/prograd\/wp-content\/uploads\/camara_graduacao\/Ata-49-07.pdf\" target=\"_blank\" rel=\"noreferrer noopener\">Ata n\u00ba 49 de 17\/04\/2007<\/a><\/p>\n\n\n\n<p><a href=\"https:\/\/sites.uel.br\/prograd\/wp-content\/uploads\/camara_graduacao\/Ata-50-07.pdf\" target=\"_blank\" rel=\"noreferrer noopener\">Ata n\u00ba 50 de 24\/04\/2007<\/a><\/p>\n\n\n\n<p><a href=\"https:\/\/sites.uel.br\/prograd\/wp-content\/uploads\/camara_graduacao\/Ata-51-07.pdf\" target=\"_blank\" rel=\"noreferrer noopener\">Ata n\u00ba 51 de 22\/05\/2007<\/a><\/p>\n\n\n\n<p><a href=\"https:\/\/sites.uel.br\/prograd\/wp-content\/uploads\/camara_graduacao\/Ata-52-07.pdf\" target=\"_blank\" rel=\"noreferrer noopener\">Ata n\u00ba 52 de 29\/05\/2007<\/a><\/p>\n\n\n\n<p><a href=\"https:\/\/sites.uel.br\/prograd\/wp-content\/uploads\/camara_graduacao\/Ata-53-07.pdf\" target=\"_blank\" rel=\"noreferrer noopener\">Ata n\u00ba 53 de 05\/06\/2007<\/a><\/p>\n\n\n\n<p><a href=\"https:\/\/sites.uel.br\/prograd\/wp-content\/uploads\/camara_graduacao\/Ata-54-07.pdf\" target=\"_blank\" rel=\"noreferrer noopener\">Ata n\u00ba 54 de 19\/06\/2007<\/a><\/p>\n\n\n\n<p><a href=\"https:\/\/sites.uel.br\/prograd\/wp-content\/uploads\/camara_graduacao\/Ata-55-07.pdf\" target=\"_blank\" rel=\"noreferrer noopener\">Ata n\u00ba 55 de 10\/07\/2007<\/a><\/p>\n\n\n\n<p><a href=\"https:\/\/sites.uel.br\/prograd\/wp-content\/uploads\/camara_graduacao\/Ata-56-07.pdf\" target=\"_blank\" rel=\"noreferrer noopener\">Ata n\u00ba 56 de 17\/07\/2007<\/a><\/p>\n\n\n\n<p><a href=\"https:\/\/sites.uel.br\/prograd\/wp-content\/uploads\/camara_graduacao\/Ata-57_07.pdf\" target=\"_blank\" rel=\"noreferrer noopener\">Ata n\u00ba 57 de 21\/08\/2007<\/a><\/p>\n\n\n\n<p><a href=\"https:\/\/sites.uel.br\/prograd\/wp-content\/uploads\/camara_graduacao\/Ata-58-07.pdf\" target=\"_blank\" rel=\"noreferrer noopener\">Ata n\u00ba 58 de 28\/08\/2007<\/a><\/p>\n\n\n\n<p><a href=\"https:\/\/sites.uel.br\/prograd\/wp-content\/uploads\/camara_graduacao\/Ata-59_07.pdf\" target=\"_blank\" rel=\"noreferrer noopener\">Ata n\u00ba 59 de 11\/09\/2007<\/a><\/p>\n\n\n\n<p><a href=\"https:\/\/sites.uel.br\/prograd\/wp-content\/uploads\/camara_graduacao\/Ata-60_07.pdf\" target=\"_blank\" rel=\"noreferrer noopener\">Ata n\u00ba 60 de 18\/09\/2007<\/a><\/p>\n\n\n\n<p><a href=\"https:\/\/sites.uel.br\/prograd\/wp-content\/uploads\/camara_graduacao\/Ata-61_07.pdf\" target=\"_blank\" rel=\"noreferrer noopener\">Ata n\u00ba 61 de 20\/09\/2007<\/a><\/p>\n\n\n\n<p><a href=\"https:\/\/sites.uel.br\/prograd\/wp-content\/uploads\/camara_graduacao\/Ata-62-07.pdf\" target=\"_blank\" rel=\"noreferrer noopener\">Ata n\u00ba 62 de 02\/10\/2007<\/a><\/p>\n\n\n\n<p><a href=\"https:\/\/sites.uel.br\/prograd\/wp-content\/uploads\/camara_graduacao\/Ata-63-07.pdf\" target=\"_blank\" rel=\"noreferrer noopener\">Ata n\u00ba 63 de 16\/10\/2007<\/a><\/p>\n\n\n\n<p><a href=\"https:\/\/sites.uel.br\/prograd\/wp-content\/uploads\/camara_graduacao\/Ata-64-07.pdf\" target=\"_blank\" rel=\"noreferrer noopener\">Ata n\u00ba 64 de 23\/10\/2007<\/a><\/p>\n\n\n\n<p><a href=\"https:\/\/sites.uel.br\/prograd\/wp-content\/uploads\/camara_graduacao\/Ata-65_07.pdf\" target=\"_blank\" rel=\"noreferrer noopener\">Ata n\u00ba 65 de 20\/11\/2007<\/a><\/p>\n\n\n\n<p><a href=\"https:\/\/sites.uel.br\/prograd\/wp-content\/uploads\/camara_graduacao\/Ata-66_07.pdf\" target=\"_blank\" rel=\"noreferrer noopener\">Ata n\u00ba 66 de 11\/12\/2007<\/a><\/p>\n","protected":false},"excerpt":{"rendered":"<p>Atas da C\u00e2mara de Gradua\u00e7\u00e3o Anos Anteriores 2007 Ata n\u00ba 44 de 13\/02\/2007 Ata n\u00ba 45 de 22\/02\/2007 Ata n\u00ba 46 de 20\/03\/2007 Ata n\u00ba 47 de 03\/04\/2007 Ata n\u00ba 48 de 10\/04\/2007 Ata n\u00ba 49 de 17\/04\/2007 Ata n\u00ba 50 de 24\/04\/2007 Ata n\u00ba 51 de 22\/05\/2007 Ata n\u00ba 52 de 29\/05\/2007 Ata n\u00ba [&hellip;]<\/p>\n","protected":false},"author":8,"featured_media":0,"parent":0,"menu_order":0,"comment_status":"closed","ping_status":"closed","template":"","meta":{"_acf_changed":false,"_themeisle_gutenberg_block_has_review":false,"footnotes":""},"class_list":["post-3397","page","type-page","status-publish","hentry"],"acf":[],"_links":{"self":[{"href":"https:\/\/sites.uel.br\/prograd\/wp-json\/wp\/v2\/pages\/3397","targetHints":{"allow":["GET"]}}],"collection":[{"href":"https:\/\/sites.uel.br\/prograd\/wp-json\/wp\/v2\/pages"}],"about":[{"href":"https:\/\/sites.uel.br\/prograd\/wp-json\/wp\/v2\/types\/page"}],"author":[{"embeddable":true,"href":"https:\/\/sites.uel.br\/prograd\/wp-json\/wp\/v2\/users\/8"}],"replies":[{"embeddable":true,"href":"https:\/\/sites.uel.br\/prograd\/wp-json\/wp\/v2\/comments?post=3397"}],"version-history":[{"count":13,"href":"https:\/\/sites.uel.br\/prograd\/wp-json\/wp\/v2\/pages\/3397\/revisions"}],"predecessor-version":[{"id":30087,"href":"https:\/\/sites.uel.br\/prograd\/wp-json\/wp\/v2\/pages\/3397\/revisions\/30087"}],"wp:attachment":[{"href":"https:\/\/sites.uel.br\/prograd\/wp-json\/wp\/v2\/media?parent=3397"}],"curies":[{"name":"wp","href":"https:\/\/api.w.org\/{rel}","templated":true}]}}