{"id":3396,"date":"2023-04-12T15:51:44","date_gmt":"2023-04-12T18:51:44","guid":{"rendered":"https:\/\/sites.uel.br\/prograd\/?page_id=3396"},"modified":"2024-05-22T13:41:18","modified_gmt":"2024-05-22T16:41:18","slug":"camara-de-graduacao-atas-da-camara-de-graduacao-2008","status":"publish","type":"page","link":"https:\/\/sites.uel.br\/prograd\/camara-de-graduacao-atas-da-camara-de-graduacao-2008\/","title":{"rendered":"C\u00e2mara de Gradua\u00e7\u00e3o"},"content":{"rendered":"\n<hr class=\"wp-block-separator has-alpha-channel-opacity is-style-wide\"\/>\n\n\n\n<h2 class=\"wp-block-heading\"><strong><strong><strong>Atas da C\u00e2mara de Gradua\u00e7\u00e3o<\/strong><\/strong><\/strong><\/h2>\n\n\n\n<h3 class=\"wp-block-heading\">Anos Anteriores<\/h3>\n\n\n\n<h3 class=\"wp-block-heading\">2008<\/h3>\n\n\n\n<div style=\"height:20px\" aria-hidden=\"true\" class=\"wp-block-spacer\"><\/div>\n\n\n\n<p><a href=\"https:\/\/sites.uel.br\/prograd\/wp-content\/uploads\/camara_graduacao\/Ata-67_08.pdf\" target=\"_blank\" rel=\"noreferrer noopener\">Ata n\u00ba 67 de 12\/02\/2008<\/a><\/p>\n\n\n\n<p><a href=\"https:\/\/sites.uel.br\/prograd\/wp-content\/uploads\/camara_graduacao\/Ata-68_08.pdf\" target=\"_blank\" rel=\"noreferrer noopener\">Ata n\u00ba 68 de 11\/03\/2008<\/a><\/p>\n\n\n\n<p><a href=\"https:\/\/sites.uel.br\/prograd\/wp-content\/uploads\/camara_graduacao\/Ata-69_08.pdf\" target=\"_blank\" rel=\"noreferrer noopener\">Ata n\u00ba 69 de 18\/03\/2008<\/a><\/p>\n\n\n\n<p><a href=\"https:\/\/sites.uel.br\/prograd\/wp-content\/uploads\/camara_graduacao\/ata_70_15_04_08.pdf\" target=\"_blank\" rel=\"noreferrer noopener\">Ata n\u00ba 70 de 15\/04\/2008<\/a><\/p>\n\n\n\n<p><a href=\"https:\/\/sites.uel.br\/prograd\/wp-content\/uploads\/camara_graduacao\/ata_71_22_04_08.pdf\" target=\"_blank\" rel=\"noreferrer noopener\">Ata n\u00ba 71 de 22\/04\/2008<\/a><\/p>\n\n\n\n<p><a href=\"https:\/\/sites.uel.br\/prograd\/wp-content\/uploads\/camara_graduacao\/ata_72_13_05_08.pdf\" target=\"_blank\" rel=\"noreferrer noopener\">Ata n\u00ba 72 de 13\/05\/2008<\/a><\/p>\n\n\n\n<p><a href=\"https:\/\/sites.uel.br\/prograd\/wp-content\/uploads\/camara_graduacao\/ata_73_27_05_08.pdf\" target=\"_blank\" rel=\"noreferrer noopener\">Ata n\u00ba 73 de 27\/05\/2008<\/a><\/p>\n\n\n\n<p><a href=\"https:\/\/sites.uel.br\/prograd\/wp-content\/uploads\/camara_graduacao\/ata_74_17_06_08.pdf\" target=\"_blank\" rel=\"noreferrer noopener\">Ata n\u00ba 74 de 17\/06\/2008<\/a><\/p>\n\n\n\n<p><a href=\"https:\/\/sites.uel.br\/prograd\/wp-content\/uploads\/camara_graduacao\/ata_75_24_06_08.pdf\" target=\"_blank\" rel=\"noreferrer noopener\">Ata n\u00ba 75 de 24\/06\/2008<\/a><\/p>\n\n\n\n<p><a href=\"https:\/\/sites.uel.br\/prograd\/wp-content\/uploads\/camara_graduacao\/ata_76_15_07_08.pdf\" target=\"_blank\" rel=\"noreferrer noopener\">Ata n\u00ba 76 de 15\/07\/2008<\/a><\/p>\n\n\n\n<p><a href=\"https:\/\/sites.uel.br\/prograd\/wp-content\/uploads\/camara_graduacao\/ata_77_22_07_08.pdf\" target=\"_blank\" rel=\"noreferrer noopener\">Ata n\u00ba 77 de 22\/07\/2008<\/a><\/p>\n\n\n\n<p><a href=\"https:\/\/sites.uel.br\/prograd\/wp-content\/uploads\/camara_graduacao\/ata_78_29_07_08.pdf\" target=\"_blank\" rel=\"noreferrer noopener\">Ata n\u00ba 78 de 29\/07\/2008<\/a><\/p>\n\n\n\n<p><a href=\"https:\/\/sites.uel.br\/prograd\/wp-content\/uploads\/camara_graduacao\/ata_79_12_08_08.pdf\" target=\"_blank\" rel=\"noreferrer noopener\">Ata n\u00ba 79 de 12\/08\/2008<\/a><\/p>\n\n\n\n<p><a href=\"https:\/\/sites.uel.br\/prograd\/wp-content\/uploads\/camara_graduacao\/ata_80_16_09_08.pdf\" target=\"_blank\" rel=\"noreferrer noopener\">Ata n\u00ba 80 de 16\/09\/2008<\/a><\/p>\n\n\n\n<p><a href=\"https:\/\/sites.uel.br\/prograd\/wp-content\/uploads\/camara_graduacao\/ata_81_30_09_08.pdf\" target=\"_blank\" rel=\"noreferrer noopener\">Ata n\u00ba 81 de 30\/09\/2008<\/a><\/p>\n\n\n\n<p><a href=\"https:\/\/sites.uel.br\/prograd\/wp-content\/uploads\/camara_graduacao\/ata_82_14_10_08.pdf\" target=\"_blank\" rel=\"noreferrer noopener\">Ata n\u00ba 82 de 14\/10\/2008<\/a><\/p>\n\n\n\n<p><a href=\"https:\/\/sites.uel.br\/prograd\/wp-content\/uploads\/camara_graduacao\/ata_83_11_11_08.pdf\" target=\"_blank\" rel=\"noreferrer noopener\">Ata n\u00ba 83 de 11\/11\/2008<\/a><\/p>\n\n\n\n<p><a href=\"https:\/\/sites.uel.br\/prograd\/wp-content\/uploads\/camara_graduacao\/ata_84_18_11_08.pdf\" target=\"_blank\" rel=\"noreferrer noopener\">Ata n\u00ba 84 de 18\/11\/2008<\/a><\/p>\n\n\n\n<p><a href=\"https:\/\/sites.uel.br\/prograd\/wp-content\/uploads\/camara_graduacao\/ata_85_09_12_08.pdf\" target=\"_blank\" rel=\"noreferrer noopener\">Ata n\u00ba 85 de 09\/12\/2008<\/a><\/p>\n","protected":false},"excerpt":{"rendered":"<p>Atas da C\u00e2mara de Gradua\u00e7\u00e3o Anos Anteriores 2008 Ata n\u00ba 67 de 12\/02\/2008 Ata n\u00ba 68 de 11\/03\/2008 Ata n\u00ba 69 de 18\/03\/2008 Ata n\u00ba 70 de 15\/04\/2008 Ata n\u00ba 71 de 22\/04\/2008 Ata n\u00ba 72 de 13\/05\/2008 Ata n\u00ba 73 de 27\/05\/2008 Ata n\u00ba 74 de 17\/06\/2008 Ata n\u00ba 75 de 24\/06\/2008 Ata n\u00ba [&hellip;]<\/p>\n","protected":false},"author":8,"featured_media":0,"parent":0,"menu_order":0,"comment_status":"closed","ping_status":"closed","template":"","meta":{"_acf_changed":false,"_themeisle_gutenberg_block_has_review":false,"footnotes":""},"class_list":["post-3396","page","type-page","status-publish","hentry"],"acf":[],"_links":{"self":[{"href":"https:\/\/sites.uel.br\/prograd\/wp-json\/wp\/v2\/pages\/3396","targetHints":{"allow":["GET"]}}],"collection":[{"href":"https:\/\/sites.uel.br\/prograd\/wp-json\/wp\/v2\/pages"}],"about":[{"href":"https:\/\/sites.uel.br\/prograd\/wp-json\/wp\/v2\/types\/page"}],"author":[{"embeddable":true,"href":"https:\/\/sites.uel.br\/prograd\/wp-json\/wp\/v2\/users\/8"}],"replies":[{"embeddable":true,"href":"https:\/\/sites.uel.br\/prograd\/wp-json\/wp\/v2\/comments?post=3396"}],"version-history":[{"count":11,"href":"https:\/\/sites.uel.br\/prograd\/wp-json\/wp\/v2\/pages\/3396\/revisions"}],"predecessor-version":[{"id":30088,"href":"https:\/\/sites.uel.br\/prograd\/wp-json\/wp\/v2\/pages\/3396\/revisions\/30088"}],"wp:attachment":[{"href":"https:\/\/sites.uel.br\/prograd\/wp-json\/wp\/v2\/media?parent=3396"}],"curies":[{"name":"wp","href":"https:\/\/api.w.org\/{rel}","templated":true}]}}